{"id":37891,"date":"2025-09-08T13:04:01","date_gmt":"2025-09-08T13:04:01","guid":{"rendered":"https:\/\/ledsteplight.com\/import-placeholder-for-36901\/"},"modified":"2025-12-12T00:29:14","modified_gmt":"2025-12-12T00:29:14","slug":"sn039xl-3w-led-ground-light-waterproof-ip65-40000h","status":"publish","type":"product","link":"https:\/\/ledsteplight.com\/de\/sn039xl-3w-led-ground-light-waterproof-ip65-40000h\/","title":{"rendered":"SN039XL \u2014 3W IP65 LED-Einbauleuchte f\u00fcr Hotels, Wege &amp; Fassaden"},"content":{"rendered":"<p>&nbsp;<\/p>\n<table>\n<thead>\n<tr>\n<th><strong>Merkmal<\/strong><\/th>\n<th><strong>Details<\/strong><\/th>\n<\/tr>\n<\/thead>\n<tbody>\n<tr>\n<td><strong>Leistung<\/strong><\/td>\n<td>3W<\/td>\n<\/tr>\n<tr>\n<td><strong>Lichtquelle<\/strong><\/td>\n<td>LED CREE<\/td>\n<\/tr>\n<tr>\n<td><strong>Material<\/strong><\/td>\n<td>Aluminium<\/td>\n<\/tr>\n<tr>\n<td><strong>Wasserdichtigkeitsbewertung<\/strong><\/td>\n<td>IP40 \/ IP65<\/td>\n<\/tr>\n<tr>\n<td><strong><strong><a href=\"https:\/\/ledsteplight.com\/de\/dm36b-pro-honeycomb-anti-glare-led-in-ground-light-ip67-24v-dc\/\" class=\"waam-auto-link\" title=\"Farbtemperatur\">Farbtemperatur<\/a><\/strong><\/strong><\/td>\n<td>2700K bis 6000K<\/td>\n<\/tr>\n<tr>\n<td><strong>Spannung<\/strong><\/td>\n<td>85-265V<\/td>\n<\/tr>\n<tr>\n<td><strong>Abmessungen<\/strong><\/td>\n<td>35*185mm (H38mm)<\/td>\n<\/tr>\n<tr>\n<td><strong>Lochgr\u00f6\u00dfe<\/strong><\/td>\n<td>32*155mm (H45mm)<\/td>\n<\/tr>\n<tr>\n<td><strong>Lebensdauer<\/strong><\/td>\n<td>40.000 Stunden<\/td>\n<\/tr>\n<tr>\n<td><strong>Garantie<\/strong><\/td>\n<td>3 Jahre<\/td>\n<\/tr>\n<\/tbody>\n<\/table>\n<p data-start=\"0\" data-end=\"396\"><strong data-start=\"4\" data-end=\"15\">SN039XL<\/strong> ist eine unauff\u00e4llige 3W CREE LED <strong><a href=\"https:\/\/ledsteplight.com\/de\/cree-bridgelux-chip-ip65-led-fixture-for-garden-facade-lighting\/\" class=\"waam-auto-link\" title=\"Bodenleuchte\">Bodenleuchte<\/a><\/strong> entwickelt f\u00fcr zuverl\u00e4ssige Landschafts- und Wegbeleuchtung. Sein schlanker Aluminiumk\u00f6rper (35 \u00d7 185 mm; Ausschnitt 32 \u00d7 155 mm) akzeptiert eine Eingangsspannung von 85\u2013265V und bietet w\u00e4hlbaren Schutz nach IP40 oder IP65, mit Farbtemperaturen von <strong data-start=\"259\" data-end=\"274\">2700K\u20136000K<\/strong>, einer Lebensdauer von <strong data-start=\"292\" data-end=\"308\">40.000 Stunden<\/strong>, und einem <strong data-start=\"316\" data-end=\"335\">3-Jahres-Garantie<\/strong> \u2014 kompakt, langlebig und f\u00fcr den Einsatz auf gewerblichen Baustellen gemacht.<\/p>\n<p data-start=\"398\" data-end=\"701\" data-is-last-node=\"\" data-is-only-node=\"\">Wir fertigen diese in unserer Fabrik und f\u00fchren Chargentests sowie Alterungstests vor dem Versand durch. OEM-L\u00e4ufe, individuelle Oberfl\u00e4chenbehandlungen, Treiberoptionen und Markenverpackungen sind verf\u00fcgbar; Muster, Pr\u00fcfberichte und Mengenangebote k\u00f6nnen schnell bereitgestellt werden \u2014 teilen Sie uns die Gr\u00f6\u00dfe Ihres Projekts mit, und wir senden Ihnen Lieferzeiten und Preise.<\/p>","protected":false},"excerpt":{"rendered":"<p>SN039XL 3W CREE LED Erdlicht \u2014 Aluminiumgeh\u00e4use, IP40\/IP65-Optionen, 85\u2013265V, 40.000 Stunden. Fabrik OEM: Muster &amp; Gro\u00dfhandelsangebote.<\/p>","protected":false},"featured_media":36935,"comment_status":"open","ping_status":"closed","template":"","meta":[],"product_brand":[],"product_cat":[426,427,428,439,429,440,430,73,441,431,442,443,432,433,444,84,445,446,434,435,436,437],"product_tag":[82,76,77,78,83],"class_list":{"0":"post-37891","1":"product","2":"type-product","3":"status-publish","4":"has-post-thumbnail","6":"product_cat-ceiling-recessed","7":"product_cat-ceiling-surface","8":"product_cat-ceiling-suspended","9":"product_cat-commercial","10":"product_cat-drivers","11":"product_cat-education","12":"product_cat-freestanding-light","13":"product_cat-ground-light","14":"product_cat-hospitality","15":"product_cat-industrial","16":"product_cat-infrastructure","17":"product_cat-landscape","18":"product_cat-landscaping","19":"product_cat-linear","20":"product_cat-office","21":"product_cat-outdoor-waterproof-aluminum-shop-2","22":"product_cat-residential","23":"product_cat-retail","24":"product_cat-table-lamp","25":"product_cat-track","26":"product_cat-wall-recessed","27":"product_cat-wall-surface","28":"product_tag-3w-led","29":"product_tag-aluminum-housing","30":"product_tag-ground-light","31":"product_tag-outdoor-lighting","32":"product_tag-waterproof-fixture","34":"first","35":"instock","36":"shipping-taxable","37":"product-type-simple"},"_links":{"self":[{"href":"https:\/\/ledsteplight.com\/de\/wp-json\/wp\/v2\/product\/37891","targetHints":{"allow":["GET"]}}],"collection":[{"href":"https:\/\/ledsteplight.com\/de\/wp-json\/wp\/v2\/product"}],"about":[{"href":"https:\/\/ledsteplight.com\/de\/wp-json\/wp\/v2\/types\/product"}],"replies":[{"embeddable":true,"href":"https:\/\/ledsteplight.com\/de\/wp-json\/wp\/v2\/comments?post=37891"}],"version-history":[{"count":4,"href":"https:\/\/ledsteplight.com\/de\/wp-json\/wp\/v2\/product\/37891\/revisions"}],"predecessor-version":[{"id":38649,"href":"https:\/\/ledsteplight.com\/de\/wp-json\/wp\/v2\/product\/37891\/revisions\/38649"}],"wp:featuredmedia":[{"embeddable":true,"href":"https:\/\/ledsteplight.com\/de\/wp-json\/wp\/v2\/media\/36935"}],"wp:attachment":[{"href":"https:\/\/ledsteplight.com\/de\/wp-json\/wp\/v2\/media?parent=37891"}],"wp:term":[{"taxonomy":"product_brand","embeddable":true,"href":"https:\/\/ledsteplight.com\/de\/wp-json\/wp\/v2\/product_brand?post=37891"},{"taxonomy":"product_cat","embeddable":true,"href":"https:\/\/ledsteplight.com\/de\/wp-json\/wp\/v2\/product_cat?post=37891"},{"taxonomy":"product_tag","embeddable":true,"href":"https:\/\/ledsteplight.com\/de\/wp-json\/wp\/v2\/product_tag?post=37891"}],"curies":[{"name":"wp","href":"https:\/\/api.w.org\/{rel}","templated":true}]}}