{"id":37962,"date":"2025-09-08T13:04:09","date_gmt":"2025-09-08T13:04:09","guid":{"rendered":"https:\/\/ledsteplight.com\/import-placeholder-for-37025\/"},"modified":"2026-01-03T07:30:47","modified_gmt":"2026-01-03T07:30:47","slug":"mg-sn038-t1-3w-recessed-led-step-light-osram-cree-indoor-footlight","status":"publish","type":"product","link":"https:\/\/ledsteplight.com\/de\/mg-sn038-t1-3w-recessed-led-step-light-osram-cree-indoor-footlight\/","title":{"rendered":"MG-SN038-T1 3W Einbau-LED-Stufenlicht | OSRAM\/CREE Innenraum-Fu\u00dfleuchte"},"content":{"rendered":"<table class=\"OxEWNITQ\">\n<thead>\n<tr>\n<th>Parameter<\/th>\n<th>Spezifikation<\/th>\n<\/tr>\n<\/thead>\n<tbody>\n<tr>\n<td>Produktmodell<\/td>\n<td>MG-SN038-T1<\/td>\n<\/tr>\n<tr>\n<td>Produktgr\u00f6\u00dfe (Gr\u00f6\u00dfe)<\/td>\n<td>L87<em>W87<\/em>H35mm<\/td>\n<\/tr>\n<tr>\n<td>Ausschneidgr\u00f6\u00dfe (Ausschneidegr\u00f6\u00dfe)<\/td>\n<td>86 Vorverlegte Box<\/td>\n<\/tr>\n<tr>\n<td>Funktionssteuerung (Funktionssteuerung)<\/td>\n<td>(Nicht explizit in den urspr\u00fcnglichen Daten angegeben, aber umfasst typischerweise Funktionen wie <strong><a href=\"https:\/\/ledsteplight.com\/de\/vorteile-des-pir-sensor-treppenlichts-fur-die-sicherheit\/\" class=\"waam-auto-link\" title=\"Bewegungssensors\">Bewegungssensors<\/a><\/strong> und Lichtsteuerung basierend auf \u00e4hnlichen Modellen)<\/td>\n<\/tr>\n<tr>\n<td>Lichtquelle (Lichtquelle)<\/td>\n<td>OSRAM \/ CREE<\/td>\n<\/tr>\n<tr>\n<td>Wattzahl (Watt)<\/td>\n<td>3W (700mA)<\/td>\n<\/tr>\n<tr>\n<td>Produktgewicht (Gewicht)<\/td>\n<td>0,45kg<\/td>\n<\/tr>\n<tr>\n<td>Eingangselektrische Parameter (AC-Eingang)<\/td>\n<td>100-240V, 50~60HZ<\/td>\n<\/tr>\n<tr>\n<td>Treiber (Treiber)<\/td>\n<td>eaglerise<\/td>\n<\/tr>\n<tr>\n<td>Reflektorenwinkel (Reflektorenwinkel)<\/td>\n<td>(Nicht angegeben)<\/td>\n<\/tr>\n<tr>\n<td><strong><a href=\"https:\/\/ledsteplight.com\/de\/dm36b-pro-honeycomb-anti-glare-led-in-ground-light-ip67-24v-dc\/\" class=\"waam-auto-link\" title=\"Farbtemperatur\">Farbtemperatur<\/a><\/strong> (Farbtemperatur)<\/td>\n<td>2700K, 3000K, 4000K, 6000K<\/td>\n<\/tr>\n<tr>\n<td>Verdrahtung\/L\u00e4nge\/Stecker (Verbindung)<\/td>\n<td>(Nicht angegeben)<\/td>\n<\/tr>\n<tr>\n<td>Produktmaterial (Material)<\/td>\n<td>Aluminium<\/td>\n<\/tr>\n<tr>\n<td>Farbe\/Finish (Farbe)<\/td>\n<td>Wei\u00df, Schwarz, Silber<\/td>\n<\/tr>\n<tr>\n<td>IP-Bewertung (IP)<\/td>\n<td>IP20<\/td>\n<\/tr>\n<tr>\n<td>Montagemethode (Montage)<\/td>\n<td>Eingebaut (mit vorverlegter Box)<\/td>\n<\/tr>\n<\/tbody>\n<\/table>\n<p><b data-path-to-node=\"8\" data-index-in-node=\"21\">MG-SN038-T1<\/b> ist eine leistungsstarke, 3W Einbau- <strong><a href=\"https:\/\/ledsteplight.com\/de\/3w-cob-led-inground-light-outdoor-waterproof-ip65\/\" class=\"waam-auto-link\" title=\"LED-Stufenlicht\">LED-Stufenlicht<\/a><\/strong> entwickelt f\u00fcr anspruchsvolle Innenr\u00e4ume <strong><a href=\"https:\/\/ledsteplight.com\/de\/cree-bridgelux-chip-ip65-led-fixture-for-garden-facade-lighting\/\" class=\"waam-auto-link\" title=\"architektonische Beleuchtung\">architektonische Beleuchtung<\/a><\/strong>. Konzipiert mit hochwertigem <b data-path-to-node=\"8\" data-index-in-node=\"167\">OSRAM- oder CREE-LED-Chips<\/b> und einem zuverl\u00e4ssigen <b data-path-to-node=\"8\" data-index-in-node=\"206\">Eaglerise-Treiber<\/b>, bietet eine weiche, blendfreie Beleuchtung f\u00fcr Sicherheit und Ambiente. Das minimalistische quadratische Design und die b\u00fcndige Montage machen sie zu einer idealen Wahl f\u00fcr moderne Wohn- und Gesch\u00e4ftsprojekte.<\/p>","protected":false},"excerpt":{"rendered":"<p data-start=\"2697\" data-end=\"2811\">Der MG-SN038-T1 ist eine 3W eingelassene LED-Stufenleuchte mit OSRAM\/CREE-Chips und Eaglerise-Treibern. Robustes Aluminiumgeh\u00e4use, IP20-Schutzart, und kompatibel mit 86 vorinstallierten Unterputzdosen.<\/p>","protected":false},"featured_media":37147,"comment_status":"open","ping_status":"closed","template":"","meta":[],"product_brand":[],"product_cat":[116,100,426,427,428,439,429,440,430,441,431,442,443,432,433,444,445,446,434,435,436,437],"product_tag":[117,120,121,122,123,103,124,125],"class_list":{"0":"post-37962","1":"product","2":"type-product","3":"status-publish","4":"has-post-thumbnail","6":"product_cat-038-series","7":"product_cat-aluminum-ground-light","8":"product_cat-ceiling-recessed","9":"product_cat-ceiling-surface","10":"product_cat-ceiling-suspended","11":"product_cat-commercial","12":"product_cat-drivers","13":"product_cat-education","14":"product_cat-freestanding-light","15":"product_cat-hospitality","16":"product_cat-industrial","17":"product_cat-infrastructure","18":"product_cat-landscape","19":"product_cat-landscaping","20":"product_cat-linear","21":"product_cat-office","22":"product_cat-residential","23":"product_cat-retail","24":"product_cat-table-lamp","25":"product_cat-track","26":"product_cat-wall-recessed","27":"product_cat-wall-surface","28":"product_tag-038-series","29":"product_tag-2w-led-fixture","30":"product_tag-3000k-led-light","31":"product_tag-4000k-led-light","32":"product_tag-5700k-led-light","33":"product_tag-aluminum-ground-light","34":"product_tag-aluminum-led-light","35":"product_tag-brushed-black-led-fixture","37":"first","38":"instock","39":"shipping-taxable","40":"product-type-simple"},"_links":{"self":[{"href":"https:\/\/ledsteplight.com\/de\/wp-json\/wp\/v2\/product\/37962","targetHints":{"allow":["GET"]}}],"collection":[{"href":"https:\/\/ledsteplight.com\/de\/wp-json\/wp\/v2\/product"}],"about":[{"href":"https:\/\/ledsteplight.com\/de\/wp-json\/wp\/v2\/types\/product"}],"replies":[{"embeddable":true,"href":"https:\/\/ledsteplight.com\/de\/wp-json\/wp\/v2\/comments?post=37962"}],"version-history":[{"count":3,"href":"https:\/\/ledsteplight.com\/de\/wp-json\/wp\/v2\/product\/37962\/revisions"}],"predecessor-version":[{"id":38725,"href":"https:\/\/ledsteplight.com\/de\/wp-json\/wp\/v2\/product\/37962\/revisions\/38725"}],"wp:featuredmedia":[{"embeddable":true,"href":"https:\/\/ledsteplight.com\/de\/wp-json\/wp\/v2\/media\/37147"}],"wp:attachment":[{"href":"https:\/\/ledsteplight.com\/de\/wp-json\/wp\/v2\/media?parent=37962"}],"wp:term":[{"taxonomy":"product_brand","embeddable":true,"href":"https:\/\/ledsteplight.com\/de\/wp-json\/wp\/v2\/product_brand?post=37962"},{"taxonomy":"product_cat","embeddable":true,"href":"https:\/\/ledsteplight.com\/de\/wp-json\/wp\/v2\/product_cat?post=37962"},{"taxonomy":"product_tag","embeddable":true,"href":"https:\/\/ledsteplight.com\/de\/wp-json\/wp\/v2\/product_tag?post=37962"}],"curies":[{"name":"wp","href":"https:\/\/api.w.org\/{rel}","templated":true}]}}