{"id":37964,"date":"2025-09-08T13:04:09","date_gmt":"2025-09-08T13:04:09","guid":{"rendered":"https:\/\/ledsteplight.com\/import-placeholder-for-37035\/"},"modified":"2026-01-07T03:35:38","modified_gmt":"2026-01-07T03:35:38","slug":"mg-sn040-3w-professional-cob-led-ground-light","status":"publish","type":"product","link":"https:\/\/ledsteplight.com\/de\/mg-sn040-3w-professional-cob-led-ground-light\/","title":{"rendered":"MG-SN040 | 3W Professionelles COB LED Erdlicht"},"content":{"rendered":"<p>Hier ist eine Parameters Tabelle f\u00fcr <strong>MG-SN040<\/strong>:<\/p>\n<table>\n<thead>\n<tr>\n<th><strong>Parameter<\/strong><\/th>\n<th><strong>Details<\/strong><\/th>\n<\/tr>\n<\/thead>\n<tbody>\n<tr>\n<td><strong>Modell<\/strong><\/td>\n<td>MG-SN040<\/td>\n<\/tr>\n<tr>\n<td><strong>Leistung<\/strong><\/td>\n<td>3W<\/td>\n<\/tr>\n<tr>\n<td><strong>LED-Typ<\/strong><\/td>\n<td>COB-LED<\/td>\n<\/tr>\n<tr>\n<td><strong>Spannung<\/strong><\/td>\n<td>AC220V<\/td>\n<\/tr>\n<tr>\n<td><strong><strong><a href=\"https:\/\/ledsteplight.com\/de\/dm36b-pro-honeycomb-anti-glare-led-in-ground-light-ip67-24v-dc\/\" class=\"waam-auto-link\" title=\"Farbtemperatur\">Farbtemperatur<\/a><\/strong><\/strong><\/td>\n<td>3000K \/ 6000K<\/td>\n<\/tr>\n<tr>\n<td><strong>Abstrahlwinkel<\/strong><\/td>\n<td>120\u00b0<\/td>\n<\/tr>\n<tr>\n<td><strong>Wasserdichtigkeitsbewertung<\/strong><\/td>\n<td>IP65<\/td>\n<\/tr>\n<tr>\n<td><strong>Material<\/strong><\/td>\n<td>Gussaluminium<\/td>\n<\/tr>\n<tr>\n<td><strong>Lebensdauer<\/strong><\/td>\n<td>40.000 Stunden<\/td>\n<\/tr>\n<tr>\n<td><strong>Montageart<\/strong><\/td>\n<td><strong><a href=\"https:\/\/ledsteplight.com\/de\/5w-led-in-ground-lights-ip65-waterproof-outdoor-driveway-garden-floor-lighting\/\" class=\"waam-auto-link\" title=\"Eingebauter Einbau\">Eingebauter Einbau<\/a><\/strong><\/td>\n<\/tr>\n<tr>\n<td><strong>Betriebstemperatur<\/strong><\/td>\n<td>-20\u00b0C bis +50\u00b0C<\/td>\n<\/tr>\n<tr>\n<td><strong>Garantie<\/strong><\/td>\n<td>3 Jahre<\/td>\n<\/tr>\n<tr>\n<td><strong>Anwendungen<\/strong><\/td>\n<td>Au\u00dfenbereich, Weg, <strong><a href=\"https:\/\/ledsteplight.com\/de\/vorteile-des-pir-sensor-treppenlichts-fur-die-sicherheit\/\" class=\"waam-auto-link\" title=\"Stufenbeleuchtung\">Stufenbeleuchtung<\/a><\/strong>, <strong><a href=\"https:\/\/ledsteplight.com\/de\/cree-bridgelux-chip-ip65-led-fixture-for-garden-facade-lighting\/\" class=\"waam-auto-link\" title=\"Gartenbeleuchtung\">Gartenbeleuchtung<\/a><\/strong><\/td>\n<\/tr>\n<\/tbody>\n<\/table>\n<p>&nbsp;<\/p>\n<p>&nbsp;<\/p>","protected":false},"excerpt":{"rendered":"<p data-start=\"57\" data-end=\"93\"><b data-path-to-node=\"4\" data-index-in-node=\"4\">MG-SN040<\/b> ist eine hochwertige, flache eingebaute Bodeneinbaulicht, die eine elegante und effiziente Beleuchtung f\u00fcr moderne Au\u00dfenlandschaften bietet. Mit hochleistungsf\u00e4higer COB (Chip on Board) LED-Technologie liefert dieses Leuchtmittel eine kraftvolle <b data-path-to-node=\"4\" data-index-in-node=\"243\">3W Ausgangsleistung<\/b> mit \u00fcberlegener Lichtkonstanz, was es zur idealen Wahl f\u00fcr Sicherheits- und \u00c4sthetikbeleuchtung in gewerblichen und privaten Projekten macht.<\/p>","protected":false},"featured_media":37158,"comment_status":"open","ping_status":"closed","template":"","meta":[],"product_brand":[],"product_cat":[116,86,100,426,427,428,71,439,429,440,430,441,431,442,443,432,433,444,445,446,434,435,436,437],"product_tag":[117,82,103,76,75,77],"class_list":{"0":"post-37964","1":"product","2":"type-product","3":"status-publish","4":"has-post-thumbnail","6":"product_cat-038-series","7":"product_cat-3w-power","8":"product_cat-aluminum-ground-light","9":"product_cat-ceiling-recessed","10":"product_cat-ceiling-surface","11":"product_cat-ceiling-suspended","12":"product_cat-cob","13":"product_cat-commercial","14":"product_cat-drivers","15":"product_cat-education","16":"product_cat-freestanding-light","17":"product_cat-hospitality","18":"product_cat-industrial","19":"product_cat-infrastructure","20":"product_cat-landscape","21":"product_cat-landscaping","22":"product_cat-linear","23":"product_cat-office","24":"product_cat-residential","25":"product_cat-retail","26":"product_cat-table-lamp","27":"product_cat-track","28":"product_cat-wall-recessed","29":"product_cat-wall-surface","30":"product_tag-038-series","31":"product_tag-3w-led","32":"product_tag-aluminum-ground-light","33":"product_tag-aluminum-housing","34":"product_tag-cob-light","35":"product_tag-ground-light","37":"first","38":"instock","39":"shipping-taxable","40":"product-type-simple"},"_links":{"self":[{"href":"https:\/\/ledsteplight.com\/de\/wp-json\/wp\/v2\/product\/37964","targetHints":{"allow":["GET"]}}],"collection":[{"href":"https:\/\/ledsteplight.com\/de\/wp-json\/wp\/v2\/product"}],"about":[{"href":"https:\/\/ledsteplight.com\/de\/wp-json\/wp\/v2\/types\/product"}],"replies":[{"embeddable":true,"href":"https:\/\/ledsteplight.com\/de\/wp-json\/wp\/v2\/comments?post=37964"}],"version-history":[{"count":3,"href":"https:\/\/ledsteplight.com\/de\/wp-json\/wp\/v2\/product\/37964\/revisions"}],"predecessor-version":[{"id":38738,"href":"https:\/\/ledsteplight.com\/de\/wp-json\/wp\/v2\/product\/37964\/revisions\/38738"}],"wp:featuredmedia":[{"embeddable":true,"href":"https:\/\/ledsteplight.com\/de\/wp-json\/wp\/v2\/media\/37158"}],"wp:attachment":[{"href":"https:\/\/ledsteplight.com\/de\/wp-json\/wp\/v2\/media?parent=37964"}],"wp:term":[{"taxonomy":"product_brand","embeddable":true,"href":"https:\/\/ledsteplight.com\/de\/wp-json\/wp\/v2\/product_brand?post=37964"},{"taxonomy":"product_cat","embeddable":true,"href":"https:\/\/ledsteplight.com\/de\/wp-json\/wp\/v2\/product_cat?post=37964"},{"taxonomy":"product_tag","embeddable":true,"href":"https:\/\/ledsteplight.com\/de\/wp-json\/wp\/v2\/product_tag?post=37964"}],"curies":[{"name":"wp","href":"https:\/\/api.w.org\/{rel}","templated":true}]}}