{"id":37978,"date":"2025-09-08T13:04:10","date_gmt":"2025-09-08T13:04:10","guid":{"rendered":"https:\/\/ledsteplight.com\/import-placeholder-for-37092\/"},"modified":"2025-12-18T04:33:00","modified_gmt":"2025-12-18T04:33:00","slug":"mg-bd013-5w-cob-led-ground-light-ip65-waterproof-landscape-lighting","status":"publish","type":"product","link":"https:\/\/ledsteplight.com\/de\/mg-bd013-5w-cob-led-ground-light-ip65-waterproof-landscape-lighting\/","title":{"rendered":"MG-BD013 5W COB LED Erdspie\u00dfleuchte \u2013 IP65 wasserdichte Landschaftsbeleuchtung"},"content":{"rendered":"<table data-start=\"159\" data-end=\"1348\">\n<thead data-start=\"159\" data-end=\"230\">\n<tr data-start=\"159\" data-end=\"230\">\n<th data-start=\"159\" data-end=\"181\"><strong data-start=\"161\" data-end=\"178\">Spezifikation<\/strong><\/th>\n<th data-start=\"181\" data-end=\"230\">Details<\/th>\n<\/tr>\n<\/thead>\n<tbody data-start=\"305\" data-end=\"1348\">\n<tr data-start=\"305\" data-end=\"378\">\n<td><strong data-start=\"307\" data-end=\"316\">Modell<\/strong><\/td>\n<td>MG-BD013<\/td>\n<\/tr>\n<tr data-start=\"379\" data-end=\"452\">\n<td><strong data-start=\"381\" data-end=\"393\">LED-Typ<\/strong><\/td>\n<td>5W COB LED<\/td>\n<\/tr>\n<tr data-start=\"453\" data-end=\"527\">\n<td><strong data-start=\"455\" data-end=\"466\">Spannung<\/strong><\/td>\n<td>85-265V<\/td>\n<\/tr>\n<tr data-start=\"528\" data-end=\"602\">\n<td><strong data-start=\"530\" data-end=\"551\"><strong><a href=\"https:\/\/ledsteplight.com\/de\/dm36b-pro-honeycomb-anti-glare-led-in-ground-light-ip67-24v-dc\/\" class=\"waam-auto-link\" title=\"Farbtemperatur\">Farbtemperatur<\/a><\/strong><\/strong><\/td>\n<td>3000K \/ 6000K<\/td>\n<\/tr>\n<tr data-start=\"603\" data-end=\"677\">\n<td><strong data-start=\"605\" data-end=\"618\">IP-Bewertung<\/strong><\/td>\n<td><strong><a href=\"https:\/\/ledsteplight.com\/de\/cree-bridgelux-chip-ip65-led-fixture-for-garden-facade-lighting\/\" class=\"waam-auto-link\" title=\"IP65\">IP65<\/a><\/strong><\/td>\n<\/tr>\n<tr data-start=\"678\" data-end=\"752\">\n<td><strong data-start=\"680\" data-end=\"697\">Lichtstrom<\/strong><\/td>\n<td>(Optional)<\/td>\n<\/tr>\n<tr data-start=\"753\" data-end=\"827\">\n<td><strong data-start=\"755\" data-end=\"764\">Leistung<\/strong><\/td>\n<td>5W<\/td>\n<\/tr>\n<tr data-start=\"828\" data-end=\"902\">\n<td><strong data-start=\"830\" data-end=\"842\">Lebensdauer<\/strong><\/td>\n<td>40.000 Stunden<\/td>\n<\/tr>\n<tr data-start=\"903\" data-end=\"975\">\n<td><strong data-start=\"905\" data-end=\"921\">Installation<\/strong><\/td>\n<td>Oberfl\u00e4chenmontage oder <strong><a href=\"https:\/\/ledsteplight.com\/de\/5w-led-in-ground-lights-ip65-waterproof-outdoor-driveway-garden-floor-lighting\/\" class=\"waam-auto-link\" title=\"eingebettete Installation\">eingebettete Installation<\/a><\/strong><\/td>\n<\/tr>\n<tr data-start=\"976\" data-end=\"1049\">\n<td><strong data-start=\"978\" data-end=\"990\">Material<\/strong><\/td>\n<td>Gussaluminium<\/td>\n<\/tr>\n<tr data-start=\"1050\" data-end=\"1124\">\n<td><strong data-start=\"1052\" data-end=\"1066\">Abmessungen<\/strong><\/td>\n<td>(Optional)<\/td>\n<\/tr>\n<tr data-start=\"1125\" data-end=\"1199\">\n<td><strong data-start=\"1127\" data-end=\"1139\">Garantie<\/strong><\/td>\n<td>3 Jahre<\/td>\n<\/tr>\n<tr data-start=\"1200\" data-end=\"1274\">\n<td><strong data-start=\"1202\" data-end=\"1212\">Gewicht<\/strong><\/td>\n<td>(Optional)<\/td>\n<\/tr>\n<tr data-start=\"1275\" data-end=\"1348\">\n<td><strong data-start=\"1277\" data-end=\"1292\">Umgebung<\/strong><\/td>\n<td>Au\u00dfenbereich \/ Feuchte Umgebung<\/td>\n<\/tr>\n<\/tbody>\n<\/table>\n<p><b>MG-BD013<\/b> ist eine professionelle 5W-Leuchte <strong><a href=\"https:\/\/ledsteplight.com\/de\/wholesale-1w-3w-surface-mount-led-ground-light-ip65-304-stainless-steel\/\" class=\"waam-auto-link\" title=\"LED-Bodenleuchte\">LED-Bodenleuchte<\/a><\/strong> entwickelt f\u00fcr Zuverl\u00e4ssigkeit und hohe visuelle Wirkung in Au\u00dfenbereichen. Nutzung fortschrittlicher <b>COB (Chip on Board)<\/b> Technologie bietet diese Leuchte einen leistungsstarken, konzentrierten Lichtstrahl, ideal f\u00fcr architektonische Akzentuierung und Landschaftssicherheit.<\/p>","protected":false},"excerpt":{"rendered":"<p>Verbessern Sie Ihre Au\u00dfenprojekte mit der MG-BD013 5W COB LED Erdspiegelleuchte. Mit einem langlebigen Druckguss-Aluminiumgeh\u00e4use, IP65-Wasserfestigkeitsklasse und 5W COB Hochleistungslicht. Erh\u00e4ltlich in 3000K\/6000K mit flexibler Oberfl\u00e4chen- oder Einbaumontage. Kontaktieren Sie uns f\u00fcr Gro\u00dfhandelspreise und weltweiten Versand.<\/p>","protected":false},"featured_media":37189,"comment_status":"open","ping_status":"closed","template":"","meta":[],"product_brand":[],"product_cat":[69,100,426,427,428,71,439,429,440,430,441,431,442,443,432,433,444,445,446,434,435,128,436,437],"product_tag":[74,103,76,75,77,129,83],"class_list":{"0":"post-37978","1":"product","2":"type-product","3":"status-publish","4":"has-post-thumbnail","6":"product_cat-5w","7":"product_cat-aluminum-ground-light","8":"product_cat-ceiling-recessed","9":"product_cat-ceiling-surface","10":"product_cat-ceiling-suspended","11":"product_cat-cob","12":"product_cat-commercial","13":"product_cat-drivers","14":"product_cat-education","15":"product_cat-freestanding-light","16":"product_cat-hospitality","17":"product_cat-industrial","18":"product_cat-infrastructure","19":"product_cat-landscape","20":"product_cat-landscaping","21":"product_cat-linear","22":"product_cat-office","23":"product_cat-residential","24":"product_cat-retail","25":"product_cat-table-lamp","26":"product_cat-track","27":"product_cat-wall-light-series","28":"product_cat-wall-recessed","29":"product_cat-wall-surface","30":"product_tag-5w-led","31":"product_tag-aluminum-ground-light","32":"product_tag-aluminum-housing","33":"product_tag-cob-light","34":"product_tag-ground-light","35":"product_tag-wall-light-series","36":"product_tag-waterproof-fixture","38":"first","39":"instock","40":"featured","41":"downloadable","42":"shipping-taxable","43":"product-type-simple"},"_links":{"self":[{"href":"https:\/\/ledsteplight.com\/de\/wp-json\/wp\/v2\/product\/37978","targetHints":{"allow":["GET"]}}],"collection":[{"href":"https:\/\/ledsteplight.com\/de\/wp-json\/wp\/v2\/product"}],"about":[{"href":"https:\/\/ledsteplight.com\/de\/wp-json\/wp\/v2\/types\/product"}],"replies":[{"embeddable":true,"href":"https:\/\/ledsteplight.com\/de\/wp-json\/wp\/v2\/comments?post=37978"}],"version-history":[{"count":3,"href":"https:\/\/ledsteplight.com\/de\/wp-json\/wp\/v2\/product\/37978\/revisions"}],"predecessor-version":[{"id":38699,"href":"https:\/\/ledsteplight.com\/de\/wp-json\/wp\/v2\/product\/37978\/revisions\/38699"}],"wp:featuredmedia":[{"embeddable":true,"href":"https:\/\/ledsteplight.com\/de\/wp-json\/wp\/v2\/media\/37189"}],"wp:attachment":[{"href":"https:\/\/ledsteplight.com\/de\/wp-json\/wp\/v2\/media?parent=37978"}],"wp:term":[{"taxonomy":"product_brand","embeddable":true,"href":"https:\/\/ledsteplight.com\/de\/wp-json\/wp\/v2\/product_brand?post=37978"},{"taxonomy":"product_cat","embeddable":true,"href":"https:\/\/ledsteplight.com\/de\/wp-json\/wp\/v2\/product_cat?post=37978"},{"taxonomy":"product_tag","embeddable":true,"href":"https:\/\/ledsteplight.com\/de\/wp-json\/wp\/v2\/product_tag?post=37978"}],"curies":[{"name":"wp","href":"https:\/\/api.w.org\/{rel}","templated":true}]}}