{"id":38010,"date":"2025-09-08T13:04:16","date_gmt":"2025-09-08T13:04:16","guid":{"rendered":"https:\/\/ledsteplight.com\/import-placeholder-for-37107\/"},"modified":"2025-12-11T22:30:19","modified_gmt":"2025-12-11T22:30:19","slug":"5w-led-in-ground-lights-ip65-waterproof-outdoor-driveway-garden-floor-lighting","status":"publish","type":"product","link":"https:\/\/ledsteplight.com\/de\/5w-led-in-ground-lights-ip65-waterproof-outdoor-driveway-garden-floor-lighting\/","title":{"rendered":"5W LED Erdspie\u00dfleuchten IP65 Wasserdicht | Au\u00dfenbereich Einfahrtsweg- und Gartenbodenbeleuchtung"},"content":{"rendered":"<h3 data-start=\"133\" data-end=\"168\"><strong data-start=\"137\" data-end=\"168\">Produktspezifikationstabelle<\/strong><\/h3>\n<table data-start=\"170\" data-end=\"1361\">\n<thead data-start=\"170\" data-end=\"241\">\n<tr data-start=\"170\" data-end=\"241\">\n<th data-start=\"170\" data-end=\"192\"><strong data-start=\"172\" data-end=\"189\">Spezifikation<\/strong><\/th>\n<th data-start=\"192\" data-end=\"241\">Details<\/th>\n<\/tr>\n<\/thead>\n<tbody data-start=\"316\" data-end=\"1361\">\n<tr data-start=\"316\" data-end=\"390\">\n<td><strong data-start=\"318\" data-end=\"327\">Modell<\/strong><\/td>\n<td>MG-BD035-50<\/td>\n<\/tr>\n<tr data-start=\"391\" data-end=\"465\">\n<td><strong data-start=\"393\" data-end=\"405\">LED-Typ<\/strong><\/td>\n<td>5W COB LED<\/td>\n<\/tr>\n<tr data-start=\"466\" data-end=\"540\">\n<td><strong data-start=\"468\" data-end=\"479\">Spannung<\/strong><\/td>\n<td>85-265V<\/td>\n<\/tr>\n<tr data-start=\"541\" data-end=\"615\">\n<td><strong data-start=\"543\" data-end=\"564\"><strong><a href=\"https:\/\/ledsteplight.com\/de\/dm36b-pro-honeycomb-anti-glare-led-in-ground-light-ip67-24v-dc\/\" class=\"waam-auto-link\" title=\"Farbtemperatur\">Farbtemperatur<\/a><\/strong><\/strong><\/td>\n<td>3000K \/ 6000K<\/td>\n<\/tr>\n<tr data-start=\"616\" data-end=\"690\">\n<td><strong data-start=\"618\" data-end=\"631\">IP-Bewertung<\/strong><\/td>\n<td>IP65<\/td>\n<\/tr>\n<tr data-start=\"691\" data-end=\"765\">\n<td><strong data-start=\"693\" data-end=\"710\">Lichtstrom<\/strong><\/td>\n<td>(Optional)<\/td>\n<\/tr>\n<tr data-start=\"766\" data-end=\"840\">\n<td><strong data-start=\"768\" data-end=\"777\">Leistung<\/strong><\/td>\n<td>5W<\/td>\n<\/tr>\n<tr data-start=\"841\" data-end=\"915\">\n<td><strong data-start=\"843\" data-end=\"855\">Lebensdauer<\/strong><\/td>\n<td>40.000 Stunden<\/td>\n<\/tr>\n<tr data-start=\"916\" data-end=\"988\">\n<td><strong data-start=\"918\" data-end=\"934\">Installation<\/strong><\/td>\n<td>Oberfl\u00e4chenmontage oder Einbaumontage<\/td>\n<\/tr>\n<tr data-start=\"989\" data-end=\"1062\">\n<td><strong data-start=\"991\" data-end=\"1003\">Material<\/strong><\/td>\n<td>Gussaluminium<\/td>\n<\/tr>\n<tr data-start=\"1063\" data-end=\"1137\">\n<td><strong data-start=\"1065\" data-end=\"1079\">Abmessungen<\/strong><\/td>\n<td>(Optional)<\/td>\n<\/tr>\n<tr data-start=\"1138\" data-end=\"1212\">\n<td><strong data-start=\"1140\" data-end=\"1152\">Garantie<\/strong><\/td>\n<td>3 Jahre<\/td>\n<\/tr>\n<tr data-start=\"1213\" data-end=\"1287\">\n<td><strong data-start=\"1215\" data-end=\"1225\">Gewicht<\/strong><\/td>\n<td>(Optional)<\/td>\n<\/tr>\n<tr data-start=\"1288\" data-end=\"1361\">\n<td><strong data-start=\"1290\" data-end=\"1305\">Umgebung<\/strong><\/td>\n<td>Au\u00dfenbereich \/ Feuchte Umgebung<\/td>\n<\/tr>\n<\/tbody>\n<\/table>\n<p>&nbsp;<\/p>\n<p data-path-to-node=\"14\"><b>\u00dcbersicht:<\/b> Beleuchten Sie Ihre Au\u00dfenbereiche mit Sicherheit und Stil mit dem <b>Modell MG-BD035-50 LED <strong><a href=\"https:\/\/ledsteplight.com\/de\/cree-bridgelux-chip-ip65-led-fixture-for-garden-facade-lighting\/\" class=\"waam-auto-link\" title=\"Bodenleuchte\">Bodenleuchte<\/a><\/strong><\/b>. Entwickelt f\u00fcr Langlebigkeit und hohe Leistung, ist dieses 5W-Leuchtmittel die perfekte L\u00f6sung f\u00fcr Hausbesitzer und Auftragnehmer, die zuverl\u00e4ssige <b>Au\u00dfenbereich <strong><a href=\"https:\/\/ledsteplight.com\/de\/ultimer-leitfaden-fur-landschafts-inground-beleuchtungslosungen\/\" class=\"waam-auto-link\" title=\"Bodenbeleuchtung\">Bodenbeleuchtung<\/a><\/strong><\/b>. Ob Sie eine Einfahrt, einen Gartenweg oder architektonische Merkmale beleuchten, dieses Licht sorgt bei jedem Wetter f\u00fcr gleichm\u00e4\u00dfige Helligkeit.<\/p>","protected":false},"excerpt":{"rendered":"<p data-start=\"5050\" data-end=\"5399\">R\u00fcsten Sie Ihre Landschaft mit unserem <b>5W COB LED-Erdbodenleuchte<\/b>auf. Mit <b>IP65 wasserdicht<\/b> Bewertung, robustem Druckguss-Aluminiumgeh\u00e4use und breitem Spannungsbereich von 85-265V. Perfekt f\u00fcr Einfahrten und Wege. 3 Jahre Garantie!<\/p>","protected":false},"featured_media":37198,"comment_status":"open","ping_status":"closed","template":"","meta":[],"product_brand":[],"product_cat":[100,426,427,428,439,429,440,430,441,431,442,443,432,433,444,112,445,446,106,434,435,128,436,437],"product_tag":[103,76,77,113,78,108,129,83],"class_list":{"0":"post-38010","1":"product","2":"type-product","3":"status-publish","4":"has-post-thumbnail","6":"product_cat-aluminum-ground-light","7":"product_cat-ceiling-recessed","8":"product_cat-ceiling-surface","9":"product_cat-ceiling-suspended","10":"product_cat-commercial","11":"product_cat-drivers","12":"product_cat-education","13":"product_cat-freestanding-light","14":"product_cat-hospitality","15":"product_cat-industrial","16":"product_cat-infrastructure","17":"product_cat-landscape","18":"product_cat-landscaping","19":"product_cat-linear","20":"product_cat-office","21":"product_cat-outdoor-ground-light","22":"product_cat-residential","23":"product_cat-retail","24":"product_cat-round-ground-light","25":"product_cat-table-lamp","26":"product_cat-track","27":"product_cat-wall-light-series","28":"product_cat-wall-recessed","29":"product_cat-wall-surface","30":"product_tag-aluminum-ground-light","31":"product_tag-aluminum-housing","32":"product_tag-ground-light","33":"product_tag-outdoor-ground-light","34":"product_tag-outdoor-lighting","35":"product_tag-round-ground-light","36":"product_tag-wall-light-series","37":"product_tag-waterproof-fixture","39":"first","40":"instock","41":"featured","42":"downloadable","43":"shipping-taxable","44":"product-type-simple"},"_links":{"self":[{"href":"https:\/\/ledsteplight.com\/de\/wp-json\/wp\/v2\/product\/38010","targetHints":{"allow":["GET"]}}],"collection":[{"href":"https:\/\/ledsteplight.com\/de\/wp-json\/wp\/v2\/product"}],"about":[{"href":"https:\/\/ledsteplight.com\/de\/wp-json\/wp\/v2\/types\/product"}],"replies":[{"embeddable":true,"href":"https:\/\/ledsteplight.com\/de\/wp-json\/wp\/v2\/comments?post=38010"}],"version-history":[{"count":4,"href":"https:\/\/ledsteplight.com\/de\/wp-json\/wp\/v2\/product\/38010\/revisions"}],"predecessor-version":[{"id":38642,"href":"https:\/\/ledsteplight.com\/de\/wp-json\/wp\/v2\/product\/38010\/revisions\/38642"}],"wp:featuredmedia":[{"embeddable":true,"href":"https:\/\/ledsteplight.com\/de\/wp-json\/wp\/v2\/media\/37198"}],"wp:attachment":[{"href":"https:\/\/ledsteplight.com\/de\/wp-json\/wp\/v2\/media?parent=38010"}],"wp:term":[{"taxonomy":"product_brand","embeddable":true,"href":"https:\/\/ledsteplight.com\/de\/wp-json\/wp\/v2\/product_brand?post=38010"},{"taxonomy":"product_cat","embeddable":true,"href":"https:\/\/ledsteplight.com\/de\/wp-json\/wp\/v2\/product_cat?post=38010"},{"taxonomy":"product_tag","embeddable":true,"href":"https:\/\/ledsteplight.com\/de\/wp-json\/wp\/v2\/product_tag?post=38010"}],"curies":[{"name":"wp","href":"https:\/\/api.w.org\/{rel}","templated":true}]}}