{"id":38011,"date":"2025-09-08T13:04:16","date_gmt":"2025-09-08T13:04:16","guid":{"rendered":"https:\/\/ledsteplight.com\/import-placeholder-for-37108\/"},"modified":"2025-12-12T05:29:20","modified_gmt":"2025-12-12T05:29:20","slug":"heavy-duty-5w-led-driveway-light-waterproof-ip65-garden","status":"publish","type":"product","link":"https:\/\/ledsteplight.com\/de\/heavy-duty-5w-led-driveway-light-waterproof-ip65-garden\/","title":{"rendered":"Schwereinsatz 5W LED Einfahrtlicht | Wasserdicht IP65 Garten"},"content":{"rendered":"<h3 data-start=\"124\" data-end=\"159\"><strong data-start=\"128\" data-end=\"159\">Produktspezifikationstabelle<\/strong><\/h3>\n<table data-start=\"161\" data-end=\"1360\">\n<thead data-start=\"161\" data-end=\"235\">\n<tr data-start=\"161\" data-end=\"235\">\n<th data-start=\"161\" data-end=\"183\"><strong data-start=\"163\" data-end=\"180\">Spezifikation<\/strong><\/th>\n<th data-start=\"183\" data-end=\"235\"><strong data-start=\"185\" data-end=\"196\">Details<\/strong><\/th>\n<\/tr>\n<\/thead>\n<tbody data-start=\"311\" data-end=\"1360\">\n<tr data-start=\"311\" data-end=\"386\">\n<td><strong data-start=\"313\" data-end=\"322\">Modell<\/strong><\/td>\n<td>MG-BD035-50B<\/td>\n<\/tr>\n<tr data-start=\"387\" data-end=\"461\">\n<td><strong data-start=\"389\" data-end=\"401\">LED-Typ<\/strong><\/td>\n<td>5W COB LED<\/td>\n<\/tr>\n<tr data-start=\"462\" data-end=\"536\">\n<td><strong data-start=\"464\" data-end=\"475\">Spannung<\/strong><\/td>\n<td>85-265V<\/td>\n<\/tr>\n<tr data-start=\"537\" data-end=\"611\">\n<td><strong data-start=\"539\" data-end=\"560\"><strong><a href=\"https:\/\/ledsteplight.com\/de\/dm36b-pro-honeycomb-anti-glare-led-in-ground-light-ip67-24v-dc\/\" class=\"waam-auto-link\" title=\"Farbtemperatur\">Farbtemperatur<\/a><\/strong><\/strong><\/td>\n<td>3000K \/ 6000K<\/td>\n<\/tr>\n<tr data-start=\"612\" data-end=\"686\">\n<td><strong data-start=\"614\" data-end=\"627\">IP-Bewertung<\/strong><\/td>\n<td>IP65<\/td>\n<\/tr>\n<tr data-start=\"687\" data-end=\"761\">\n<td><strong data-start=\"689\" data-end=\"706\">Lichtstrom<\/strong><\/td>\n<td>(Optional)<\/td>\n<\/tr>\n<tr data-start=\"762\" data-end=\"836\">\n<td><strong data-start=\"764\" data-end=\"773\">Leistung<\/strong><\/td>\n<td>5W<\/td>\n<\/tr>\n<tr data-start=\"837\" data-end=\"911\">\n<td><strong data-start=\"839\" data-end=\"851\">Lebensdauer<\/strong><\/td>\n<td>40.000 Stunden<\/td>\n<\/tr>\n<tr data-start=\"912\" data-end=\"985\">\n<td><strong data-start=\"914\" data-end=\"930\">Installation<\/strong><\/td>\n<td>Oberfl\u00e4chenmontage oder <strong><a href=\"https:\/\/ledsteplight.com\/de\/5w-led-in-ground-lights-ip65-waterproof-outdoor-driveway-garden-floor-lighting\/\" class=\"waam-auto-link\" title=\"eingebettete Installation\">eingebettete Installation<\/a><\/strong><\/td>\n<\/tr>\n<tr data-start=\"986\" data-end=\"1060\">\n<td><strong data-start=\"988\" data-end=\"1000\">Material<\/strong><\/td>\n<td>Gussaluminium<\/td>\n<\/tr>\n<tr data-start=\"1061\" data-end=\"1135\">\n<td><strong data-start=\"1063\" data-end=\"1077\">Abmessungen<\/strong><\/td>\n<td>(Optional)<\/td>\n<\/tr>\n<tr data-start=\"1136\" data-end=\"1210\">\n<td><strong data-start=\"1138\" data-end=\"1150\">Garantie<\/strong><\/td>\n<td>3 Jahre<\/td>\n<\/tr>\n<tr data-start=\"1211\" data-end=\"1285\">\n<td><strong data-start=\"1213\" data-end=\"1223\">Gewicht<\/strong><\/td>\n<td>(Optional)<\/td>\n<\/tr>\n<tr data-start=\"1286\" data-end=\"1360\">\n<td><strong data-start=\"1288\" data-end=\"1303\">Umgebung<\/strong><\/td>\n<td>Au\u00dfenbereich \/ Feuchte Umgebung<\/td>\n<\/tr>\n<\/tbody>\n<\/table>\n<p>&nbsp;<\/p>\n<p>Beleuchten Sie Ihre architektonischen Merkmale und Landschaften mit dem leistungsstarken <b>MG-BD035-50B 5W LED <strong><a href=\"https:\/\/ledsteplight.com\/de\/cree-bridgelux-chip-ip65-led-fixture-for-garden-facade-lighting\/\" class=\"waam-auto-link\" title=\"Bodenleuchte\">Bodenleuchte<\/a><\/strong><\/b>. Mit einer Hochleistungs- <b>5W COB LED<\/b>, liefert dieses Leuchtmittel \u00fcberlegene Helligkeit und ist somit die perfekte L\u00f6sung, um mittelgro\u00dfe B\u00e4ume, Geb\u00e4udefassaden und weite Gartenwege hervorzuheben. Das <b>druckgussaluminiumgeh\u00e4use<\/b> sorgt f\u00fcr ausgezeichnetes W\u00e4rmemanagement und Korrosionsbest\u00e4ndigkeit.<\/p>","protected":false},"excerpt":{"rendered":"<p>Aktualisieren Sie Ihre Au\u00dfenbeleuchtung mit dem MG-BD035-50B 5W COB LED Erdspie\u00df. Verf\u00fcgt \u00fcber ein robustes Geh\u00e4use aus Gussaluminium, IP65 wasserdichte Schutzart und weites Spannungsbereich (AC 85-265V). Ideal zur Beleuchtung von B\u00e4umen, W\u00e4nden und Einfahrten mit hoher Leuchtkraft. 3 Jahre Garantie.<\/p>","protected":false},"featured_media":37202,"comment_status":"open","ping_status":"closed","template":"","meta":[],"product_brand":[],"product_cat":[69,100,426,427,428,439,429,440,430,441,431,442,443,432,433,444,112,445,446,106,434,435,128,436,437],"product_tag":[74,103,76,77,113,78,108,129],"class_list":{"0":"post-38011","1":"product","2":"type-product","3":"status-publish","4":"has-post-thumbnail","6":"product_cat-5w","7":"product_cat-aluminum-ground-light","8":"product_cat-ceiling-recessed","9":"product_cat-ceiling-surface","10":"product_cat-ceiling-suspended","11":"product_cat-commercial","12":"product_cat-drivers","13":"product_cat-education","14":"product_cat-freestanding-light","15":"product_cat-hospitality","16":"product_cat-industrial","17":"product_cat-infrastructure","18":"product_cat-landscape","19":"product_cat-landscaping","20":"product_cat-linear","21":"product_cat-office","22":"product_cat-outdoor-ground-light","23":"product_cat-residential","24":"product_cat-retail","25":"product_cat-round-ground-light","26":"product_cat-table-lamp","27":"product_cat-track","28":"product_cat-wall-light-series","29":"product_cat-wall-recessed","30":"product_cat-wall-surface","31":"product_tag-5w-led","32":"product_tag-aluminum-ground-light","33":"product_tag-aluminum-housing","34":"product_tag-ground-light","35":"product_tag-outdoor-ground-light","36":"product_tag-outdoor-lighting","37":"product_tag-round-ground-light","38":"product_tag-wall-light-series","40":"first","41":"instock","42":"featured","43":"downloadable","44":"shipping-taxable","45":"product-type-simple"},"_links":{"self":[{"href":"https:\/\/ledsteplight.com\/de\/wp-json\/wp\/v2\/product\/38011","targetHints":{"allow":["GET"]}}],"collection":[{"href":"https:\/\/ledsteplight.com\/de\/wp-json\/wp\/v2\/product"}],"about":[{"href":"https:\/\/ledsteplight.com\/de\/wp-json\/wp\/v2\/types\/product"}],"replies":[{"embeddable":true,"href":"https:\/\/ledsteplight.com\/de\/wp-json\/wp\/v2\/comments?post=38011"}],"version-history":[{"count":3,"href":"https:\/\/ledsteplight.com\/de\/wp-json\/wp\/v2\/product\/38011\/revisions"}],"predecessor-version":[{"id":38653,"href":"https:\/\/ledsteplight.com\/de\/wp-json\/wp\/v2\/product\/38011\/revisions\/38653"}],"wp:featuredmedia":[{"embeddable":true,"href":"https:\/\/ledsteplight.com\/de\/wp-json\/wp\/v2\/media\/37202"}],"wp:attachment":[{"href":"https:\/\/ledsteplight.com\/de\/wp-json\/wp\/v2\/media?parent=38011"}],"wp:term":[{"taxonomy":"product_brand","embeddable":true,"href":"https:\/\/ledsteplight.com\/de\/wp-json\/wp\/v2\/product_brand?post=38011"},{"taxonomy":"product_cat","embeddable":true,"href":"https:\/\/ledsteplight.com\/de\/wp-json\/wp\/v2\/product_cat?post=38011"},{"taxonomy":"product_tag","embeddable":true,"href":"https:\/\/ledsteplight.com\/de\/wp-json\/wp\/v2\/product_tag?post=38011"}],"curies":[{"name":"wp","href":"https:\/\/api.w.org\/{rel}","templated":true}]}}