{"id":38014,"date":"2025-09-08T13:04:16","date_gmt":"2025-09-08T13:04:16","guid":{"rendered":"https:\/\/ledsteplight.com\/import-placeholder-for-37124\/"},"modified":"2026-01-19T02:15:17","modified_gmt":"2026-01-19T02:15:17","slug":"cree-bridgelux-chip-ip65-led-fixture-for-garden-facade-lighting","status":"publish","type":"product","link":"https:\/\/ledsteplight.com\/de\/cree-bridgelux-chip-ip65-led-fixture-for-garden-facade-lighting\/","title":{"rendered":"CREE\/Bridgelux Chip IP65 LED-Leuchte f\u00fcr Garten- und Fassadenbeleuchtung"},"content":{"rendered":"<table data-path-to-node=\"10\">\n<thead>\n<tr>\n<td><strong>Parameter<\/strong><\/td>\n<td><strong>Spezifikation<\/strong><\/td>\n<td><strong>Hinweise<\/strong><\/td>\n<\/tr>\n<\/thead>\n<tbody>\n<tr>\n<td><span data-path-to-node=\"10,1,0,0\"><b>Produktmodell<\/b><\/span><\/td>\n<td><span data-path-to-node=\"10,1,1,0\"><b>MG-MZ100<\/b><\/span><\/td>\n<td><span data-path-to-node=\"10,1,2,0\">Hochanerkanntes professionelles SKU.<\/span><\/td>\n<\/tr>\n<tr>\n<td><span data-path-to-node=\"10,2,0,0\"><b>Installation<\/b><\/span><\/td>\n<td><span data-path-to-node=\"10,2,1,0\"><b>Oberfl\u00e4chenmontiert<\/b><\/span><\/td>\n<td><span data-path-to-node=\"10,2,2,0\">Einfache Installation an W\u00e4nden, Stufen oder Boden.<\/span><\/td>\n<\/tr>\n<tr>\n<td><span data-path-to-node=\"10,3,0,0\"><b>Produktgr\u00f6\u00dfe<\/b><\/span><\/td>\n<td><span data-path-to-node=\"10,3,1,0\"><span class=\"math-inline\" data-math=\"phi 100 times H 35text{mm}\">$phi 100 Mal H 35text{mm}$<\/span><\/span><\/td>\n<td><span data-path-to-node=\"10,3,2,0\">Kompaktes, flaches Design.<\/span><\/td>\n<\/tr>\n<tr>\n<td><span data-path-to-node=\"10,4,0,0\"><b>Lichtquelle<\/b><\/span><\/td>\n<td><span data-path-to-node=\"10,4,1,0\">Bridgelux \/ CREE<\/span><\/td>\n<td><span data-path-to-node=\"10,4,2,0\">Internationale Marken-LED-Chips f\u00fcr hohe Leistung.<\/span><\/td>\n<\/tr>\n<tr>\n<td><span data-path-to-node=\"10,5,0,0\"><b>Watt<\/b><\/span><\/td>\n<td><span data-path-to-node=\"10,5,1,0\"><span class=\"math-inline\" data-math=\"text{3W (300mA)}\">$text{3W (300mA)}$<\/span><\/span><\/td>\n<td><span data-path-to-node=\"10,5,2,0\">Energieeffiziente Hochleistungs-LED.<\/span><\/td>\n<\/tr>\n<tr>\n<td><span data-path-to-node=\"10,6,0,0\"><b>Wechselstrom-Eingang<\/b><\/span><\/td>\n<td><span data-path-to-node=\"10,6,1,0\"><span class=\"math-inline\" data-math=\"text{100-240V, 50\/60HZ}\">$text{100-240V, 50\/60HZ}$<\/span> \/ <span class=\"math-inline\" data-math=\"text{DC12\/24V}\">$text{DC12\/24V}$<\/span><\/span><\/td>\n<td><span data-path-to-node=\"10,6,2,0\">Duale Spannungsversorgungsoptionen f\u00fcr verschiedene Projekte.<\/span><\/td>\n<\/tr>\n<tr>\n<td><span data-path-to-node=\"10,7,0,0\"><b>Treiber<\/b><\/span><\/td>\n<td><span data-path-to-node=\"10,7,1,0\">CAIJIE<\/span><\/td>\n<td><span data-path-to-node=\"10,7,2,0\">Zuverl\u00e4ssige Stromversorgung f\u00fcr stabilen Stromfluss.<\/span><\/td>\n<\/tr>\n<tr>\n<td><span data-path-to-node=\"10,8,0,0\"><b>Reflektorenwinkel<\/b><\/span><\/td>\n<td><span data-path-to-node=\"10,8,1,0\"><i>Fest (Direkt <strong><a href=\"https:\/\/ledsteplight.com\/de\/vorteile-des-pir-sensor-treppenlichts-fur-die-sicherheit\/\" class=\"waam-auto-link\" title=\"Beleuchtung\">Beleuchtung<\/a><\/strong>)<\/i><\/span><\/td>\n<td><span data-path-to-node=\"10,8,2,0\">Optimal f\u00fcr Akzent- und Fl\u00e4chennachf\u00fchrung.<\/span><\/td>\n<\/tr>\n<tr>\n<td><span data-path-to-node=\"10,9,0,0\"><b><strong><a href=\"https:\/\/ledsteplight.com\/de\/dm36b-pro-honeycomb-anti-glare-led-in-ground-light-ip67-24v-dc\/\" class=\"waam-auto-link\" title=\"Farbtemperatur\">Farbtemperatur<\/a><\/strong><\/b><\/span><\/td>\n<td><span data-path-to-node=\"10,9,1,0\"><span class=\"math-inline\" data-math=\"text{3000K}\">$text{3000K}$<\/span> (Warmwei\u00df), <span class=\"math-inline\" data-math=\"text{4000K}\">$text{4000K}$<\/span> (Nat\u00fcrlich Wei\u00df), <span class=\"math-inline\" data-math=\"text{5700K}\">$text{5700K}$<\/span> (Kaltwei\u00df)<\/span><\/td>\n<td><span data-path-to-node=\"10,9,2,0\">Vielseitige CCT-Optionen.<\/span><\/td>\n<\/tr>\n<tr>\n<td><span data-path-to-node=\"10,10,0,0\"><b>Material<\/b><\/span><\/td>\n<td><span data-path-to-node=\"10,10,1,0\">Aluminium<\/span><\/td>\n<td><span data-path-to-node=\"10,10,2,0\">Hervorragende W\u00e4rmeableitung und Korrosionsbest\u00e4ndigkeit.<\/span><\/td>\n<\/tr>\n<tr>\n<td><span data-path-to-node=\"10,11,0,0\"><b>Geh\u00e4usefarbe<\/b><\/span><\/td>\n<td><span data-path-to-node=\"10,11,1,0\">Wei\u00df, Schwarz<\/span><\/td>\n<td><span data-path-to-node=\"10,11,2,0\">Neutrale Farben, passend f\u00fcr moderne Architektur.<\/span><\/td>\n<\/tr>\n<tr>\n<td><span data-path-to-node=\"10,12,0,0\"><b>IP-Bewertung<\/b><\/span><\/td>\n<td><span data-path-to-node=\"10,12,1,0\"><b>IP65<\/b><\/span><\/td>\n<td><span data-path-to-node=\"10,12,2,0\">Hochwertiger Schutz gegen Staub und Wasserstrahlen.<\/span><\/td>\n<\/tr>\n<tr>\n<td><span data-path-to-node=\"10,13,0,0\"><b>Gewicht<\/b><\/span><\/td>\n<td><span data-path-to-node=\"10,13,1,0\"><span class=\"math-inline\" data-math=\"text{0.65kg}\">$text{0.65kg}$<\/span><\/span><\/td>\n<td><span data-path-to-node=\"10,13,2,0\">Robuste und langlebige Konstruktion.<\/span><\/td>\n<\/tr>\n<tr>\n<td><span data-path-to-node=\"10,14,0,0\"><b>Steuerung<\/b><\/span><\/td>\n<td><span data-path-to-node=\"10,14,1,0\">Schaltersteuerung<\/span><\/td>\n<td><span data-path-to-node=\"10,14,2,0\">Einfache und zuverl\u00e4ssige Funktion.<\/span><\/p>\n<p>&nbsp;<\/td>\n<\/tr>\n<\/tbody>\n<\/table>\n<ul>\n<li>\n<p data-path-to-node=\"16,0,0\"><b>Au\u00dfergew\u00f6hnliche Haltbarkeit (IP65 gesch\u00fctzt):<\/b> Hergestellt aus hochwertigem Aluminium, ist das MG-MZ100 mit einem <b>IP65 wasserdichter Schutzart<\/b>, das maximalen Schutz gegen starken Regen, Staub und raue Au\u00dfenbedingungen bietet.<\/p>\n<\/li>\n<li>\n<p data-path-to-node=\"16,1,0\"><b>Marken-LED-Quelle:<\/b> Verwendet hochwertige <b>CREE oder Bridgelux<\/b> Chips, dies <strong><a href=\"https:\/\/ledsteplight.com\/de\/furniture\/\" class=\"waam-auto-link\" title=\"Leuchte\">Leuchte<\/a><\/strong> liefert eine stabile, leistungsstarke Beleuchtung mit einem hocheffizienten <span class=\"math-inline\" data-math=\"text{3W}\">$text{3W}$<\/span> Verbrauch, um eine langfristige Leistung und reduzierte Wartungskosten zu gew\u00e4hrleisten.<\/p>\n<\/li>\n<li>\n<p data-path-to-node=\"16,2,0\"><b>Flexibler Stromanschluss:<\/b> Mit sowohl <b><span class=\"math-inline\" data-math=\"text{100-240V AC}\">$text{100-240V AC}$<\/span><\/b> als auch Niederspannungsoptionen <b><span class=\"math-inline\" data-math=\"text{DC12\/24V}\">$text{DC12\/24V}$<\/span><\/b> integriert sich der MG-MZ100 nahtlos in verschiedene Beleuchtungsschemata, von privaten G\u00e4rten bis hin zu gro\u00dfen gewerblichen Anlagen.<\/p>\n<\/li>\n<li>\n<p data-path-to-node=\"16,3,0\"><b>Vielseitige CCT-Auswahl:<\/b> Verf\u00fcgbar in <span class=\"math-inline\" data-math=\"text{3000K}\">$text{3000K}$<\/span>, <span class=\"math-inline\" data-math=\"text{4000K}\">$text{4000K}$<\/span>, und <span class=\"math-inline\" data-math=\"text{5700K}\">$text{5700K}$<\/span>, k\u00f6nnen Sie die Lichtstimmung perfekt anpassen \u2013 von einem warmen, einladenden Gl\u00fchen bis hin zu k\u00fchlem, modernem Wei\u00dflicht.<\/p>\n<\/li>\n<li>\n<p data-path-to-node=\"16,4,0\"><b>Minimalistisches Design:<\/b> Der flache <span class=\"math-inline\" data-math=\"phi 100 times H 35text{mm}\">$phi 100 Mal H 35text{mm}$<\/span> runde K\u00f6rper ist in den Standardfarben Wei\u00df und Schwarz erh\u00e4ltlich und passt \u00e4sthetisch zu jedem zeitgen\u00f6ssischen Baustoff.<\/p>\n<\/li>\n<\/ul>\n<p>&nbsp;<\/p>","protected":false},"excerpt":{"rendered":"<p><b>MG-MZ100<\/b> MG-MZ100 ist eine \u00e4u\u00dferst vielseitige und robuste 3W LED-Leuchte, die f\u00fcr hochwertige Au\u00dfen- und Innenbeleuchtungsprojekte entwickelt wurde. Als Oberfl\u00e4chenmontageger\u00e4t entf\u00e4llt die Notwendigkeit komplexer Ausschnitte, was eine au\u00dfergew\u00f6hnliche Flexibilit\u00e4t bei der Installation auf Terrassen, Patios, Stufen, Fassaden und Gehwegen bietet.<\/p>","protected":false},"featured_media":37214,"comment_status":"open","ping_status":"closed","template":"","meta":[],"product_brand":[],"product_cat":[100,426,427,428,439,429,440,430,441,431,442,443,432,433,444,112,464,445,446,106,434,435,128,436,437],"product_tag":[103,76,77,113,78,108,129],"class_list":{"0":"post-38014","1":"product","2":"type-product","3":"status-publish","4":"has-post-thumbnail","6":"product_cat-aluminum-ground-light","7":"product_cat-ceiling-recessed","8":"product_cat-ceiling-surface","9":"product_cat-ceiling-suspended","10":"product_cat-commercial","11":"product_cat-drivers","12":"product_cat-education","13":"product_cat-freestanding-light","14":"product_cat-hospitality","15":"product_cat-industrial","16":"product_cat-infrastructure","17":"product_cat-landscape","18":"product_cat-landscaping","19":"product_cat-linear","20":"product_cat-office","21":"product_cat-outdoor-ground-light","22":"product_cat-c-outdoor-lighting","23":"product_cat-residential","24":"product_cat-retail","25":"product_cat-round-ground-light","26":"product_cat-table-lamp","27":"product_cat-track","28":"product_cat-wall-light-series","29":"product_cat-wall-recessed","30":"product_cat-wall-surface","31":"product_tag-aluminum-ground-light","32":"product_tag-aluminum-housing","33":"product_tag-ground-light","34":"product_tag-outdoor-ground-light","35":"product_tag-outdoor-lighting","36":"product_tag-round-ground-light","37":"product_tag-wall-light-series","39":"first","40":"instock","41":"featured","42":"downloadable","43":"shipping-taxable","44":"product-type-simple"},"_links":{"self":[{"href":"https:\/\/ledsteplight.com\/de\/wp-json\/wp\/v2\/product\/38014","targetHints":{"allow":["GET"]}}],"collection":[{"href":"https:\/\/ledsteplight.com\/de\/wp-json\/wp\/v2\/product"}],"about":[{"href":"https:\/\/ledsteplight.com\/de\/wp-json\/wp\/v2\/types\/product"}],"replies":[{"embeddable":true,"href":"https:\/\/ledsteplight.com\/de\/wp-json\/wp\/v2\/comments?post=38014"}],"version-history":[{"count":3,"href":"https:\/\/ledsteplight.com\/de\/wp-json\/wp\/v2\/product\/38014\/revisions"}],"predecessor-version":[{"id":38644,"href":"https:\/\/ledsteplight.com\/de\/wp-json\/wp\/v2\/product\/38014\/revisions\/38644"}],"wp:featuredmedia":[{"embeddable":true,"href":"https:\/\/ledsteplight.com\/de\/wp-json\/wp\/v2\/media\/37214"}],"wp:attachment":[{"href":"https:\/\/ledsteplight.com\/de\/wp-json\/wp\/v2\/media?parent=38014"}],"wp:term":[{"taxonomy":"product_brand","embeddable":true,"href":"https:\/\/ledsteplight.com\/de\/wp-json\/wp\/v2\/product_brand?post=38014"},{"taxonomy":"product_cat","embeddable":true,"href":"https:\/\/ledsteplight.com\/de\/wp-json\/wp\/v2\/product_cat?post=38014"},{"taxonomy":"product_tag","embeddable":true,"href":"https:\/\/ledsteplight.com\/de\/wp-json\/wp\/v2\/product_tag?post=38014"}],"curies":[{"name":"wp","href":"https:\/\/api.w.org\/{rel}","templated":true}]}}