{"id":38016,"date":"2025-09-08T13:04:16","date_gmt":"2025-09-08T13:04:16","guid":{"rendered":"https:\/\/ledsteplight.com\/import-placeholder-for-37126\/"},"modified":"2026-01-19T02:15:16","modified_gmt":"2026-01-19T02:15:16","slug":"3w-led-in-ground-lights-ac100-240v-recessed-outdoor-lighting","status":"publish","type":"product","link":"https:\/\/ledsteplight.com\/de\/3w-led-in-ground-lights-ac100-240v-recessed-outdoor-lighting\/","title":{"rendered":"3W LED Einbauleuchten im Boden AC100-240V \u2013 Eingebaute Au\u00dfenbeleuchtung"},"content":{"rendered":"<table data-start=\"123\" data-end=\"1400\">\n<thead data-start=\"123\" data-end=\"198\">\n<tr data-start=\"123\" data-end=\"198\">\n<th data-start=\"123\" data-end=\"148\">Spezifikation<\/th>\n<th data-start=\"148\" data-end=\"198\">Details<\/th>\n<\/tr>\n<\/thead>\n<tbody data-start=\"274\" data-end=\"1400\">\n<tr data-start=\"274\" data-end=\"348\">\n<td><strong data-start=\"276\" data-end=\"293\">Produktmodell<\/strong><\/td>\n<td>MG-SN015-60T<\/td>\n<\/tr>\n<tr data-start=\"349\" data-end=\"432\">\n<td><strong data-start=\"351\" data-end=\"367\">Produktgr\u00f6\u00dfe<\/strong><\/td>\n<td>\u00d860mm \u00d7 H35mm (Rund) \/ L60 \u00d7 B60 \u00d7 H35mm (Quadratisch)<\/td>\n<\/tr>\n<tr data-start=\"433\" data-end=\"507\">\n<td><strong data-start=\"435\" data-end=\"447\">Schnittgr\u00f6\u00dfe<\/strong><\/td>\n<td>\u00d850mm \u00d7 H75mm (Rund)<\/td>\n<\/tr>\n<tr data-start=\"508\" data-end=\"582\">\n<td><strong data-start=\"510\" data-end=\"526\">Lichtquelle<\/strong><\/td>\n<td>OSRAM \/ CREE<\/td>\n<\/tr>\n<tr data-start=\"583\" data-end=\"657\">\n<td><strong data-start=\"585\" data-end=\"606\"><strong><a href=\"https:\/\/ledsteplight.com\/de\/dm36b-pro-honeycomb-anti-glare-led-in-ground-light-ip67-24v-dc\/\" class=\"waam-auto-link\" title=\"Stromverbrauch\">Stromverbrauch<\/a><\/strong><\/strong><\/td>\n<td>3W (700mA)<\/td>\n<\/tr>\n<tr data-start=\"658\" data-end=\"731\">\n<td><strong data-start=\"660\" data-end=\"670\">Gewicht<\/strong><\/td>\n<td>0,45kg<\/td>\n<\/tr>\n<tr data-start=\"732\" data-end=\"806\">\n<td><strong data-start=\"734\" data-end=\"754\">Wechselstrom-Eingangsspannung<\/strong><\/td>\n<td>100-240V, 50~60Hz<\/td>\n<\/tr>\n<tr data-start=\"807\" data-end=\"880\">\n<td><strong data-start=\"809\" data-end=\"819\">Treiber<\/strong><\/td>\n<td>Eagerise<\/td>\n<\/tr>\n<tr data-start=\"881\" data-end=\"954\">\n<td><strong data-start=\"883\" data-end=\"902\">Reflektorenwinkel<\/strong><\/td>\n<td>k.A.<\/td>\n<\/tr>\n<tr data-start=\"955\" data-end=\"1029\">\n<td><strong data-start=\"957\" data-end=\"978\">Farbtemperatur<\/strong><\/td>\n<td>3000K, 4000K, 5700K<\/td>\n<\/tr>\n<tr data-start=\"1030\" data-end=\"1103\">\n<td><strong data-start=\"1032\" data-end=\"1051\">Verbindungstyp<\/strong><\/td>\n<td>k.A.<\/td>\n<\/tr>\n<tr data-start=\"1104\" data-end=\"1176\">\n<td><strong data-start=\"1106\" data-end=\"1118\">Material<\/strong><\/td>\n<td>Aluminium<\/td>\n<\/tr>\n<tr data-start=\"1177\" data-end=\"1251\">\n<td><strong data-start=\"1179\" data-end=\"1199\">Verf\u00fcgbare Farben<\/strong><\/td>\n<td>Wei\u00df, Schwarz, Silber<\/td>\n<\/tr>\n<tr data-start=\"1252\" data-end=\"1326\">\n<td><strong data-start=\"1254\" data-end=\"1267\">IP-Bewertung<\/strong><\/td>\n<td>IP54 \/ IP65 (Wasser- und Staubdicht)<\/td>\n<\/tr>\n<tr data-start=\"1327\" data-end=\"1400\">\n<td><strong data-start=\"1329\" data-end=\"1352\">Montagemethode<\/strong><\/td>\n<td>Einbau (mit eingebetteten Komponenten)<\/td>\n<\/tr>\n<\/tbody>\n<\/table>\n<p data-path-to-node=\"16\"><b>Modernes Architektendesign &amp; Premium-Verarbeitung<\/b> Der MG-SN015-60T ist eine hochwertige <b>Au\u00dfenbodenleuchte<\/b> entwickelt f\u00fcr anspruchsvolle architektonische Anwendungen. Gefertigt aus massivem Flugzeugaluminium mit einem kompakten \u00d860mm Profil bietet dieses kreative Leuchtmittel ein nahtloses, minimalistisches Erscheinungsbild f\u00fcr moderne Pl\u00e4tze, Holzdecks und Luxushinterh\u00f6fe. Erh\u00e4ltlich in Wei\u00df, Schwarz oder Silber, dient es als elegante <b>in <strong><a href=\"https:\/\/ledsteplight.com\/de\/cree-bridgelux-chip-ip65-led-fixture-for-garden-facade-lighting\/\" class=\"waam-auto-link\" title=\"Bodenleuchte\">Bodenleuchte<\/a><\/strong><\/b> L\u00f6sung, die sich perfekt in hochwertige Pflasterungen einf\u00fcgt und die visuelle Attraktivit\u00e4t jedes <b><strong><a href=\"https:\/\/ledsteplight.com\/de\/mistakes-to-avoid-when-installing-in-ground-driveway-lights\/\" class=\"waam-auto-link\" title=\"Landschaftsbeleuchtung\">Landschaftsbeleuchtung<\/a><\/strong><\/b> Projekts erh\u00f6ht, ohne aufdringlich zu wirken.<\/p>\n<p data-path-to-node=\"17\"><b>Professionelle Leistung f\u00fcr globale Projekte<\/b> Entwickelt f\u00fcr Langlebigkeit und einfache Installation, verf\u00fcgt dieses 3W <b>Erdschienenbeleuchtung<\/b> Leuchtmittel \u00fcber erstklassige <b>OSRAM\/CREE LED<\/b> Quellen und unterst\u00fctzt direkten <b>AC 100-240V<\/b> Eingang, wodurch externe Transformatoren \u00fcberfl\u00fcssig werden. Mit einer robusten IP65-Wasserfestigkeit und druckbest\u00e4ndiger Struktur arbeitet es zuverl\u00e4ssig als <b><strong><a href=\"https:\/\/ledsteplight.com\/de\/30w-linear-in-ground-light-narrow-frame-outdoor-led-floor-lamp\/\" class=\"waam-auto-link\" title=\"Einfahrtsstra\u00dfenbeleuchtung am Boden\">Einfahrtsstra\u00dfenbeleuchtung am Boden<\/a><\/strong><\/b> oder Gehwegausleger. Ob f\u00fcr gewerbliche oder private Exportm\u00e4rkte, diese <b>eingelassen <strong><a href=\"https:\/\/ledsteplight.com\/de\/5w-led-in-ground-lights-ip65-waterproof-outdoor-driveway-garden-floor-lighting\/\" class=\"waam-auto-link\" title=\"Au\u00dfenbodenbeleuchtung\">Au\u00dfenbodenbeleuchtung<\/a><\/strong><\/b> sorgt f\u00fcr konsistenten, hoch-CRI <strong><a href=\"https:\/\/ledsteplight.com\/de\/vorteile-des-pir-sensor-treppenlichts-fur-die-sicherheit\/\" class=\"waam-auto-link\" title=\"Beleuchtung\">Beleuchtung<\/a><\/strong> in rauen Au\u00dfenumgebungen.<\/p>","protected":false},"excerpt":{"rendered":"<p data-start=\"3621\" data-end=\"3987\"><b>Gro\u00dfhandel Premium 3W LED-Einbauleuchten. AC 100-240V IP65 Aluminiumgeh\u00e4use mit OSRAM-Chips. Moderne eingelassene Au\u00dfenbodenbeleuchtung f\u00fcr architektonische Projekte.<\/b><\/p>","protected":false},"featured_media":37218,"comment_status":"open","ping_status":"closed","template":"","meta":[],"product_brand":[],"product_cat":[105,100,426,427,428,439,429,440,430,441,431,442,443,432,433,444,112,464,445,446,106,434,435,436,437],"product_tag":[107,103,76,77,113,78,108],"class_list":{"0":"post-38016","1":"product","2":"type-product","3":"status-publish","4":"has-post-thumbnail","6":"product_cat-015-series","7":"product_cat-aluminum-ground-light","8":"product_cat-ceiling-recessed","9":"product_cat-ceiling-surface","10":"product_cat-ceiling-suspended","11":"product_cat-commercial","12":"product_cat-drivers","13":"product_cat-education","14":"product_cat-freestanding-light","15":"product_cat-hospitality","16":"product_cat-industrial","17":"product_cat-infrastructure","18":"product_cat-landscape","19":"product_cat-landscaping","20":"product_cat-linear","21":"product_cat-office","22":"product_cat-outdoor-ground-light","23":"product_cat-c-outdoor-lighting","24":"product_cat-residential","25":"product_cat-retail","26":"product_cat-round-ground-light","27":"product_cat-table-lamp","28":"product_cat-track","29":"product_cat-wall-recessed","30":"product_cat-wall-surface","31":"product_tag-015-series","32":"product_tag-aluminum-ground-light","33":"product_tag-aluminum-housing","34":"product_tag-ground-light","35":"product_tag-outdoor-ground-light","36":"product_tag-outdoor-lighting","37":"product_tag-round-ground-light","39":"first","40":"instock","41":"featured","42":"downloadable","43":"shipping-taxable","44":"product-type-simple"},"_links":{"self":[{"href":"https:\/\/ledsteplight.com\/de\/wp-json\/wp\/v2\/product\/38016","targetHints":{"allow":["GET"]}}],"collection":[{"href":"https:\/\/ledsteplight.com\/de\/wp-json\/wp\/v2\/product"}],"about":[{"href":"https:\/\/ledsteplight.com\/de\/wp-json\/wp\/v2\/types\/product"}],"replies":[{"embeddable":true,"href":"https:\/\/ledsteplight.com\/de\/wp-json\/wp\/v2\/comments?post=38016"}],"version-history":[{"count":3,"href":"https:\/\/ledsteplight.com\/de\/wp-json\/wp\/v2\/product\/38016\/revisions"}],"predecessor-version":[{"id":38646,"href":"https:\/\/ledsteplight.com\/de\/wp-json\/wp\/v2\/product\/38016\/revisions\/38646"}],"wp:featuredmedia":[{"embeddable":true,"href":"https:\/\/ledsteplight.com\/de\/wp-json\/wp\/v2\/media\/37218"}],"wp:attachment":[{"href":"https:\/\/ledsteplight.com\/de\/wp-json\/wp\/v2\/media?parent=38016"}],"wp:term":[{"taxonomy":"product_brand","embeddable":true,"href":"https:\/\/ledsteplight.com\/de\/wp-json\/wp\/v2\/product_brand?post=38016"},{"taxonomy":"product_cat","embeddable":true,"href":"https:\/\/ledsteplight.com\/de\/wp-json\/wp\/v2\/product_cat?post=38016"},{"taxonomy":"product_tag","embeddable":true,"href":"https:\/\/ledsteplight.com\/de\/wp-json\/wp\/v2\/product_tag?post=38016"}],"curies":[{"name":"wp","href":"https:\/\/api.w.org\/{rel}","templated":true}]}}