{"id":38019,"date":"2025-09-08T13:04:17","date_gmt":"2025-09-08T13:04:17","guid":{"rendered":"https:\/\/ledsteplight.com\/import-placeholder-for-37142\/"},"modified":"2026-01-19T02:15:15","modified_gmt":"2026-01-19T02:15:15","slug":"commercial-grade-36w-underground-lighting-multi-voltage-led-landscape-path-lighting","status":"publish","type":"product","link":"https:\/\/ledsteplight.com\/de\/commercial-grade-36w-underground-lighting-multi-voltage-led-landscape-path-lighting\/","title":{"rendered":"Gewerbliche Qualit\u00e4t 36W Erdspie\u00dfbeleuchtung | Mehrspannungs-LED-Landschaftspfadbeleuchtung"},"content":{"rendered":"<table data-start=\"43\" data-end=\"911\">\n<thead data-start=\"43\" data-end=\"114\">\n<tr data-start=\"43\" data-end=\"114\">\n<th data-start=\"43\" data-end=\"68\"><strong data-start=\"45\" data-end=\"58\">Parameter<\/strong><\/th>\n<th data-start=\"68\" data-end=\"114\"><strong data-start=\"70\" data-end=\"81\">Details<\/strong><\/th>\n<\/tr>\n<\/thead>\n<tbody data-start=\"181\" data-end=\"911\">\n<tr data-start=\"181\" data-end=\"247\">\n<td><strong data-start=\"183\" data-end=\"192\">Leistung<\/strong><\/td>\n<td>36W<\/td>\n<\/tr>\n<tr data-start=\"248\" data-end=\"313\">\n<td><strong data-start=\"250\" data-end=\"266\">Lichtquelle<\/strong><\/td>\n<td>COB-LED<\/td>\n<\/tr>\n<tr data-start=\"314\" data-end=\"378\">\n<td><strong data-start=\"316\" data-end=\"333\">Eingangsspannung<\/strong><\/td>\n<td>AC85-265V \/ 12V \/ 24V<\/td>\n<\/tr>\n<tr data-start=\"379\" data-end=\"448\">\n<td><strong data-start=\"381\" data-end=\"402\"><strong><a href=\"https:\/\/ledsteplight.com\/de\/dm36b-pro-honeycomb-anti-glare-led-in-ground-light-ip67-24v-dc\/\" class=\"waam-auto-link\" title=\"Farbtemperatur\">Farbtemperatur<\/a><\/strong><\/strong><\/td>\n<td>3000K (Warmwei\u00df) \/ 6000K (Kaltwei\u00df)<\/td>\n<\/tr>\n<tr data-start=\"449\" data-end=\"514\">\n<td><strong data-start=\"451\" data-end=\"468\">Lichtstrom<\/strong><\/td>\n<td>100-120LM\/W<\/td>\n<\/tr>\n<tr data-start=\"515\" data-end=\"580\">\n<td><strong data-start=\"517\" data-end=\"531\">Abstrahlwinkel<\/strong><\/td>\n<td>120\u00b0<\/td>\n<\/tr>\n<tr data-start=\"581\" data-end=\"646\">\n<td><strong data-start=\"583\" data-end=\"595\">Material<\/strong><\/td>\n<td>Gussaluminium<\/td>\n<\/tr>\n<tr data-start=\"647\" data-end=\"711\">\n<td><strong data-start=\"649\" data-end=\"662\">IP-Bewertung<\/strong><\/td>\n<td>IP65 (Wasserdicht &amp; Staubdicht)<\/td>\n<\/tr>\n<tr data-start=\"712\" data-end=\"776\">\n<td><strong data-start=\"714\" data-end=\"726\">Lebensdauer<\/strong><\/td>\n<td>40.000 Stunden<\/td>\n<\/tr>\n<tr data-start=\"777\" data-end=\"845\">\n<td><strong data-start=\"779\" data-end=\"802\">Montagemethode<\/strong><\/td>\n<td>Einbaumontage<\/td>\n<\/tr>\n<tr data-start=\"846\" data-end=\"911\">\n<td><strong data-start=\"848\" data-end=\"860\">Garantie<\/strong><\/td>\n<td>3 Jahre<\/td>\n<\/tr>\n<\/tbody>\n<\/table>\n<p data-path-to-node=\"15\">DM36 PRO ist ein professionelles, leistungsstarkes <b>Erd-Innenleuchte<\/b> entwickelt, um leistungsstark und verstellbar zu sein <strong><a href=\"https:\/\/ledsteplight.com\/de\/vorteile-des-pir-sensor-treppenlichts-fur-die-sicherheit\/\" class=\"waam-auto-link\" title=\"Beleuchtung\">Beleuchtung<\/a><\/strong> f\u00fcr gewerbliche und gro\u00df angelegte Wohnprojekte. Mit einer fortschrittlichen Semi-Glare COB-LED sorgt diese 36W-Leuchte f\u00fcr Licht mit 3000K oder 6000K und einem breiten <span class=\"math-inline\" data-math=\"120^circ\">$120^\u00b0$<\/span> Abstrahlwinkel, wodurch sie sich perfekt f\u00fcr dramatische <b>Landschafts-Up-Lights<\/b> und eine umfassende Wegabdeckung eignet.<\/p>\n<p data-path-to-node=\"16\">\n<h4><b>Hauptmerkmale &amp; Vielseitigkeit:<\/b><\/h4>\n<p>&nbsp;<\/p>\n<ul data-path-to-node=\"17\">\n<li>\n<p data-path-to-node=\"17,0,0\"><b>Hohe Leistungsausleuchtung:<\/b> Mit 36 W liefert diese Leuchte eine Lichtausbeute von 100-120 LM\/W, wodurch sichergestellt wird, dass Ihre Au\u00dfenbereiche, B\u00e4ume und Fassaden brillant beleuchtet werden und als effektive <b>Landschaftsbaumbeleuchtung<\/b>.<\/p>\n<\/li>\n<li>\n<p data-path-to-node=\"17,1,0\"><b>dienen.<\/b> Flexible Multi-Spannung: <b>AC85-265V<\/b> Der DM36 PRO wurde f\u00fcr den globalen Einsatz entwickelt und unterst\u00fctzt <b>12V \/ 24V DC Niederspannung <strong><a href=\"https:\/\/ledsteplight.com\/de\/the-ultimate-guide-to-led-landscape-lighting-design-installation-and-costs\/\" class=\"waam-auto-link\" title=\"LED-Landschaftsbeleuchtung\">LED-Landschaftsbeleuchtung<\/a><\/strong><\/b> 12V \/ 24V DC Niedervolt-LED-Landschaftsbeleuchtungssysteme und bietet un\u00fcbertroffene Installationsflexibilit\u00e4t.<\/p>\n<\/li>\n<li>\n<p data-path-to-node=\"17,2,0\"><b>Semi-Glare-Optik:<\/b> Entwickelt, um eine starke Lichtleistung bei gleichzeitigem Komfort zu bieten, minimiert das Semi-Glare-Design direkte visuelle Beschwerden f\u00fcr Fu\u00dfg\u00e4nger auf <b>Landschaftspfadbeleuchtung<\/b>.<\/p>\n<\/li>\n<li>\n<p data-path-to-node=\"17,3,0\"><b>Extreme Haltbarkeit:<\/b> Hergestellt aus robustem Druckguss-Aluminium und zertifiziert <b>IP65 Wasser- und Staubdicht<\/b>. Dies macht es zu einer idealen Wahl f\u00fcr zuverl\u00e4ssige <b><strong><a href=\"https:\/\/ledsteplight.com\/de\/5w-led-in-ground-lights-ip65-waterproof-outdoor-driveway-garden-floor-lighting\/\" class=\"waam-auto-link\" title=\"Au\u00dfenbodenbeleuchtung\">Au\u00dfenbodenbeleuchtung<\/a><\/strong><\/b> bei allen Wetterbedingungen.<\/p>\n<\/li>\n<\/ul>","protected":false},"excerpt":{"rendered":"<p><b>DM36 PRO<\/b> 36W Hochleistungs <b>Erdspie\u00dfleuchte<\/b> mit <b>Blendfrei<\/b> Optik. Mit Mehrspannungsunterst\u00fctzung (<b>12V\/24V<\/b> &amp; AC85-265V) und <b>IP65 wasserdicht<\/b> Druckguss-Aluminium-Konstruktion. Ideal <b>Landschafts-Up-Lights<\/b> und gewerblich <b>Erdschienenbeleuchtung<\/b>.<\/p>","protected":false},"featured_media":37233,"comment_status":"open","ping_status":"closed","template":"","meta":[],"product_brand":[],"product_cat":[100,426,427,428,439,429,440,430,441,126,431,442,443,432,433,444,112,464,445,446,106,434,435,436,437],"product_tag":[103,76,77,127,113,78,108],"class_list":{"0":"post-38019","1":"product","2":"type-product","3":"status-publish","4":"has-post-thumbnail","6":"product_cat-aluminum-ground-light","7":"product_cat-ceiling-recessed","8":"product_cat-ceiling-surface","9":"product_cat-ceiling-suspended","10":"product_cat-commercial","11":"product_cat-drivers","12":"product_cat-education","13":"product_cat-freestanding-light","14":"product_cat-hospitality","15":"product_cat-in-ground-light","16":"product_cat-industrial","17":"product_cat-infrastructure","18":"product_cat-landscape","19":"product_cat-landscaping","20":"product_cat-linear","21":"product_cat-office","22":"product_cat-outdoor-ground-light","23":"product_cat-c-outdoor-lighting","24":"product_cat-residential","25":"product_cat-retail","26":"product_cat-round-ground-light","27":"product_cat-table-lamp","28":"product_cat-track","29":"product_cat-wall-recessed","30":"product_cat-wall-surface","31":"product_tag-aluminum-ground-light","32":"product_tag-aluminum-housing","33":"product_tag-ground-light","34":"product_tag-in-ground-light","35":"product_tag-outdoor-ground-light","36":"product_tag-outdoor-lighting","37":"product_tag-round-ground-light","39":"first","40":"instock","41":"shipping-taxable","42":"product-type-simple"},"_links":{"self":[{"href":"https:\/\/ledsteplight.com\/de\/wp-json\/wp\/v2\/product\/38019","targetHints":{"allow":["GET"]}}],"collection":[{"href":"https:\/\/ledsteplight.com\/de\/wp-json\/wp\/v2\/product"}],"about":[{"href":"https:\/\/ledsteplight.com\/de\/wp-json\/wp\/v2\/types\/product"}],"replies":[{"embeddable":true,"href":"https:\/\/ledsteplight.com\/de\/wp-json\/wp\/v2\/comments?post=38019"}],"version-history":[{"count":3,"href":"https:\/\/ledsteplight.com\/de\/wp-json\/wp\/v2\/product\/38019\/revisions"}],"predecessor-version":[{"id":38637,"href":"https:\/\/ledsteplight.com\/de\/wp-json\/wp\/v2\/product\/38019\/revisions\/38637"}],"wp:featuredmedia":[{"embeddable":true,"href":"https:\/\/ledsteplight.com\/de\/wp-json\/wp\/v2\/media\/37233"}],"wp:attachment":[{"href":"https:\/\/ledsteplight.com\/de\/wp-json\/wp\/v2\/media?parent=38019"}],"wp:term":[{"taxonomy":"product_brand","embeddable":true,"href":"https:\/\/ledsteplight.com\/de\/wp-json\/wp\/v2\/product_brand?post=38019"},{"taxonomy":"product_cat","embeddable":true,"href":"https:\/\/ledsteplight.com\/de\/wp-json\/wp\/v2\/product_cat?post=38019"},{"taxonomy":"product_tag","embeddable":true,"href":"https:\/\/ledsteplight.com\/de\/wp-json\/wp\/v2\/product_tag?post=38019"}],"curies":[{"name":"wp","href":"https:\/\/api.w.org\/{rel}","templated":true}]}}