{"id":38023,"date":"2025-09-08T13:04:17","date_gmt":"2025-09-08T13:04:17","guid":{"rendered":"https:\/\/ledsteplight.com\/import-placeholder-for-37157\/"},"modified":"2026-01-19T02:15:13","modified_gmt":"2026-01-19T02:15:13","slug":"mg-he250-recessed-led-step-light-ip65-outdoor-wall-light","status":"publish","type":"product","link":"https:\/\/ledsteplight.com\/de\/mg-he250-recessed-led-step-light-ip65-outdoor-wall-light\/","title":{"rendered":"MG-HE250 Einbau-LED-Stufenlicht | IP65 Au\u00dfenwandleuchte"},"content":{"rendered":"<table data-start=\"119\" data-end=\"1390\">\n<thead data-start=\"119\" data-end=\"194\">\n<tr data-start=\"119\" data-end=\"194\">\n<th data-start=\"119\" data-end=\"144\">Spezifikation<\/th>\n<th data-start=\"144\" data-end=\"194\">Details<\/th>\n<\/tr>\n<\/thead>\n<tbody data-start=\"270\" data-end=\"1390\">\n<tr data-start=\"270\" data-end=\"344\">\n<td><strong data-start=\"272\" data-end=\"289\">Produktmodell<\/strong><\/td>\n<td>MG-HE250<\/td>\n<\/tr>\n<tr data-start=\"345\" data-end=\"419\">\n<td><strong data-start=\"347\" data-end=\"363\">Produktgr\u00f6\u00dfe<\/strong><\/td>\n<td>L250 \u00d7 B95 \u00d7 H30mm<\/td>\n<\/tr>\n<tr data-start=\"420\" data-end=\"494\">\n<td><strong data-start=\"422\" data-end=\"434\">Schnittgr\u00f6\u00dfe<\/strong><\/td>\n<td>L230 \u00d7 B65 \u00d7 H45mm<\/td>\n<\/tr>\n<tr data-start=\"495\" data-end=\"569\">\n<td><strong data-start=\"497\" data-end=\"513\">Lichtquelle<\/strong><\/td>\n<td>COB (Chip on Board)<\/td>\n<\/tr>\n<tr data-start=\"570\" data-end=\"644\">\n<td><strong data-start=\"572\" data-end=\"593\"><strong><a href=\"https:\/\/ledsteplight.com\/de\/dm36b-pro-honeycomb-anti-glare-led-in-ground-light-ip67-24v-dc\/\" class=\"waam-auto-link\" title=\"Stromverbrauch\">Stromverbrauch<\/a><\/strong><\/strong><\/td>\n<td>5W (300mA)<\/td>\n<\/tr>\n<tr data-start=\"645\" data-end=\"718\">\n<td><strong data-start=\"647\" data-end=\"657\">Gewicht<\/strong><\/td>\n<td>0,65kg<\/td>\n<\/tr>\n<tr data-start=\"719\" data-end=\"793\">\n<td><strong data-start=\"721\" data-end=\"741\">Wechselstrom-Eingangsspannung<\/strong><\/td>\n<td>100-240V, 50~60Hz<\/td>\n<\/tr>\n<tr data-start=\"794\" data-end=\"867\">\n<td><strong data-start=\"796\" data-end=\"806\">Treiber<\/strong><\/td>\n<td>CAIJIE<\/td>\n<\/tr>\n<tr data-start=\"868\" data-end=\"942\">\n<td><strong data-start=\"870\" data-end=\"889\">Reflektorenwinkel<\/strong><\/td>\n<td>k.A.<\/td>\n<\/tr>\n<tr data-start=\"943\" data-end=\"1017\">\n<td><strong data-start=\"945\" data-end=\"966\">Farbtemperatur<\/strong><\/td>\n<td>3000K, 4000K, 5700K<\/td>\n<\/tr>\n<tr data-start=\"1018\" data-end=\"1092\">\n<td><strong data-start=\"1020\" data-end=\"1039\">Verbindungstyp<\/strong><\/td>\n<td>k.A.<\/td>\n<\/tr>\n<tr data-start=\"1093\" data-end=\"1166\">\n<td><strong data-start=\"1095\" data-end=\"1107\">Material<\/strong><\/td>\n<td>Aluminium<\/td>\n<\/tr>\n<tr data-start=\"1167\" data-end=\"1241\">\n<td><strong data-start=\"1169\" data-end=\"1189\">Verf\u00fcgbare Farben<\/strong><\/td>\n<td>Wei\u00df, Schwarz, Hellgrau<\/td>\n<\/tr>\n<tr data-start=\"1242\" data-end=\"1315\">\n<td><strong data-start=\"1244\" data-end=\"1257\">IP-Bewertung<\/strong><\/td>\n<td><strong><a href=\"https:\/\/ledsteplight.com\/de\/cree-bridgelux-chip-ip65-led-fixture-for-garden-facade-lighting\/\" class=\"waam-auto-link\" title=\"IP65\">IP65<\/a><\/strong> Wasserfest und Staubdicht<\/td>\n<\/tr>\n<tr data-start=\"1316\" data-end=\"1390\">\n<td><strong data-start=\"1318\" data-end=\"1341\">Montagemethode<\/strong><\/td>\n<td>Eingelassen<\/td>\n<\/tr>\n<\/tbody>\n<\/table>\n<p>&nbsp;<\/p>","protected":false},"excerpt":{"rendered":"<p data-start=\"1001\" data-end=\"1176\">MG-HE250 Einbau-LED-Stufenlicht verf\u00fcgt \u00fcber ein robustes Aluminiumgeh\u00e4use, eine wasserdichte Schutzart IP65 und eine 5W COB-Beleuchtung\u2014ideal f\u00fcr Wege, Stufen, Flure und Au\u00dfenw\u00e4nde.<\/p>","protected":false},"featured_media":37245,"comment_status":"open","ping_status":"closed","template":"","meta":[],"product_brand":[],"product_cat":[100,426,427,428,439,429,440,430,441,431,442,443,432,433,444,112,464,445,446,434,435,436,437],"product_tag":[103,76,113,78,83],"class_list":{"0":"post-38023","1":"product","2":"type-product","3":"status-publish","4":"has-post-thumbnail","6":"product_cat-aluminum-ground-light","7":"product_cat-ceiling-recessed","8":"product_cat-ceiling-surface","9":"product_cat-ceiling-suspended","10":"product_cat-commercial","11":"product_cat-drivers","12":"product_cat-education","13":"product_cat-freestanding-light","14":"product_cat-hospitality","15":"product_cat-industrial","16":"product_cat-infrastructure","17":"product_cat-landscape","18":"product_cat-landscaping","19":"product_cat-linear","20":"product_cat-office","21":"product_cat-outdoor-ground-light","22":"product_cat-c-outdoor-lighting","23":"product_cat-residential","24":"product_cat-retail","25":"product_cat-table-lamp","26":"product_cat-track","27":"product_cat-wall-recessed","28":"product_cat-wall-surface","29":"product_tag-aluminum-ground-light","30":"product_tag-aluminum-housing","31":"product_tag-outdoor-ground-light","32":"product_tag-outdoor-lighting","33":"product_tag-waterproof-fixture","35":"first","36":"instock","37":"shipping-taxable","38":"product-type-simple"},"_links":{"self":[{"href":"https:\/\/ledsteplight.com\/de\/wp-json\/wp\/v2\/product\/38023","targetHints":{"allow":["GET"]}}],"collection":[{"href":"https:\/\/ledsteplight.com\/de\/wp-json\/wp\/v2\/product"}],"about":[{"href":"https:\/\/ledsteplight.com\/de\/wp-json\/wp\/v2\/types\/product"}],"replies":[{"embeddable":true,"href":"https:\/\/ledsteplight.com\/de\/wp-json\/wp\/v2\/comments?post=38023"}],"version-history":[{"count":3,"href":"https:\/\/ledsteplight.com\/de\/wp-json\/wp\/v2\/product\/38023\/revisions"}],"predecessor-version":[{"id":38641,"href":"https:\/\/ledsteplight.com\/de\/wp-json\/wp\/v2\/product\/38023\/revisions\/38641"}],"wp:featuredmedia":[{"embeddable":true,"href":"https:\/\/ledsteplight.com\/de\/wp-json\/wp\/v2\/media\/37245"}],"wp:attachment":[{"href":"https:\/\/ledsteplight.com\/de\/wp-json\/wp\/v2\/media?parent=38023"}],"wp:term":[{"taxonomy":"product_brand","embeddable":true,"href":"https:\/\/ledsteplight.com\/de\/wp-json\/wp\/v2\/product_brand?post=38023"},{"taxonomy":"product_cat","embeddable":true,"href":"https:\/\/ledsteplight.com\/de\/wp-json\/wp\/v2\/product_cat?post=38023"},{"taxonomy":"product_tag","embeddable":true,"href":"https:\/\/ledsteplight.com\/de\/wp-json\/wp\/v2\/product_tag?post=38023"}],"curies":[{"name":"wp","href":"https:\/\/api.w.org\/{rel}","templated":true}]}}