{"id":38024,"date":"2025-09-08T13:04:17","date_gmt":"2025-09-08T13:04:17","guid":{"rendered":"https:\/\/ledsteplight.com\/import-placeholder-for-37170\/"},"modified":"2026-01-19T02:15:13","modified_gmt":"2026-01-19T02:15:13","slug":"mg-mz198-surface-mounted-outdoor-led-ground-light-ip54-waterproof","status":"publish","type":"product","link":"https:\/\/ledsteplight.com\/de\/mg-mz198-surface-mounted-outdoor-led-ground-light-ip54-waterproof\/","title":{"rendered":"MG-MZ198 Oberfl\u00e4chenmontierter Au\u00dfen-LED-Bodenleuchte | IP54 wasserdicht"},"content":{"rendered":"<table data-start=\"119\" data-end=\"1387\">\n<thead data-start=\"119\" data-end=\"194\">\n<tr data-start=\"119\" data-end=\"194\">\n<th data-start=\"119\" data-end=\"144\">Spezifikation<\/th>\n<th data-start=\"144\" data-end=\"194\">Details<\/th>\n<\/tr>\n<\/thead>\n<tbody data-start=\"270\" data-end=\"1387\">\n<tr data-start=\"270\" data-end=\"344\">\n<td><strong data-start=\"272\" data-end=\"289\">Produktmodell<\/strong><\/td>\n<td>MG-MZ198<\/td>\n<\/tr>\n<tr data-start=\"345\" data-end=\"419\">\n<td><strong data-start=\"347\" data-end=\"363\">Produktgr\u00f6\u00dfe<\/strong><\/td>\n<td>L198 \u00d7 B88 \u00d7 H32mm<\/td>\n<\/tr>\n<tr data-start=\"420\" data-end=\"494\">\n<td><strong data-start=\"422\" data-end=\"434\">Schnittgr\u00f6\u00dfe<\/strong><\/td>\n<td>Oberfl\u00e4chenmontiert<\/td>\n<\/tr>\n<tr data-start=\"495\" data-end=\"569\">\n<td><strong data-start=\"497\" data-end=\"513\">Lichtquelle<\/strong><\/td>\n<td>COB-LED<\/td>\n<\/tr>\n<tr data-start=\"570\" data-end=\"644\">\n<td><strong data-start=\"572\" data-end=\"593\"><strong><a href=\"https:\/\/ledsteplight.com\/de\/dm36b-pro-honeycomb-anti-glare-led-in-ground-light-ip67-24v-dc\/\" class=\"waam-auto-link\" title=\"Stromverbrauch\">Stromverbrauch<\/a><\/strong><\/strong><\/td>\n<td>5W (300mA)<\/td>\n<\/tr>\n<tr data-start=\"645\" data-end=\"718\">\n<td><strong data-start=\"647\" data-end=\"657\">Gewicht<\/strong><\/td>\n<td>0,65kg<\/td>\n<\/tr>\n<tr data-start=\"719\" data-end=\"793\">\n<td><strong data-start=\"721\" data-end=\"741\">Wechselstrom-Eingangsspannung<\/strong><\/td>\n<td>100-240V, 50~60Hz<\/td>\n<\/tr>\n<tr data-start=\"794\" data-end=\"867\">\n<td><strong data-start=\"796\" data-end=\"806\">Treiber<\/strong><\/td>\n<td>CAIJIE<\/td>\n<\/tr>\n<tr data-start=\"868\" data-end=\"941\">\n<td><strong data-start=\"870\" data-end=\"889\">Reflektorenwinkel<\/strong><\/td>\n<td>k.A.<\/td>\n<\/tr>\n<tr data-start=\"942\" data-end=\"1016\">\n<td><strong data-start=\"944\" data-end=\"965\">Farbtemperatur<\/strong><\/td>\n<td>3000K, 4000K, 5700K<\/td>\n<\/tr>\n<tr data-start=\"1017\" data-end=\"1090\">\n<td><strong data-start=\"1019\" data-end=\"1038\">Verbindungstyp<\/strong><\/td>\n<td>k.A.<\/td>\n<\/tr>\n<tr data-start=\"1091\" data-end=\"1163\">\n<td><strong data-start=\"1093\" data-end=\"1105\">Material<\/strong><\/td>\n<td>Aluminium<\/td>\n<\/tr>\n<tr data-start=\"1164\" data-end=\"1238\">\n<td><strong data-start=\"1166\" data-end=\"1186\">Verf\u00fcgbare Farben<\/strong><\/td>\n<td>Wei\u00df, Schwarz, Hellgrau<\/td>\n<\/tr>\n<tr data-start=\"1239\" data-end=\"1313\">\n<td><strong data-start=\"1241\" data-end=\"1254\">IP-Bewertung<\/strong><\/td>\n<td>IP54 (Wasser- und Staubdicht)<\/td>\n<\/tr>\n<tr data-start=\"1314\" data-end=\"1387\">\n<td><strong data-start=\"1316\" data-end=\"1339\">Montagemethode<\/strong><\/td>\n<td>Oberfl\u00e4chenmontiert<\/td>\n<\/tr>\n<\/tbody>\n<\/table>\n<p><strong data-start=\"341\" data-end=\"353\">MG-MZ198<\/strong> ist ein <strong data-start=\"359\" data-end=\"414\">Oberfl\u00e4chenmontiertes outdoor wasserdichtes LED <strong><a href=\"https:\/\/ledsteplight.com\/de\/cree-bridgelux-chip-ip65-led-fixture-for-garden-facade-lighting\/\" class=\"waam-auto-link\" title=\"Bodenleuchte\">Bodenleuchte<\/a><\/strong><\/strong> entwickelt f\u00fcr Wege, G\u00e4rten, Fassaden, H\u00f6fe und Architektur <strong><a href=\"https:\/\/ledsteplight.com\/de\/mistakes-to-avoid-when-installing-in-ground-driveway-lights\/\" class=\"waam-auto-link\" title=\"Landschaftsbeleuchtung\">Landschaftsbeleuchtung<\/a><\/strong>. Mit einem <strong data-start=\"513\" data-end=\"527\"><strong><a href=\"https:\/\/ledsteplight.com\/de\/5w-led-in-ground-lights-ip65-waterproof-outdoor-driveway-garden-floor-lighting\/\" class=\"waam-auto-link\" title=\"5W COB LED\">5W COB LED<\/a><\/strong><\/strong>, langlebigem Aluminiumgeh\u00e4use, und <strong data-start=\"559\" data-end=\"578\">IP54-Schutz<\/strong>, liefert stabile <strong><a href=\"https:\/\/ledsteplight.com\/de\/vorteile-des-pir-sensor-treppenlichts-fur-die-sicherheit\/\" class=\"waam-auto-link\" title=\"Beleuchtung\">Beleuchtung<\/a><\/strong> f\u00fcr Au\u00dfenumgebungen bei gleichzeitiger Beibehaltung eines schlanken, modernen Profils.<\/p>","protected":false},"excerpt":{"rendered":"<p data-start=\"3726\" data-end=\"4038\">MG-MZ198 ist eine oberfl\u00e4chenmontierte Au\u00dfen-LED-Gartenleuchte mit 5W COB-LED, IP54-Schutz und langlebigem Aluminiumgeh\u00e4use\u2014ideal f\u00fcr Wege, G\u00e4rten und Landschaftsbeleuchtung.<\/p>","protected":false},"featured_media":37247,"comment_status":"open","ping_status":"closed","template":"","meta":[],"product_brand":[],"product_cat":[100,426,427,428,439,429,440,430,73,441,431,442,443,432,433,444,112,464,445,446,130,434,435,436,437],"product_tag":[103,76,77,113,78,131,83],"class_list":{"0":"post-38024","1":"product","2":"type-product","3":"status-publish","4":"has-post-thumbnail","6":"product_cat-aluminum-ground-light","7":"product_cat-ceiling-recessed","8":"product_cat-ceiling-surface","9":"product_cat-ceiling-suspended","10":"product_cat-commercial","11":"product_cat-drivers","12":"product_cat-education","13":"product_cat-freestanding-light","14":"product_cat-ground-light","15":"product_cat-hospitality","16":"product_cat-industrial","17":"product_cat-infrastructure","18":"product_cat-landscape","19":"product_cat-landscaping","20":"product_cat-linear","21":"product_cat-office","22":"product_cat-outdoor-ground-light","23":"product_cat-c-outdoor-lighting","24":"product_cat-residential","25":"product_cat-retail","26":"product_cat-surface-mount-ground-light","27":"product_cat-table-lamp","28":"product_cat-track","29":"product_cat-wall-recessed","30":"product_cat-wall-surface","31":"product_tag-aluminum-ground-light","32":"product_tag-aluminum-housing","33":"product_tag-ground-light","34":"product_tag-outdoor-ground-light","35":"product_tag-outdoor-lighting","36":"product_tag-surface-mount-ground-light","37":"product_tag-waterproof-fixture","39":"first","40":"instock","41":"shipping-taxable","42":"product-type-simple"},"_links":{"self":[{"href":"https:\/\/ledsteplight.com\/de\/wp-json\/wp\/v2\/product\/38024","targetHints":{"allow":["GET"]}}],"collection":[{"href":"https:\/\/ledsteplight.com\/de\/wp-json\/wp\/v2\/product"}],"about":[{"href":"https:\/\/ledsteplight.com\/de\/wp-json\/wp\/v2\/types\/product"}],"replies":[{"embeddable":true,"href":"https:\/\/ledsteplight.com\/de\/wp-json\/wp\/v2\/comments?post=38024"}],"version-history":[{"count":3,"href":"https:\/\/ledsteplight.com\/de\/wp-json\/wp\/v2\/product\/38024\/revisions"}],"predecessor-version":[{"id":38626,"href":"https:\/\/ledsteplight.com\/de\/wp-json\/wp\/v2\/product\/38024\/revisions\/38626"}],"wp:featuredmedia":[{"embeddable":true,"href":"https:\/\/ledsteplight.com\/de\/wp-json\/wp\/v2\/media\/37247"}],"wp:attachment":[{"href":"https:\/\/ledsteplight.com\/de\/wp-json\/wp\/v2\/media?parent=38024"}],"wp:term":[{"taxonomy":"product_brand","embeddable":true,"href":"https:\/\/ledsteplight.com\/de\/wp-json\/wp\/v2\/product_brand?post=38024"},{"taxonomy":"product_cat","embeddable":true,"href":"https:\/\/ledsteplight.com\/de\/wp-json\/wp\/v2\/product_cat?post=38024"},{"taxonomy":"product_tag","embeddable":true,"href":"https:\/\/ledsteplight.com\/de\/wp-json\/wp\/v2\/product_tag?post=38024"}],"curies":[{"name":"wp","href":"https:\/\/api.w.org\/{rel}","templated":true}]}}