{"id":38029,"date":"2025-09-08T13:04:17","date_gmt":"2025-09-08T13:04:17","guid":{"rendered":"https:\/\/ledsteplight.com\/import-placeholder-for-37175\/"},"modified":"2026-01-19T02:15:11","modified_gmt":"2026-01-19T02:15:11","slug":"60w-led-recessed-outdoor-ground-fixture-ip65-waterproof-landscape-uplight","status":"publish","type":"product","link":"https:\/\/ledsteplight.com\/de\/60w-led-recessed-outdoor-ground-fixture-ip65-waterproof-landscape-uplight\/","title":{"rendered":"60W LED Einbau-Au\u00dfenbodenleuchte | IP65 Wasserdichte Landschaftsaufhellung"},"content":{"rendered":"<table data-start=\"40\" data-end=\"975\">\n<thead data-start=\"40\" data-end=\"111\">\n<tr data-start=\"40\" data-end=\"111\">\n<th data-start=\"40\" data-end=\"65\"><strong data-start=\"42\" data-end=\"55\">Parameter<\/strong><\/th>\n<th data-start=\"65\" data-end=\"111\"><strong data-start=\"67\" data-end=\"78\">Details<\/strong><\/th>\n<\/tr>\n<\/thead>\n<tbody data-start=\"184\" data-end=\"975\">\n<tr data-start=\"184\" data-end=\"255\">\n<td><strong data-start=\"186\" data-end=\"195\">Leistung<\/strong><\/td>\n<td>60W<\/td>\n<\/tr>\n<tr data-start=\"256\" data-end=\"327\">\n<td><strong data-start=\"258\" data-end=\"274\">Lichtquelle<\/strong><\/td>\n<td>LED<\/td>\n<\/tr>\n<tr data-start=\"328\" data-end=\"399\">\n<td><strong data-start=\"330\" data-end=\"347\">Eingangsspannung<\/strong><\/td>\n<td>AC85-265V<\/td>\n<\/tr>\n<tr data-start=\"400\" data-end=\"471\">\n<td><strong data-start=\"402\" data-end=\"423\"><strong><a href=\"https:\/\/ledsteplight.com\/de\/dm36b-pro-honeycomb-anti-glare-led-in-ground-light-ip67-24v-dc\/\" class=\"waam-auto-link\" title=\"Farbtemperatur\">Farbtemperatur<\/a><\/strong><\/strong><\/td>\n<td>3000K (Warmwei\u00df) \/ 6000K (Kaltwei\u00df)<\/td>\n<\/tr>\n<tr data-start=\"472\" data-end=\"543\">\n<td><strong data-start=\"474\" data-end=\"491\">Lichtstrom<\/strong><\/td>\n<td>120-130LM\/W<\/td>\n<\/tr>\n<tr data-start=\"544\" data-end=\"615\">\n<td><strong data-start=\"546\" data-end=\"560\">Abstrahlwinkel<\/strong><\/td>\n<td>120\u00b0<\/td>\n<\/tr>\n<tr data-start=\"616\" data-end=\"687\">\n<td><strong data-start=\"618\" data-end=\"630\">Material<\/strong><\/td>\n<td>Gussaluminium<\/td>\n<\/tr>\n<tr data-start=\"688\" data-end=\"759\">\n<td><strong data-start=\"690\" data-end=\"703\">IP-Bewertung<\/strong><\/td>\n<td>IP65 (Wasserdicht &amp; Staubdicht)<\/td>\n<\/tr>\n<tr data-start=\"760\" data-end=\"831\">\n<td><strong data-start=\"762\" data-end=\"774\">Lebensdauer<\/strong><\/td>\n<td>40.000 Stunden<\/td>\n<\/tr>\n<tr data-start=\"832\" data-end=\"903\">\n<td><strong data-start=\"834\" data-end=\"857\">Montagemethode<\/strong><\/td>\n<td>Einbaumontage<\/td>\n<\/tr>\n<tr data-start=\"904\" data-end=\"975\">\n<td><strong data-start=\"906\" data-end=\"918\">Garantie<\/strong><\/td>\n<td>3 Jahre<\/td>\n<\/tr>\n<\/tbody>\n<\/table>\n<p data-start=\"606\" data-end=\"1020\"><strong data-start=\"610\" data-end=\"645\">DM70 Anti-Glare-Einbauleuchte<\/strong> ist ein leistungsstarker Outdoor- <strong><a href=\"https:\/\/ledsteplight.com\/de\/design-trends\/\" class=\"waam-auto-link\" title=\"Beleuchtungsarmatur\">Beleuchtungsarmatur<\/a><\/strong> entwickelt f\u00fcr professionelle Landschafts- und Architektur-Anwendungen. Mit einem leistungsstarken <strong data-start=\"782\" data-end=\"793\">60W LED<\/strong> und einer beeindruckenden <strong data-start=\"813\" data-end=\"828\">120\u2013130LM\/W<\/strong> Lichtwirkungsgrad bietet diese Aufw\u00e4rtsleuchte eine helle, aber angenehme Beleuchtung ohne Blendung \u2013 perfekt zur Aufwertung von Wegen, G\u00e4rten, Einfahrten, Geb\u00e4udefassaden und \u00f6ffentlichen Au\u00dfenbereichen.<\/p>\n<p data-start=\"1022\" data-end=\"1392\">Hergestellt aus robustem <strong data-start=\"1040\" data-end=\"1061\">Gussaluminium<\/strong> und bewertet mit <strong data-start=\"1072\" data-end=\"1080\">IP65<\/strong>, h\u00e4lt die DM70 Regen, Feuchtigkeit, Staub und rauen Au\u00dfenbedingungen stand. Ihr <strong data-start=\"1160\" data-end=\"1188\">eingelassene Montage-Design<\/strong> sorgt f\u00fcr ein sauberes, modernes Erscheinungsbild und bietet gleichzeitig stabile Bodenbeleuchtung. Erh\u00e4ltlich in <strong data-start=\"1271\" data-end=\"1291\">3000K Warmwei\u00df<\/strong> und <strong data-start=\"1296\" data-end=\"1316\">6000K Kaltwei\u00df<\/strong>, bietet flexible Farboptionen, um verschiedene Landschaftsatmosph\u00e4ren zu harmonisieren.<\/p>\n<p data-start=\"1394\" data-end=\"1581\">Mit einer langen <strong data-start=\"1406\" data-end=\"1430\">40.000 Stunden Lebensdauer<\/strong> und unterst\u00fctzt durch eine <strong data-start=\"1447\" data-end=\"1466\">3-Jahres-Garantie<\/strong>, bietet der DM70 Zuverl\u00e4ssigkeit und langfristigen Wert f\u00fcr Wohn-, Gesch\u00e4fts- und <strong><a href=\"https:\/\/ledsteplight.com\/de\/cree-bridgelux-chip-ip65-led-fixture-for-garden-facade-lighting\/\" class=\"waam-auto-link\" title=\"architektonische Beleuchtung\">architektonische Beleuchtung<\/a><\/strong> Projekte.<\/p>","protected":false},"excerpt":{"rendered":"<p>DM70 60W blendfrei Bodenleuchte bietet effiziente LED-Leistung, IP65 wasserdichten Schutz und Einbauinstallation\u2014ideal f\u00fcr Wege, G\u00e4rten und architektonische Beleuchtung.<\/p>","protected":false},"featured_media":37263,"comment_status":"open","ping_status":"closed","template":"","meta":[],"product_brand":[],"product_cat":[100,426,427,428,439,429,440,430,441,126,431,442,443,432,433,444,112,464,445,446,106,434,435,436,437],"product_tag":[103,76,77,127,113,78,108],"class_list":{"0":"post-38029","1":"product","2":"type-product","3":"status-publish","4":"has-post-thumbnail","6":"product_cat-aluminum-ground-light","7":"product_cat-ceiling-recessed","8":"product_cat-ceiling-surface","9":"product_cat-ceiling-suspended","10":"product_cat-commercial","11":"product_cat-drivers","12":"product_cat-education","13":"product_cat-freestanding-light","14":"product_cat-hospitality","15":"product_cat-in-ground-light","16":"product_cat-industrial","17":"product_cat-infrastructure","18":"product_cat-landscape","19":"product_cat-landscaping","20":"product_cat-linear","21":"product_cat-office","22":"product_cat-outdoor-ground-light","23":"product_cat-c-outdoor-lighting","24":"product_cat-residential","25":"product_cat-retail","26":"product_cat-round-ground-light","27":"product_cat-table-lamp","28":"product_cat-track","29":"product_cat-wall-recessed","30":"product_cat-wall-surface","31":"product_tag-aluminum-ground-light","32":"product_tag-aluminum-housing","33":"product_tag-ground-light","34":"product_tag-in-ground-light","35":"product_tag-outdoor-ground-light","36":"product_tag-outdoor-lighting","37":"product_tag-round-ground-light","39":"first","40":"instock","41":"shipping-taxable","42":"product-type-simple"},"_links":{"self":[{"href":"https:\/\/ledsteplight.com\/de\/wp-json\/wp\/v2\/product\/38029","targetHints":{"allow":["GET"]}}],"collection":[{"href":"https:\/\/ledsteplight.com\/de\/wp-json\/wp\/v2\/product"}],"about":[{"href":"https:\/\/ledsteplight.com\/de\/wp-json\/wp\/v2\/types\/product"}],"replies":[{"embeddable":true,"href":"https:\/\/ledsteplight.com\/de\/wp-json\/wp\/v2\/comments?post=38029"}],"version-history":[{"count":3,"href":"https:\/\/ledsteplight.com\/de\/wp-json\/wp\/v2\/product\/38029\/revisions"}],"predecessor-version":[{"id":38631,"href":"https:\/\/ledsteplight.com\/de\/wp-json\/wp\/v2\/product\/38029\/revisions\/38631"}],"wp:featuredmedia":[{"embeddable":true,"href":"https:\/\/ledsteplight.com\/de\/wp-json\/wp\/v2\/media\/37263"}],"wp:attachment":[{"href":"https:\/\/ledsteplight.com\/de\/wp-json\/wp\/v2\/media?parent=38029"}],"wp:term":[{"taxonomy":"product_brand","embeddable":true,"href":"https:\/\/ledsteplight.com\/de\/wp-json\/wp\/v2\/product_brand?post=38029"},{"taxonomy":"product_cat","embeddable":true,"href":"https:\/\/ledsteplight.com\/de\/wp-json\/wp\/v2\/product_cat?post=38029"},{"taxonomy":"product_tag","embeddable":true,"href":"https:\/\/ledsteplight.com\/de\/wp-json\/wp\/v2\/product_tag?post=38029"}],"curies":[{"name":"wp","href":"https:\/\/api.w.org\/{rel}","templated":true}]}}