{"id":38030,"date":"2025-09-08T13:04:17","date_gmt":"2025-09-08T13:04:17","guid":{"rendered":"https:\/\/ledsteplight.com\/import-placeholder-for-37176\/"},"modified":"2026-01-19T02:15:10","modified_gmt":"2026-01-19T02:15:10","slug":"6w-anti-glare-in-ground-light-dm60-ip65-outdoor-driveway-patio-lighting","status":"publish","type":"product","link":"https:\/\/ledsteplight.com\/de\/6w-anti-glare-in-ground-light-dm60-ip65-outdoor-driveway-patio-lighting\/","title":{"rendered":"6W Anti-Glare Einbauleuchte (DM60) | IP65 Au\u00dfenweg- und Terrassenbeleuchtung"},"content":{"rendered":"<h3 data-start=\"84\" data-end=\"116\"><\/h3>\n<table data-start=\"118\" data-end=\"902\">\n<thead data-start=\"118\" data-end=\"174\">\n<tr data-start=\"118\" data-end=\"174\">\n<th data-start=\"118\" data-end=\"137\">Spezifikation<\/th>\n<th data-start=\"137\" data-end=\"174\">Details<\/th>\n<\/tr>\n<\/thead>\n<tbody data-start=\"230\" data-end=\"902\">\n<tr data-start=\"230\" data-end=\"285\">\n<td><strong data-start=\"232\" data-end=\"241\">Leistung<\/strong><\/td>\n<td>6W<\/td>\n<\/tr>\n<tr data-start=\"286\" data-end=\"342\">\n<td><strong data-start=\"288\" data-end=\"304\">Lichtquelle<\/strong><\/td>\n<td>COB<\/td>\n<\/tr>\n<tr data-start=\"343\" data-end=\"399\">\n<td><strong data-start=\"345\" data-end=\"362\">Eingangsspannung<\/strong><\/td>\n<td>AC85<\/td>\n<\/tr>\n<tr data-start=\"400\" data-end=\"455\">\n<td><strong data-start=\"402\" data-end=\"423\"><strong><a href=\"https:\/\/ledsteplight.com\/de\/dm36b-pro-honeycomb-anti-glare-led-in-ground-light-ip67-24v-dc\/\" class=\"waam-auto-link\" title=\"Farbtemperatur\">Farbtemperatur<\/a><\/strong><\/strong><\/td>\n<td>3000<\/td>\n<\/tr>\n<tr data-start=\"456\" data-end=\"510\">\n<td><strong data-start=\"458\" data-end=\"481\">Lichtausbeute<\/strong><\/td>\n<td>9<\/td>\n<\/tr>\n<tr data-start=\"511\" data-end=\"566\">\n<td><strong data-start=\"513\" data-end=\"525\">Material<\/strong><\/td>\n<td>Aluminiumlegierung<\/td>\n<\/tr>\n<tr data-start=\"567\" data-end=\"622\">\n<td><strong data-start=\"569\" data-end=\"582\">IP-Bewertung<\/strong><\/td>\n<td>IP65 (Wasserdicht &amp; Staubdicht)<\/td>\n<\/tr>\n<tr data-start=\"623\" data-end=\"678\">\n<td><strong data-start=\"625\" data-end=\"648\">Montagemethode<\/strong><\/td>\n<td>Einbaumontage<\/td>\n<\/tr>\n<tr data-start=\"679\" data-end=\"734\">\n<td><strong data-start=\"681\" data-end=\"693\">Lebensdauer<\/strong><\/td>\n<td>40.000 Stunden<\/td>\n<\/tr>\n<tr data-start=\"735\" data-end=\"790\">\n<td><strong data-start=\"737\" data-end=\"745\">Gr\u00f6\u00dfe<\/strong><\/td>\n<td>Durchmesser 60mm<\/td>\n<\/tr>\n<tr data-start=\"791\" data-end=\"846\">\n<td><strong data-start=\"793\" data-end=\"811\">Zertifizierungen<\/strong><\/td>\n<td>CE, RoHS<\/td>\n<\/tr>\n<tr data-start=\"847\" data-end=\"902\">\n<td><strong data-start=\"849\" data-end=\"861\">Garantie<\/strong><\/td>\n<td>3 Jahre<\/td>\n<\/tr>\n<\/tbody>\n<\/table>\n<p data-path-to-node=\"15\">Erh\u00f6hen Sie Ihren Au\u00dfenbereich mit dem DM60 6W Anti-Glare <b>In-<strong><a href=\"https:\/\/ledsteplight.com\/de\/cree-bridgelux-chip-ip65-led-fixture-for-garden-facade-lighting\/\" class=\"waam-auto-link\" title=\"Bodenleuchte\">Bodenleuchte<\/a><\/strong><\/b>, speziell entwickelt f\u00fcr Sicherheit, Haltbarkeit und erstklassige \u00c4sthetik. Perfekt f\u00fcr stark frequentierte Bereiche bietet diese eingelassene COB-Leuchte kraftvolles, fokussiertes Licht <strong><a href=\"https:\/\/ledsteplight.com\/de\/vorteile-des-pir-sensor-treppenlichts-fur-die-sicherheit\/\" class=\"waam-auto-link\" title=\"Beleuchtung\">Beleuchtung<\/a><\/strong> ohne den scharfen Blendeffekt, der Ihrer Landschaft schaden kann.<\/p>\n<p data-path-to-node=\"16\">\n<h4><b>Hauptmerkmale &amp; Vorteile:<\/b><\/h4>\n<p>&nbsp;<\/p>\n<ul data-path-to-node=\"17\">\n<li>\n<p data-path-to-node=\"17,0,0\"><b>Blendfreies Design:<\/b> Verf\u00fcgt \u00fcber eine tief eingelassene COB-Lichtquelle, um Augenbelastung und Lichtverschmutzung zu minimieren, ideal f\u00fcr Terrassen, Gehwege und Sitzbereiche.<\/p>\n<\/li>\n<li>\n<p data-path-to-node=\"17,1,0\"><b>F\u00fcr die Witterung gemacht:<\/b> Mit einer hohen <b>IP65<\/b> Bewertung ist das Geh\u00e4use aus Aluminiumlegierung vollst\u00e4ndig gegen Staub und Strahlwasser gesch\u00fctzt, was eine zuverl\u00e4ssige, langfristige Leistung gew\u00e4hrleistet. <b><strong><a href=\"https:\/\/ledsteplight.com\/de\/5w-led-in-ground-lights-ip65-waterproof-outdoor-driveway-garden-floor-lighting\/\" class=\"waam-auto-link\" title=\"Au\u00dfenbodenbeleuchtung\">Au\u00dfenbodenbeleuchtung<\/a><\/strong><\/b>.<\/p>\n<\/li>\n<li>\n<p data-path-to-node=\"17,2,0\"><b>Direkte Installation:<\/b> Funktioniert nahtlos mit <b>AC85V<\/b> Eingangsspannung, wodurch ein separater Transformator oder ein Niederspannungssystem \u00fcberfl\u00fcssig wird und die Installation vereinfacht wird.<\/p>\n<\/li>\n<li>\n<p data-path-to-node=\"17,3,0\"><b>Lebendige, warme Beleuchtung:<\/b> Die 6W COB-Quelle liefert warmwei\u00dfes Licht mit 3000K, schafft eine einladende und elegante Atmosph\u00e4re f\u00fcr Ihren <b>Landschaftspfadbeleuchtung<\/b>.<\/p>\n<\/li>\n<li>\n<p data-path-to-node=\"17,4,0\"><b>Langlebige Qualit\u00e4t:<\/b> Mit einer zertifizierten Lebensdauer von 40.000 Stunden und einer 3-Jahres-Garantie bietet das DM60 wartungsfreie <b>Erdschienenbeleuchtung<\/b> Sie k\u00f6nnen vertrauen.<\/p>\n<\/li>\n<\/ul>","protected":false},"excerpt":{"rendered":"<p><b>DM60 6W Anti-Glare LED-Einbauleuchte<\/b> bietet \u00fcberlegene <b>Au\u00dfenbodenbeleuchtung<\/b> mit einer IP65 <b>Wasser<\/b> Aluminiumgeh\u00e4use. Perfekt f\u00fcr <b>Einfahrtsstra\u00dfenbeleuchtung am Boden<\/b> und Wegbeleuchtung. AC85V Eingang f\u00fcr einfache Installation. Kaufen Sie langlebige <b>Erd-Innenleuchte<\/b> Leuchten mit 3-Jahres-Garantie<\/p>","protected":false},"featured_media":37268,"comment_status":"open","ping_status":"closed","template":"","meta":[],"product_brand":[],"product_cat":[100,426,427,428,439,429,440,430,441,126,431,442,443,432,433,444,112,464,445,446,106,434,435,436,437],"product_tag":[103,76,77,127,113,78,108],"class_list":{"0":"post-38030","1":"product","2":"type-product","3":"status-publish","4":"has-post-thumbnail","6":"product_cat-aluminum-ground-light","7":"product_cat-ceiling-recessed","8":"product_cat-ceiling-surface","9":"product_cat-ceiling-suspended","10":"product_cat-commercial","11":"product_cat-drivers","12":"product_cat-education","13":"product_cat-freestanding-light","14":"product_cat-hospitality","15":"product_cat-in-ground-light","16":"product_cat-industrial","17":"product_cat-infrastructure","18":"product_cat-landscape","19":"product_cat-landscaping","20":"product_cat-linear","21":"product_cat-office","22":"product_cat-outdoor-ground-light","23":"product_cat-c-outdoor-lighting","24":"product_cat-residential","25":"product_cat-retail","26":"product_cat-round-ground-light","27":"product_cat-table-lamp","28":"product_cat-track","29":"product_cat-wall-recessed","30":"product_cat-wall-surface","31":"product_tag-aluminum-ground-light","32":"product_tag-aluminum-housing","33":"product_tag-ground-light","34":"product_tag-in-ground-light","35":"product_tag-outdoor-ground-light","36":"product_tag-outdoor-lighting","37":"product_tag-round-ground-light","39":"first","40":"instock","41":"shipping-taxable","42":"product-type-simple"},"_links":{"self":[{"href":"https:\/\/ledsteplight.com\/de\/wp-json\/wp\/v2\/product\/38030","targetHints":{"allow":["GET"]}}],"collection":[{"href":"https:\/\/ledsteplight.com\/de\/wp-json\/wp\/v2\/product"}],"about":[{"href":"https:\/\/ledsteplight.com\/de\/wp-json\/wp\/v2\/types\/product"}],"replies":[{"embeddable":true,"href":"https:\/\/ledsteplight.com\/de\/wp-json\/wp\/v2\/comments?post=38030"}],"version-history":[{"count":3,"href":"https:\/\/ledsteplight.com\/de\/wp-json\/wp\/v2\/product\/38030\/revisions"}],"predecessor-version":[{"id":38632,"href":"https:\/\/ledsteplight.com\/de\/wp-json\/wp\/v2\/product\/38030\/revisions\/38632"}],"wp:featuredmedia":[{"embeddable":true,"href":"https:\/\/ledsteplight.com\/de\/wp-json\/wp\/v2\/media\/37268"}],"wp:attachment":[{"href":"https:\/\/ledsteplight.com\/de\/wp-json\/wp\/v2\/media?parent=38030"}],"wp:term":[{"taxonomy":"product_brand","embeddable":true,"href":"https:\/\/ledsteplight.com\/de\/wp-json\/wp\/v2\/product_brand?post=38030"},{"taxonomy":"product_cat","embeddable":true,"href":"https:\/\/ledsteplight.com\/de\/wp-json\/wp\/v2\/product_cat?post=38030"},{"taxonomy":"product_tag","embeddable":true,"href":"https:\/\/ledsteplight.com\/de\/wp-json\/wp\/v2\/product_tag?post=38030"}],"curies":[{"name":"wp","href":"https:\/\/api.w.org\/{rel}","templated":true}]}}