{"id":38034,"date":"2025-09-08T13:04:18","date_gmt":"2025-09-08T13:04:18","guid":{"rendered":"https:\/\/ledsteplight.com\/import-placeholder-for-37192\/"},"modified":"2026-01-19T02:14:23","modified_gmt":"2026-01-19T02:14:23","slug":"mg-dm80c-8w-recessed-ground-light-indoor-led-in-ground-lighting-fixture","status":"publish","type":"product","link":"https:\/\/ledsteplight.com\/de\/mg-dm80c-8w-recessed-ground-light-indoor-led-in-ground-lighting-fixture\/","title":{"rendered":"MG-DM80c 8W eingelassene Bodenleuchte \u2013 Innen-LED-Einbauleuchte f\u00fcr den Boden"},"content":{"rendered":"<blockquote>\n<table data-start=\"114\" data-end=\"1000\">\n<thead data-start=\"114\" data-end=\"184\">\n<tr data-start=\"114\" data-end=\"184\">\n<th data-start=\"114\" data-end=\"138\"><strong data-start=\"116\" data-end=\"129\">Parameter<\/strong><\/th>\n<th data-start=\"138\" data-end=\"184\"><strong data-start=\"140\" data-end=\"157\">Spezifikation<\/strong><\/th>\n<\/tr>\n<\/thead>\n<tbody data-start=\"253\" data-end=\"1000\">\n<tr data-start=\"253\" data-end=\"320\">\n<td><strong data-start=\"255\" data-end=\"272\">Produktmodell<\/strong><\/td>\n<td>MG-DM80c<\/td>\n<\/tr>\n<tr data-start=\"321\" data-end=\"388\">\n<td><strong data-start=\"323\" data-end=\"339\">Produktgr\u00f6\u00dfe<\/strong><\/td>\n<td>\u03c680mm x 30mm<\/td>\n<\/tr>\n<tr data-start=\"389\" data-end=\"456\">\n<td><strong data-start=\"391\" data-end=\"407\">Ausschnittgr\u00f6\u00dfe<\/strong><\/td>\n<td>\u03c670mm<\/td>\n<\/tr>\n<tr data-start=\"457\" data-end=\"524\">\n<td><strong data-start=\"459\" data-end=\"475\">Lichtquelle<\/strong><\/td>\n<td>Hochleistungs-COB-LED<\/td>\n<\/tr>\n<tr data-start=\"525\" data-end=\"592\">\n<td><strong data-start=\"527\" data-end=\"538\">Leistung<\/strong><\/td>\n<td>8W<\/td>\n<\/tr>\n<tr data-start=\"593\" data-end=\"660\">\n<td><strong data-start=\"595\" data-end=\"616\">Farbtemperatur<\/strong><\/td>\n<td>4000K \/ 6000K (Kaltwei\u00df)<\/td>\n<\/tr>\n<tr data-start=\"661\" data-end=\"728\">\n<td><strong data-start=\"663\" data-end=\"680\">Eingangsspannung<\/strong><\/td>\n<td>AC100-240V \/ DC12\/24V<\/td>\n<\/tr>\n<tr data-start=\"729\" data-end=\"796\">\n<td><strong data-start=\"731\" data-end=\"741\">Treiber<\/strong><\/td>\n<td>Integrierter DC24V-Treiber<\/td>\n<\/tr>\n<tr data-start=\"797\" data-end=\"864\">\n<td><strong data-start=\"799\" data-end=\"811\">Material<\/strong><\/td>\n<td>Aluminium<\/td>\n<\/tr>\n<tr data-start=\"865\" data-end=\"932\">\n<td><strong data-start=\"867\" data-end=\"880\">IP-Bewertung<\/strong><\/td>\n<td>IP20 (Innenbereich)<\/td>\n<\/tr>\n<tr data-start=\"933\" data-end=\"1000\">\n<td><strong data-start=\"935\" data-end=\"951\">Installation<\/strong><\/td>\n<td>Einbau-Deckenmontage<\/td>\n<\/tr>\n<\/tbody>\n<\/table>\n<p data-start=\"343\" data-end=\"792\"><strong data-start=\"347\" data-end=\"385\">MG-DM80c eingelassene LED <strong><a href=\"https:\/\/ledsteplight.com\/de\/5w-led-in-ground-lights-ip65-waterproof-outdoor-driveway-garden-floor-lighting\/\" class=\"waam-auto-link\" title=\"Bodenleuchte\">Bodenleuchte<\/a><\/strong><\/strong> ist f\u00fcr modernes <strong data-start=\"409\" data-end=\"435\">innenraum <strong><a href=\"https:\/\/ledsteplight.com\/de\/ultimer-leitfaden-fur-landschafts-inground-beleuchtungslosungen\/\" class=\"waam-auto-link\" title=\"Bodenbeleuchtung\">Bodenbeleuchtung<\/a><\/strong><\/strong> und <strong data-start=\"440\" data-end=\"468\">Deckeninstallationen<\/strong>. Mit einem <strong data-start=\"482\" data-end=\"509\">hochleistungsf\u00e4higen COB-LED<\/strong> und langlebig <strong data-start=\"522\" data-end=\"542\">Aluminiumgeh\u00e4use<\/strong>, es liefert helles und gleichm\u00e4\u00dfiges Licht <strong><a href=\"https:\/\/ledsteplight.com\/de\/vorteile-des-pir-sensor-treppenlichts-fur-die-sicherheit\/\" class=\"waam-auto-link\" title=\"Beleuchtung\">Beleuchtung<\/a><\/strong> ideal f\u00fcr <strong data-start=\"598\" data-end=\"669\">Flure, Galerien, Ausstellungsr\u00e4ume und <strong><a href=\"https:\/\/ledsteplight.com\/de\/cree-bridgelux-chip-ip65-led-fixture-for-garden-facade-lighting\/\" class=\"waam-auto-link\" title=\"architektonische Beleuchtung\">architektonische Beleuchtung<\/a><\/strong> Projekte<\/strong>. Mit seiner <strong data-start=\"680\" data-end=\"702\">kompakten \u03c680mm Gr\u00f6\u00dfe<\/strong>, diese <strong data-start=\"709\" data-end=\"734\">Eingebautes LED-Leuchtengeh\u00e4use<\/strong> bietet sowohl \u00e4sthetischen Reiz als auch praktische Leistung.<\/p>\n<hr data-start=\"794\" data-end=\"797\" \/>\n<h2 data-start=\"799\" data-end=\"821\"><strong data-start=\"802\" data-end=\"819\">Hauptmerkmale:<\/strong><\/h2>\n<ul data-start=\"822\" data-end=\"1664\">\n<li data-start=\"822\" data-end=\"910\">\n<p data-start=\"824\" data-end=\"910\"><strong data-start=\"824\" data-end=\"851\">Hochleistungs-COB-LED<\/strong> \u2013 Bietet stabile Helligkeit mit geringer <strong><a href=\"https:\/\/ledsteplight.com\/de\/dm36b-pro-honeycomb-anti-glare-led-in-ground-light-ip67-24v-dc\/\" class=\"waam-auto-link\" title=\"Stromverbrauch\">Stromverbrauch<\/a><\/strong>.<\/p>\n<\/li>\n<li data-start=\"911\" data-end=\"1007\">\n<p data-start=\"913\" data-end=\"1007\"><strong data-start=\"913\" data-end=\"932\">8W Leistungsausgang<\/strong> \u2013 Liefert hohe Lichtausbeute, ideal f\u00fcr Akzent- oder Wegbeleuchtung.<\/p>\n<\/li>\n<li data-start=\"1008\" data-end=\"1119\">\n<p data-start=\"1010\" data-end=\"1119\"><strong data-start=\"1010\" data-end=\"1042\">Eingebaute Installationsdesign<\/strong> \u2013 Integriert sich nahtlos in Decken oder B\u00f6den f\u00fcr ein sauberes, minimalistisches Erscheinungsbild.<\/p>\n<\/li>\n<li data-start=\"1120\" data-end=\"1217\">\n<p data-start=\"1122\" data-end=\"1217\"><strong data-start=\"1122\" data-end=\"1155\">Hochwertige Aluminiumkonstruktion<\/strong> \u2013 Gew\u00e4hrleistet ausgezeichnete W\u00e4rmeableitung und lange Lebensdauer.<\/p>\n<\/li>\n<li data-start=\"1218\" data-end=\"1339\">\n<p data-start=\"1220\" data-end=\"1339\"><strong data-start=\"1220\" data-end=\"1267\">Mehrere Farbtemperaturen (4000K \/ 6000K)<\/strong> \u2013 W\u00e4hlen Sie zwischen neutralem oder k\u00fchlem Wei\u00df, um Ihr Innendesign anzupassen.<\/p>\n<\/li>\n<li data-start=\"1340\" data-end=\"1458\">\n<p data-start=\"1342\" data-end=\"1458\"><strong data-start=\"1342\" data-end=\"1401\">Weitreichende Spannungs-Kompatibilit\u00e4t (AC100-240V \/ DC12V \/ DC24V)<\/strong> \u2013 Geeignet f\u00fcr sowohl private als auch gewerbliche Anlagen.<\/p>\n<\/li>\n<li data-start=\"1459\" data-end=\"1544\">\n<p data-start=\"1461\" data-end=\"1544\"><strong data-start=\"1461\" data-end=\"1488\">Integrierter DC24V-Treiber<\/strong> \u2013 Stabile Stromversorgung f\u00fcr gleichm\u00e4\u00dfige Lichtleistung.<\/p>\n<\/li>\n<li data-start=\"1545\" data-end=\"1664\">\n<p data-start=\"1547\" data-end=\"1664\"><strong data-start=\"1547\" data-end=\"1573\">IP20 Schutzart<\/strong> \u2013 Geeignet f\u00fcr Innenr\u00e4ume wie Flure, Eingangsbereiche, B\u00fcros und Ausstellungsfl\u00e4chen.<\/p>\n<\/li>\n<\/ul>\n<\/blockquote>","protected":false},"excerpt":{"rendered":"<p>Kaufen Sie die MG-DM80c 8W Einbau-Ground-Lampe, entwickelt f\u00fcr modernes Innenraumlicht. Mit einem COB-LED, Aluminiumgeh\u00e4use und breiter Spannungsanpassung bietet diese in-ground LED-Leuchte effiziente, helle und langlebige Beleuchtung f\u00fcr Decken, Wege und Innendesigns.<\/p>","protected":false},"featured_media":37288,"comment_status":"open","ping_status":"closed","template":"","meta":[],"product_brand":[],"product_cat":[99,100,426,427,428,439,429,440,430,441,431,442,443,432,433,444,464,445,446,434,435,436,437],"product_tag":[102,103,76,111,109,114,115],"class_list":{"0":"post-38034","1":"product","2":"type-product","3":"status-publish","4":"has-post-thumbnail","6":"product_cat-039-series","7":"product_cat-aluminum-ground-light","8":"product_cat-ceiling-recessed","9":"product_cat-ceiling-surface","10":"product_cat-ceiling-suspended","11":"product_cat-commercial","12":"product_cat-drivers","13":"product_cat-education","14":"product_cat-freestanding-light","15":"product_cat-hospitality","16":"product_cat-industrial","17":"product_cat-infrastructure","18":"product_cat-landscape","19":"product_cat-landscaping","20":"product_cat-linear","21":"product_cat-office","22":"product_cat-c-outdoor-lighting","23":"product_cat-residential","24":"product_cat-retail","25":"product_cat-table-lamp","26":"product_cat-track","27":"product_cat-wall-recessed","28":"product_cat-wall-surface","29":"product_tag-039-series","30":"product_tag-aluminum-ground-light","31":"product_tag-aluminum-housing","32":"product_tag-garden-lighting","33":"product_tag-led-fixture","34":"product_tag-pathway-light","35":"product_tag-recessed-light","37":"first","38":"instock","39":"shipping-taxable","40":"product-type-simple"},"_links":{"self":[{"href":"https:\/\/ledsteplight.com\/de\/wp-json\/wp\/v2\/product\/38034","targetHints":{"allow":["GET"]}}],"collection":[{"href":"https:\/\/ledsteplight.com\/de\/wp-json\/wp\/v2\/product"}],"about":[{"href":"https:\/\/ledsteplight.com\/de\/wp-json\/wp\/v2\/types\/product"}],"replies":[{"embeddable":true,"href":"https:\/\/ledsteplight.com\/de\/wp-json\/wp\/v2\/comments?post=38034"}],"version-history":[{"count":3,"href":"https:\/\/ledsteplight.com\/de\/wp-json\/wp\/v2\/product\/38034\/revisions"}],"predecessor-version":[{"id":38620,"href":"https:\/\/ledsteplight.com\/de\/wp-json\/wp\/v2\/product\/38034\/revisions\/38620"}],"wp:featuredmedia":[{"embeddable":true,"href":"https:\/\/ledsteplight.com\/de\/wp-json\/wp\/v2\/media\/37288"}],"wp:attachment":[{"href":"https:\/\/ledsteplight.com\/de\/wp-json\/wp\/v2\/media?parent=38034"}],"wp:term":[{"taxonomy":"product_brand","embeddable":true,"href":"https:\/\/ledsteplight.com\/de\/wp-json\/wp\/v2\/product_brand?post=38034"},{"taxonomy":"product_cat","embeddable":true,"href":"https:\/\/ledsteplight.com\/de\/wp-json\/wp\/v2\/product_cat?post=38034"},{"taxonomy":"product_tag","embeddable":true,"href":"https:\/\/ledsteplight.com\/de\/wp-json\/wp\/v2\/product_tag?post=38034"}],"curies":[{"name":"wp","href":"https:\/\/api.w.org\/{rel}","templated":true}]}}