{"id":38036,"date":"2025-09-08T13:04:18","date_gmt":"2025-09-08T13:04:18","guid":{"rendered":"https:\/\/ledsteplight.com\/import-placeholder-for-37194\/"},"modified":"2026-01-19T02:14:22","modified_gmt":"2026-01-19T02:14:22","slug":"1w-mini-led-inground-light-dc24v-ip65-outdoor-path-uplight","status":"publish","type":"product","link":"https:\/\/ledsteplight.com\/de\/1w-mini-led-inground-light-dc24v-ip65-outdoor-path-uplight\/","title":{"rendered":"1W Mini LED Einbauleuchte DC24V IP65 Au\u00dfenweg Aufw\u00e4rtslicht"},"content":{"rendered":"<div class=\"flex max-w-full flex-col flex-grow\">\n<div class=\"min-h-8 text-message relative flex w-full flex-col items-end gap-2 whitespace-normal break-words text-start [.text-message+&amp;]:mt-5\" dir=\"auto\" data-message-author-role=\"assistant\" data-message-id=\"e3ab099c-e5cb-4f5f-bf42-b4820ed3f3de\" data-message-model-slug=\"o3-mini\">\n<div class=\"flex w-full flex-col gap-1 empty:hidden first:pt-[3px]\">\n<div class=\"markdown prose w-full break-words dark:prose-invert light\">\n<table data-start=\"69\" data-end=\"1691\" data-is-last-node=\"\" data-is-only-node=\"\">\n<thead data-start=\"69\" data-end=\"158\">\n<tr data-start=\"69\" data-end=\"158\">\n<th data-start=\"69\" data-end=\"96\"><strong data-start=\"71\" data-end=\"84\">Parameter<\/strong><\/th>\n<th data-start=\"96\" data-end=\"158\"><strong data-start=\"98\" data-end=\"115\">Spezifikation<\/strong><\/th>\n<\/tr>\n<\/thead>\n<tbody data-start=\"249\" data-end=\"1691\" data-is-last-node=\"\">\n<tr data-start=\"249\" data-end=\"338\">\n<td><strong data-start=\"251\" data-end=\"268\">Produktmodell<\/strong><\/td>\n<td>MG-BD035-50C<\/td>\n<\/tr>\n<tr data-start=\"339\" data-end=\"428\">\n<td><strong data-start=\"341\" data-end=\"357\">Produktgr\u00f6\u00dfe<\/strong><\/td>\n<td>\u03c650 * H35mm<\/td>\n<\/tr>\n<tr data-start=\"429\" data-end=\"518\">\n<td><strong data-start=\"431\" data-end=\"443\">Schnittgr\u00f6\u00dfe<\/strong><\/td>\n<td>\u03c646 * H75mm (einschlie\u00dflich eingebauter Geh\u00e4useabmessungen)<\/td>\n<\/tr>\n<tr data-start=\"519\" data-end=\"608\">\n<td><strong data-start=\"521\" data-end=\"541\">Funktionssteuerung<\/strong><\/td>\n<td>k.A.<\/td>\n<\/tr>\n<tr data-start=\"609\" data-end=\"698\">\n<td><strong data-start=\"611\" data-end=\"627\">Lichtquelle<\/strong><\/td>\n<td>OSRAM \/ CREE \/ 3014 SMD<\/td>\n<\/tr>\n<tr data-start=\"699\" data-end=\"788\">\n<td><strong data-start=\"701\" data-end=\"710\">Watt<\/strong><\/td>\n<td>1W (350mA)<\/td>\n<\/tr>\n<tr data-start=\"789\" data-end=\"878\">\n<td><strong data-start=\"791\" data-end=\"801\">Gewicht<\/strong><\/td>\n<td>0,45kg<\/td>\n<\/tr>\n<tr data-start=\"879\" data-end=\"970\">\n<td><strong data-start=\"881\" data-end=\"893\">Wechselstrom-Eingang<\/strong><\/td>\n<td>100-240V, 50-60Hz \/ DC12\/24V<\/td>\n<\/tr>\n<tr data-start=\"971\" data-end=\"1060\">\n<td><strong data-start=\"973\" data-end=\"983\">Treiber<\/strong><\/td>\n<td>DC24V<\/td>\n<\/tr>\n<tr data-start=\"1061\" data-end=\"1150\">\n<td><strong data-start=\"1063\" data-end=\"1082\">Reflektorenwinkel<\/strong><\/td>\n<td>k.A.<\/td>\n<\/tr>\n<tr data-start=\"1151\" data-end=\"1241\">\n<td><strong data-start=\"1153\" data-end=\"1174\">Farbtemperatur<\/strong><\/td>\n<td>3000K, 4000K, 5700K<\/td>\n<\/tr>\n<tr data-start=\"1242\" data-end=\"1331\">\n<td><strong data-start=\"1244\" data-end=\"1258\">Verbinden<\/strong><\/td>\n<td>k.A.<\/td>\n<\/tr>\n<tr data-start=\"1332\" data-end=\"1421\">\n<td><strong data-start=\"1334\" data-end=\"1346\">Material<\/strong><\/td>\n<td>Aluminium<\/td>\n<\/tr>\n<tr data-start=\"1422\" data-end=\"1511\">\n<td><strong data-start=\"1424\" data-end=\"1433\">Farbe<\/strong><\/td>\n<td>Wei\u00df, Schwarz<\/td>\n<\/tr>\n<tr data-start=\"1512\" data-end=\"1601\">\n<td><strong data-start=\"1514\" data-end=\"1520\">IP<\/strong><\/td>\n<td>IP65<\/td>\n<\/tr>\n<tr data-start=\"1602\" data-end=\"1691\" data-is-last-node=\"\">\n<td><strong data-start=\"1604\" data-end=\"1620\">Installation<\/strong><\/td>\n<td>Einbau (mit eingebetteten Komponenten)<\/td>\n<\/tr>\n<\/tbody>\n<\/table>\n<p data-path-to-node=\"14\"><b>MG-BD035-50C<\/b>, ein Premium-Produkt <b>1W Mini-LED-Einbauleuchte<\/b> entwickelt f\u00fcr moderne Architektur. Als vielseitige L\u00f6sung f\u00fcr <b><strong><a href=\"https:\/\/ledsteplight.com\/de\/5w-led-in-ground-lights-ip65-waterproof-outdoor-driveway-garden-floor-lighting\/\" class=\"waam-auto-link\" title=\"Au\u00dfenbodenbeleuchtung\">Au\u00dfenbodenbeleuchtung<\/a><\/strong><\/b>, verleiht diese Leuchte Gehwegen, G\u00e4rten und Terrassen eine elegante \u00c4sthetik. Ob Sie <b>Landschaftspfadbeleuchtung<\/b> oder dezentes <b>Auflicht-Landschaftsbeleuchtung<\/b> f\u00fcr B\u00e4ume und W\u00e4nde ben\u00f6tigen, diese kompakte Einheit sorgt f\u00fcr hohe Leistung.<\/p>\n<p data-path-to-node=\"15\"><b>Hauptmerkmale &amp; Vorteile<\/b><\/p>\n<ul data-path-to-node=\"16\">\n<li>\n<p data-path-to-node=\"16,0,0\"><b>Niederspannungssicherheit:<\/b> Betrieb mit <b>DC12V\/24V<\/b>, diese Leuchte f\u00e4llt unter <b>Niederspannung <strong><a href=\"https:\/\/ledsteplight.com\/de\/the-ultimate-guide-to-led-landscape-lighting-design-installation-and-costs\/\" class=\"waam-auto-link\" title=\"LED-Landschaftsbeleuchtungen\">LED-Landschaftsbeleuchtungen<\/a><\/strong><\/b>, sorgt f\u00fcr Sicherheit f\u00fcr Kinder und Haustiere und reduziert gleichzeitig die Energiekosten. Sie ist kompatibel mit standardm\u00e4\u00dfiger <b>12V-Landschaftsbeleuchtung<\/b> Systemen arbeiten.<\/p>\n<\/li>\n<li>\n<p data-path-to-node=\"16,1,0\"><b>Haltbarkeit &amp; Schutz:<\/b> Hergestellt aus hochwertigem Aluminium mit einer <b>IP65 wasserdicht<\/b> Bewertung, diese <b><strong><a href=\"https:\/\/ledsteplight.com\/de\/mistakes-to-avoid-when-installing-in-ground-driveway-lights\/\" class=\"waam-auto-link\" title=\"Au\u00dfenbodenleuchten\">Au\u00dfenbodenleuchten<\/a><\/strong><\/b> sind daf\u00fcr gebaut, Regen, Staub und rauen Wetterbedingungen standzuhalten. Ideal f\u00fcr <b>wasserdichte Landschaftsbeleuchtung<\/b> Projekte.<\/p>\n<\/li>\n<li>\n<p data-path-to-node=\"16,2,0\"><b>Hochwertige Lichtquelle:<\/b> Ausgestattet mit erstklassigen <b>OSRAM \/ CREE \/ 3014 SMD<\/b> Chips, die eine stabile Ausgabe bei 3000K (Warmwei\u00df), 4000K (Neutralwei\u00df) oder 5700K (Kaltwei\u00df) bieten, um dein <b>zeitgen\u00f6ssisches Landschaftsdesign<\/b> zu erg\u00e4nzen.<\/p>\n<\/li>\n<li>\n<p data-path-to-node=\"16,3,0\"><b>Einfache Installation:<\/b> Entworfen als <b>eingelassene Bodenleuchten<\/b>kommt das Ger\u00e4t mit einer eingebauten Box (Schnittgr\u00f6\u00dfe: \u03c646 * H75mm) f\u00fcr sichere Installation in Beton, Pflastersteinen oder Holzdecks.<\/p>\n<\/li>\n<\/ul>\n<\/div>\n<\/div>\n<\/div>\n<\/div>\n<p>&nbsp;<\/p>","protected":false},"excerpt":{"rendered":"<p>Shop MG-BD035-50C 1W Mini LED Bodenleuchte. IP65 wasserdicht, DC12V\/24V Niederspannungssicherheit. Perfekte Aluminium-Au\u00dfenbodenleuchten f\u00fcr Landschaftswege, G\u00e4rten und Terrassen<\/p>","protected":false},"featured_media":37297,"comment_status":"open","ping_status":"closed","template":"","meta":[],"product_brand":[],"product_cat":[100,426,427,428,439,429,440,430,441,431,442,443,432,433,444,112,464,445,446,106,434,435,128,436,437],"product_tag":[103,76,77,113,78,108,129],"class_list":{"0":"post-38036","1":"product","2":"type-product","3":"status-publish","4":"has-post-thumbnail","6":"product_cat-aluminum-ground-light","7":"product_cat-ceiling-recessed","8":"product_cat-ceiling-surface","9":"product_cat-ceiling-suspended","10":"product_cat-commercial","11":"product_cat-drivers","12":"product_cat-education","13":"product_cat-freestanding-light","14":"product_cat-hospitality","15":"product_cat-industrial","16":"product_cat-infrastructure","17":"product_cat-landscape","18":"product_cat-landscaping","19":"product_cat-linear","20":"product_cat-office","21":"product_cat-outdoor-ground-light","22":"product_cat-c-outdoor-lighting","23":"product_cat-residential","24":"product_cat-retail","25":"product_cat-round-ground-light","26":"product_cat-table-lamp","27":"product_cat-track","28":"product_cat-wall-light-series","29":"product_cat-wall-recessed","30":"product_cat-wall-surface","31":"product_tag-aluminum-ground-light","32":"product_tag-aluminum-housing","33":"product_tag-ground-light","34":"product_tag-outdoor-ground-light","35":"product_tag-outdoor-lighting","36":"product_tag-round-ground-light","37":"product_tag-wall-light-series","39":"first","40":"instock","41":"featured","42":"downloadable","43":"shipping-taxable","44":"product-type-simple"},"_links":{"self":[{"href":"https:\/\/ledsteplight.com\/de\/wp-json\/wp\/v2\/product\/38036","targetHints":{"allow":["GET"]}}],"collection":[{"href":"https:\/\/ledsteplight.com\/de\/wp-json\/wp\/v2\/product"}],"about":[{"href":"https:\/\/ledsteplight.com\/de\/wp-json\/wp\/v2\/types\/product"}],"replies":[{"embeddable":true,"href":"https:\/\/ledsteplight.com\/de\/wp-json\/wp\/v2\/comments?post=38036"}],"version-history":[{"count":3,"href":"https:\/\/ledsteplight.com\/de\/wp-json\/wp\/v2\/product\/38036\/revisions"}],"predecessor-version":[{"id":38622,"href":"https:\/\/ledsteplight.com\/de\/wp-json\/wp\/v2\/product\/38036\/revisions\/38622"}],"wp:featuredmedia":[{"embeddable":true,"href":"https:\/\/ledsteplight.com\/de\/wp-json\/wp\/v2\/media\/37297"}],"wp:attachment":[{"href":"https:\/\/ledsteplight.com\/de\/wp-json\/wp\/v2\/media?parent=38036"}],"wp:term":[{"taxonomy":"product_brand","embeddable":true,"href":"https:\/\/ledsteplight.com\/de\/wp-json\/wp\/v2\/product_brand?post=38036"},{"taxonomy":"product_cat","embeddable":true,"href":"https:\/\/ledsteplight.com\/de\/wp-json\/wp\/v2\/product_cat?post=38036"},{"taxonomy":"product_tag","embeddable":true,"href":"https:\/\/ledsteplight.com\/de\/wp-json\/wp\/v2\/product_tag?post=38036"}],"curies":[{"name":"wp","href":"https:\/\/api.w.org\/{rel}","templated":true}]}}