{"id":38070,"date":"2025-09-08T13:04:26","date_gmt":"2025-09-08T13:04:26","guid":{"rendered":"https:\/\/ledsteplight.com\/import-placeholder-for-37210\/"},"modified":"2026-01-19T02:14:21","modified_gmt":"2026-01-19T02:14:21","slug":"mg-wb65130-led-wall-light-building-facade-hotel-lighting-manufacturer","status":"publish","type":"product","link":"https:\/\/ledsteplight.com\/de\/mg-wb65130-led-wall-light-building-facade-hotel-lighting-manufacturer\/","title":{"rendered":"MG-WB65130 LED-Wandlampe | Geb\u00e4udefassade &amp; Hotelbeleuchtungshersteller"},"content":{"rendered":"<table data-start=\"123\" data-end=\"1444\">\n<thead data-start=\"123\" data-end=\"210\">\n<tr data-start=\"123\" data-end=\"210\">\n<th data-start=\"123\" data-end=\"152\"><strong data-start=\"125\" data-end=\"138\">Parameter<\/strong><\/th>\n<th data-start=\"152\" data-end=\"210\"><strong data-start=\"154\" data-end=\"183\">Spezifikation\/Beschreibung<\/strong><\/th>\n<\/tr>\n<\/thead>\n<tbody data-start=\"299\" data-end=\"1444\">\n<tr data-start=\"299\" data-end=\"386\">\n<td><strong data-start=\"301\" data-end=\"318\">Produktmodell<\/strong><\/td>\n<td>MG-WB65130<\/td>\n<\/tr>\n<tr data-start=\"387\" data-end=\"474\">\n<td><strong data-start=\"389\" data-end=\"409\">Produktkategorie<\/strong><\/td>\n<td>LED-Wandbeleuchtungssystem<\/td>\n<\/tr>\n<tr data-start=\"475\" data-end=\"562\">\n<td><strong data-start=\"477\" data-end=\"498\"><strong><a href=\"https:\/\/ledsteplight.com\/de\/dm36b-pro-honeycomb-anti-glare-led-in-ground-light-ip67-24v-dc\/\" class=\"waam-auto-link\" title=\"Betriebsspannung\">Betriebsspannung<\/a><\/strong><\/strong><\/td>\n<td>220-240V AC <em data-start=\"518\" data-end=\"535\">(Beispielwert)<\/em><\/td>\n<\/tr>\n<tr data-start=\"563\" data-end=\"650\">\n<td><strong data-start=\"565\" data-end=\"586\">Betriebsstrom<\/strong><\/td>\n<td>\u2014 (Nicht spezifiziert)<\/td>\n<\/tr>\n<tr data-start=\"651\" data-end=\"738\">\n<td><strong data-start=\"653\" data-end=\"674\">Stromverbrauch<\/strong><\/td>\n<td>&lt; 65W <em data-start=\"688\" data-end=\"705\">(Beispielwert)<\/em><\/td>\n<\/tr>\n<tr data-start=\"739\" data-end=\"826\">\n<td><strong data-start=\"741\" data-end=\"757\">Lichtstrom<\/strong><\/td>\n<td>6500 lm <em data-start=\"778\" data-end=\"795\">(Beispielwert)<\/em><\/td>\n<\/tr>\n<tr data-start=\"827\" data-end=\"914\">\n<td><strong data-start=\"829\" data-end=\"850\">Farbtemperatur<\/strong><\/td>\n<td>4000K (Neutralwei\u00df)<\/td>\n<\/tr>\n<tr data-start=\"915\" data-end=\"1002\">\n<td><strong data-start=\"917\" data-end=\"930\">IP-Bewertung<\/strong><\/td>\n<td>IP65 (Geeignet f\u00fcr Innen- und Au\u00dfenanwendungen)<\/td>\n<\/tr>\n<tr data-start=\"1003\" data-end=\"1090\">\n<td><strong data-start=\"1005\" data-end=\"1030\">Betriebstemperatur<\/strong><\/td>\n<td>-10\u00b0C bis +50\u00b0C<\/td>\n<\/tr>\n<tr data-start=\"1091\" data-end=\"1178\">\n<td><strong data-start=\"1093\" data-end=\"1107\">Abmessungen<\/strong><\/td>\n<td>\u2014 (Nicht spezifiziert)<\/td>\n<\/tr>\n<tr data-start=\"1179\" data-end=\"1266\">\n<td><strong data-start=\"1181\" data-end=\"1191\">Gewicht<\/strong><\/td>\n<td>\u2014 (Nicht spezifiziert)<\/td>\n<\/tr>\n<tr data-start=\"1267\" data-end=\"1354\">\n<td><strong data-start=\"1269\" data-end=\"1281\">Lebensdauer<\/strong><\/td>\n<td>Bis zu 40.000 Stunden <em data-start=\"1317\" data-end=\"1334\">(Beispielwert)<\/em><\/td>\n<\/tr>\n<tr data-start=\"1355\" data-end=\"1444\">\n<td><strong data-start=\"1357\" data-end=\"1380\">Zus\u00e4tzliche Funktionen<\/strong><\/td>\n<td>Intelligente Steuerung, dimmbar, energieeffizient, robustes Design<\/td>\n<\/tr>\n<\/tbody>\n<\/table>\n<p data-start=\"723\" data-end=\"1139\"><strong data-start=\"727\" data-end=\"766\">MG-WB65130 LED-Wandbeleuchtungssystem<\/strong> ist entwickelt f\u00fcr <strong data-start=\"785\" data-end=\"818\">modern <strong><a href=\"https:\/\/ledsteplight.com\/de\/cree-bridgelux-chip-ip65-led-fixture-for-garden-facade-lighting\/\" class=\"waam-auto-link\" title=\"architektonische Beleuchtung\">architektonische Beleuchtung<\/a><\/strong><\/strong> in Gesch\u00e4ftsgeb\u00e4uden, Hotels und \u00f6ffentlichen R\u00e4umen. Mit einem <strong data-start=\"883\" data-end=\"910\">65W hocheffizienten LED<\/strong> mit <strong data-start=\"916\" data-end=\"951\">4000K weiches neutrales Wei\u00df-Ausgang<\/strong>, es sorgt f\u00fcr gleichm\u00e4\u00dfiges Wandwaschen <strong><a href=\"https:\/\/ledsteplight.com\/de\/vorteile-des-pir-sensor-treppenlichts-fur-die-sicherheit\/\" class=\"waam-auto-link\" title=\"Beleuchtung\">Beleuchtung<\/a><\/strong> das die Geb\u00e4udetexturen und das Design\u00e4sthetik verbessert. Die <strong data-start=\"1058\" data-end=\"1073\">IP65-Bewertung<\/strong> sichert zuverl\u00e4ssigen Einsatz sowohl in Innen- als auch in Au\u00dfenbereichen.<\/p>\n<p data-start=\"1141\" data-end=\"1583\">Als professioneller <strong data-start=\"1159\" data-end=\"1193\">Hersteller von LED-Wandbeleuchtung<\/strong>bieten wir <strong data-start=\"1206\" data-end=\"1256\">OEM-, ODM- und ma\u00dfgeschneiderte Fassadenbeleuchtungsl\u00f6sungen<\/strong> f\u00fcr Beleuchtungsvertriebspartner, Ingenieurb\u00fcros und Architekten. Das MG-WB65130 unterst\u00fctzt <strong data-start=\"1362\" data-end=\"1391\">intelligente Steuerung und Dimmen<\/strong>, bietet eine Lebensdauer von bis zu 40.000 Stunden und ist ideal f\u00fcr <strong data-start=\"1451\" data-end=\"1535\">Geb\u00e4udefassaden, Hotelausg\u00e4nge, Flure, Pl\u00e4tze und Landschaftsumgebungen<\/strong> die eine hochleistungsf\u00e4hige Wandbeleuchtung erfordern.<\/p>","protected":false},"excerpt":{"rendered":"<p data-start=\"4282\" data-end=\"4724\">MG-WB65130 LED-Wandlampe f\u00fcr Geb\u00e4udefassaden und Hotels. 65W, IP65, moderne architektonische Beleuchtung. OEM\/ODM-Hersteller von Au\u00dfenwandbeleuchtungssystemen.<\/p>","protected":false},"featured_media":37312,"comment_status":"open","ping_status":"closed","template":"","meta":[],"product_brand":[],"product_cat":[100,426,427,428,439,429,440,118,430,441,431,442,443,432,433,444,464,445,446,434,435,436,437],"product_tag":[103,76,119,111,110,109,115],"class_list":{"0":"post-38070","1":"product","2":"type-product","3":"status-publish","4":"has-post-thumbnail","6":"product_cat-aluminum-ground-light","7":"product_cat-ceiling-recessed","8":"product_cat-ceiling-surface","9":"product_cat-ceiling-suspended","10":"product_cat-commercial","11":"product_cat-drivers","12":"product_cat-education","13":"product_cat-frameless-ground-light","14":"product_cat-freestanding-light","15":"product_cat-hospitality","16":"product_cat-industrial","17":"product_cat-infrastructure","18":"product_cat-landscape","19":"product_cat-landscaping","20":"product_cat-linear","21":"product_cat-office","22":"product_cat-c-outdoor-lighting","23":"product_cat-residential","24":"product_cat-retail","25":"product_cat-table-lamp","26":"product_cat-track","27":"product_cat-wall-recessed","28":"product_cat-wall-surface","29":"product_tag-aluminum-ground-light","30":"product_tag-aluminum-housing","31":"product_tag-frameless-ground-light","32":"product_tag-garden-lighting","33":"product_tag-landscape-light","34":"product_tag-led-fixture","35":"product_tag-recessed-light","37":"first","38":"instock","39":"shipping-taxable","40":"product-type-simple"},"_links":{"self":[{"href":"https:\/\/ledsteplight.com\/de\/wp-json\/wp\/v2\/product\/38070","targetHints":{"allow":["GET"]}}],"collection":[{"href":"https:\/\/ledsteplight.com\/de\/wp-json\/wp\/v2\/product"}],"about":[{"href":"https:\/\/ledsteplight.com\/de\/wp-json\/wp\/v2\/types\/product"}],"replies":[{"embeddable":true,"href":"https:\/\/ledsteplight.com\/de\/wp-json\/wp\/v2\/comments?post=38070"}],"version-history":[{"count":3,"href":"https:\/\/ledsteplight.com\/de\/wp-json\/wp\/v2\/product\/38070\/revisions"}],"predecessor-version":[{"id":38613,"href":"https:\/\/ledsteplight.com\/de\/wp-json\/wp\/v2\/product\/38070\/revisions\/38613"}],"wp:featuredmedia":[{"embeddable":true,"href":"https:\/\/ledsteplight.com\/de\/wp-json\/wp\/v2\/media\/37312"}],"wp:attachment":[{"href":"https:\/\/ledsteplight.com\/de\/wp-json\/wp\/v2\/media?parent=38070"}],"wp:term":[{"taxonomy":"product_brand","embeddable":true,"href":"https:\/\/ledsteplight.com\/de\/wp-json\/wp\/v2\/product_brand?post=38070"},{"taxonomy":"product_cat","embeddable":true,"href":"https:\/\/ledsteplight.com\/de\/wp-json\/wp\/v2\/product_cat?post=38070"},{"taxonomy":"product_tag","embeddable":true,"href":"https:\/\/ledsteplight.com\/de\/wp-json\/wp\/v2\/product_tag?post=38070"}],"curies":[{"name":"wp","href":"https:\/\/api.w.org\/{rel}","templated":true}]}}