{"id":38073,"date":"2025-09-08T13:04:26","date_gmt":"2025-09-08T13:04:26","guid":{"rendered":"https:\/\/ledsteplight.com\/import-placeholder-for-37213\/"},"modified":"2026-01-19T02:14:20","modified_gmt":"2026-01-19T02:14:20","slug":"benutzerdefinierte-intelligente-erdlichtleuchten-mit-dual-mode-sensor-groshandler-ip67","status":"publish","type":"product","link":"https:\/\/ledsteplight.com\/de\/benutzerdefinierte-intelligente-erdlichtleuchten-mit-dual-mode-sensor-groshandler-ip67\/","title":{"rendered":"Benutzerdefinierte intelligente Erdlichtleuchten mit Dual-Mode-Sensor | Gro\u00dfh\u00e4ndler | IP67"},"content":{"rendered":"<table data-start=\"122\" data-end=\"1475\">\n<thead data-start=\"122\" data-end=\"210\">\n<tr data-start=\"122\" data-end=\"210\">\n<th data-start=\"122\" data-end=\"151\"><strong data-start=\"124\" data-end=\"137\">Parameter<\/strong><\/th>\n<th data-start=\"151\" data-end=\"210\"><strong data-start=\"153\" data-end=\"182\">Spezifikation\/Beschreibung<\/strong><\/th>\n<\/tr>\n<\/thead>\n<tbody data-start=\"300\" data-end=\"1475\">\n<tr data-start=\"300\" data-end=\"387\">\n<td><strong data-start=\"302\" data-end=\"319\">Produktmodell<\/strong><\/td>\n<td>MG-SN027<\/td>\n<\/tr>\n<tr data-start=\"388\" data-end=\"476\">\n<td><strong data-start=\"390\" data-end=\"410\">Produktkategorie<\/strong><\/td>\n<td>Dual-Modus Intelligenter Sensor<\/td>\n<\/tr>\n<tr data-start=\"477\" data-end=\"565\">\n<td><strong data-start=\"479\" data-end=\"500\"><strong><a href=\"https:\/\/ledsteplight.com\/de\/dm36b-pro-honeycomb-anti-glare-led-in-ground-light-ip67-24v-dc\/\" class=\"waam-auto-link\" title=\"Betriebsspannung\">Betriebsspannung<\/a><\/strong><\/strong><\/td>\n<td>12V DC <em data-start=\"515\" data-end=\"532\">(Beispielwert)<\/em><\/td>\n<\/tr>\n<tr data-start=\"566\" data-end=\"654\">\n<td><strong data-start=\"568\" data-end=\"589\">Betriebsstrom<\/strong><\/td>\n<td>\u2014 (Nicht spezifiziert)<\/td>\n<\/tr>\n<tr data-start=\"655\" data-end=\"743\">\n<td><strong data-start=\"657\" data-end=\"678\">Stromverbrauch<\/strong><\/td>\n<td>&lt; 0,45W <em data-start=\"694\" data-end=\"711\">(Beispielwert)<\/em><\/td>\n<\/tr>\n<tr data-start=\"744\" data-end=\"832\">\n<td><strong data-start=\"746\" data-end=\"771\">Erkennungssensitivit\u00e4t<\/strong><\/td>\n<td>Dual-Modus (Umgebungs- &amp; Belegungsdetektion)<\/td>\n<\/tr>\n<tr data-start=\"833\" data-end=\"921\">\n<td><strong data-start=\"835\" data-end=\"852\">Reaktionszeit<\/strong><\/td>\n<td>&lt; 0,2 Sekunden <em data-start=\"878\" data-end=\"895\">(Beispielwert)<\/em><\/td>\n<\/tr>\n<tr data-start=\"922\" data-end=\"1010\">\n<td><strong data-start=\"924\" data-end=\"937\">IP-Bewertung<\/strong><\/td>\n<td>IP67 (Wasserdicht &amp; Staubdicht)<\/td>\n<\/tr>\n<tr data-start=\"1011\" data-end=\"1099\">\n<td><strong data-start=\"1013\" data-end=\"1038\">Betriebstemperatur<\/strong><\/td>\n<td>-20\u00b0C bis +60\u00b0C<\/td>\n<\/tr>\n<tr data-start=\"1100\" data-end=\"1188\">\n<td><strong data-start=\"1102\" data-end=\"1116\">Abmessungen<\/strong><\/td>\n<td>\u2014 (Nicht spezifiziert)<\/td>\n<\/tr>\n<tr data-start=\"1189\" data-end=\"1277\">\n<td><strong data-start=\"1191\" data-end=\"1201\">Gewicht<\/strong><\/td>\n<td>\u2014 (Nicht spezifiziert)<\/td>\n<\/tr>\n<tr data-start=\"1278\" data-end=\"1366\">\n<td><strong data-start=\"1280\" data-end=\"1292\">Lebensdauer<\/strong><\/td>\n<td>Bis zu 50.000 Stunden <em data-start=\"1328\" data-end=\"1345\">(Beispielwert)<\/em><\/td>\n<\/tr>\n<tr data-start=\"1367\" data-end=\"1475\">\n<td><strong data-start=\"1369\" data-end=\"1392\">Zus\u00e4tzliche Funktionen<\/strong><\/td>\n<td>Einstellbarer Schwellenwert, intelligente Integration, schnelle Reaktion, Dual-Modus-Erkennung<\/td>\n<\/tr>\n<\/tbody>\n<\/table>\n<p data-start=\"655\" data-end=\"1075\"><strong data-start=\"659\" data-end=\"694\">MG-SN027 Dual-Modus Intelligenter Sensor<\/strong> ist eine fortschrittliche Steuerungsl\u00f6sung, die entwickelt wurde f\u00fcr <strong data-start=\"740\" data-end=\"780\">intelligent <strong><a href=\"https:\/\/ledsteplight.com\/de\/niederspannungs-landschaftsbeleuchtung-effektive-outdoor-losungen\/\" class=\"waam-auto-link\" title=\"Au\u00dfenbeleuchtung\">Au\u00dfenbeleuchtung<\/a><\/strong> und bietet volle Kompatibilit\u00e4t mit fortschrittlichen Steuerungsmethoden, einschlie\u00dflich DALI und 0-10V, was es zu einer intelligenten Wahl f\u00fcr anspruchsvolle Landschafts- und Architekturgestaltungen macht. Mit mehreren Abstrahlwinkeln und Farbtemperaturen (2700K-4000K) erh\u00e4ltlich, erhalten Sie genau den Lichteffekt, den Sie ben\u00f6tigen.\r\n\r\nAls direkte<\/strong>. Mit beiden <strong data-start=\"797\" data-end=\"838\">Umgebungslicht- und Belegungsdetektion<\/strong>, es liefert reaktionsschnelle und energieeffiziente <strong><a href=\"https:\/\/ledsteplight.com\/de\/vorteile-des-pir-sensor-treppenlichts-fur-die-sicherheit\/\" class=\"waam-auto-link\" title=\"Beleuchtung\">Beleuchtung<\/a><\/strong> f\u00fcr Wege, G\u00e4rten und architektonische R\u00e4ume. Mit seinem <strong data-start=\"955\" data-end=\"995\">IP67 wasserdichten und staubdichten Design<\/strong>, sorgt der Sensor f\u00fcr zuverl\u00e4ssigen Betrieb auch unter extremen Wetterbedingungen.<\/p>\n<p data-start=\"1077\" data-end=\"1509\">Als professioneller <strong data-start=\"1095\" data-end=\"1124\">LED-Beleuchtungshersteller<\/strong>bieten wir <strong data-start=\"1137\" data-end=\"1178\">OEM- und kundenspezifische intelligente Sensorsysteml\u00f6sungen<\/strong> f\u00fcr vielf\u00e4ltige Beleuchtungsprojekte. Der MG-SN027 arbeitet mit 12V Gleichstrom, verbraucht weniger als 0,45W und reagiert innerhalb von 0,2 Sekunden f\u00fcr sofortige Leistung. F\u00fcr langfristige Stabilit\u00e4t ausgelegt mit einer <strong data-start=\"1367\" data-end=\"1398\">Lebensdauer von bis zu 50.000 Stunden<\/strong>, ist es ideal f\u00fcr moderne Landschafts- und <strong><a href=\"https:\/\/ledsteplight.com\/de\/cree-bridgelux-chip-ip65-led-fixture-for-garden-facade-lighting\/\" class=\"waam-auto-link\" title=\"architektonische Beleuchtung\">architektonische Beleuchtung<\/a><\/strong> Anwendungen, die Pr\u00e4zision und Haltbarkeit erfordern.<\/p>","protected":false},"excerpt":{"rendered":"<p data-start=\"4046\" data-end=\"4490\">MG-SN027 Dual-Modus-Smart-Sensor f\u00fcr LED-Beleuchtung. IP67 wasserdicht, Bewegungs- und Umgebungsdetektion, 12V DC, OEM\/ma\u00dfgeschneiderter Hersteller f\u00fcr intelligente Au\u00dfensteuerungssysteme.<\/p>","protected":false},"featured_media":37322,"comment_status":"open","ping_status":"closed","template":"","meta":[],"product_brand":[],"product_cat":[100,426,427,428,439,429,440,430,441,431,442,443,432,433,444,112,464,445,446,434,435,436,437],"product_tag":[103,76,110,109,113,78,115],"class_list":{"0":"post-38073","1":"product","2":"type-product","3":"status-publish","4":"has-post-thumbnail","6":"product_cat-aluminum-ground-light","7":"product_cat-ceiling-recessed","8":"product_cat-ceiling-surface","9":"product_cat-ceiling-suspended","10":"product_cat-commercial","11":"product_cat-drivers","12":"product_cat-education","13":"product_cat-freestanding-light","14":"product_cat-hospitality","15":"product_cat-industrial","16":"product_cat-infrastructure","17":"product_cat-landscape","18":"product_cat-landscaping","19":"product_cat-linear","20":"product_cat-office","21":"product_cat-outdoor-ground-light","22":"product_cat-c-outdoor-lighting","23":"product_cat-residential","24":"product_cat-retail","25":"product_cat-table-lamp","26":"product_cat-track","27":"product_cat-wall-recessed","28":"product_cat-wall-surface","29":"product_tag-aluminum-ground-light","30":"product_tag-aluminum-housing","31":"product_tag-landscape-light","32":"product_tag-led-fixture","33":"product_tag-outdoor-ground-light","34":"product_tag-outdoor-lighting","35":"product_tag-recessed-light","37":"first","38":"instock","39":"shipping-taxable","40":"product-type-simple"},"_links":{"self":[{"href":"https:\/\/ledsteplight.com\/de\/wp-json\/wp\/v2\/product\/38073","targetHints":{"allow":["GET"]}}],"collection":[{"href":"https:\/\/ledsteplight.com\/de\/wp-json\/wp\/v2\/product"}],"about":[{"href":"https:\/\/ledsteplight.com\/de\/wp-json\/wp\/v2\/types\/product"}],"replies":[{"embeddable":true,"href":"https:\/\/ledsteplight.com\/de\/wp-json\/wp\/v2\/comments?post=38073"}],"version-history":[{"count":3,"href":"https:\/\/ledsteplight.com\/de\/wp-json\/wp\/v2\/product\/38073\/revisions"}],"predecessor-version":[{"id":38616,"href":"https:\/\/ledsteplight.com\/de\/wp-json\/wp\/v2\/product\/38073\/revisions\/38616"}],"wp:featuredmedia":[{"embeddable":true,"href":"https:\/\/ledsteplight.com\/de\/wp-json\/wp\/v2\/media\/37322"}],"wp:attachment":[{"href":"https:\/\/ledsteplight.com\/de\/wp-json\/wp\/v2\/media?parent=38073"}],"wp:term":[{"taxonomy":"product_brand","embeddable":true,"href":"https:\/\/ledsteplight.com\/de\/wp-json\/wp\/v2\/product_brand?post=38073"},{"taxonomy":"product_cat","embeddable":true,"href":"https:\/\/ledsteplight.com\/de\/wp-json\/wp\/v2\/product_cat?post=38073"},{"taxonomy":"product_tag","embeddable":true,"href":"https:\/\/ledsteplight.com\/de\/wp-json\/wp\/v2\/product_tag?post=38073"}],"curies":[{"name":"wp","href":"https:\/\/api.w.org\/{rel}","templated":true}]}}