{"id":38074,"date":"2025-09-08T13:04:26","date_gmt":"2025-09-08T13:04:26","guid":{"rendered":"https:\/\/ledsteplight.com\/import-placeholder-for-37225\/"},"modified":"2026-01-19T02:14:19","modified_gmt":"2026-01-19T02:14:19","slug":"gyd027-ausen-bewegungsmelder-86-erdlicht-oem-fabrik","status":"publish","type":"product","link":"https:\/\/ledsteplight.com\/de\/gyd027-ausen-bewegungsmelder-86-erdlicht-oem-fabrik\/","title":{"rendered":"GYD027 Au\u00dfen-Bewegungsmelder 86 Erdlicht | OEM-Fabrik"},"content":{"rendered":"<table data-start=\"132\" data-end=\"1461\">\n<thead data-start=\"132\" data-end=\"219\">\n<tr data-start=\"132\" data-end=\"219\">\n<th data-start=\"132\" data-end=\"161\"><strong data-start=\"134\" data-end=\"147\">Parameter<\/strong><\/th>\n<th data-start=\"161\" data-end=\"219\"><strong data-start=\"163\" data-end=\"192\">Spezifikation\/Beschreibung<\/strong><\/th>\n<\/tr>\n<\/thead>\n<tbody data-start=\"308\" data-end=\"1461\">\n<tr data-start=\"308\" data-end=\"395\">\n<td><strong data-start=\"310\" data-end=\"327\">Produktmodell<\/strong><\/td>\n<td>MG-GYD027<\/td>\n<\/tr>\n<tr data-start=\"396\" data-end=\"483\">\n<td><strong data-start=\"398\" data-end=\"418\">Produktkategorie<\/strong><\/td>\n<td>LED-Einbauleuchte<\/td>\n<\/tr>\n<tr data-start=\"484\" data-end=\"571\">\n<td><strong data-start=\"486\" data-end=\"507\"><strong><a href=\"https:\/\/ledsteplight.com\/de\/dm36b-pro-honeycomb-anti-glare-led-in-ground-light-ip67-24v-dc\/\" class=\"waam-auto-link\" title=\"Betriebsspannung\">Betriebsspannung<\/a><\/strong><\/strong><\/td>\n<td>24V DC <em data-start=\"522\" data-end=\"539\">(Beispielwert)<\/em><\/td>\n<\/tr>\n<tr data-start=\"572\" data-end=\"659\">\n<td><strong data-start=\"574\" data-end=\"595\">Betriebsstrom<\/strong><\/td>\n<td>\u2014 (Nicht spezifiziert)<\/td>\n<\/tr>\n<tr data-start=\"660\" data-end=\"747\">\n<td><strong data-start=\"662\" data-end=\"683\">Stromverbrauch<\/strong><\/td>\n<td>&lt;35W <em data-start=\"696\" data-end=\"713\">(Beispielwert)<\/em><\/td>\n<\/tr>\n<tr data-start=\"748\" data-end=\"835\">\n<td><strong data-start=\"750\" data-end=\"766\">Lichtstrom<\/strong><\/td>\n<td>2700 lm <em data-start=\"787\" data-end=\"804\">(Beispielwert)<\/em><\/td>\n<\/tr>\n<tr data-start=\"836\" data-end=\"921\">\n<td><strong data-start=\"838\" data-end=\"859\">Farbtemperatur<\/strong><\/td>\n<td>4000K<\/td>\n<\/tr>\n<tr data-start=\"922\" data-end=\"1009\">\n<td><strong data-start=\"924\" data-end=\"937\">IP-Bewertung<\/strong><\/td>\n<td>IP67 (Wasserdicht &amp; Staubdicht)<\/td>\n<\/tr>\n<tr data-start=\"1010\" data-end=\"1097\">\n<td><strong data-start=\"1012\" data-end=\"1037\">Betriebstemperatur<\/strong><\/td>\n<td>-20\u00b0C bis +60\u00b0C<\/td>\n<\/tr>\n<tr data-start=\"1098\" data-end=\"1185\">\n<td><strong data-start=\"1100\" data-end=\"1114\">Abmessungen<\/strong><\/td>\n<td>\u2014 (Nicht spezifiziert)<\/td>\n<\/tr>\n<tr data-start=\"1186\" data-end=\"1273\">\n<td><strong data-start=\"1188\" data-end=\"1198\">Gewicht<\/strong><\/td>\n<td>\u2014 (Nicht spezifiziert)<\/td>\n<\/tr>\n<tr data-start=\"1274\" data-end=\"1361\">\n<td><strong data-start=\"1276\" data-end=\"1288\">Lebensdauer<\/strong><\/td>\n<td>Bis zu 50.000 Stunden <em data-start=\"1324\" data-end=\"1341\">(Beispielwert)<\/em><\/td>\n<\/tr>\n<tr data-start=\"1362\" data-end=\"1461\">\n<td><strong data-start=\"1364\" data-end=\"1387\">Zus\u00e4tzliche Funktionen<\/strong><\/td>\n<td>Intelligente Steuerung, modulares Design, energieeffizient, einfache Installation<\/td>\n<\/tr>\n<\/tbody>\n<\/table>\n<p data-start=\"712\" data-end=\"1176\"><strong data-start=\"716\" data-end=\"764\">GYD027 Outdoor <strong><a href=\"https:\/\/ledsteplight.com\/de\/vorteile-des-pir-sensor-treppenlichts-fur-die-sicherheit\/\" class=\"waam-auto-link\" title=\"Bewegungssensor\">Bewegungssensor<\/a><\/strong> 86 <strong><a href=\"https:\/\/ledsteplight.com\/de\/5w-led-in-ground-lights-ip65-waterproof-outdoor-driveway-garden-floor-lighting\/\" class=\"waam-auto-link\" title=\"Bodenleuchte\">Bodenleuchte<\/a><\/strong><\/strong> vereint elegantes Design mit intelligenter Funktionalit\u00e4t und ist ideal f\u00fcr moderne <strong data-start=\"848\" data-end=\"882\">Landschafts- und Wegbeleuchtung<\/strong>. Ausgestattet mit einem <strong data-start=\"900\" data-end=\"934\">Hochsensitiv-Bewegungssensor<\/strong>, aktiviert dieses Leuchtmittel automatisch die Beleuchtung bei Bewegungserkennung, sorgt f\u00fcr energieeffiziente Beleuchtung und erh\u00f6ht die Sicherheit im Au\u00dfenbereich. Sein <strong data-start=\"1082\" data-end=\"1111\">IP67 wasserdichtes Geh\u00e4use<\/strong> garantiert langlebige Leistung bei allen Wetterbedingungen.<\/p>\n<p data-start=\"1178\" data-end=\"1550\">Als professioneller <strong data-start=\"1196\" data-end=\"1229\">Hersteller von LED-Ground-Lights<\/strong>, wir sind spezialisiert auf <strong data-start=\"1248\" data-end=\"1285\">OEM- und kundenspezifische Beleuchtungsl\u00f6sungen<\/strong> ma\u00dfgeschneiderte L\u00f6sungen f\u00fcr Architektur- und Landschaftsprojekte. Das <strong data-start=\"1341\" data-end=\"1371\">GYD027 Sensor-Erdlicht<\/strong> unterst\u00fctzt 86-Typ-Installation, verf\u00fcgt \u00fcber langlebige Konstruktion und bietet einen stabilen, energiesparenden Betrieb\u2014perfekt f\u00fcr G\u00e4rten, Einfahrten, Terrassen und intelligente <strong><a href=\"https:\/\/ledsteplight.com\/de\/cree-bridgelux-chip-ip65-led-fixture-for-garden-facade-lighting\/\" class=\"waam-auto-link\" title=\"Au\u00dfenbeleuchtung\">Au\u00dfenbeleuchtung<\/a><\/strong> <strong><a href=\"https:\/\/ledsteplight.com\/de\/ultimer-leitfaden-fur-landschafts-inground-beleuchtungslosungen\/\" class=\"waam-auto-link\" title=\"und bietet volle Kompatibilit\u00e4t mit fortschrittlichen Steuerungsmethoden, einschlie\u00dflich DALI und 0-10V, was es zu einer intelligenten Wahl f\u00fcr anspruchsvolle Landschafts- und Architekturgestaltungen macht. Mit mehreren Abstrahlwinkeln und Farbtemperaturen (2700K-4000K) erh\u00e4ltlich, erhalten Sie genau den Lichteffekt, den Sie ben\u00f6tigen.Als direkte\">und bietet volle Kompatibilit\u00e4t mit fortschrittlichen Steuerungsmethoden, einschlie\u00dflich DALI und 0-10V, was es zu einer intelligenten Wahl f\u00fcr anspruchsvolle Landschafts- und Architekturgestaltungen macht. Mit mehreren Abstrahlwinkeln und Farbtemperaturen (2700K-4000K) erh\u00e4ltlich, erhalten Sie genau den Lichteffekt, den Sie ben\u00f6tigen.\r\n\r\nAls direkte<\/a><\/strong>.<\/p>","protected":false},"excerpt":{"rendered":"<p data-start=\"4123\" data-end=\"4584\">Bewegungsmelder Bodeneinbaulicht, LED Au\u00dfen-Bodenleuchte, 86er Typ Bodenleuchte, intelligente Au\u00dfenbeleuchtung, IP67 wasserdichte LED, Wegbeleuchtung, Landschaftslicht Hersteller, OEM LED-Beleuchtung, individuelle Bodenleuchte, bewegungssensoraktivierte LED<\/p>","protected":false},"featured_media":37324,"comment_status":"open","ping_status":"closed","template":"","meta":[],"product_brand":[],"product_cat":[100,426,427,428,439,429,440,430,441,431,442,443,432,433,444,112,464,445,446,434,435,436,437],"product_tag":[103,76,77,113,78],"class_list":{"0":"post-38074","1":"product","2":"type-product","3":"status-publish","4":"has-post-thumbnail","6":"product_cat-aluminum-ground-light","7":"product_cat-ceiling-recessed","8":"product_cat-ceiling-surface","9":"product_cat-ceiling-suspended","10":"product_cat-commercial","11":"product_cat-drivers","12":"product_cat-education","13":"product_cat-freestanding-light","14":"product_cat-hospitality","15":"product_cat-industrial","16":"product_cat-infrastructure","17":"product_cat-landscape","18":"product_cat-landscaping","19":"product_cat-linear","20":"product_cat-office","21":"product_cat-outdoor-ground-light","22":"product_cat-c-outdoor-lighting","23":"product_cat-residential","24":"product_cat-retail","25":"product_cat-table-lamp","26":"product_cat-track","27":"product_cat-wall-recessed","28":"product_cat-wall-surface","29":"product_tag-aluminum-ground-light","30":"product_tag-aluminum-housing","31":"product_tag-ground-light","32":"product_tag-outdoor-ground-light","33":"product_tag-outdoor-lighting","35":"first","36":"instock","37":"shipping-taxable","38":"product-type-simple"},"_links":{"self":[{"href":"https:\/\/ledsteplight.com\/de\/wp-json\/wp\/v2\/product\/38074","targetHints":{"allow":["GET"]}}],"collection":[{"href":"https:\/\/ledsteplight.com\/de\/wp-json\/wp\/v2\/product"}],"about":[{"href":"https:\/\/ledsteplight.com\/de\/wp-json\/wp\/v2\/types\/product"}],"replies":[{"embeddable":true,"href":"https:\/\/ledsteplight.com\/de\/wp-json\/wp\/v2\/comments?post=38074"}],"version-history":[{"count":3,"href":"https:\/\/ledsteplight.com\/de\/wp-json\/wp\/v2\/product\/38074\/revisions"}],"predecessor-version":[{"id":38617,"href":"https:\/\/ledsteplight.com\/de\/wp-json\/wp\/v2\/product\/38074\/revisions\/38617"}],"wp:featuredmedia":[{"embeddable":true,"href":"https:\/\/ledsteplight.com\/de\/wp-json\/wp\/v2\/media\/37324"}],"wp:attachment":[{"href":"https:\/\/ledsteplight.com\/de\/wp-json\/wp\/v2\/media?parent=38074"}],"wp:term":[{"taxonomy":"product_brand","embeddable":true,"href":"https:\/\/ledsteplight.com\/de\/wp-json\/wp\/v2\/product_brand?post=38074"},{"taxonomy":"product_cat","embeddable":true,"href":"https:\/\/ledsteplight.com\/de\/wp-json\/wp\/v2\/product_cat?post=38074"},{"taxonomy":"product_tag","embeddable":true,"href":"https:\/\/ledsteplight.com\/de\/wp-json\/wp\/v2\/product_tag?post=38074"}],"curies":[{"name":"wp","href":"https:\/\/api.w.org\/{rel}","templated":true}]}}