{"id":38075,"date":"2025-09-08T13:04:26","date_gmt":"2025-09-08T13:04:26","guid":{"rendered":"https:\/\/ledsteplight.com\/import-placeholder-for-37226\/"},"modified":"2026-01-19T02:14:19","modified_gmt":"2026-01-19T02:14:19","slug":"sn015xf-dual-modus-intelligenter-sensor-oem-led-stufenlicht-hersteller-china","status":"publish","type":"product","link":"https:\/\/ledsteplight.com\/de\/sn015xf-dual-modus-intelligenter-sensor-oem-led-stufenlicht-hersteller-china\/","title":{"rendered":"SN015XF Dual-Mode Smart Sensor | OEM-LED-Stufenlicht Hersteller China"},"content":{"rendered":"<h3 data-start=\"86\" data-end=\"112\">Alle Produktparameter<\/h3>\n<table data-start=\"114\" data-end=\"1407\">\n<thead data-start=\"114\" data-end=\"197\">\n<tr data-start=\"114\" data-end=\"197\">\n<th data-start=\"114\" data-end=\"143\"><strong data-start=\"116\" data-end=\"129\">Parameter<\/strong><\/th>\n<th data-start=\"143\" data-end=\"197\"><strong data-start=\"145\" data-end=\"174\">Spezifikation\/Beschreibung<\/strong><\/th>\n<\/tr>\n<\/thead>\n<tbody data-start=\"282\" data-end=\"1407\">\n<tr data-start=\"282\" data-end=\"365\">\n<td><strong data-start=\"284\" data-end=\"301\">Produktmodell<\/strong><\/td>\n<td>MG-SN015XF<\/td>\n<\/tr>\n<tr data-start=\"366\" data-end=\"449\">\n<td><strong data-start=\"368\" data-end=\"388\">Produktkategorie<\/strong><\/td>\n<td>Fortschrittlicher intelligenter Lichtsensor<\/td>\n<\/tr>\n<tr data-start=\"450\" data-end=\"533\">\n<td><strong data-start=\"452\" data-end=\"473\"><strong><a href=\"https:\/\/ledsteplight.com\/de\/dm36b-pro-honeycomb-anti-glare-led-in-ground-light-ip67-24v-dc\/\" class=\"waam-auto-link\" title=\"Betriebsspannung\">Betriebsspannung<\/a><\/strong><\/strong><\/td>\n<td>12V DC <em data-start=\"488\" data-end=\"505\">(Beispielwert)<\/em><\/td>\n<\/tr>\n<tr data-start=\"534\" data-end=\"617\">\n<td><strong data-start=\"536\" data-end=\"557\">Betriebsstrom<\/strong><\/td>\n<td>\u2014 (Nicht spezifiziert)<\/td>\n<\/tr>\n<tr data-start=\"618\" data-end=\"701\">\n<td><strong data-start=\"620\" data-end=\"641\">Stromverbrauch<\/strong><\/td>\n<td>&lt; 0,45W <em data-start=\"657\" data-end=\"678\">(ungef\u00e4hrer Wert)<\/em><\/td>\n<\/tr>\n<tr data-start=\"702\" data-end=\"785\">\n<td><strong data-start=\"704\" data-end=\"729\">Erkennungssensitivit\u00e4t<\/strong><\/td>\n<td>Ultra-hohe Empfindlichkeit mit Dual-Mode-Betrieb<\/td>\n<\/tr>\n<tr data-start=\"786\" data-end=\"869\">\n<td><strong data-start=\"788\" data-end=\"805\">Reaktionszeit<\/strong><\/td>\n<td>&lt; 0,2 Sekunden <em data-start=\"831\" data-end=\"848\">(Beispielwert)<\/em><\/td>\n<\/tr>\n<tr data-start=\"870\" data-end=\"953\">\n<td><strong data-start=\"872\" data-end=\"885\">IP-Bewertung<\/strong><\/td>\n<td>IP67 (Wasserdicht &amp; Staubdicht)<\/td>\n<\/tr>\n<tr data-start=\"954\" data-end=\"1037\">\n<td><strong data-start=\"956\" data-end=\"981\">Betriebstemperatur<\/strong><\/td>\n<td>-20\u00b0C bis +60\u00b0C<\/td>\n<\/tr>\n<tr data-start=\"1038\" data-end=\"1121\">\n<td><strong data-start=\"1040\" data-end=\"1054\">Abmessungen<\/strong><\/td>\n<td>\u2014 (Nicht spezifiziert)<\/td>\n<\/tr>\n<tr data-start=\"1122\" data-end=\"1205\">\n<td><strong data-start=\"1124\" data-end=\"1134\">Gewicht<\/strong><\/td>\n<td>\u2014 (Nicht spezifiziert)<\/td>\n<\/tr>\n<tr data-start=\"1206\" data-end=\"1289\">\n<td><strong data-start=\"1208\" data-end=\"1220\">Lebensdauer<\/strong><\/td>\n<td>Bis zu 50.000 Stunden <em data-start=\"1256\" data-end=\"1273\">(Beispielwert)<\/em><\/td>\n<\/tr>\n<tr data-start=\"1290\" data-end=\"1407\">\n<td><strong data-start=\"1292\" data-end=\"1315\">Zus\u00e4tzliche Funktionen<\/strong><\/td>\n<td>Einstellbarer Schwellenwert, schnelle Reaktion, intelligente Integration, Dual-Mode (Umgebungslicht &amp; Bewegung)<\/td>\n<\/tr>\n<\/tbody>\n<\/table>","protected":false},"excerpt":{"rendered":"<p data-start=\"942\" data-end=\"1381\"><strong data-start=\"946\" data-end=\"992\">SN015XF Dual-Mode Intelligenter Smart-Sensor<\/strong> ist speziell entwickelt f\u00fcr <strong data-start=\"1019\" data-end=\"1057\">LED-Stufen- und Wandbeleuchtungssysteme<\/strong>, bietet sowohl <strong data-start=\"1073\" data-end=\"1115\">PIR-Bewegungs- als auch Umgebungslichtdetektion<\/strong>. Seine hochsensitive Dual-Mode-Steuerung sorgt f\u00fcr pr\u00e4zielle Beleuchtung, Energieeinsparung und schnelle Reaktionszeit\u2014perfekt f\u00fcr Au\u00dfenwege, Treppenh\u00e4user und gewerbliche Beleuchtungsprojekte. Mit einem <strong data-start=\"1311\" data-end=\"1337\">IP67 wasserdichte Rating<\/strong>, arbeitet es zuverl\u00e4ssig in jeder Umgebung.<\/p>\n<p data-start=\"1383\" data-end=\"1816\">Als professioneller <strong data-start=\"1401\" data-end=\"1441\">LED-Stufenlicht-Hersteller in China<\/strong>bieten wir <strong data-start=\"1454\" data-end=\"1503\">OEM, ODM und kundenspezifische intelligente Beleuchtungsl\u00f6sungen<\/strong> f\u00fcr globale Importeure, Auftragnehmer und H\u00e4ndler. Der SN015XF Sensor integriert sich leicht in <strong data-start=\"1599\" data-end=\"1632\">eingelassene Wand- und Stufenlichter<\/strong>, unterst\u00fctzt flexible Spannungsanpassungen und verf\u00fcgt \u00fcber eine langlebige Bauweise mit einem <strong data-start=\"1712\" data-end=\"1736\">50.000-Stunden-Lebensdauer<\/strong>, um eine langfristige Leistung f\u00fcr architektonische und landschaftliche Anwendungen zu gew\u00e4hrleisten.<\/p>","protected":false},"featured_media":37326,"comment_status":"open","ping_status":"closed","template":"","meta":[],"product_brand":[],"product_cat":[105,100,426,427,428,439,429,440,430,441,431,442,443,432,433,444,464,445,446,106,434,435,436,437],"product_tag":[107,103,76,110,109,114,115,108],"class_list":{"0":"post-38075","1":"product","2":"type-product","3":"status-publish","4":"has-post-thumbnail","6":"product_cat-015-series","7":"product_cat-aluminum-ground-light","8":"product_cat-ceiling-recessed","9":"product_cat-ceiling-surface","10":"product_cat-ceiling-suspended","11":"product_cat-commercial","12":"product_cat-drivers","13":"product_cat-education","14":"product_cat-freestanding-light","15":"product_cat-hospitality","16":"product_cat-industrial","17":"product_cat-infrastructure","18":"product_cat-landscape","19":"product_cat-landscaping","20":"product_cat-linear","21":"product_cat-office","22":"product_cat-c-outdoor-lighting","23":"product_cat-residential","24":"product_cat-retail","25":"product_cat-round-ground-light","26":"product_cat-table-lamp","27":"product_cat-track","28":"product_cat-wall-recessed","29":"product_cat-wall-surface","30":"product_tag-015-series","31":"product_tag-aluminum-ground-light","32":"product_tag-aluminum-housing","33":"product_tag-landscape-light","34":"product_tag-led-fixture","35":"product_tag-pathway-light","36":"product_tag-recessed-light","37":"product_tag-round-ground-light","39":"first","40":"instock","41":"shipping-taxable","42":"product-type-simple"},"_links":{"self":[{"href":"https:\/\/ledsteplight.com\/de\/wp-json\/wp\/v2\/product\/38075","targetHints":{"allow":["GET"]}}],"collection":[{"href":"https:\/\/ledsteplight.com\/de\/wp-json\/wp\/v2\/product"}],"about":[{"href":"https:\/\/ledsteplight.com\/de\/wp-json\/wp\/v2\/types\/product"}],"replies":[{"embeddable":true,"href":"https:\/\/ledsteplight.com\/de\/wp-json\/wp\/v2\/comments?post=38075"}],"version-history":[{"count":3,"href":"https:\/\/ledsteplight.com\/de\/wp-json\/wp\/v2\/product\/38075\/revisions"}],"predecessor-version":[{"id":38618,"href":"https:\/\/ledsteplight.com\/de\/wp-json\/wp\/v2\/product\/38075\/revisions\/38618"}],"wp:featuredmedia":[{"embeddable":true,"href":"https:\/\/ledsteplight.com\/de\/wp-json\/wp\/v2\/media\/37326"}],"wp:attachment":[{"href":"https:\/\/ledsteplight.com\/de\/wp-json\/wp\/v2\/media?parent=38075"}],"wp:term":[{"taxonomy":"product_brand","embeddable":true,"href":"https:\/\/ledsteplight.com\/de\/wp-json\/wp\/v2\/product_brand?post=38075"},{"taxonomy":"product_cat","embeddable":true,"href":"https:\/\/ledsteplight.com\/de\/wp-json\/wp\/v2\/product_cat?post=38075"},{"taxonomy":"product_tag","embeddable":true,"href":"https:\/\/ledsteplight.com\/de\/wp-json\/wp\/v2\/product_tag?post=38075"}],"curies":[{"name":"wp","href":"https:\/\/api.w.org\/{rel}","templated":true}]}}