{"id":38076,"date":"2025-09-08T13:04:26","date_gmt":"2025-09-08T13:04:26","guid":{"rendered":"https:\/\/ledsteplight.com\/import-placeholder-for-37227\/"},"modified":"2026-01-19T02:14:19","modified_gmt":"2026-01-19T02:14:19","slug":"wb15015-led-wandmontageleuchte-ausenbau-hotelbeleuchtungshersteller","status":"publish","type":"product","link":"https:\/\/ledsteplight.com\/de\/wb15015-led-wandmontageleuchte-ausenbau-hotelbeleuchtungshersteller\/","title":{"rendered":"WB15015 LED-Wandlampe | Hersteller f\u00fcr Au\u00dfenbeleuchtung von Geb\u00e4uden &amp; Hotels"},"content":{"rendered":"<h3 data-start=\"89\" data-end=\"115\"><\/h3>\n<table data-start=\"117\" data-end=\"1381\">\n<thead data-start=\"117\" data-end=\"200\">\n<tr data-start=\"117\" data-end=\"200\">\n<th data-start=\"117\" data-end=\"146\"><strong data-start=\"119\" data-end=\"132\">Parameter<\/strong><\/th>\n<th data-start=\"146\" data-end=\"200\"><strong data-start=\"148\" data-end=\"177\">Spezifikation\/Beschreibung<\/strong><\/th>\n<\/tr>\n<\/thead>\n<tbody data-start=\"285\" data-end=\"1381\">\n<tr data-start=\"285\" data-end=\"368\">\n<td><strong data-start=\"287\" data-end=\"304\">Produktmodell<\/strong><\/td>\n<td>MG-WB15015<\/td>\n<\/tr>\n<tr data-start=\"369\" data-end=\"452\">\n<td><strong data-start=\"371\" data-end=\"391\">Produktkategorie<\/strong><\/td>\n<td>LED-Wandmontagebeleuchtung<\/td>\n<\/tr>\n<tr data-start=\"453\" data-end=\"536\">\n<td><strong data-start=\"455\" data-end=\"476\"><strong><a href=\"https:\/\/ledsteplight.com\/de\/dm36b-pro-honeycomb-anti-glare-led-in-ground-light-ip67-24v-dc\/\" class=\"waam-auto-link\" title=\"Betriebsspannung\">Betriebsspannung<\/a><\/strong><\/strong><\/td>\n<td>220-240V AC <em data-start=\"496\" data-end=\"513\">(Beispielwert)<\/em><\/td>\n<\/tr>\n<tr data-start=\"537\" data-end=\"620\">\n<td><strong data-start=\"539\" data-end=\"560\">Betriebsstrom<\/strong><\/td>\n<td>\u2014 (Nicht spezifiziert)<\/td>\n<\/tr>\n<tr data-start=\"621\" data-end=\"704\">\n<td><strong data-start=\"623\" data-end=\"644\">Stromverbrauch<\/strong><\/td>\n<td>&lt; 50W <em data-start=\"658\" data-end=\"675\">(Beispielwert)<\/em><\/td>\n<\/tr>\n<tr data-start=\"705\" data-end=\"788\">\n<td><strong data-start=\"707\" data-end=\"723\">Lichtstrom<\/strong><\/td>\n<td>1500 lm <em data-start=\"744\" data-end=\"761\">(Beispielwert)<\/em><\/td>\n<\/tr>\n<tr data-start=\"789\" data-end=\"872\">\n<td><strong data-start=\"791\" data-end=\"812\">Farbtemperatur<\/strong><\/td>\n<td>4000K<\/td>\n<\/tr>\n<tr data-start=\"873\" data-end=\"956\">\n<td><strong data-start=\"875\" data-end=\"888\">IP-Bewertung<\/strong><\/td>\n<td>IP65 (Geeignet f\u00fcr Innen- und Au\u00dfenbereich)<\/td>\n<\/tr>\n<tr data-start=\"957\" data-end=\"1040\">\n<td><strong data-start=\"959\" data-end=\"984\">Betriebstemperatur<\/strong><\/td>\n<td>-10\u00b0C bis +50\u00b0C<\/td>\n<\/tr>\n<tr data-start=\"1041\" data-end=\"1124\">\n<td><strong data-start=\"1043\" data-end=\"1057\">Abmessungen<\/strong><\/td>\n<td>\u2014 (Nicht spezifiziert)<\/td>\n<\/tr>\n<tr data-start=\"1125\" data-end=\"1208\">\n<td><strong data-start=\"1127\" data-end=\"1137\">Gewicht<\/strong><\/td>\n<td>\u2014 (Nicht spezifiziert)<\/td>\n<\/tr>\n<tr data-start=\"1209\" data-end=\"1292\">\n<td><strong data-start=\"1211\" data-end=\"1223\">Lebensdauer<\/strong><\/td>\n<td>Bis zu 40.000 Stunden <em data-start=\"1259\" data-end=\"1276\">(Beispielwert)<\/em><\/td>\n<\/tr>\n<tr data-start=\"1293\" data-end=\"1381\">\n<td><strong data-start=\"1295\" data-end=\"1318\">Zus\u00e4tzliche Funktionen<\/strong><\/td>\n<td>Intelligente Steuerung, dimmbar, energieeffizient, elegantes Design<\/td>\n<\/tr>\n<\/tbody>\n<\/table>\n<p data-start=\"762\" data-end=\"1174\"><strong data-start=\"766\" data-end=\"815\">WB15015 Hochleistungs-LED-Wandlampe<\/strong> liefert leistungsstark und gleichm\u00e4\u00dfig <strong><a href=\"https:\/\/ledsteplight.com\/de\/vorteile-des-pir-sensor-treppenlichts-fur-die-sicherheit\/\" class=\"waam-auto-link\" title=\"Beleuchtung\">Beleuchtung<\/a><\/strong> f\u00fcr <strong data-start=\"863\" data-end=\"918\">Geb\u00e4ude, Hotels und Au\u00dfenarchitekturbereiche<\/strong>. Hergestellt aus langlebigen Materialien und einem <strong data-start=\"956\" data-end=\"982\">IP65 wasserdichter Schutzart<\/strong>, bietet zuverl\u00e4ssige Beleuchtung f\u00fcr <strong data-start=\"1018\" data-end=\"1055\">Fassaden, Flure und Eing\u00e4nge<\/strong>. Die fortschrittliche LED-Technologie sorgt f\u00fcr hohe Helligkeit bei geringem Energieverbrauch, ideal f\u00fcr moderne Au\u00dfenanlagen. <strong><a href=\"https:\/\/ledsteplight.com\/de\/ultimer-leitfaden-fur-landschafts-inground-beleuchtungslosungen\/\" class=\"waam-auto-link\" title=\"Designs\">Designs<\/a><\/strong>.<\/p>\n<p data-start=\"1176\" data-end=\"1555\">Als f\u00fchrender <strong data-start=\"1189\" data-end=\"1246\">LED <strong><a href=\"https:\/\/ledsteplight.com\/de\/cree-bridgelux-chip-ip65-led-fixture-for-garden-facade-lighting\/\" class=\"waam-auto-link\" title=\"Wandleuchte\">Wandleuchte<\/a><\/strong> Hersteller und OEM-Lieferant in China<\/strong>, wir sind spezialisiert auf <strong data-start=\"1265\" data-end=\"1303\">ma\u00dfgeschneiderte und Gro\u00dfhandels-Beleuchtungsl\u00f6sungen<\/strong> f\u00fcr Architekten, Auftragnehmer und Importeure. Die <strong data-start=\"1352\" data-end=\"1370\">WB15015-Serie<\/strong> verbindet elegantes Design mit langlebiger Leistung und ist perfekt f\u00fcr <strong data-start=\"1447\" data-end=\"1512\">Gewerbegeb\u00e4ude, Hotels und <strong><a href=\"https:\/\/ledsteplight.com\/de\/mistakes-to-avoid-when-installing-in-ground-driveway-lights\/\" class=\"waam-auto-link\" title=\"Landschaftsbeleuchtung\">Landschaftsbeleuchtung<\/a><\/strong> Projekte<\/strong> die professionelle Qualit\u00e4tsstandards erfordern.<\/p>","protected":false},"excerpt":{"rendered":"<p>WB15015 Hochleistungs-LED-Wandmontageleuchte. IP65 wasserdicht, ideal f\u00fcr Geb\u00e4ude- und Hotelbeleuchtung. OEM\/ODM-Hersteller f\u00fcr Architekturbeleuchtung in China.<\/p>","protected":false},"featured_media":37336,"comment_status":"open","ping_status":"closed","template":"","meta":[],"product_brand":[],"product_cat":[100,426,427,428,439,429,440,118,430,441,431,442,443,432,433,444,464,445,446,434,435,436,437],"product_tag":[103,76,119,110,109,114,115],"class_list":{"0":"post-38076","1":"product","2":"type-product","3":"status-publish","4":"has-post-thumbnail","6":"product_cat-aluminum-ground-light","7":"product_cat-ceiling-recessed","8":"product_cat-ceiling-surface","9":"product_cat-ceiling-suspended","10":"product_cat-commercial","11":"product_cat-drivers","12":"product_cat-education","13":"product_cat-frameless-ground-light","14":"product_cat-freestanding-light","15":"product_cat-hospitality","16":"product_cat-industrial","17":"product_cat-infrastructure","18":"product_cat-landscape","19":"product_cat-landscaping","20":"product_cat-linear","21":"product_cat-office","22":"product_cat-c-outdoor-lighting","23":"product_cat-residential","24":"product_cat-retail","25":"product_cat-table-lamp","26":"product_cat-track","27":"product_cat-wall-recessed","28":"product_cat-wall-surface","29":"product_tag-aluminum-ground-light","30":"product_tag-aluminum-housing","31":"product_tag-frameless-ground-light","32":"product_tag-landscape-light","33":"product_tag-led-fixture","34":"product_tag-pathway-light","35":"product_tag-recessed-light","37":"first","38":"instock","39":"shipping-taxable","40":"product-type-simple"},"_links":{"self":[{"href":"https:\/\/ledsteplight.com\/de\/wp-json\/wp\/v2\/product\/38076","targetHints":{"allow":["GET"]}}],"collection":[{"href":"https:\/\/ledsteplight.com\/de\/wp-json\/wp\/v2\/product"}],"about":[{"href":"https:\/\/ledsteplight.com\/de\/wp-json\/wp\/v2\/types\/product"}],"replies":[{"embeddable":true,"href":"https:\/\/ledsteplight.com\/de\/wp-json\/wp\/v2\/comments?post=38076"}],"version-history":[{"count":3,"href":"https:\/\/ledsteplight.com\/de\/wp-json\/wp\/v2\/product\/38076\/revisions"}],"predecessor-version":[{"id":38619,"href":"https:\/\/ledsteplight.com\/de\/wp-json\/wp\/v2\/product\/38076\/revisions\/38619"}],"wp:featuredmedia":[{"embeddable":true,"href":"https:\/\/ledsteplight.com\/de\/wp-json\/wp\/v2\/media\/37336"}],"wp:attachment":[{"href":"https:\/\/ledsteplight.com\/de\/wp-json\/wp\/v2\/media?parent=38076"}],"wp:term":[{"taxonomy":"product_brand","embeddable":true,"href":"https:\/\/ledsteplight.com\/de\/wp-json\/wp\/v2\/product_brand?post=38076"},{"taxonomy":"product_cat","embeddable":true,"href":"https:\/\/ledsteplight.com\/de\/wp-json\/wp\/v2\/product_cat?post=38076"},{"taxonomy":"product_tag","embeddable":true,"href":"https:\/\/ledsteplight.com\/de\/wp-json\/wp\/v2\/product_tag?post=38076"}],"curies":[{"name":"wp","href":"https:\/\/api.w.org\/{rel}","templated":true}]}}