{"id":38078,"date":"2025-09-08T13:04:27","date_gmt":"2025-09-08T13:04:27","guid":{"rendered":"https:\/\/ledsteplight.com\/import-placeholder-for-37239\/"},"modified":"2026-01-19T02:14:18","modified_gmt":"2026-01-19T02:14:18","slug":"wb30015-hochleistungs-led-wandleuchte","status":"publish","type":"product","link":"https:\/\/ledsteplight.com\/de\/wb30015-hochleistungs-led-wandleuchte\/","title":{"rendered":"WB30015 \u2014 Hochleistungs-LED-Wandlampe | Hersteller &amp; Gro\u00dfhandel"},"content":{"rendered":"<table data-start=\"151\" data-end=\"1505\">\n<thead data-start=\"151\" data-end=\"240\">\n<tr data-start=\"151\" data-end=\"240\">\n<th data-start=\"151\" data-end=\"175\"><strong data-start=\"153\" data-end=\"166\">Parameter<\/strong><\/th>\n<th data-start=\"175\" data-end=\"240\"><strong data-start=\"177\" data-end=\"194\">Spezifikation<\/strong><\/th>\n<\/tr>\n<\/thead>\n<tbody data-start=\"331\" data-end=\"1505\">\n<tr data-start=\"331\" data-end=\"420\">\n<td><strong data-start=\"333\" data-end=\"350\">Produktmodell<\/strong><\/td>\n<td>MG-WB30015<\/td>\n<\/tr>\n<tr data-start=\"421\" data-end=\"510\">\n<td><strong data-start=\"423\" data-end=\"439\">Produktgr\u00f6\u00dfe<\/strong><\/td>\n<td>\u03c670 \u00d7 H150mm<\/td>\n<\/tr>\n<tr data-start=\"511\" data-end=\"600\">\n<td><strong data-start=\"513\" data-end=\"533\">Funktionssteuerung<\/strong><\/td>\n<td>Ein\/Aus; Dimmoption verf\u00fcgbar (je nach Modell)<\/td>\n<\/tr>\n<tr data-start=\"601\" data-end=\"691\">\n<td><strong data-start=\"603\" data-end=\"619\">Lichtquelle<\/strong><\/td>\n<td>OSRAM \/ CREE 3014 SMD LED<\/td>\n<\/tr>\n<tr data-start=\"692\" data-end=\"781\">\n<td><strong data-start=\"694\" data-end=\"703\">Watt<\/strong><\/td>\n<td>5W<\/td>\n<\/tr>\n<tr data-start=\"782\" data-end=\"871\">\n<td><strong data-start=\"784\" data-end=\"794\">Gewicht<\/strong><\/td>\n<td>0,6kg<\/td>\n<\/tr>\n<tr data-start=\"872\" data-end=\"963\">\n<td><strong data-start=\"874\" data-end=\"886\">Wechselstrom-Eingang<\/strong><\/td>\n<td>100-240V, 50-60Hz \/ DC12\/24V<\/td>\n<\/tr>\n<tr data-start=\"964\" data-end=\"1053\">\n<td><strong data-start=\"966\" data-end=\"976\">Treiber<\/strong><\/td>\n<td>DC24V<\/td>\n<\/tr>\n<tr data-start=\"1054\" data-end=\"1145\">\n<td><strong data-start=\"1056\" data-end=\"1077\"><strong><a href=\"https:\/\/ledsteplight.com\/de\/dm36b-pro-honeycomb-anti-glare-led-in-ground-light-ip67-24v-dc\/\" class=\"waam-auto-link\" title=\"Farbtemperatur\">Farbtemperatur<\/a><\/strong><\/strong><\/td>\n<td>3000K, 4000K, 5700K<\/td>\n<\/tr>\n<tr data-start=\"1146\" data-end=\"1235\">\n<td><strong data-start=\"1148\" data-end=\"1160\">Material<\/strong><\/td>\n<td>Aluminium<\/td>\n<\/tr>\n<tr data-start=\"1236\" data-end=\"1325\">\n<td><strong data-start=\"1238\" data-end=\"1247\">Farbe<\/strong><\/td>\n<td>Wei\u00df, Schwarz<\/td>\n<\/tr>\n<tr data-start=\"1326\" data-end=\"1415\">\n<td><strong data-start=\"1328\" data-end=\"1341\">IP-Bewertung<\/strong><\/td>\n<td>IP65<\/td>\n<\/tr>\n<tr data-start=\"1416\" data-end=\"1505\">\n<td><strong data-start=\"1418\" data-end=\"1434\">Installation<\/strong><\/td>\n<td>Wandmontiert<\/td>\n<\/tr>\n<\/tbody>\n<\/table>\n<p data-start=\"0\" data-end=\"491\"><strong data-start=\"4\" data-end=\"18\">MG-WB30015<\/strong> ist ein kompakter, hocheffizienter <strong><a href=\"https:\/\/ledsteplight.com\/de\/cree-bridgelux-chip-ip65-led-fixture-for-garden-facade-lighting\/\" class=\"waam-auto-link\" title=\"Wandleuchte\">Wandleuchte<\/a><\/strong> f\u00fcr den Au\u00dfenbereich gebaut \u2014 \u03c670 \u00d7 H150 mm, langlebiges Aluminiumgeh\u00e4use und <strong data-start=\"128\" data-end=\"136\">IP65<\/strong> geeignet f\u00fcr feuchte Bereiche. Sie l\u00e4uft mit <strong data-start=\"173\" data-end=\"179\">5W<\/strong> OSRAM\/CREE 3014 SMD LEDs mit ausw\u00e4hlbaren Farbtemperaturen (3000K \/ 4000K \/ 5700K), akzeptiert <strong data-start=\"266\" data-end=\"278\">100\u2013240V<\/strong> AC oder <strong data-start=\"285\" data-end=\"297\">DC12\/24V<\/strong> Eingang und wird mit einem <strong data-start=\"321\" data-end=\"330\">DC24V<\/strong> Treiber geliefert; eine dimmbare Option ist je nach Modell verf\u00fcgbar. Sauberes, schmales Profil macht sie ideal f\u00fcr Hotel-Fassaden, Gehwege, Eing\u00e4nge und gewerbliche Au\u00dfenbereiche.<\/p>\n<p data-start=\"493\" data-end=\"820\" data-is-last-node=\"\" data-is-only-node=\"\">Fertigung in Serie und OEM-freundlich: Wir f\u00fchren Chargen- elektrische und Alterungstests vor dem Versand durch und k\u00f6nnen auf Wunsch Markenverpackungen, alternative Treiber oder Volumenanpassungen unterst\u00fctzen. Brauchen Sie Muster, Spezifikationsbl\u00e4tter oder ein Gro\u00dfhandelsangebot? Teilen Sie uns die Menge und spezielle Anforderungen mit, und wir erhalten Preis und Lieferzeit direkt vom Werk.<\/p>","protected":false},"excerpt":{"rendered":"<p data-start=\"3709\" data-end=\"4579\">MG-WB30015 5W LED Wandleuchte \u2014 IP65 Aluminiumgeh\u00e4use, 3000\/4000\/5700K. Fabrik OEM: Muster, Gro\u00dfhandelspreise und individuelle Optionen verf\u00fcgbar<\/p>","protected":false},"featured_media":37339,"comment_status":"open","ping_status":"closed","template":"","meta":[],"product_brand":[],"product_cat":[100,426,427,428,439,429,440,118,430,441,431,442,443,432,433,444,464,445,446,434,435,436,437],"product_tag":[103,76,119,110,109,114,115],"class_list":{"0":"post-38078","1":"product","2":"type-product","3":"status-publish","4":"has-post-thumbnail","6":"product_cat-aluminum-ground-light","7":"product_cat-ceiling-recessed","8":"product_cat-ceiling-surface","9":"product_cat-ceiling-suspended","10":"product_cat-commercial","11":"product_cat-drivers","12":"product_cat-education","13":"product_cat-frameless-ground-light","14":"product_cat-freestanding-light","15":"product_cat-hospitality","16":"product_cat-industrial","17":"product_cat-infrastructure","18":"product_cat-landscape","19":"product_cat-landscaping","20":"product_cat-linear","21":"product_cat-office","22":"product_cat-c-outdoor-lighting","23":"product_cat-residential","24":"product_cat-retail","25":"product_cat-table-lamp","26":"product_cat-track","27":"product_cat-wall-recessed","28":"product_cat-wall-surface","29":"product_tag-aluminum-ground-light","30":"product_tag-aluminum-housing","31":"product_tag-frameless-ground-light","32":"product_tag-landscape-light","33":"product_tag-led-fixture","34":"product_tag-pathway-light","35":"product_tag-recessed-light","37":"first","38":"instock","39":"shipping-taxable","40":"product-type-simple"},"_links":{"self":[{"href":"https:\/\/ledsteplight.com\/de\/wp-json\/wp\/v2\/product\/38078","targetHints":{"allow":["GET"]}}],"collection":[{"href":"https:\/\/ledsteplight.com\/de\/wp-json\/wp\/v2\/product"}],"about":[{"href":"https:\/\/ledsteplight.com\/de\/wp-json\/wp\/v2\/types\/product"}],"replies":[{"embeddable":true,"href":"https:\/\/ledsteplight.com\/de\/wp-json\/wp\/v2\/comments?post=38078"}],"version-history":[{"count":3,"href":"https:\/\/ledsteplight.com\/de\/wp-json\/wp\/v2\/product\/38078\/revisions"}],"predecessor-version":[{"id":38604,"href":"https:\/\/ledsteplight.com\/de\/wp-json\/wp\/v2\/product\/38078\/revisions\/38604"}],"wp:featuredmedia":[{"embeddable":true,"href":"https:\/\/ledsteplight.com\/de\/wp-json\/wp\/v2\/media\/37339"}],"wp:attachment":[{"href":"https:\/\/ledsteplight.com\/de\/wp-json\/wp\/v2\/media?parent=38078"}],"wp:term":[{"taxonomy":"product_brand","embeddable":true,"href":"https:\/\/ledsteplight.com\/de\/wp-json\/wp\/v2\/product_brand?post=38078"},{"taxonomy":"product_cat","embeddable":true,"href":"https:\/\/ledsteplight.com\/de\/wp-json\/wp\/v2\/product_cat?post=38078"},{"taxonomy":"product_tag","embeddable":true,"href":"https:\/\/ledsteplight.com\/de\/wp-json\/wp\/v2\/product_tag?post=38078"}],"curies":[{"name":"wp","href":"https:\/\/api.w.org\/{rel}","templated":true}]}}