{"id":38079,"date":"2025-09-08T13:04:27","date_gmt":"2025-09-08T13:04:27","guid":{"rendered":"https:\/\/ledsteplight.com\/import-placeholder-for-37240\/"},"modified":"2026-01-19T02:14:18","modified_gmt":"2026-01-19T02:14:18","slug":"zb17070-eine-led-einbauleuchte-ip65-landschaft","status":"publish","type":"product","link":"https:\/\/ledsteplight.com\/de\/zb17070-eine-led-einbauleuchte-ip65-landschaft\/","title":{"rendered":"IP65 ZB17070-A LED Bodenleuchte \u2014 OEM &amp; Muster"},"content":{"rendered":"<table class=\"OxEWNITQ\">\n<thead>\n<tr>\n<th><strong>Produktmodell<\/strong><\/th>\n<th>MG-ZB17070-A<\/th>\n<\/tr>\n<\/thead>\n<tbody>\n<tr>\n<td><strong>Produktgr\u00f6\u00dfe<\/strong><\/td>\n<td>170mm (L\u00e4nge) x 70mm (Breite) x 48mm (H\u00f6he)<\/td>\n<\/tr>\n<tr>\n<td><strong>Schnittgr\u00f6\u00dfe<\/strong><\/td>\n<td>Siehe Installationsdiagramm in den technischen Daten<\/td>\n<\/tr>\n<tr>\n<td><strong>Funktionssteuerung<\/strong><\/td>\n<td>Schaltersteuerung<\/td>\n<\/tr>\n<tr>\n<td><strong>Lichtquelle<\/strong><\/td>\n<td>OSRAM \/ CREE LED<\/td>\n<\/tr>\n<tr>\n<td><strong>Leistung<\/strong><\/td>\n<td>3W bei 700mA<\/td>\n<\/tr>\n<tr>\n<td><strong>Gewicht<\/strong><\/td>\n<td>0,7 Kilogramm<\/td>\n<\/tr>\n<tr>\n<td><strong>Wechselstrom-Eingang<\/strong><\/td>\n<td>AC220V \/ DC24V<\/td>\n<\/tr>\n<tr>\n<td><strong>Treiber<\/strong><\/td>\n<td>Geliefert (Hersteller: KeGu \/ SHIKI)<\/td>\n<\/tr>\n<tr>\n<td><strong>Reflektorenwinkel<\/strong><\/td>\n<td>Nicht spezifiziert<\/td>\n<\/tr>\n<tr>\n<td><strong><strong><a href=\"https:\/\/ledsteplight.com\/de\/dm36b-pro-honeycomb-anti-glare-led-in-ground-light-ip67-24v-dc\/\" class=\"waam-auto-link\" title=\"Farbtemperatur\">Farbtemperatur<\/a><\/strong><\/strong><\/td>\n<td>2700K, 3000K, 3500K<\/td>\n<\/tr>\n<tr>\n<td><strong>Anschluss (Dr\u00e4hte\/L\u00e4nge\/Stecker)<\/strong><\/td>\n<td>Nicht spezifiziert<\/td>\n<\/tr>\n<tr>\n<td><strong>Material<\/strong><\/td>\n<td>Eisen mit Aluminium<\/td>\n<\/tr>\n<tr>\n<td><strong>Farbe\/Finish<\/strong><\/td>\n<td>Wei\u00df, Schwarz<\/td>\n<\/tr>\n<tr>\n<td><strong>IP-Bewertung<\/strong><\/td>\n<td>IP20 (Schutz gegen feste Objekte gr\u00f6\u00dfer als 12,5mm)<\/td>\n<\/tr>\n<tr>\n<td><strong>Montagemethode<\/strong><\/td>\n<td>Einbau-Vertiefung<\/td>\n<\/tr>\n<\/tbody>\n<\/table>\n<p>&nbsp;<\/p>\n<p data-start=\"34\" data-end=\"448\"><strong data-start=\"38\" data-end=\"54\">MG-ZB17070-A<\/strong> ist eine kompakte Einbau-<strong><a href=\"https:\/\/ledsteplight.com\/de\/cree-bridgelux-chip-ip65-led-fixture-for-garden-facade-lighting\/\" class=\"waam-auto-link\" title=\"Bodenleuchte\">Bodenleuchte<\/a><\/strong> (170 \u00d7 70 \u00d7 48 mm, 0,7 kg) gebaut f\u00fcr ordentliche, zuverl\u00e4ssige Landschafts- und Architekturinstallationen. Es verwendet <strong data-start=\"191\" data-end=\"219\">OSRAM oder CREE 3W (700mA)<\/strong> LEDs mit warmen Farboptionen (2700K\/3000K\/3500K) und wird mit einem <strong data-start=\"283\" data-end=\"297\">KeGu\/SHIKI<\/strong> Treiber geliefert und unterst\u00fctzt <strong data-start=\"318\" data-end=\"337\">AC220V oder DC24V<\/strong>. Das Geh\u00e4use besteht aus Eisen + Aluminium in Wei\u00df oder Schwarz; das Standardmodell ist <strong data-start=\"403\" data-end=\"411\">IP20<\/strong> f\u00fcr gesch\u00fctzte Einbauanwendungen.<\/p>\n<p data-start=\"450\" data-end=\"731\" data-is-last-node=\"\" data-is-only-node=\"\">Fabrikat hergestellt und OEM-bereit \u2014 alle Chargen durchlaufen elektrische Pr\u00fcfungen und Alterungstests vor dem Versand. Wir bieten Muster, individuelle Treiber, h\u00f6her IP-gesch\u00fctzte Wetterfestoptionen und Markenverpackungen an. Senden Sie die Menge und spezielle Anforderungen, und wir unterbreiten Ihnen ein Angebot mit Fertigungszeitraum.<\/p>","protected":false},"excerpt":{"rendered":"<p>MG-ZB17070-A Einbaubodenleuchte \u2014 3W mit OSRAM\/CREE-Optionen, 2700\u20133500K. Wird mit KeGu\/SHIKI Treiber geliefert. IP20 Standard; wetterfeste Versionen mit h\u00f6herer IP sind auf Anfrage erh\u00e4ltlich<\/p>","protected":false},"featured_media":37342,"comment_status":"open","ping_status":"closed","template":"","meta":[],"product_brand":[],"product_cat":[100,426,427,428,439,429,440,430,441,431,442,443,432,433,136,444,464,445,446,434,435,436,437],"product_tag":[103,76,77,137,83],"class_list":{"0":"post-38079","1":"product","2":"type-product","3":"status-publish","4":"has-post-thumbnail","6":"product_cat-aluminum-ground-light","7":"product_cat-ceiling-recessed","8":"product_cat-ceiling-surface","9":"product_cat-ceiling-suspended","10":"product_cat-commercial","11":"product_cat-drivers","12":"product_cat-education","13":"product_cat-freestanding-light","14":"product_cat-hospitality","15":"product_cat-industrial","16":"product_cat-infrastructure","17":"product_cat-landscape","18":"product_cat-landscaping","19":"product_cat-linear","20":"product_cat-narrow-border-ground-light","21":"product_cat-office","22":"product_cat-c-outdoor-lighting","23":"product_cat-residential","24":"product_cat-retail","25":"product_cat-table-lamp","26":"product_cat-track","27":"product_cat-wall-recessed","28":"product_cat-wall-surface","29":"product_tag-aluminum-ground-light","30":"product_tag-aluminum-housing","31":"product_tag-ground-light","32":"product_tag-narrow-border-ground-light","33":"product_tag-waterproof-fixture","35":"first","36":"instock","37":"shipping-taxable","38":"product-type-simple"},"_links":{"self":[{"href":"https:\/\/ledsteplight.com\/de\/wp-json\/wp\/v2\/product\/38079","targetHints":{"allow":["GET"]}}],"collection":[{"href":"https:\/\/ledsteplight.com\/de\/wp-json\/wp\/v2\/product"}],"about":[{"href":"https:\/\/ledsteplight.com\/de\/wp-json\/wp\/v2\/types\/product"}],"replies":[{"embeddable":true,"href":"https:\/\/ledsteplight.com\/de\/wp-json\/wp\/v2\/comments?post=38079"}],"version-history":[{"count":3,"href":"https:\/\/ledsteplight.com\/de\/wp-json\/wp\/v2\/product\/38079\/revisions"}],"predecessor-version":[{"id":38605,"href":"https:\/\/ledsteplight.com\/de\/wp-json\/wp\/v2\/product\/38079\/revisions\/38605"}],"wp:featuredmedia":[{"embeddable":true,"href":"https:\/\/ledsteplight.com\/de\/wp-json\/wp\/v2\/media\/37342"}],"wp:attachment":[{"href":"https:\/\/ledsteplight.com\/de\/wp-json\/wp\/v2\/media?parent=38079"}],"wp:term":[{"taxonomy":"product_brand","embeddable":true,"href":"https:\/\/ledsteplight.com\/de\/wp-json\/wp\/v2\/product_brand?post=38079"},{"taxonomy":"product_cat","embeddable":true,"href":"https:\/\/ledsteplight.com\/de\/wp-json\/wp\/v2\/product_cat?post=38079"},{"taxonomy":"product_tag","embeddable":true,"href":"https:\/\/ledsteplight.com\/de\/wp-json\/wp\/v2\/product_tag?post=38079"}],"curies":[{"name":"wp","href":"https:\/\/api.w.org\/{rel}","templated":true}]}}