{"id":38080,"date":"2025-09-08T13:04:27","date_gmt":"2025-09-08T13:04:27","guid":{"rendered":"https:\/\/ledsteplight.com\/import-placeholder-for-37241\/"},"modified":"2026-01-19T02:14:17","modified_gmt":"2026-01-19T02:14:17","slug":"mg-zb17070-b-led-bodeneinbauleuchte-ausenlandschaftsbeleuchtung","status":"publish","type":"product","link":"https:\/\/ledsteplight.com\/de\/mg-zb17070-b-led-bodeneinbauleuchte-ausenlandschaftsbeleuchtung\/","title":{"rendered":"MG-ZB17070-B Niederspannungs-Einbauleuchte \u2014 10\u00b0\u201360\u00b0 Strahlwinkel"},"content":{"rendered":"<p>&nbsp;<\/p>\n<table class=\"OxEWNITQ\">\n<thead>\n<tr>\n<th><strong>Produktmodell<\/strong><\/th>\n<th>MG-ZB17070-B<\/th>\n<\/tr>\n<\/thead>\n<tbody>\n<tr>\n<td><strong>Produktgr\u00f6\u00dfe<\/strong><\/td>\n<td>170mm (L\u00e4nge) x 70mm (Breite) x 48mm (H\u00f6he)<\/td>\n<\/tr>\n<tr>\n<td><strong>Schnittgr\u00f6\u00dfe<\/strong><\/td>\n<td>Siehe Installationsdiagramm in den technischen Daten<\/td>\n<\/tr>\n<tr>\n<td><strong>Funktionssteuerung<\/strong><\/td>\n<td>Schaltersteuerung<\/td>\n<\/tr>\n<tr>\n<td><strong>Lichtquelle<\/strong><\/td>\n<td>OSRAM \/ <strong><a href=\"https:\/\/ledsteplight.com\/de\/cree-bridgelux-chip-ip65-led-fixture-for-garden-facade-lighting\/\" class=\"waam-auto-link\" title=\"CREE LED\">CREE LED<\/a><\/strong><\/td>\n<\/tr>\n<tr>\n<td><strong>Leistung<\/strong><\/td>\n<td>3W bei 700mA<\/td>\n<\/tr>\n<tr>\n<td><strong>Gewicht<\/strong><\/td>\n<td>0,7 Kilogramm<\/td>\n<\/tr>\n<tr>\n<td><strong>Wechselstrom-Eingang<\/strong><\/td>\n<td>AC220V \/ DC24V<\/td>\n<\/tr>\n<tr>\n<td><strong>Treiber<\/strong><\/td>\n<td>Geliefert (Hersteller: KeGu \/ SHIKI)<\/td>\n<\/tr>\n<tr>\n<td><strong>Reflektorenwinkel<\/strong><\/td>\n<td>Nicht spezifiziert<\/td>\n<\/tr>\n<tr>\n<td><strong>Farbtemperatur<\/strong><\/td>\n<td>2700K, 3000K, 3500K<\/td>\n<\/tr>\n<tr>\n<td><strong>Anschluss (Dr\u00e4hte\/L\u00e4nge\/Stecker)<\/strong><\/td>\n<td>Nicht spezifiziert<\/td>\n<\/tr>\n<tr>\n<td><strong>Material<\/strong><\/td>\n<td>Eisen mit Aluminium<\/td>\n<\/tr>\n<tr>\n<td><strong>Farbe\/Finish<\/strong><\/td>\n<td>Wei\u00df, Schwarz<\/td>\n<\/tr>\n<tr>\n<td><strong>IP-Bewertung<\/strong><\/td>\n<td>IP20 (Schutz gegen feste Objekte gr\u00f6\u00dfer als 12,5mm)<\/td>\n<\/tr>\n<tr>\n<td><strong>Montagemethode<\/strong><\/td>\n<td>Einbau-Vertiefung<\/td>\n<\/tr>\n<\/tbody>\n<\/table>\n<p>&nbsp;<\/p>\n<p data-start=\"422\" data-end=\"686\"><strong data-start=\"426\" data-end=\"442\">MG-ZB17070-B<\/strong> ist eine kompakte <strong><a href=\"https:\/\/ledsteplight.com\/de\/dm36b-pro-honeycomb-anti-glare-led-in-ground-light-ip67-24v-dc\/\" class=\"waam-auto-link\" title=\"eingelassene Bodeneinbauleuchte\">eingelassene Bodeneinbauleuchte<\/a><\/strong> entwickelt f\u00fcr Projekte, bei denen Zuverl\u00e4ssigkeit und wiederholbare Leistung wichtig sind. Wir fertigen diese in unserer Fabrik und versenden sie als fertig montierte Einheiten oder als Marken-OEM-Muster \u2013 je nachdem, was in Ihren Beschaffungsprozess passt.<\/p>\n<p data-start=\"688\" data-end=\"1096\">Dieses Leuchtmittel misst <strong data-start=\"710\" data-end=\"730\">170 \u00d7 70 \u00d7 48 mm<\/strong> und wiegt <strong data-start=\"742\" data-end=\"752\">0,7 kg<\/strong>, sodass es leicht in standardm\u00e4\u00dfige Einbauf\u00e4cher installiert werden kann und nach der Montage unauff\u00e4llig bleibt. Es ist erh\u00e4ltlich mit <strong data-start=\"865\" data-end=\"887\">OSRAM- oder CREE-LEDs<\/strong> at <strong data-start=\"891\" data-end=\"905\">3W (700mA)<\/strong> und ist in drei warmen Farbtemperaturen erh\u00e4ltlich: <strong data-start=\"950\" data-end=\"977\">2700K, 3000K und 3500K<\/strong> \u2014 ideal f\u00fcr Landschaftsakzente, Hotelwege und architektonische Akzentbeleuchtung, bei der warmes, schmeichelhaftes Licht bevorzugt wird.<\/p>","protected":false},"excerpt":{"rendered":"<p>Fabrik OEM: MG-ZB17070-B eingelassene Bodeneinbauleuchte \u2014 3W mit OSRAM\/CREE-Optionen, 2700\u20133500K. Wird mit KeGu\/SHIKI Treiber geliefert. Eisen+Aluminium-Geh\u00e4use. IP20 Standard; h\u00f6her IP-Versionen auf Anfrage erh\u00e4ltlich<\/p>","protected":false},"featured_media":37344,"comment_status":"open","ping_status":"closed","template":"","meta":[],"product_brand":[],"product_cat":[100,426,427,428,439,429,440,430,441,431,442,443,432,433,136,444,464,445,446,434,435,436,437],"product_tag":[103,76,77,137,78],"class_list":{"0":"post-38080","1":"product","2":"type-product","3":"status-publish","4":"has-post-thumbnail","6":"product_cat-aluminum-ground-light","7":"product_cat-ceiling-recessed","8":"product_cat-ceiling-surface","9":"product_cat-ceiling-suspended","10":"product_cat-commercial","11":"product_cat-drivers","12":"product_cat-education","13":"product_cat-freestanding-light","14":"product_cat-hospitality","15":"product_cat-industrial","16":"product_cat-infrastructure","17":"product_cat-landscape","18":"product_cat-landscaping","19":"product_cat-linear","20":"product_cat-narrow-border-ground-light","21":"product_cat-office","22":"product_cat-c-outdoor-lighting","23":"product_cat-residential","24":"product_cat-retail","25":"product_cat-table-lamp","26":"product_cat-track","27":"product_cat-wall-recessed","28":"product_cat-wall-surface","29":"product_tag-aluminum-ground-light","30":"product_tag-aluminum-housing","31":"product_tag-ground-light","32":"product_tag-narrow-border-ground-light","33":"product_tag-outdoor-lighting","35":"first","36":"instock","37":"shipping-taxable","38":"product-type-simple"},"_links":{"self":[{"href":"https:\/\/ledsteplight.com\/de\/wp-json\/wp\/v2\/product\/38080","targetHints":{"allow":["GET"]}}],"collection":[{"href":"https:\/\/ledsteplight.com\/de\/wp-json\/wp\/v2\/product"}],"about":[{"href":"https:\/\/ledsteplight.com\/de\/wp-json\/wp\/v2\/types\/product"}],"replies":[{"embeddable":true,"href":"https:\/\/ledsteplight.com\/de\/wp-json\/wp\/v2\/comments?post=38080"}],"version-history":[{"count":3,"href":"https:\/\/ledsteplight.com\/de\/wp-json\/wp\/v2\/product\/38080\/revisions"}],"predecessor-version":[{"id":38606,"href":"https:\/\/ledsteplight.com\/de\/wp-json\/wp\/v2\/product\/38080\/revisions\/38606"}],"wp:featuredmedia":[{"embeddable":true,"href":"https:\/\/ledsteplight.com\/de\/wp-json\/wp\/v2\/media\/37344"}],"wp:attachment":[{"href":"https:\/\/ledsteplight.com\/de\/wp-json\/wp\/v2\/media?parent=38080"}],"wp:term":[{"taxonomy":"product_brand","embeddable":true,"href":"https:\/\/ledsteplight.com\/de\/wp-json\/wp\/v2\/product_brand?post=38080"},{"taxonomy":"product_cat","embeddable":true,"href":"https:\/\/ledsteplight.com\/de\/wp-json\/wp\/v2\/product_cat?post=38080"},{"taxonomy":"product_tag","embeddable":true,"href":"https:\/\/ledsteplight.com\/de\/wp-json\/wp\/v2\/product_tag?post=38080"}],"curies":[{"name":"wp","href":"https:\/\/api.w.org\/{rel}","templated":true}]}}