{"id":38081,"date":"2025-09-08T13:04:27","date_gmt":"2025-09-08T13:04:27","guid":{"rendered":"https:\/\/ledsteplight.com\/import-placeholder-for-37242\/"},"modified":"2026-01-19T02:14:17","modified_gmt":"2026-01-19T02:14:17","slug":"zb17070-c-led-in-ground-light-outdoor-landscape","status":"publish","type":"product","link":"https:\/\/ledsteplight.com\/de\/zb17070-c-led-in-ground-light-outdoor-landscape\/","title":{"rendered":"ZB17070-C Landschafts-Einbau-LED | H\u00e4ndlerpreise"},"content":{"rendered":"<table class=\"OxEWNITQ\">\n<thead>\n<tr>\n<th><strong>Produktmodell<\/strong><\/th>\n<th>MG-ZB17070-C<\/th>\n<\/tr>\n<\/thead>\n<tbody>\n<tr>\n<td><strong>Produktgr\u00f6\u00dfe<\/strong><\/td>\n<td>170mm (L\u00e4nge) x 70mm (Breite) x 48mm (H\u00f6he)<\/td>\n<\/tr>\n<tr>\n<td><strong>Schnittgr\u00f6\u00dfe<\/strong><\/td>\n<td>Siehe Installationsdiagramm in den technischen Daten<\/td>\n<\/tr>\n<tr>\n<td><strong>Funktionssteuerung<\/strong><\/td>\n<td>Schaltersteuerung<\/td>\n<\/tr>\n<tr>\n<td><strong>Lichtquelle<\/strong><\/td>\n<td>OSRAM \/ CREE LED<\/td>\n<\/tr>\n<tr>\n<td><strong>Leistung<\/strong><\/td>\n<td>3W bei 700mA<\/td>\n<\/tr>\n<tr>\n<td><strong>Gewicht<\/strong><\/td>\n<td>0,7 Kilogramm<\/td>\n<\/tr>\n<tr>\n<td><strong>Wechselstrom-Eingang<\/strong><\/td>\n<td>AC220V \/ DC24V<\/td>\n<\/tr>\n<tr>\n<td><strong>Treiber<\/strong><\/td>\n<td>Geliefert (Hersteller: KeGu \/ SHIKI)<\/td>\n<\/tr>\n<tr>\n<td><strong>Reflektorenwinkel<\/strong><\/td>\n<td>Nicht spezifiziert<\/td>\n<\/tr>\n<tr>\n<td><strong><strong><a href=\"https:\/\/ledsteplight.com\/de\/dm36b-pro-honeycomb-anti-glare-led-in-ground-light-ip67-24v-dc\/\" class=\"waam-auto-link\" title=\"Farbtemperatur\">Farbtemperatur<\/a><\/strong><\/strong><\/td>\n<td>2700K, 3000K, 3500K<\/td>\n<\/tr>\n<tr>\n<td><strong>Anschluss (Dr\u00e4hte\/L\u00e4nge\/Stecker)<\/strong><\/td>\n<td>Nicht spezifiziert<\/td>\n<\/tr>\n<tr>\n<td><strong>Material<\/strong><\/td>\n<td>Eisen mit Aluminium<\/td>\n<\/tr>\n<tr>\n<td><strong>Farbe\/Finish<\/strong><\/td>\n<td>Wei\u00df, Schwarz<\/td>\n<\/tr>\n<tr>\n<td><strong>IP-Bewertung<\/strong><\/td>\n<td>IP20 (Schutz gegen feste Objekte gr\u00f6\u00dfer als 12,5mm)<\/td>\n<\/tr>\n<tr>\n<td><strong>Montagemethode<\/strong><\/td>\n<td>Einbau-Vertiefung<\/td>\n<\/tr>\n<\/tbody>\n<\/table>\n<p data-start=\"0\" data-end=\"52\"><strong data-start=\"0\" data-end=\"52\">MG-ZB17070-C Einbau <strong><a href=\"https:\/\/ledsteplight.com\/de\/cree-bridgelux-chip-ip65-led-fixture-for-garden-facade-lighting\/\" class=\"waam-auto-link\" title=\"LED-Leuchte\">LED-Leuchte<\/a><\/strong> (IP20, Innenraum)<\/strong><\/p>\n<p data-start=\"54\" data-end=\"360\">Auf der Suche nach einer sauberen, modernen Downlight ohne Schnickschnack? Das MG-ZB17070-C h\u00e4lt es einfach: zuverl\u00e4ssige OSRAM\/CREE-LEDs, Ein\/Aus-Schaltersteuerung und eine Einfassung, die b\u00fcndig sitzt f\u00fcr ein sauberes, integriertes Aussehen. Das Eisen-Geh\u00e4use mit Aluminium-Akzenten f\u00fchlt sich solide an, nicht billig, und Sie k\u00f6nnen Wei\u00df oder Schwarz w\u00e4hlen, um den Raum anzupassen.<\/p>\n<p data-start=\"362\" data-end=\"378\"><strong data-start=\"362\" data-end=\"378\">Warum es funktioniert<\/strong><\/p>\n<ul data-start=\"379\" data-end=\"704\">\n<li data-start=\"379\" data-end=\"457\">\n<p data-start=\"381\" data-end=\"457\"><strong data-start=\"381\" data-end=\"397\">Einfache Wahl:<\/strong> Einfache Schaltersteuerung\u2014keine Lernkurve, keine App erforderlich.<\/p>\n<\/li>\n<li data-start=\"458\" data-end=\"552\">\n<p data-start=\"460\" data-end=\"552\"><strong data-start=\"460\" data-end=\"478\">Qualit\u00e4tslicht:<\/strong> Effizienter LED-Antrieb mit gleichbleibender Farbe und Leistung f\u00fcr den t\u00e4glichen Gebrauch.<\/p>\n<\/li>\n<li data-start=\"553\" data-end=\"630\">\n<p data-start=\"555\" data-end=\"630\"><strong data-start=\"555\" data-end=\"572\">Sauberes Finish:<\/strong> Recessed, eingebettete Installation f\u00fcr eine nahtlose Deckenlinie.<\/p>\n<\/li>\n<li data-start=\"631\" data-end=\"704\">\n<p data-start=\"633\" data-end=\"704\"><strong data-start=\"633\" data-end=\"659\">F\u00fcr den Innenbereich langlebig gebaut:<\/strong> IP20-Bewertung mit robustem Metallgeh\u00e4use.<\/p>\n<\/li>\n<\/ul>\n<p data-start=\"706\" data-end=\"723\"><strong data-start=\"706\" data-end=\"723\">Wo es passt<\/strong><\/p>\n<ul data-start=\"724\" data-end=\"897\">\n<li data-start=\"724\" data-end=\"775\">\n<p data-start=\"726\" data-end=\"775\">Einzelhandelsg\u00e4nge, Umkleider\u00e4ume und Schaufensterw\u00e4nde<\/p>\n<\/li>\n<li data-start=\"776\" data-end=\"816\">\n<p data-start=\"778\" data-end=\"816\">Lobbys, Flure und Gemeinschaftsbereiche<\/p>\n<\/li>\n<li data-start=\"817\" data-end=\"861\">\n<p data-start=\"819\" data-end=\"861\">K\u00fcchen, Wohnzimmer und Heimb\u00fcros<\/p>\n<\/li>\n<li data-start=\"862\" data-end=\"897\">\n<p data-start=\"864\" data-end=\"897\">Besprechungsr\u00e4ume und R\u00fcckzugsbereiche<\/p>\n<\/li>\n<\/ul>\n<p data-start=\"899\" data-end=\"914\"><strong data-start=\"899\" data-end=\"914\">Kurze technische Daten<\/strong><\/p>\n<ul data-start=\"915\" data-end=\"1129\">\n<li data-start=\"915\" data-end=\"944\">\n<p data-start=\"917\" data-end=\"944\">LED-Quelle: OSRAM oder CREE<\/p>\n<\/li>\n<li data-start=\"945\" data-end=\"997\">\n<p data-start=\"947\" data-end=\"997\">Konstruktion: Eisen-Geh\u00e4use mit Aluminium-Akzenten<\/p>\n<\/li>\n<li data-start=\"998\" data-end=\"1024\">\n<p data-start=\"1000\" data-end=\"1024\">Farben: Wei\u00df oder Schwarz<\/p>\n<\/li>\n<li data-start=\"1025\" data-end=\"1050\">\n<p data-start=\"1027\" data-end=\"1050\">Bewertung: IP20 (Innenbereich)<\/p>\n<\/li>\n<li data-start=\"1051\" data-end=\"1095\">\n<p data-start=\"1053\" data-end=\"1095\">Montage: Einbau\/<strong><a href=\"https:\/\/ledsteplight.com\/de\/5w-led-in-ground-lights-ip65-waterproof-outdoor-driveway-garden-floor-lighting\/\" class=\"waam-auto-link\" title=\"eingebettete Installation\">eingebettete Installation<\/a><\/strong><\/p>\n<\/li>\n<li data-start=\"1096\" data-end=\"1129\">\n<p data-start=\"1098\" data-end=\"1129\">Steuerung: Standard Ein\/Aus-Schalter<\/p>\n<\/li>\n<\/ul>","protected":false},"excerpt":{"rendered":"<p>MG-ZB17070-C eingelassene LED-Leuchte f\u00fcr B\u00fcros und Haushalte. OSRAM\/CREE im Inneren, IP20, flush-Installation, wei\u00dfe\/schwarze Optionen\u2014energieeffizient, blendfrei, einfach zu bedienen<\/p>","protected":false},"featured_media":37347,"comment_status":"open","ping_status":"closed","template":"","meta":[],"product_brand":[],"product_cat":[100,426,427,428,439,429,440,430,441,431,442,443,432,433,136,444,464,445,446,434,435,436,437],"product_tag":[103,76,77,137,78],"class_list":{"0":"post-38081","1":"product","2":"type-product","3":"status-publish","4":"has-post-thumbnail","6":"product_cat-aluminum-ground-light","7":"product_cat-ceiling-recessed","8":"product_cat-ceiling-surface","9":"product_cat-ceiling-suspended","10":"product_cat-commercial","11":"product_cat-drivers","12":"product_cat-education","13":"product_cat-freestanding-light","14":"product_cat-hospitality","15":"product_cat-industrial","16":"product_cat-infrastructure","17":"product_cat-landscape","18":"product_cat-landscaping","19":"product_cat-linear","20":"product_cat-narrow-border-ground-light","21":"product_cat-office","22":"product_cat-c-outdoor-lighting","23":"product_cat-residential","24":"product_cat-retail","25":"product_cat-table-lamp","26":"product_cat-track","27":"product_cat-wall-recessed","28":"product_cat-wall-surface","29":"product_tag-aluminum-ground-light","30":"product_tag-aluminum-housing","31":"product_tag-ground-light","32":"product_tag-narrow-border-ground-light","33":"product_tag-outdoor-lighting","35":"first","36":"instock","37":"shipping-taxable","38":"product-type-simple"},"_links":{"self":[{"href":"https:\/\/ledsteplight.com\/de\/wp-json\/wp\/v2\/product\/38081","targetHints":{"allow":["GET"]}}],"collection":[{"href":"https:\/\/ledsteplight.com\/de\/wp-json\/wp\/v2\/product"}],"about":[{"href":"https:\/\/ledsteplight.com\/de\/wp-json\/wp\/v2\/types\/product"}],"replies":[{"embeddable":true,"href":"https:\/\/ledsteplight.com\/de\/wp-json\/wp\/v2\/comments?post=38081"}],"version-history":[{"count":3,"href":"https:\/\/ledsteplight.com\/de\/wp-json\/wp\/v2\/product\/38081\/revisions"}],"predecessor-version":[{"id":38607,"href":"https:\/\/ledsteplight.com\/de\/wp-json\/wp\/v2\/product\/38081\/revisions\/38607"}],"wp:featuredmedia":[{"embeddable":true,"href":"https:\/\/ledsteplight.com\/de\/wp-json\/wp\/v2\/media\/37347"}],"wp:attachment":[{"href":"https:\/\/ledsteplight.com\/de\/wp-json\/wp\/v2\/media?parent=38081"}],"wp:term":[{"taxonomy":"product_brand","embeddable":true,"href":"https:\/\/ledsteplight.com\/de\/wp-json\/wp\/v2\/product_brand?post=38081"},{"taxonomy":"product_cat","embeddable":true,"href":"https:\/\/ledsteplight.com\/de\/wp-json\/wp\/v2\/product_cat?post=38081"},{"taxonomy":"product_tag","embeddable":true,"href":"https:\/\/ledsteplight.com\/de\/wp-json\/wp\/v2\/product_tag?post=38081"}],"curies":[{"name":"wp","href":"https:\/\/api.w.org\/{rel}","templated":true}]}}