{"id":38082,"date":"2025-09-08T13:04:27","date_gmt":"2025-09-08T13:04:27","guid":{"rendered":"https:\/\/ledsteplight.com\/import-placeholder-for-37252\/"},"modified":"2026-01-19T02:14:17","modified_gmt":"2026-01-19T02:14:17","slug":"dm35-led-ausenbodenleuchte-fabrikangepasste-beleuchtung","status":"publish","type":"product","link":"https:\/\/ledsteplight.com\/de\/dm35-led-ausenbodenleuchte-fabrikangepasste-beleuchtung\/","title":{"rendered":"DM35 LED Au\u00dfenbodenleuchte | Fabrikangepasste Beleuchtung"},"content":{"rendered":"<table data-start=\"140\" data-end=\"1545\">\n<thead data-start=\"140\" data-end=\"227\">\n<tr data-start=\"140\" data-end=\"227\">\n<th data-start=\"140\" data-end=\"171\"><strong data-start=\"142\" data-end=\"155\">Parameter<\/strong><\/th>\n<th data-start=\"171\" data-end=\"227\"><strong data-start=\"173\" data-end=\"184\">Details<\/strong><\/th>\n<\/tr>\n<\/thead>\n<tbody data-start=\"316\" data-end=\"1545\">\n<tr data-start=\"316\" data-end=\"403\">\n<td><strong data-start=\"318\" data-end=\"327\">Modell<\/strong><\/td>\n<td>MG-DM35 \/ DM35-FX \/ DM35-ST<\/td>\n<\/tr>\n<tr data-start=\"404\" data-end=\"491\">\n<td><strong data-start=\"406\" data-end=\"415\">Leistung<\/strong><\/td>\n<td>5W \/ 7W<\/td>\n<\/tr>\n<tr data-start=\"492\" data-end=\"579\">\n<td><strong data-start=\"494\" data-end=\"506\">LED-Typ<\/strong><\/td>\n<td>COB-LED<\/td>\n<\/tr>\n<tr data-start=\"580\" data-end=\"667\">\n<td><strong data-start=\"582\" data-end=\"599\">Eingangsspannung<\/strong><\/td>\n<td>AC85-265V<\/td>\n<\/tr>\n<tr data-start=\"668\" data-end=\"755\">\n<td><strong data-start=\"670\" data-end=\"691\"><strong><a href=\"https:\/\/ledsteplight.com\/de\/dm36b-pro-honeycomb-anti-glare-led-in-ground-light-ip67-24v-dc\/\" class=\"waam-auto-link\" title=\"Farbtemperatur\">Farbtemperatur<\/a><\/strong><\/strong><\/td>\n<td>2700K \/ 3000K \/ 6000K<\/td>\n<\/tr>\n<tr data-start=\"756\" data-end=\"843\">\n<td><strong data-start=\"758\" data-end=\"770\">Lebensdauer<\/strong><\/td>\n<td>Bis zu 40.000 Stunden<\/td>\n<\/tr>\n<tr data-start=\"844\" data-end=\"931\">\n<td><strong data-start=\"846\" data-end=\"859\">IP-Bewertung<\/strong><\/td>\n<td>IP67 (Wasserdicht &amp; Staubdicht)<\/td>\n<\/tr>\n<tr data-start=\"932\" data-end=\"1019\">\n<td><strong data-start=\"934\" data-end=\"948\">Abstrahlwinkel<\/strong><\/td>\n<td>90\u00b0 \/ 120\u00b0<\/td>\n<\/tr>\n<tr data-start=\"1020\" data-end=\"1107\">\n<td><strong data-start=\"1022\" data-end=\"1047\">Betriebstemperatur<\/strong><\/td>\n<td>-20\u00b0C bis +45\u00b0C<\/td>\n<\/tr>\n<tr data-start=\"1108\" data-end=\"1194\">\n<td><strong data-start=\"1110\" data-end=\"1122\">Material<\/strong><\/td>\n<td>Gussaluminium + Edelstahl<\/td>\n<\/tr>\n<tr data-start=\"1195\" data-end=\"1282\">\n<td><strong data-start=\"1197\" data-end=\"1218\">Montageart<\/strong><\/td>\n<td>Einbau \/ Oberfl\u00e4chenmontage<\/td>\n<\/tr>\n<tr data-start=\"1283\" data-end=\"1370\">\n<td><strong data-start=\"1285\" data-end=\"1297\">Garantie<\/strong><\/td>\n<td>3 Jahre<\/td>\n<\/tr>\n<tr data-start=\"1371\" data-end=\"1458\">\n<td><strong data-start=\"1373\" data-end=\"1390\">Zertifizierung<\/strong><\/td>\n<td>CE, RoHS<\/td>\n<\/tr>\n<tr data-start=\"1459\" data-end=\"1545\">\n<td><strong data-start=\"1461\" data-end=\"1476\">Anwendung<\/strong><\/td>\n<td>Au\u00dfenbereich (Weg, Terrasse, Einfahrt, Deck, Garten)<\/td>\n<\/tr>\n<\/tbody>\n<\/table>\n<p data-start=\"701\" data-end=\"1145\"><strong data-start=\"705\" data-end=\"734\">MG-DM35 LED-A Au\u00dfenleuchte<\/strong> ist eine Hochleistungs-Leuchte, die f\u00fcr moderne Landschaften und <strong><a href=\"https:\/\/ledsteplight.com\/de\/cree-bridgelux-chip-ip65-led-fixture-for-garden-facade-lighting\/\" class=\"waam-auto-link\" title=\"architektonische Beleuchtung\">architektonische Beleuchtung<\/a><\/strong>. Hergestellt mit hochwertigen COB-LEDs und gussaluminiumgeh\u00e4use, diese <strong data-start=\"894\" data-end=\"919\">IP67 wasserdichte Leuchte<\/strong> sorgt f\u00fcr au\u00dfergew\u00f6hnliche Haltbarkeit bei allen Wetterbedingungen. Mit mehreren Farbtemperaturen (2700K\/3000K\/6000K) und Abstrahlwinkeln (90\u00b0\/120\u00b0) liefert sie brillante <strong><a href=\"https:\/\/ledsteplight.com\/de\/vorteile-des-pir-sensor-treppenlichts-fur-die-sicherheit\/\" class=\"waam-auto-link\" title=\"Beleuchtung\">Beleuchtung<\/a><\/strong> f\u00fcr <strong data-start=\"1098\" data-end=\"1142\">G\u00e4rten, Terrassen, Wege und Einfahrten<\/strong>.<\/p>\n<p data-start=\"1147\" data-end=\"1530\">Als professioneller <strong data-start=\"1165\" data-end=\"1198\">LED <strong><a href=\"https:\/\/ledsteplight.com\/de\/5w-led-in-ground-lights-ip65-waterproof-outdoor-driveway-garden-floor-lighting\/\" class=\"waam-auto-link\" title=\"Bodenleuchte\">Bodenleuchte<\/a><\/strong> Hersteller<\/strong>bieten wir <strong data-start=\"1211\" data-end=\"1248\">OEM- und kundenspezifische Beleuchtungsl\u00f6sungen<\/strong> um vielf\u00e4ltigen Designanforderungen gerecht zu werden. Die DM35-Serie unterst\u00fctzt sowohl Einbau- als auch Oberfl\u00e4chenmontage und verf\u00fcgt \u00fcber bis zu <strong data-start=\"1362\" data-end=\"1387\">40.000 Stunden Lebensdauer<\/strong>, und entspricht <strong data-start=\"1407\" data-end=\"1437\">CE- und RoHS-Zertifizierungen<\/strong>, was sie ideal f\u00fcr gewerbliche, private und architektonische <strong><a href=\"https:\/\/ledsteplight.com\/de\/niederspannungs-landschaftsbeleuchtung-effektive-outdoor-losungen\/\" class=\"waam-auto-link\" title=\"Au\u00dfenbeleuchtung\">Au\u00dfenbeleuchtung<\/a><\/strong> Projekte.<\/p>","protected":false},"excerpt":{"rendered":"<article class=\"text-token-text-primary w-full focus:outline-none [--shadow-height:45px] has-data-writing-block:pointer-events-none has-data-writing-block:-mt-(--shadow-height) has-data-writing-block:pt-(--shadow-height) [&amp;:has([data-writing-block])&gt;*]:pointer-events-auto [content-visibility:auto] supports-[content-visibility:auto]:[contain-intrinsic-size:auto_100lvh] scroll-mt-[calc(var(--header-height)+min(200px,max(70px,20svh)))]\" dir=\"auto\" data-turn-id=\"request-WEB:e0c248f9-f6da-4ced-8ca2-419e398f9b7d-1\" data-testid=\"conversation-turn-4\" data-scroll-anchor=\"true\" data-turn=\"assistant\">\n<div class=\"text-base my-auto mx-auto pb-10 [--thread-content-margin:--spacing(4)] thread-sm:[--thread-content-margin:--spacing(6)] thread-lg:[--thread-content-margin:--spacing(16)] px-(--thread-content-margin)\">\n<div class=\"[--thread-content-max-width:40rem] thread-lg:[--thread-content-max-width:48rem] mx-auto max-w-(--thread-content-max-width) flex-1 group\/turn-messages focus-visible:outline-hidden relative flex w-full min-w-0 flex-col agent-turn\">\n<div class=\"flex max-w-full flex-col grow\">\n<div class=\"min-h-8 text-message relative flex w-full flex-col items-end gap-2 text-start break-words whitespace-normal [.text-message+&amp;]:mt-1\" dir=\"auto\" data-message-author-role=\"assistant\" data-message-id=\"f9711247-1528-4684-920e-b5e1054d1eea\" data-message-model-slug=\"gpt-5\">\n<div class=\"flex w-full flex-col gap-1 empty:hidden first:pt-[1px]\">\n<div class=\"markdown prose dark:prose-invert w-full break-words light markdown-new-styling\">\n<p data-start=\"1586\" data-end=\"1740\" data-is-last-node=\"\" data-is-only-node=\"\">DM35 LED Au\u00dfenbodenleuchte Fabrik. IP67 wasserdicht, COB LED, 5W\/7W Optionen, OEM- und Sonderanfertigungen. Perfekt f\u00fcr Garten-, Weg- und Landschaftsbeleuchtung.<\/p>\n<\/div>\n<\/div>\n<\/div>\n<\/div>\n<div class=\"z-0 flex min-h-[46px] justify-start\"><\/div>\n<div class=\"mt-3 w-full empty:hidden\">\n<div class=\"text-center\"><\/div>\n<\/div>\n<\/div>\n<\/div>\n<\/article>\n<div class=\"pointer-events-none h-px w-px\" aria-hidden=\"true\" data-edge=\"true\"><\/div>","protected":false},"featured_media":37349,"comment_status":"open","ping_status":"closed","template":"","meta":[],"product_brand":[],"product_cat":[100,426,427,428,439,429,440,430,441,126,431,442,443,432,433,444,112,464,445,446,106,434,435,436,437],"product_tag":[103,76,111,127,110,113,78,108],"class_list":{"0":"post-38082","1":"product","2":"type-product","3":"status-publish","4":"has-post-thumbnail","6":"product_cat-aluminum-ground-light","7":"product_cat-ceiling-recessed","8":"product_cat-ceiling-surface","9":"product_cat-ceiling-suspended","10":"product_cat-commercial","11":"product_cat-drivers","12":"product_cat-education","13":"product_cat-freestanding-light","14":"product_cat-hospitality","15":"product_cat-in-ground-light","16":"product_cat-industrial","17":"product_cat-infrastructure","18":"product_cat-landscape","19":"product_cat-landscaping","20":"product_cat-linear","21":"product_cat-office","22":"product_cat-outdoor-ground-light","23":"product_cat-c-outdoor-lighting","24":"product_cat-residential","25":"product_cat-retail","26":"product_cat-round-ground-light","27":"product_cat-table-lamp","28":"product_cat-track","29":"product_cat-wall-recessed","30":"product_cat-wall-surface","31":"product_tag-aluminum-ground-light","32":"product_tag-aluminum-housing","33":"product_tag-garden-lighting","34":"product_tag-in-ground-light","35":"product_tag-landscape-light","36":"product_tag-outdoor-ground-light","37":"product_tag-outdoor-lighting","38":"product_tag-round-ground-light","40":"first","41":"instock","42":"shipping-taxable","43":"product-type-simple"},"_links":{"self":[{"href":"https:\/\/ledsteplight.com\/de\/wp-json\/wp\/v2\/product\/38082","targetHints":{"allow":["GET"]}}],"collection":[{"href":"https:\/\/ledsteplight.com\/de\/wp-json\/wp\/v2\/product"}],"about":[{"href":"https:\/\/ledsteplight.com\/de\/wp-json\/wp\/v2\/types\/product"}],"replies":[{"embeddable":true,"href":"https:\/\/ledsteplight.com\/de\/wp-json\/wp\/v2\/comments?post=38082"}],"version-history":[{"count":3,"href":"https:\/\/ledsteplight.com\/de\/wp-json\/wp\/v2\/product\/38082\/revisions"}],"predecessor-version":[{"id":38608,"href":"https:\/\/ledsteplight.com\/de\/wp-json\/wp\/v2\/product\/38082\/revisions\/38608"}],"wp:featuredmedia":[{"embeddable":true,"href":"https:\/\/ledsteplight.com\/de\/wp-json\/wp\/v2\/media\/37349"}],"wp:attachment":[{"href":"https:\/\/ledsteplight.com\/de\/wp-json\/wp\/v2\/media?parent=38082"}],"wp:term":[{"taxonomy":"product_brand","embeddable":true,"href":"https:\/\/ledsteplight.com\/de\/wp-json\/wp\/v2\/product_brand?post=38082"},{"taxonomy":"product_cat","embeddable":true,"href":"https:\/\/ledsteplight.com\/de\/wp-json\/wp\/v2\/product_cat?post=38082"},{"taxonomy":"product_tag","embeddable":true,"href":"https:\/\/ledsteplight.com\/de\/wp-json\/wp\/v2\/product_tag?post=38082"}],"curies":[{"name":"wp","href":"https:\/\/api.w.org\/{rel}","templated":true}]}}