{"id":38083,"date":"2025-09-08T13:04:27","date_gmt":"2025-09-08T13:04:27","guid":{"rendered":"https:\/\/ledsteplight.com\/import-placeholder-for-37253\/"},"modified":"2026-01-19T02:14:16","modified_gmt":"2026-01-19T02:14:16","slug":"groshandel-3w-led-bodeneinbaulicht-dm36-ss-ip67-edelstahl-kundenspezifischer-hersteller","status":"publish","type":"product","link":"https:\/\/ledsteplight.com\/de\/groshandel-3w-led-bodeneinbaulicht-dm36-ss-ip67-edelstahl-kundenspezifischer-hersteller\/","title":{"rendered":"Gro\u00dfhandel 3W LED-Einbauleuchte (DM36-SS) | IP67 Edelstahl | Sonderhersteller"},"content":{"rendered":"<div class=\"flex max-w-full flex-col flex-grow\">\n<div class=\"min-h-8 text-message relative flex w-full flex-col items-end gap-2 whitespace-normal break-words text-start [.text-message+&amp;]:mt-5\" dir=\"auto\" data-message-author-role=\"assistant\" data-message-id=\"086f7924-0a83-450b-804e-18a4a3bc035e\" data-message-model-slug=\"gpt-4o\">\n<div class=\"flex w-full flex-col gap-1 empty:hidden first:pt-[3px]\">\n<div class=\"markdown prose w-full break-words dark:prose-invert light\">\n<div class=\"overflow-x-auto contain-inline-size\">\n<table data-start=\"35\" data-end=\"690\" data-is-last-node=\"\" data-is-only-node=\"\">\n<thead data-start=\"35\" data-end=\"76\">\n<tr data-start=\"35\" data-end=\"76\">\n<th data-start=\"35\" data-end=\"56\"><strong data-start=\"37\" data-end=\"54\">Produktmodell<\/strong><\/th>\n<th data-start=\"56\" data-end=\"76\"><strong data-start=\"58\" data-end=\"72\">MG-DM36-SS<\/strong><\/th>\n<\/tr>\n<\/thead>\n<tbody data-start=\"118\" data-end=\"690\" data-is-last-node=\"\">\n<tr data-start=\"118\" data-end=\"168\">\n<td><strong data-start=\"120\" data-end=\"136\">Produktgr\u00f6\u00dfe<\/strong><\/td>\n<td>\u00d850mm \u00d7 H50mm (Rund)<\/td>\n<\/tr>\n<tr data-start=\"169\" data-end=\"215\">\n<td><strong data-start=\"171\" data-end=\"183\">Schnittgr\u00f6\u00dfe<\/strong><\/td>\n<td>\u00d839mm \u00d7 H65mm (Rund)<\/td>\n<\/tr>\n<tr data-start=\"216\" data-end=\"247\">\n<td><strong data-start=\"218\" data-end=\"238\">Funktionssteuerung<\/strong><\/td>\n<td>&#8211;<\/td>\n<\/tr>\n<tr data-start=\"248\" data-end=\"286\">\n<td><strong data-start=\"250\" data-end=\"266\">Lichtquelle<\/strong><\/td>\n<td>OSRAM \/ CREE<\/td>\n<\/tr>\n<tr data-start=\"287\" data-end=\"316\">\n<td><strong data-start=\"289\" data-end=\"298\">Watt<\/strong><\/td>\n<td>3W (300mA)<\/td>\n<\/tr>\n<tr data-start=\"317\" data-end=\"343\">\n<td><strong data-start=\"319\" data-end=\"329\">Gewicht<\/strong><\/td>\n<td>0,45kg<\/td>\n<\/tr>\n<tr data-start=\"344\" data-end=\"374\">\n<td><strong data-start=\"346\" data-end=\"358\">Wechselstrom-Eingang<\/strong><\/td>\n<td>DC12\/24V<\/td>\n<\/tr>\n<tr data-start=\"375\" data-end=\"396\">\n<td><strong data-start=\"377\" data-end=\"387\">Treiber<\/strong><\/td>\n<td>&#8211;<\/td>\n<\/tr>\n<tr data-start=\"397\" data-end=\"447\">\n<td><strong data-start=\"399\" data-end=\"418\">Reflektorenwinkel<\/strong><\/td>\n<td>15\u00b0 \/ 30\u00b0 \/ 45\u00b0 \/ 60\u00b0<\/td>\n<\/tr>\n<tr data-start=\"448\" data-end=\"492\">\n<td><strong data-start=\"450\" data-end=\"471\"><strong><a href=\"https:\/\/ledsteplight.com\/de\/dm36b-pro-honeycomb-anti-glare-led-in-ground-light-ip67-24v-dc\/\" class=\"waam-auto-link\" title=\"Farbtemperatur\">Farbtemperatur<\/a><\/strong><\/strong><\/td>\n<td>3000K \/ 4000K<\/td>\n<\/tr>\n<tr data-start=\"493\" data-end=\"518\">\n<td><strong data-start=\"495\" data-end=\"509\">Verbinden<\/strong><\/td>\n<td>&#8211;<\/td>\n<\/tr>\n<tr data-start=\"519\" data-end=\"567\">\n<td><strong data-start=\"521\" data-end=\"533\">Material<\/strong><\/td>\n<td>Aluminium \/ Edelstahl<\/td>\n<\/tr>\n<tr data-start=\"568\" data-end=\"602\">\n<td><strong data-start=\"570\" data-end=\"579\">Farbe<\/strong><\/td>\n<td>Edelstahl<\/td>\n<\/tr>\n<tr data-start=\"603\" data-end=\"630\">\n<td><strong data-start=\"605\" data-end=\"618\">IP-Bewertung<\/strong><\/td>\n<td>IP67<\/td>\n<\/tr>\n<tr data-start=\"631\" data-end=\"690\" data-is-last-node=\"\">\n<td><strong data-start=\"633\" data-end=\"649\">Installation<\/strong><\/td>\n<td>Einbau (mit eingebetteten Komponenten)<\/td>\n<\/tr>\n<\/tbody>\n<\/table>\n<\/div>\n<\/div>\n<\/div>\n<\/div>\n<\/div>\n<div class=\"mb-2 flex gap-3 -ml-2\">\n<div class=\"flex items-center justify-start rounded-xl p-1\">\n<div class=\"flex items-center transition-opacity group-hover\/turn:opacity-100 opacity-100\"><\/div>\n<\/div>\n<\/div>\n<ul>\n<li><b>Robuste Edelstahlkonstruktion:<\/b> Das gesamte Leuchtmittel ist aus hochwertigem Edelstahl gefertigt, was eine langfristige Leistung in rauen Au\u00dfenumgebungen gew\u00e4hrleistet.<\/li>\n<li><b>IP67 Wasserdichtheitsklasse:<\/b> Vollst\u00e4ndig versiegelt und mit Dichtungen versehen, ist das DM36-SS vollst\u00e4ndig gegen Staubeintritt und starke Wasserstrahlen gesch\u00fctzt, was es ideal f\u00fcr den Einsatz bei jedem Wetter macht.<\/li>\n<li><b>Premium Tier-1 Lichtquelle:<\/b> Angetrieben von einer hochwirksamen 3W LED von <b>OSRAM<\/b> or <b>CREE<\/b>, die zuverl\u00e4ssiges, hochwertiges Licht (3000K oder 4000K) liefert.<\/li>\n<li><b>Sicherer Niederspannungsbetrieb:<\/b> Entwickelt f\u00fcr <b>DC12V\/24V<\/b> <strong><a href=\"https:\/\/ledsteplight.com\/de\/ultimer-leitfaden-fur-landschafts-inground-beleuchtungslosungen\/\" class=\"waam-auto-link\" title=\"und bietet volle Kompatibilit\u00e4t mit fortschrittlichen Steuerungsmethoden, einschlie\u00dflich DALI und 0-10V, was es zu einer intelligenten Wahl f\u00fcr anspruchsvolle Landschafts- und Architekturgestaltungen macht. Mit mehreren Abstrahlwinkeln und Farbtemperaturen (2700K-4000K) erh\u00e4ltlich, erhalten Sie genau den Lichteffekt, den Sie ben\u00f6tigen.Als direkte\">und bietet volle Kompatibilit\u00e4t mit fortschrittlichen Steuerungsmethoden, einschlie\u00dflich DALI und 0-10V, was es zu einer intelligenten Wahl f\u00fcr anspruchsvolle Landschafts- und Architekturgestaltungen macht. Mit mehreren Abstrahlwinkeln und Farbtemperaturen (2700K-4000K) erh\u00e4ltlich, erhalten Sie genau den Lichteffekt, den Sie ben\u00f6tigen.\r\n\r\nAls direkte<\/a><\/strong>, um Sicherheit und einfache Integration in professionelle <strong><a href=\"https:\/\/ledsteplight.com\/de\/mistakes-to-avoid-when-installing-in-ground-driveway-lights\/\" class=\"waam-auto-link\" title=\"Landschaftsbeleuchtung\">Landschaftsbeleuchtung<\/a><\/strong> Projekte.<\/li>\n<li><b>Pr\u00e4zisionsoptik:<\/b> Verf\u00fcgbar in 15\u00b0, 30\u00b0, 45\u00b0 oder 60\u00b0 Strahlwinkel, um alles von engen Akzentstrahlern bis hin zu breiten Wegbeleuchtungen zu schaffen <strong><a href=\"https:\/\/ledsteplight.com\/de\/vorteile-des-pir-sensor-treppenlichts-fur-die-sicherheit\/\" class=\"waam-auto-link\" title=\"Beleuchtung\">Beleuchtung<\/a><\/strong>.<\/li>\n<\/ul>\n<p><b>Ihr B2B-Herstellungspartner: Gro\u00dfhandel &amp; Anpassung<\/b><\/p>\n<p>Wir sind ein direkter <b>Hersteller<\/b> des DM36-SS und einer vollst\u00e4ndigen Produktlinie architektonischer Beleuchtung. Wir spezialisieren uns auf die Zusammenarbeit mit H\u00e4ndlern, Elektroinstallateuren und Landschaftsdesignern.<\/p>\n<ul>\n<li><b>Gro\u00dfhandelspreise:<\/b> Wir bieten wettbewerbsf\u00e4hige, gestaffelte <b>Gro\u00dfhandel<\/b> Preise f\u00fcr Gro\u00dfbestellungen. Kontaktieren Sie unser Team f\u00fcr ein B2B-Angebot.<\/li>\n<li><b>Ma\u00dfgeschneiderte (OEM\/ODM) L\u00f6sungen:<\/b> Ben\u00f6tigen Sie Anpassungen? Wir bieten <b>ma\u00dfgeschneiderte<\/b> Fertigungsdienstleistungen an. Ob es sich um eine bestimmte Farbtemperatur, einen Abstrahlwinkel, Kabel\u00e4nge oder Branding handelt, unser Engineering-Team kann dieses Produkt genau auf Ihre Projektanforderungen abstimmen.<\/li>\n<\/ul>","protected":false},"excerpt":{"rendered":"<p>Finden Sie das DM36-SS 3W IP67 Einbauleuchte direkt von der <b>Hersteller<\/b>. Wir spezialisieren uns auf <b>Gro\u00dfhandel<\/b> &amp; <b>ma\u00dfgeschneiderte<\/b> Edelstahl-Landschaftsbeleuchtung. 12V\/24V, CREE\/OSRAM Chips.<\/p>","protected":false},"featured_media":37356,"comment_status":"open","ping_status":"closed","template":"","meta":[],"product_brand":[],"product_cat":[100,426,427,428,439,429,440,430,441,126,431,442,443,432,433,444,112,464,445,446,106,434,435,436,437],"product_tag":[103,76,77,127,113,78,108],"class_list":{"0":"post-38083","1":"product","2":"type-product","3":"status-publish","4":"has-post-thumbnail","6":"product_cat-aluminum-ground-light","7":"product_cat-ceiling-recessed","8":"product_cat-ceiling-surface","9":"product_cat-ceiling-suspended","10":"product_cat-commercial","11":"product_cat-drivers","12":"product_cat-education","13":"product_cat-freestanding-light","14":"product_cat-hospitality","15":"product_cat-in-ground-light","16":"product_cat-industrial","17":"product_cat-infrastructure","18":"product_cat-landscape","19":"product_cat-landscaping","20":"product_cat-linear","21":"product_cat-office","22":"product_cat-outdoor-ground-light","23":"product_cat-c-outdoor-lighting","24":"product_cat-residential","25":"product_cat-retail","26":"product_cat-round-ground-light","27":"product_cat-table-lamp","28":"product_cat-track","29":"product_cat-wall-recessed","30":"product_cat-wall-surface","31":"product_tag-aluminum-ground-light","32":"product_tag-aluminum-housing","33":"product_tag-ground-light","34":"product_tag-in-ground-light","35":"product_tag-outdoor-ground-light","36":"product_tag-outdoor-lighting","37":"product_tag-round-ground-light","39":"first","40":"instock","41":"shipping-taxable","42":"product-type-simple"},"_links":{"self":[{"href":"https:\/\/ledsteplight.com\/de\/wp-json\/wp\/v2\/product\/38083","targetHints":{"allow":["GET"]}}],"collection":[{"href":"https:\/\/ledsteplight.com\/de\/wp-json\/wp\/v2\/product"}],"about":[{"href":"https:\/\/ledsteplight.com\/de\/wp-json\/wp\/v2\/types\/product"}],"replies":[{"embeddable":true,"href":"https:\/\/ledsteplight.com\/de\/wp-json\/wp\/v2\/comments?post=38083"}],"version-history":[{"count":3,"href":"https:\/\/ledsteplight.com\/de\/wp-json\/wp\/v2\/product\/38083\/revisions"}],"predecessor-version":[{"id":38609,"href":"https:\/\/ledsteplight.com\/de\/wp-json\/wp\/v2\/product\/38083\/revisions\/38609"}],"wp:featuredmedia":[{"embeddable":true,"href":"https:\/\/ledsteplight.com\/de\/wp-json\/wp\/v2\/media\/37356"}],"wp:attachment":[{"href":"https:\/\/ledsteplight.com\/de\/wp-json\/wp\/v2\/media?parent=38083"}],"wp:term":[{"taxonomy":"product_brand","embeddable":true,"href":"https:\/\/ledsteplight.com\/de\/wp-json\/wp\/v2\/product_brand?post=38083"},{"taxonomy":"product_cat","embeddable":true,"href":"https:\/\/ledsteplight.com\/de\/wp-json\/wp\/v2\/product_cat?post=38083"},{"taxonomy":"product_tag","embeddable":true,"href":"https:\/\/ledsteplight.com\/de\/wp-json\/wp\/v2\/product_tag?post=38083"}],"curies":[{"name":"wp","href":"https:\/\/api.w.org\/{rel}","templated":true}]}}