{"id":38084,"date":"2025-09-08T13:04:27","date_gmt":"2025-09-08T13:04:27","guid":{"rendered":"https:\/\/ledsteplight.com\/import-placeholder-for-37254\/"},"modified":"2026-01-19T02:13:17","modified_gmt":"2026-01-19T02:13:17","slug":"mg-dm36-bz-ausenbodenleuchten","status":"publish","type":"product","link":"https:\/\/ledsteplight.com\/de\/mg-dm36-bz-ausenbodenleuchten\/","title":{"rendered":"MG-DM36-BZ Au\u00dfen-Einbauleuchten | Gro\u00dfhandel &amp; OEM-Fabrik"},"content":{"rendered":"<table class=\"OxEWNITQ\">\n<thead>\n<tr>\n<th><strong>Produktmodell<\/strong><\/th>\n<th>MG-DM36-BZ<\/th>\n<\/tr>\n<\/thead>\n<tbody>\n<tr>\n<td><strong>Produktgr\u00f6\u00dfe<\/strong><\/td>\n<td>\u00d850mm (Durchmesser) x 50mm (H\u00f6he)<\/td>\n<\/tr>\n<tr>\n<td><strong>Schnittgr\u00f6\u00dfe<\/strong><\/td>\n<td>\u00d835mm (Durchmesser) x 65mm (H\u00f6he) f\u00fcr Einbau<\/td>\n<\/tr>\n<tr>\n<td><strong>Funktionssteuerung<\/strong><\/td>\n<td>N\/A (Keine spezifische Funktionssteuerung angegeben)<\/td>\n<\/tr>\n<tr>\n<td><strong>Lichtquelle<\/strong><\/td>\n<td>OSRAM \/ CREE LED<\/td>\n<\/tr>\n<tr>\n<td><strong>Leistung<\/strong><\/td>\n<td>1-3W bei 300mA<\/td>\n<\/tr>\n<tr>\n<td><strong>Gewicht<\/strong><\/td>\n<td>0,45 Kilogramm<\/td>\n<\/tr>\n<tr>\n<td><strong>Wechselstrom-Eingang<\/strong><\/td>\n<td>DC12V \/ DC24V<\/td>\n<\/tr>\n<tr>\n<td><strong>Treiber<\/strong><\/td>\n<td>Nicht spezifiziert (Kann integriert oder extern sein)<\/td>\n<\/tr>\n<tr>\n<td><strong>Reflektorenwinkel<\/strong><\/td>\n<td>Verstellbar auf 15, 30, 45 oder 60 Grad<\/td>\n<\/tr>\n<tr>\n<td><strong><strong><a href=\"https:\/\/ledsteplight.com\/de\/dm36b-pro-honeycomb-anti-glare-led-in-ground-light-ip67-24v-dc\/\" class=\"waam-auto-link\" title=\"Farbtemperatur\">Farbtemperatur<\/a><\/strong><\/strong><\/td>\n<td>3000K, 4000K<\/td>\n<\/tr>\n<tr>\n<td><strong>Anschluss (Dr\u00e4hte\/L\u00e4nge\/Stecker)<\/strong><\/td>\n<td>Nicht spezifiziert<\/td>\n<\/tr>\n<tr>\n<td><strong>Material<\/strong><\/td>\n<td>Aluminium oder Edelstahl<\/td>\n<\/tr>\n<tr>\n<td><strong>Farbe\/Finish<\/strong><\/td>\n<td>Aluminium Matt-Finish<\/td>\n<\/tr>\n<tr>\n<td><strong>IP-Bewertung<\/strong><\/td>\n<td>IP67 (Staubdicht und gegen Eintauchen in Wasser bis zu 1 Meter Tiefe gesch\u00fctzt)<\/td>\n<\/tr>\n<tr>\n<td><strong>Montagemethode<\/strong><\/td>\n<td>Eingebaut mit optionalen Vorinstallierten Teilen<\/td>\n<\/tr>\n<\/tbody>\n<\/table>\n<p>&nbsp;<\/p>\n<p data-start=\"94\" data-end=\"374\"><strong data-start=\"94\" data-end=\"146\">MG-DM36-BZ Einbau-LED-Licht (4000K, ca. 3600 lm)<\/strong><br data-start=\"146\" data-end=\"149\" \/>Wenn Sie ein In- ben\u00f6tigen,<strong><a href=\"https:\/\/ledsteplight.com\/de\/cree-bridgelux-chip-ip65-led-fixture-for-garden-facade-lighting\/\" class=\"waam-auto-link\" title=\"Bodenleuchte\">Bodenleuchte<\/a><\/strong> das einfach funktioniert \u2013 und weiterhin funktioniert \u2013, dann ist dies das Richtige. Der MG-DM36-BZ wirft etwa 3.600 Lumen bei neutralen 4000K, sodass Wege, B\u00e4ume und Fassaden klar und konsistent aussehen, ohne diesen harten Blaustich.<\/p>\n<p data-start=\"1195\" data-end=\"1234\">","protected":false},"excerpt":{"rendered":"<div class=\"flex max-w-full flex-col flex-grow\">\n<div class=\"min-h-8 text-message relative flex w-full flex-col items-end gap-2 whitespace-normal break-words text-start [.text-message+&amp;]:mt-5\" dir=\"auto\" data-message-author-role=\"assistant\" data-message-id=\"5730eb60-14fe-420f-9de1-aa1b84070c8c\" data-message-model-slug=\"o3-mini\">\n<div class=\"flex w-full flex-col gap-1 empty:hidden first:pt-[3px]\">\n<div class=\"markdown prose w-full break-words dark:prose-invert light\">\n<p data-start=\"4032\" data-end=\"4548\">MG-DM36-BZ Erd-Innen-LED (~3.600 lm, 4000K, IP67). Intelligente Zeitplanung f\u00fcr effiziente, langlebige Beleuchtung entlang von Wegen, B\u00e4umen, Fassaden und Landschaftsprojekten<\/p>\n<\/div>\n<\/div>\n<\/div>\n<\/div>","protected":false},"featured_media":37360,"comment_status":"open","ping_status":"closed","template":"","meta":[],"product_brand":[],"product_cat":[100,426,427,428,439,429,440,430,441,126,431,442,443,432,433,444,112,464,445,446,106,434,435,436,437],"product_tag":[103,76,77,127,113,78,108],"class_list":{"0":"post-38084","1":"product","2":"type-product","3":"status-publish","4":"has-post-thumbnail","6":"product_cat-aluminum-ground-light","7":"product_cat-ceiling-recessed","8":"product_cat-ceiling-surface","9":"product_cat-ceiling-suspended","10":"product_cat-commercial","11":"product_cat-drivers","12":"product_cat-education","13":"product_cat-freestanding-light","14":"product_cat-hospitality","15":"product_cat-in-ground-light","16":"product_cat-industrial","17":"product_cat-infrastructure","18":"product_cat-landscape","19":"product_cat-landscaping","20":"product_cat-linear","21":"product_cat-office","22":"product_cat-outdoor-ground-light","23":"product_cat-c-outdoor-lighting","24":"product_cat-residential","25":"product_cat-retail","26":"product_cat-round-ground-light","27":"product_cat-table-lamp","28":"product_cat-track","29":"product_cat-wall-recessed","30":"product_cat-wall-surface","31":"product_tag-aluminum-ground-light","32":"product_tag-aluminum-housing","33":"product_tag-ground-light","34":"product_tag-in-ground-light","35":"product_tag-outdoor-ground-light","36":"product_tag-outdoor-lighting","37":"product_tag-round-ground-light","39":"first","40":"instock","41":"shipping-taxable","42":"product-type-simple"},"_links":{"self":[{"href":"https:\/\/ledsteplight.com\/de\/wp-json\/wp\/v2\/product\/38084","targetHints":{"allow":["GET"]}}],"collection":[{"href":"https:\/\/ledsteplight.com\/de\/wp-json\/wp\/v2\/product"}],"about":[{"href":"https:\/\/ledsteplight.com\/de\/wp-json\/wp\/v2\/types\/product"}],"replies":[{"embeddable":true,"href":"https:\/\/ledsteplight.com\/de\/wp-json\/wp\/v2\/comments?post=38084"}],"version-history":[{"count":4,"href":"https:\/\/ledsteplight.com\/de\/wp-json\/wp\/v2\/product\/38084\/revisions"}],"predecessor-version":[{"id":38610,"href":"https:\/\/ledsteplight.com\/de\/wp-json\/wp\/v2\/product\/38084\/revisions\/38610"}],"wp:featuredmedia":[{"embeddable":true,"href":"https:\/\/ledsteplight.com\/de\/wp-json\/wp\/v2\/media\/37360"}],"wp:attachment":[{"href":"https:\/\/ledsteplight.com\/de\/wp-json\/wp\/v2\/media?parent=38084"}],"wp:term":[{"taxonomy":"product_brand","embeddable":true,"href":"https:\/\/ledsteplight.com\/de\/wp-json\/wp\/v2\/product_brand?post=38084"},{"taxonomy":"product_cat","embeddable":true,"href":"https:\/\/ledsteplight.com\/de\/wp-json\/wp\/v2\/product_cat?post=38084"},{"taxonomy":"product_tag","embeddable":true,"href":"https:\/\/ledsteplight.com\/de\/wp-json\/wp\/v2\/product_tag?post=38084"}],"curies":[{"name":"wp","href":"https:\/\/api.w.org\/{rel}","templated":true}]}}