{"id":38085,"date":"2025-09-08T13:04:27","date_gmt":"2025-09-08T13:04:27","guid":{"rendered":"https:\/\/ledsteplight.com\/import-placeholder-for-37255\/"},"modified":"2025-12-11T15:29:42","modified_gmt":"2025-12-11T15:29:42","slug":"8w-einbaustrahler-hersteller-mg-dm80c-b2b-groshandel-individuelle-projekte","status":"publish","type":"product","link":"https:\/\/ledsteplight.com\/de\/8w-einbaustrahler-hersteller-mg-dm80c-b2b-groshandel-individuelle-projekte\/","title":{"rendered":"8W Einbaubeleuchtung Hersteller | MG-DM80c | B2B Gro\u00dfhandel &amp; Sonderprojekte"},"content":{"rendered":"<table class=\"OxEWNITQ\">\n<thead>\n<tr>\n<th>Parameter<\/th>\n<th>Details<\/th>\n<\/tr>\n<\/thead>\n<tbody>\n<tr>\n<td><strong>Produktmodell<\/strong><\/td>\n<td>MG-DM80c<\/td>\n<\/tr>\n<tr>\n<td><strong>Produktgr\u00f6\u00dfe<\/strong><\/td>\n<td>\u00d880mm Durchmesser, 40mm H\u00f6he<\/td>\n<\/tr>\n<tr>\n<td><strong>Ausschnittgr\u00f6\u00dfe<\/strong><\/td>\n<td>\u00d866mm Durchmesser, 50mm H\u00f6he<\/td>\n<\/tr>\n<tr>\n<td><strong>Funktionssteuerung<\/strong><\/td>\n<td>N\/A (Nicht spezifiziert)<\/td>\n<\/tr>\n<tr>\n<td><strong>Lichtquelle<\/strong><\/td>\n<td>COB-LED, RA90<\/td>\n<\/tr>\n<tr>\n<td><strong>Leistung<\/strong><\/td>\n<td>5W bis 10W<\/td>\n<\/tr>\n<tr>\n<td><strong>Produktgewicht<\/strong><\/td>\n<td>1kg<\/td>\n<\/tr>\n<tr>\n<td><strong>Eingangsleistungsparameter<\/strong><\/td>\n<td>DC24V<\/td>\n<\/tr>\n<tr>\n<td><strong>Treiber<\/strong><\/td>\n<td>N\/A (Typischerweise enthalten)<\/td>\n<\/tr>\n<tr>\n<td><strong>Reflektorenwinkel<\/strong><\/td>\n<td>15\u00b0\/24\u00b0\/36\u00b0\/45\u00b0 \/ Asymmetrisch 30\u00b0X40\u00b0<\/td>\n<\/tr>\n<tr>\n<td><strong><strong><a href=\"https:\/\/ledsteplight.com\/de\/dm36b-pro-honeycomb-anti-glare-led-in-ground-light-ip67-24v-dc\/\" class=\"waam-auto-link\" title=\"Farbtemperatur\">Farbtemperatur<\/a><\/strong><\/strong><\/td>\n<td>3000K (Warmwei\u00df)<\/td>\n<\/tr>\n<tr>\n<td><strong>Verdrahtung\/L\u00e4nge\/Stecker<\/strong><\/td>\n<td>N\/A (Nicht spezifiziert)<\/td>\n<\/tr>\n<tr>\n<td><strong>Material<\/strong><\/td>\n<td>Aluminium<\/td>\n<\/tr>\n<tr>\n<td><strong>Farbe\/Oberfl\u00e4chenfinish<\/strong><\/td>\n<td>N\/A (Nicht spezifiziert, aber typischerweise in verschiedenen Optionen erh\u00e4ltlich)<\/td>\n<\/tr>\n<tr>\n<td><strong>IP-Bewertung<\/strong><\/td>\n<td>N\/A (Nicht spezifiziert, aber oft f\u00fcr \u00e4hnliche Produkte angegeben)<\/td>\n<\/tr>\n<tr>\n<td><strong>Montagemethode<\/strong><\/td>\n<td>Einbaumontage (Eingebaut mit optionalem Vorverlegeschacht)<\/td>\n<\/tr>\n<\/tbody>\n<\/table>\n<p>MG-DM80c ist eine professionell gefertigte Einbauleuchte, die f\u00fcr Anwendungen entwickelt wurde, bei denen Farbgenauigkeit oberste Priorit\u00e4t hat. Ihr leistungsstarker COB-LED liefert einen au\u00dfergew\u00f6hnlichen Farbwiedergabeindex (CRI) von RA90, was sie zur perfekten Wahl f\u00fcr hochwertige Einzelhandelsdisplays, Kunstgalerien, Gastronomie und moderne Wohnprojekte macht.<\/p>\n<p>Aus einem langlebigen Aluminiumgeh\u00e4use gefertigt, bietet dieses 8W-Leuchtmittel eine optimale W\u00e4rmeableitung in einem kompakten (\u00d880mm) Design. Es arbeitet mit einer sicheren, effizienten DC24V-Eingangsspannung und l\u00e4sst sich leicht in anspruchsvolle Beleuchtungssysteme integrieren. <strong><a href=\"https:\/\/ledsteplight.com\/de\/ultimer-leitfaden-fur-landschafts-inground-beleuchtungslosungen\/\" class=\"waam-auto-link\" title=\"und bietet volle Kompatibilit\u00e4t mit fortschrittlichen Steuerungsmethoden, einschlie\u00dflich DALI und 0-10V, was es zu einer intelligenten Wahl f\u00fcr anspruchsvolle Landschafts- und Architekturgestaltungen macht. Mit mehreren Abstrahlwinkeln und Farbtemperaturen (2700K-4000K) erh\u00e4ltlich, erhalten Sie genau den Lichteffekt, den Sie ben\u00f6tigen.Als direkte\">und bietet volle Kompatibilit\u00e4t mit fortschrittlichen Steuerungsmethoden, einschlie\u00dflich DALI und 0-10V, was es zu einer intelligenten Wahl f\u00fcr anspruchsvolle Landschafts- und Architekturgestaltungen macht. Mit mehreren Abstrahlwinkeln und Farbtemperaturen (2700K-4000K) erh\u00e4ltlich, erhalten Sie genau den Lichteffekt, den Sie ben\u00f6tigen.\r\n\r\nAls direkte<\/a><\/strong>.<\/p>\n<p><b>Hauptmerkmale:<\/b><\/p>\n<ul>\n<li><b>Au\u00dfergew\u00f6hnliche Farbtreue:<\/b> Verf\u00fcgt \u00fcber eine hochwertige COB (Chip-on-Board) LED mit <b>CRI RA90<\/b>, die sicherstellt, dass Innenausstattungen, Kunstwerke und Waren in ihren echten, lebendigen Farben dargestellt werden.<\/li>\n<li><b>Pr\u00e4zise optische Steuerung:<\/b> Verf\u00fcgbar mit mehreren Strahlwinkeln (15\u00b0\/24\u00b0\/36\u00b0\/45\u00b0) f\u00fcr pr\u00e4zise <strong><a href=\"https:\/\/ledsteplight.com\/de\/decoration\/\" class=\"waam-auto-link\" title=\"Akzentbeleuchtung\">Akzentbeleuchtung<\/a><\/strong>.<\/li>\n<li><b>Erweiterte asymmetrische Option:<\/b> Der <b>Asymmetrische 30\u00b0X40\u00b0<\/b> Linse ist speziell f\u00fcr effektives Wandwaschen konzipiert, indem sie das Licht seitlich schiebt, um vertikale Fl\u00e4chen gleichm\u00e4\u00dfig zu beleuchten.<\/li>\n<li><b>Sicherer Niederspannungseingang:<\/b> Standard <b>DC24V<\/b> Betrieb ist ideal f\u00fcr zentrale Stromversorgungssysteme und gew\u00e4hrleistet Sicherheit.<\/li>\n<li><b>Warmes, einladendes Licht:<\/b> Standard 3000K (Warmwei\u00df) Farbtemperatur schafft eine angenehme und einladende Atmosph\u00e4re.<\/li>\n<li><b>Elegante Installation:<\/b> F\u00fcr ein sauberes, rahmenloses Erscheinungsbild mit einem \u00d866mm Ausschnitt konzipiert.<\/li>\n<\/ul>\n<p><b>Ihr B2B-Fertigungspartner<\/b><\/p>\n<p>Wir sind ein direkter <b>Hersteller<\/b> spezialisiert auf hochwertige <strong><a href=\"https:\/\/ledsteplight.com\/de\/cree-bridgelux-chip-ip65-led-fixture-for-garden-facade-lighting\/\" class=\"waam-auto-link\" title=\"architektonische Beleuchtung\">architektonische Beleuchtung<\/a><\/strong> f\u00fcr den internationalen Markt.<\/p>\n<ul>\n<li><b>Gro\u00dfhandelsversorgung:<\/b> Wir bieten wettbewerbsf\u00e4hige <b>Gro\u00dfhandel<\/b> Preise f\u00fcr Lichtvertriebspartner, Elektroinstallateure und Gro\u00dfprojekteink\u00e4ufe.<\/li>\n<li><b>Ma\u00dfgeschneiderte &amp; OEM-L\u00f6sungen:<\/b> Als Fabrik bieten wir vollst\u00e4ndige <b>ma\u00dfgeschneiderte<\/b> (OEM\/ODM)-Dienstleistungen. Wir k\u00f6nnen Oberfl\u00e4chen, Farbtemperaturen oder Anschl\u00fcsse an Ihre genauen Projektanforderungen anpassen. Kontaktieren Sie uns, um Ihre Anforderungen zu besprechen.<\/li>\n<\/ul>","protected":false},"excerpt":{"rendered":"<p>Direkt <b>Hersteller<\/b> vom 8W COB Downlight (MG-DM80c). Hoher CRI (RA90), DC24V und asymmetrische Linsenoptionen. Wir bieten B2B <b>Gro\u00dfhandel<\/b> Preise &amp; <b>ma\u00dfgeschneiderte<\/b> L\u00f6sungen.<\/p>","protected":false},"featured_media":37362,"comment_status":"open","ping_status":"closed","template":"","meta":[],"product_brand":[],"product_cat":[100,426,427,428,439,429,440,430,441,126,431,442,443,432,433,444,112,445,446,106,434,435,436,437],"product_tag":[103,76,127,113,78,114,115,108],"class_list":{"0":"post-38085","1":"product","2":"type-product","3":"status-publish","4":"has-post-thumbnail","6":"product_cat-aluminum-ground-light","7":"product_cat-ceiling-recessed","8":"product_cat-ceiling-surface","9":"product_cat-ceiling-suspended","10":"product_cat-commercial","11":"product_cat-drivers","12":"product_cat-education","13":"product_cat-freestanding-light","14":"product_cat-hospitality","15":"product_cat-in-ground-light","16":"product_cat-industrial","17":"product_cat-infrastructure","18":"product_cat-landscape","19":"product_cat-landscaping","20":"product_cat-linear","21":"product_cat-office","22":"product_cat-outdoor-ground-light","23":"product_cat-residential","24":"product_cat-retail","25":"product_cat-round-ground-light","26":"product_cat-table-lamp","27":"product_cat-track","28":"product_cat-wall-recessed","29":"product_cat-wall-surface","30":"product_tag-aluminum-ground-light","31":"product_tag-aluminum-housing","32":"product_tag-in-ground-light","33":"product_tag-outdoor-ground-light","34":"product_tag-outdoor-lighting","35":"product_tag-pathway-light","36":"product_tag-recessed-light","37":"product_tag-round-ground-light","39":"first","40":"instock","41":"shipping-taxable","42":"product-type-simple"},"_links":{"self":[{"href":"https:\/\/ledsteplight.com\/de\/wp-json\/wp\/v2\/product\/38085","targetHints":{"allow":["GET"]}}],"collection":[{"href":"https:\/\/ledsteplight.com\/de\/wp-json\/wp\/v2\/product"}],"about":[{"href":"https:\/\/ledsteplight.com\/de\/wp-json\/wp\/v2\/types\/product"}],"replies":[{"embeddable":true,"href":"https:\/\/ledsteplight.com\/de\/wp-json\/wp\/v2\/comments?post=38085"}],"version-history":[{"count":3,"href":"https:\/\/ledsteplight.com\/de\/wp-json\/wp\/v2\/product\/38085\/revisions"}],"predecessor-version":[{"id":38611,"href":"https:\/\/ledsteplight.com\/de\/wp-json\/wp\/v2\/product\/38085\/revisions\/38611"}],"wp:featuredmedia":[{"embeddable":true,"href":"https:\/\/ledsteplight.com\/de\/wp-json\/wp\/v2\/media\/37362"}],"wp:attachment":[{"href":"https:\/\/ledsteplight.com\/de\/wp-json\/wp\/v2\/media?parent=38085"}],"wp:term":[{"taxonomy":"product_brand","embeddable":true,"href":"https:\/\/ledsteplight.com\/de\/wp-json\/wp\/v2\/product_brand?post=38085"},{"taxonomy":"product_cat","embeddable":true,"href":"https:\/\/ledsteplight.com\/de\/wp-json\/wp\/v2\/product_cat?post=38085"},{"taxonomy":"product_tag","embeddable":true,"href":"https:\/\/ledsteplight.com\/de\/wp-json\/wp\/v2\/product_tag?post=38085"}],"curies":[{"name":"wp","href":"https:\/\/api.w.org\/{rel}","templated":true}]}}