{"id":38086,"date":"2025-09-08T13:04:27","date_gmt":"2025-09-08T13:04:27","guid":{"rendered":"https:\/\/ledsteplight.com\/import-placeholder-for-37256\/"},"modified":"2025-12-11T15:30:06","modified_gmt":"2025-12-11T15:30:06","slug":"groshandel-2w-led-86-box-stufenlicht-gyd038-plus-ip65-bewegungssensor","status":"publish","type":"product","link":"https:\/\/ledsteplight.com\/de\/groshandel-2w-led-86-box-stufenlicht-gyd038-plus-ip65-bewegungssensor\/","title":{"rendered":"Gro\u00dfhandel 2W LED 86 Box Stufenlicht (GYD038-PLUS) | IP65 &amp; Bewegungssensor"},"content":{"rendered":"<table class=\"OxEWNITQ\" style=\"font-family: var(--global-body-font-family)\">\n<thead>\n<tr>\n<th><strong>Parameter<\/strong><\/th>\n<th><strong>Details<\/strong><\/th>\n<\/tr>\n<\/thead>\n<tbody>\n<tr>\n<td><strong>Produktmodell<\/strong><\/td>\n<td>MG-GYD038-PLUS Serie<\/td>\n<\/tr>\n<tr>\n<td><strong>Produktgr\u00f6\u00dfe<\/strong><\/td>\n<td>L87 \u00d7 B87 \u00d7 H30mm<\/td>\n<\/tr>\n<tr>\n<td><strong>Schnittgr\u00f6\u00dfe<\/strong><\/td>\n<td>86mm Einbauschacht (Standard 86-Typ Ausschnitt)<\/td>\n<\/tr>\n<tr>\n<td><strong>Funktionssteuerung<\/strong><\/td>\n<td><strong><a href=\"https:\/\/ledsteplight.com\/de\/vorteile-des-pir-sensor-treppenlichts-fur-die-sicherheit\/\" class=\"waam-auto-link\" title=\"Bewegungssensor\">Bewegungssensor<\/a><\/strong> \/ Bewegung + Lichtsteuerung (Dualmodus)<\/td>\n<\/tr>\n<tr>\n<td><strong>Lichtquelle<\/strong><\/td>\n<td>OSRAM LED \/ CRI &gt;90<\/td>\n<\/tr>\n<tr>\n<td><strong>Leistung<\/strong><\/td>\n<td>2W (600mA Treiber)<\/td>\n<\/tr>\n<tr>\n<td><strong>Gewicht<\/strong><\/td>\n<td>0,5kg<\/td>\n<\/tr>\n<tr>\n<td><strong>Wechselstrom-Eingang<\/strong><\/td>\n<td>100-240V, 50\/60Hz<\/td>\n<\/tr>\n<tr>\n<td><strong>Treiber<\/strong><\/td>\n<td>Integrierter Konstantstromtreiber<\/td>\n<\/tr>\n<tr>\n<td><strong>Reflektorenwinkel<\/strong><\/td>\n<td>[Im Originaldatenblatt leer gelassen]<\/td>\n<\/tr>\n<tr>\n<td><strong><strong><a href=\"https:\/\/ledsteplight.com\/de\/dm36b-pro-honeycomb-anti-glare-led-in-ground-light-ip67-24v-dc\/\" class=\"waam-auto-link\" title=\"Farbtemperatur\">Farbtemperatur<\/a><\/strong> (CCT)<\/strong><\/td>\n<td>3000K (Warmwei\u00df), 4000K (Neutralwei\u00df), 5700K (Kaltwei\u00df)<\/td>\n<\/tr>\n<tr>\n<td><strong>Anschlussmethode<\/strong><\/td>\n<td>[Im Originaldatenblatt leer gelassen]<\/td>\n<\/tr>\n<tr>\n<td><strong>Material<\/strong><\/td>\n<td>Aluminiumlegierung<\/td>\n<\/tr>\n<tr>\n<td><strong>Farboptionen<\/strong><\/td>\n<td>Mattwei\u00df, Geb\u00fcrstetes Schwarz, Geb\u00fcrstetes Silber (<em>Geb\u00fcrstetes Gold\/Grau anpassbar<\/em>)<\/td>\n<\/tr>\n<tr>\n<td><strong>IP-Bewertung<\/strong><\/td>\n<td><strong><a href=\"https:\/\/ledsteplight.com\/de\/cree-bridgelux-chip-ip65-led-fixture-for-garden-facade-lighting\/\" class=\"waam-auto-link\" title=\"IP65\">IP65<\/a><\/strong> (Wasserfest &amp; Staubdicht)<\/td>\n<\/tr>\n<tr>\n<td><strong>Installation<\/strong><\/td>\n<td>Einbau in die Decke (Kompatibel mit 86mm Standard-Einbauboxen)<\/td>\n<\/tr>\n<\/tbody>\n<\/table>\n<p>Treffen Sie das MG-GYD038-PLUS. Dies ist nicht nur eine weitere kleine Au\u00dfenleuchte; es ist eine intelligente, 2W starke Arbeitsleuchte, die f\u00fcr Profis entwickelt wurde. Wir haben sie um eine standardm\u00e4\u00dfige 86mm eingebaute Box herum gestaltet, was die Installation bei jeder Einbausanierung schnell und sauber macht\u2014keine ma\u00dfgeschneiderten Ausschnitte, kein zus\u00e4tzlicher Arbeitsaufwand. Der K\u00f6rper besteht aus solidem Aluminiumlegierung mit einer echten IP65-Wasserdichtigkeitsklasse, bereit f\u00fcr jedes Wetter. Im Inneren sorgt ein hochwertiger OSRAM-Chip (CRI &gt;90) f\u00fcr klares, pr\u00e4zises Licht, betrieben von einem zuverl\u00e4ssigen, integrierten 100-240V-Treiber.<\/p>\n<p>Der wahre Wert f\u00fcr Ihre Kunden liegt in der integrierten Intelligenz. Dieses Modell verf\u00fcgt \u00fcber einen Dual-Modus-Bewegungs- und Lichtsensor, der Sicherheit bietet und Energie spart, ohne zus\u00e4tzliche Verkabelung. Es ist die perfekte, unkomplizierte Leuchte f\u00fcr gewerbliche Wege, Hoteltreppen oder private Terrassen. Als Hersteller lagern wir es in mattem Wei\u00df, geb\u00fcrstetem Schwarz und geb\u00fcrstetem Silber\u2014und wir bieten vollst\u00e4ndige Anpassungen an, einschlie\u00dflich individueller Farben (wie geb\u00fcrstetes Gold) und Private-Label-Services f\u00fcr Ihre Gro\u00dfhandelsbestellungen.<\/p>","protected":false},"excerpt":{"rendered":"<p>Beziehen Sie das 2W IP65 Au\u00dfen-Sensorlicht direkt aus der **Fabrik**. Das GYD038-PLUS passt in 86er K\u00e4sten. Wir bieten Gro\u00dfhandels- und **ma\u00dfgeschneiderte** (OEM) L\u00f6sungen f\u00fcr B2B-Partner an.<\/p>","protected":false},"featured_media":37370,"comment_status":"open","ping_status":"closed","template":"","meta":[],"product_brand":[],"product_cat":[116,99,100,426,427,428,439,429,440,430,441,431,442,443,432,433,444,112,445,446,101,434,435,436,437],"product_tag":[117,102,103,76,113,78,104,83],"class_list":{"0":"post-38086","1":"product","2":"type-product","3":"status-publish","4":"has-post-thumbnail","6":"product_cat-038-series","7":"product_cat-039-series","8":"product_cat-aluminum-ground-light","9":"product_cat-ceiling-recessed","10":"product_cat-ceiling-surface","11":"product_cat-ceiling-suspended","12":"product_cat-commercial","13":"product_cat-drivers","14":"product_cat-education","15":"product_cat-freestanding-light","16":"product_cat-hospitality","17":"product_cat-industrial","18":"product_cat-infrastructure","19":"product_cat-landscape","20":"product_cat-landscaping","21":"product_cat-linear","22":"product_cat-office","23":"product_cat-outdoor-ground-light","24":"product_cat-residential","25":"product_cat-retail","26":"product_cat-sensor-ground-light","27":"product_cat-table-lamp","28":"product_cat-track","29":"product_cat-wall-recessed","30":"product_cat-wall-surface","31":"product_tag-038-series","32":"product_tag-039-series","33":"product_tag-aluminum-ground-light","34":"product_tag-aluminum-housing","35":"product_tag-outdoor-ground-light","36":"product_tag-outdoor-lighting","37":"product_tag-sensor-ground-light","38":"product_tag-waterproof-fixture","40":"first","41":"instock","42":"shipping-taxable","43":"product-type-simple"},"_links":{"self":[{"href":"https:\/\/ledsteplight.com\/de\/wp-json\/wp\/v2\/product\/38086","targetHints":{"allow":["GET"]}}],"collection":[{"href":"https:\/\/ledsteplight.com\/de\/wp-json\/wp\/v2\/product"}],"about":[{"href":"https:\/\/ledsteplight.com\/de\/wp-json\/wp\/v2\/types\/product"}],"replies":[{"embeddable":true,"href":"https:\/\/ledsteplight.com\/de\/wp-json\/wp\/v2\/comments?post=38086"}],"version-history":[{"count":3,"href":"https:\/\/ledsteplight.com\/de\/wp-json\/wp\/v2\/product\/38086\/revisions"}],"predecessor-version":[{"id":38612,"href":"https:\/\/ledsteplight.com\/de\/wp-json\/wp\/v2\/product\/38086\/revisions\/38612"}],"wp:featuredmedia":[{"embeddable":true,"href":"https:\/\/ledsteplight.com\/de\/wp-json\/wp\/v2\/media\/37370"}],"wp:attachment":[{"href":"https:\/\/ledsteplight.com\/de\/wp-json\/wp\/v2\/media?parent=38086"}],"wp:term":[{"taxonomy":"product_brand","embeddable":true,"href":"https:\/\/ledsteplight.com\/de\/wp-json\/wp\/v2\/product_brand?post=38086"},{"taxonomy":"product_cat","embeddable":true,"href":"https:\/\/ledsteplight.com\/de\/wp-json\/wp\/v2\/product_cat?post=38086"},{"taxonomy":"product_tag","embeddable":true,"href":"https:\/\/ledsteplight.com\/de\/wp-json\/wp\/v2\/product_tag?post=38086"}],"curies":[{"name":"wp","href":"https:\/\/api.w.org\/{rel}","templated":true}]}}