{"id":38087,"date":"2025-09-08T13:04:27","date_gmt":"2025-09-08T13:04:27","guid":{"rendered":"https:\/\/ledsteplight.com\/import-placeholder-for-37257\/"},"modified":"2026-01-19T02:13:17","modified_gmt":"2026-01-19T02:13:17","slug":"die-professionelle-wahl-fur-standard-86-gehauseinstallationen","status":"publish","type":"product","link":"https:\/\/ledsteplight.com\/de\/die-professionelle-wahl-fur-standard-86-gehauseinstallationen\/","title":{"rendered":"Die Wahl des Profis f\u00fcr Standard 86-Box-Installationen"},"content":{"rendered":"<table class=\"OxEWNITQ\">\n<thead>\n<tr>\n<th><strong>Produktserie<\/strong><\/th>\n<th>MG-SN038-PLUS Serie<\/th>\n<\/tr>\n<\/thead>\n<tbody>\n<tr>\n<td><strong>Produktgr\u00f6\u00dfe<\/strong><\/td>\n<td>L87mm (L\u00e4nge) x B87mm (Breite) x H30mm (H\u00f6he)<\/td>\n<\/tr>\n<tr>\n<td><strong>Schnittgr\u00f6\u00dfe<\/strong><\/td>\n<td>86mm Vorinstallierte Box (Kompatibel)<\/td>\n<\/tr>\n<tr>\n<td><strong>Funktionssteuerung<\/strong><\/td>\n<td>EIN\/AUS<\/td>\n<\/tr>\n<tr>\n<td><strong>Lichtquelle<\/strong><\/td>\n<td>OSRAM \/ <strong><a href=\"https:\/\/ledsteplight.com\/de\/cree-bridgelux-chip-ip65-led-fixture-for-garden-facade-lighting\/\" class=\"waam-auto-link\" title=\"CREE LED\">CREE LED<\/a><\/strong> (RA&gt;90)<\/td>\n<\/tr>\n<tr>\n<td><strong>Leistung<\/strong><\/td>\n<td>2W bei 600mA<\/td>\n<\/tr>\n<tr>\n<td><strong>Gewicht<\/strong><\/td>\n<td>0,5 Kilogramm<\/td>\n<\/tr>\n<tr>\n<td><strong>Wechselstrom-Eingang<\/strong><\/td>\n<td>100-240V, 50-60Hz<\/td>\n<\/tr>\n<tr>\n<td><strong>Treiber<\/strong><\/td>\n<td>Integriert<\/td>\n<\/tr>\n<tr>\n<td><strong>Reflektorenwinkel<\/strong><\/td>\n<td>Nicht spezifiziert<\/td>\n<\/tr>\n<tr>\n<td><strong><strong><a href=\"https:\/\/ledsteplight.com\/de\/dm36b-pro-honeycomb-anti-glare-led-in-ground-light-ip67-24v-dc\/\" class=\"waam-auto-link\" title=\"Farbtemperatur\">Farbtemperatur<\/a><\/strong><\/strong><\/td>\n<td>3000K, 4000K, 5700K<\/td>\n<\/tr>\n<tr>\n<td><strong>Anschluss (Dr\u00e4hte\/L\u00e4nge\/Stecker)<\/strong><\/td>\n<td>Nicht spezifiziert<\/td>\n<\/tr>\n<tr>\n<td><strong>Material<\/strong><\/td>\n<td>Aluminium<\/td>\n<\/tr>\n<tr>\n<td><strong>Farbe\/Finish<\/strong><\/td>\n<td>Sandwei\u00df, Geb\u00fcrstetes Schwarz, Geb\u00fcrstetes Silber (Anpassbar in Geb\u00fcrstetes Gold\/Geb\u00fcrstetes Grau)<\/td>\n<\/tr>\n<tr>\n<td><strong>IP-Bewertung<\/strong><\/td>\n<td>IP65 (Schutz gegen Staub und Wasserstrahlen)<\/td>\n<\/tr>\n<tr>\n<td><strong>Montagemethode<\/strong><\/td>\n<td>Einbau in die Decke (Kompatibel mit 86mm Anschlussdose)<\/td>\n<\/tr>\n<\/tbody>\n<\/table>\n<p>Der MG-SN038-PLUS ist die Arbeitstier-Halterung, die Ihr B2B-Inventar ben\u00f6tigt. Wir haben diese f\u00fcr Installateure entwickelt: Sie ist so konzipiert, dass sie perfekt in jede standardm\u00e4\u00dfige 86 mm vorinstallierte Anschlussdose passt (L87xB87mm). Das bedeutet kein R\u00e4tselraten, keinen zus\u00e4tzlichen Arbeitsaufwand und keine ma\u00dfgeschneiderten Schnitte \u2013 nur eine saubere, schnelle und professionelle Installation jedes Mal. Dies ist das einfache Ein\/Aus-Modell, das f\u00fcr Zuverl\u00e4ssigkeit ausgelegt ist. Sein robustes Geh\u00e4use aus Aluminiumlegierung und die IP65-Wasserdichtigkeit bedeuten, dass es f\u00fcr jeden Au\u00dfenweg, Treppenhaus oder Deck bereit ist.<\/p>\n<p>Im Inneren verf\u00fcgt jede Einheit \u00fcber einen hochwertigen OSRAM\/CREE (CRI&gt;90) LED-Chip und einen integrierten 100-240V-Treiber, der gleichm\u00e4\u00dfiges, hochwertiges Licht liefert. Als Ihr direkt vom Hersteller bezogener Partner bieten wir vollst\u00e4ndige Anpassungen und Gro\u00dfhandelspreise f\u00fcr Mengenbestellungen an. W\u00e4hrend wir Sandwei\u00df, geb\u00fcrstetes Schwarz und geb\u00fcrstetes Silber auf Lager haben, k\u00f6nnen wir problemlos individuelle Oberfl\u00e4chen wie geb\u00fcrstetes Gold oder Grau herstellen, um die Hardware Ihres Projekts zu erg\u00e4nzen. Dies ist die einfache, zuverl\u00e4ssige Hochleistungsleuchte, die Ihre Kunden zufriedenstellt und Ihre Kosten senkt.<\/p>","protected":false},"excerpt":{"rendered":"<p>Erhalten Sie Gro\u00dfhandelspreise f\u00fcr die 2W IP65 LED-Leuchte (SN038-PLUS). Passt in Standard-86-Boxen f\u00fcr eine einfache Installation. Wir sind eine **Fabrik**, die vollst\u00e4ndige **kundenspezifische** und Private-Label-Services anbietet.<\/p>","protected":false},"featured_media":37372,"comment_status":"open","ping_status":"closed","template":"","meta":[],"product_brand":[],"product_cat":[116,99,100,426,427,428,439,429,440,430,441,431,442,443,432,433,444,112,464,445,446,434,435,436,437],"product_tag":[117,102,103,76,77,113,78],"class_list":{"0":"post-38087","1":"product","2":"type-product","3":"status-publish","4":"has-post-thumbnail","6":"product_cat-038-series","7":"product_cat-039-series","8":"product_cat-aluminum-ground-light","9":"product_cat-ceiling-recessed","10":"product_cat-ceiling-surface","11":"product_cat-ceiling-suspended","12":"product_cat-commercial","13":"product_cat-drivers","14":"product_cat-education","15":"product_cat-freestanding-light","16":"product_cat-hospitality","17":"product_cat-industrial","18":"product_cat-infrastructure","19":"product_cat-landscape","20":"product_cat-landscaping","21":"product_cat-linear","22":"product_cat-office","23":"product_cat-outdoor-ground-light","24":"product_cat-c-outdoor-lighting","25":"product_cat-residential","26":"product_cat-retail","27":"product_cat-table-lamp","28":"product_cat-track","29":"product_cat-wall-recessed","30":"product_cat-wall-surface","31":"product_tag-038-series","32":"product_tag-039-series","33":"product_tag-aluminum-ground-light","34":"product_tag-aluminum-housing","35":"product_tag-ground-light","36":"product_tag-outdoor-ground-light","37":"product_tag-outdoor-lighting","39":"first","40":"instock","41":"shipping-taxable","42":"product-type-simple"},"_links":{"self":[{"href":"https:\/\/ledsteplight.com\/de\/wp-json\/wp\/v2\/product\/38087","targetHints":{"allow":["GET"]}}],"collection":[{"href":"https:\/\/ledsteplight.com\/de\/wp-json\/wp\/v2\/product"}],"about":[{"href":"https:\/\/ledsteplight.com\/de\/wp-json\/wp\/v2\/types\/product"}],"replies":[{"embeddable":true,"href":"https:\/\/ledsteplight.com\/de\/wp-json\/wp\/v2\/comments?post=38087"}],"version-history":[{"count":3,"href":"https:\/\/ledsteplight.com\/de\/wp-json\/wp\/v2\/product\/38087\/revisions"}],"predecessor-version":[{"id":38600,"href":"https:\/\/ledsteplight.com\/de\/wp-json\/wp\/v2\/product\/38087\/revisions\/38600"}],"wp:featuredmedia":[{"embeddable":true,"href":"https:\/\/ledsteplight.com\/de\/wp-json\/wp\/v2\/media\/37372"}],"wp:attachment":[{"href":"https:\/\/ledsteplight.com\/de\/wp-json\/wp\/v2\/media?parent=38087"}],"wp:term":[{"taxonomy":"product_brand","embeddable":true,"href":"https:\/\/ledsteplight.com\/de\/wp-json\/wp\/v2\/product_brand?post=38087"},{"taxonomy":"product_cat","embeddable":true,"href":"https:\/\/ledsteplight.com\/de\/wp-json\/wp\/v2\/product_cat?post=38087"},{"taxonomy":"product_tag","embeddable":true,"href":"https:\/\/ledsteplight.com\/de\/wp-json\/wp\/v2\/product_tag?post=38087"}],"curies":[{"name":"wp","href":"https:\/\/api.w.org\/{rel}","templated":true}]}}