{"id":38088,"date":"2025-09-08T13:04:27","date_gmt":"2025-09-08T13:04:27","guid":{"rendered":"https:\/\/ledsteplight.com\/import-placeholder-for-37262\/"},"modified":"2026-01-19T02:13:17","modified_gmt":"2026-01-19T02:13:17","slug":"industrielle-einbau-led-hallenleuchte-zb27070-cree-osram-sonderanfertigung-fabrikpreis","status":"publish","type":"product","link":"https:\/\/ledsteplight.com\/de\/industrielle-einbau-led-hallenleuchte-zb27070-cree-osram-sonderanfertigung-fabrikpreis\/","title":{"rendered":"Industrielle Einbau-LED Hochregal-Leuchte ZB27070 | CREE\/OSRAM | Sonderpreis vom Werk"},"content":{"rendered":"<table class=\"OxEWNITQ\">\n<thead>\n<tr>\n<th><strong>Produktmodell<\/strong><\/th>\n<th><strong>MG-ZB27070<\/strong><\/th>\n<\/tr>\n<\/thead>\n<tbody>\n<tr>\n<td><strong>Gr\u00f6\u00dfe<\/strong><\/td>\n<td>L270<em>W70<\/em>H48mm<\/td>\n<\/tr>\n<tr>\n<td><strong>Schnittgr\u00f6\u00dfe<\/strong><\/td>\n<td>Montagezeichnung siehe Spezifikation<\/td>\n<\/tr>\n<tr>\n<td><strong>Funktionssteuerung<\/strong><\/td>\n<td>Schaltersteuerung<\/td>\n<\/tr>\n<tr>\n<td><strong>Lichtquelle<\/strong><\/td>\n<td>OSRAM \/ CREE<\/td>\n<\/tr>\n<tr>\n<td><strong>Watt<\/strong><\/td>\n<td>5W<\/td>\n<\/tr>\n<tr>\n<td><strong>Gewicht<\/strong><\/td>\n<td>0,7kg<\/td>\n<\/tr>\n<tr>\n<td><strong>Eingangsspannung<\/strong><\/td>\n<td>AC220\/DC24V<\/td>\n<\/tr>\n<tr>\n<td><strong>Treiber<\/strong><\/td>\n<td>KGP\/SHIKI\/<\/td>\n<\/tr>\n<tr>\n<td><strong>Reflektorenwinkel<\/strong><\/td>\n<td>Nicht spezifiziert<\/td>\n<\/tr>\n<tr>\n<td><strong><strong><a href=\"https:\/\/ledsteplight.com\/de\/dm36b-pro-honeycomb-anti-glare-led-in-ground-light-ip67-24v-dc\/\" class=\"waam-auto-link\" title=\"Farbtemperatur\">Farbtemperatur<\/a><\/strong><\/strong><\/td>\n<td>Nicht spezifiziert<\/td>\n<\/tr>\n<tr>\n<td><strong>Material<\/strong><\/td>\n<td>Nicht spezifiziert<\/td>\n<\/tr>\n<tr>\n<td><strong>Farbe\/Finish<\/strong><\/td>\n<td>Nicht spezifiziert<\/td>\n<\/tr>\n<tr>\n<td><strong>IP-Bewertung<\/strong><\/td>\n<td>Nicht spezifiziert<\/td>\n<\/tr>\n<tr>\n<td><strong>Installation<\/strong><\/td>\n<td>Eingelassen<\/td>\n<\/tr>\n<\/tbody>\n<\/table>\n<p>&nbsp;<\/p>\n<p data-start=\"472\" data-end=\"849\">Die MG-ZB27070 LED-Hochregalleuchte ist f\u00fcr Personen konzipiert, die zuverl\u00e4ssige, wartungsarme Beleuchtung in Industrie- oder Gewerbefl\u00e4chen w\u00fcnschen. Mit OSRAM- oder CREE-LEDs liefert sie eine helle, stabile Leistung von 5W bei gleichzeitig niedrigen Energiekosten. Das Einbau-Design passt sich nahtlos in Decken ein und sorgt f\u00fcr ein sauberes Erscheinungsbild, das sich gut in Lagerhallen, Verkaufsfl\u00e4chen oder Ausstellungsr\u00e4ume integriert.<\/p>\n<p data-start=\"851\" data-end=\"1231\">Sie ist f\u00fcr den gro\u00dffl\u00e4chigen Einsatz gemacht \u2014 perfekt f\u00fcr Lichtinstallateure, Bauunternehmen oder Wiederverk\u00e4ufer, die gleichbleibende Qualit\u00e4t bei Gro\u00dfbestellungen ben\u00f6tigen. Kompatibel mit AC220V\/DC24V und betrieben von vertrauensw\u00fcrdigen KGP- oder SHIKI-Treibern, kann dieses Modell f\u00fcr spezielle Projekte angepasst oder f\u00fcr OEM-Lieferungen gebrandet werden. Langlebig, effizient und einfach zu installieren \u2014 eine intelligente Wahl f\u00fcr jede moderne Beleuchtungsanlage.<\/p>","protected":false},"excerpt":{"rendered":"<p>ZB27070 5W LED Hochregalstrahler mit OSRAM\/CREE-Chips. Eingebaut, langlebig und energieeffizient. Individuelle OEM\/ODM-Gro\u00dfhandelsbeleuchtung f\u00fcr Industrieprojekte.<\/p>","protected":false},"featured_media":37375,"comment_status":"open","ping_status":"closed","template":"","meta":[],"product_brand":[],"product_cat":[100,426,427,428,439,429,440,430,441,431,442,443,432,433,136,444,464,445,446,434,435,436,437],"product_tag":[103,76,111,109,137,114,115],"class_list":{"0":"post-38088","1":"product","2":"type-product","3":"status-publish","4":"has-post-thumbnail","6":"product_cat-aluminum-ground-light","7":"product_cat-ceiling-recessed","8":"product_cat-ceiling-surface","9":"product_cat-ceiling-suspended","10":"product_cat-commercial","11":"product_cat-drivers","12":"product_cat-education","13":"product_cat-freestanding-light","14":"product_cat-hospitality","15":"product_cat-industrial","16":"product_cat-infrastructure","17":"product_cat-landscape","18":"product_cat-landscaping","19":"product_cat-linear","20":"product_cat-narrow-border-ground-light","21":"product_cat-office","22":"product_cat-c-outdoor-lighting","23":"product_cat-residential","24":"product_cat-retail","25":"product_cat-table-lamp","26":"product_cat-track","27":"product_cat-wall-recessed","28":"product_cat-wall-surface","29":"product_tag-aluminum-ground-light","30":"product_tag-aluminum-housing","31":"product_tag-garden-lighting","32":"product_tag-led-fixture","33":"product_tag-narrow-border-ground-light","34":"product_tag-pathway-light","35":"product_tag-recessed-light","37":"first","38":"instock","39":"shipping-taxable","40":"product-type-simple"},"_links":{"self":[{"href":"https:\/\/ledsteplight.com\/de\/wp-json\/wp\/v2\/product\/38088","targetHints":{"allow":["GET"]}}],"collection":[{"href":"https:\/\/ledsteplight.com\/de\/wp-json\/wp\/v2\/product"}],"about":[{"href":"https:\/\/ledsteplight.com\/de\/wp-json\/wp\/v2\/types\/product"}],"replies":[{"embeddable":true,"href":"https:\/\/ledsteplight.com\/de\/wp-json\/wp\/v2\/comments?post=38088"}],"version-history":[{"count":3,"href":"https:\/\/ledsteplight.com\/de\/wp-json\/wp\/v2\/product\/38088\/revisions"}],"predecessor-version":[{"id":38601,"href":"https:\/\/ledsteplight.com\/de\/wp-json\/wp\/v2\/product\/38088\/revisions\/38601"}],"wp:featuredmedia":[{"embeddable":true,"href":"https:\/\/ledsteplight.com\/de\/wp-json\/wp\/v2\/media\/37375"}],"wp:attachment":[{"href":"https:\/\/ledsteplight.com\/de\/wp-json\/wp\/v2\/media?parent=38088"}],"wp:term":[{"taxonomy":"product_brand","embeddable":true,"href":"https:\/\/ledsteplight.com\/de\/wp-json\/wp\/v2\/product_brand?post=38088"},{"taxonomy":"product_cat","embeddable":true,"href":"https:\/\/ledsteplight.com\/de\/wp-json\/wp\/v2\/product_cat?post=38088"},{"taxonomy":"product_tag","embeddable":true,"href":"https:\/\/ledsteplight.com\/de\/wp-json\/wp\/v2\/product_tag?post=38088"}],"curies":[{"name":"wp","href":"https:\/\/api.w.org\/{rel}","templated":true}]}}