{"id":38091,"date":"2025-09-08T13:04:28","date_gmt":"2025-09-08T13:04:28","guid":{"rendered":"https:\/\/ledsteplight.com\/import-placeholder-for-37283\/"},"modified":"2026-01-19T02:13:12","modified_gmt":"2026-01-19T02:13:12","slug":"dm20-o22mm-led-in-erdspies-wasserdicht-ausenakzentbeleuchtung","status":"publish","type":"product","link":"https:\/\/ledsteplight.com\/de\/dm20-o22mm-led-in-erdspies-wasserdicht-ausenakzentbeleuchtung\/","title":{"rendered":"DM20 \u00d822mm LED Bodenleuchte \u2013 Wasserdichte Au\u00dfenakzentbeleuchtung"},"content":{"rendered":"<p>&nbsp;<\/p>\n<table class=\"OxEWNITQ\">\n<thead>\n<tr>\n<th><strong>Produktmodell<\/strong><\/th>\n<th>DM20 LED<\/th>\n<\/tr>\n<\/thead>\n<tbody>\n<tr>\n<td><strong>Produktgr\u00f6\u00dfe<\/strong><\/td>\n<td>\u00d822mm (Durchmesser) x 45mm (H\u00f6he)<\/td>\n<\/tr>\n<tr>\n<td><strong>Schnittgr\u00f6\u00dfe<\/strong><\/td>\n<td>Vorinstallierter Teil\u00f6ffnung: \u00d821mm (Durchmesser) x 75mm (H\u00f6he) oder Direkte \u00d6ffnung: \u00d819mm (Durchmesser) x 75mm (H\u00f6he)<\/td>\n<\/tr>\n<tr>\n<td><strong>Funktionssteuerung<\/strong><\/td>\n<td>N\/A (Keine spezifische Funktionssteuerung angegeben)<\/td>\n<\/tr>\n<tr>\n<td><strong>Lichtquelle<\/strong><\/td>\n<td>SMD LED (RA90)<\/td>\n<\/tr>\n<tr>\n<td><strong>Leistung<\/strong><\/td>\n<td>1W bei 300mA<\/td>\n<\/tr>\n<tr>\n<td><strong>Gewicht<\/strong><\/td>\n<td>Nicht spezifiziert<\/td>\n<\/tr>\n<tr>\n<td><strong>Wechselstrom-Eingang<\/strong><\/td>\n<td>DC24V<\/td>\n<\/tr>\n<tr>\n<td><strong>Treiber<\/strong><\/td>\n<td>Nicht spezifiziert (Kann integriert oder extern sein)<\/td>\n<\/tr>\n<tr>\n<td><strong>Reflektorenwinkel<\/strong><\/td>\n<td>Verstellbar auf 15, 24, 36 oder 60 Grad<\/td>\n<\/tr>\n<tr>\n<td><strong><strong><a href=\"https:\/\/ledsteplight.com\/de\/dm36b-pro-honeycomb-anti-glare-led-in-ground-light-ip67-24v-dc\/\" class=\"waam-auto-link\" title=\"Farbtemperatur\">Farbtemperatur<\/a><\/strong><\/strong><\/td>\n<td>3000K<\/td>\n<\/tr>\n<tr>\n<td><strong>Anschluss (Dr\u00e4hte\/L\u00e4nge\/Stecker)<\/strong><\/td>\n<td>Nicht spezifiziert<\/td>\n<\/tr>\n<tr>\n<td><strong>Material<\/strong><\/td>\n<td>Aluminium oder Edelstahl<\/td>\n<\/tr>\n<tr>\n<td><strong>Farbe\/Finish<\/strong><\/td>\n<td>Edelstahlausf\u00fchrung<\/td>\n<\/tr>\n<tr>\n<td><strong>IP-Bewertung<\/strong><\/td>\n<td>IP67 (Staubdicht und gegen Eintauchen in Wasser bis zu 1 Meter Tiefe gesch\u00fctzt)<\/td>\n<\/tr>\n<tr>\n<td><strong>Montagemethode<\/strong><\/td>\n<td>Eingebaut mit optionalen Vorinstallierten Teilen<\/td>\n<\/tr>\n<tr>\n<td><strong>Optionale Zubeh\u00f6rteile<\/strong><\/td>\n<td>Waben-Gitter erh\u00e4ltlich<\/td>\n<\/tr>\n<\/tbody>\n<\/table>\n<p data-start=\"572\" data-end=\"937\"><strong data-start=\"576\" data-end=\"601\">DM20 LED <strong><a href=\"https:\/\/ledsteplight.com\/de\/5w-led-in-ground-lights-ip65-waterproof-outdoor-driveway-garden-floor-lighting\/\" class=\"waam-auto-link\" title=\"Bodenleuchte\">Bodenleuchte<\/a><\/strong><\/strong> ist eine kompakte, aber leistungsstarke Einbauleuchte, die f\u00fcr den Au\u00dfenbereich konzipiert ist. Mit einem Durchmesser von nur 22 mm f\u00fcgt sie sich nahtlos in Wege, G\u00e4rten und architektonische Elemente ein. Gebaut mit einer <strong data-start=\"797\" data-end=\"850\">Edelstahlausf\u00fchrung und IP67-Wasserdichtigkeit<\/strong>, sorgt diese Leuchte f\u00fcr Langlebigkeit gegen Regen, Staub und sogar kurzfristiges Eintauchen.<\/p>\n<p data-start=\"939\" data-end=\"1351\">Powered by a <strong data-start=\"952\" data-end=\"973\">1W SMD-LED (RA90)<\/strong>, bietet das DM20 eine warme 3000K Beleuchtung mit einstellbaren Reflektorwinkeln (15\u00b0, 24\u00b0, 36\u00b0 oder 60\u00b0), sodass Sie die Lichtstrahlbreite steuern k\u00f6nnen. Einfache Einbaumontage mit optional vorverlegten Teilen macht es sowohl f\u00fcr Wohn- als auch f\u00fcr Gewerbeprojekte geeignet. Optionale Honigwaben-Gitterzubeh\u00f6r reduzieren Blendung weiter und sorgen f\u00fcr professionelle Au\u00dfenbeleuchtungsleistung. <strong><a href=\"https:\/\/ledsteplight.com\/de\/cree-bridgelux-chip-ip65-led-fixture-for-garden-facade-lighting\/\" class=\"waam-auto-link\" title=\"Au\u00dfenbeleuchtung\">Au\u00dfenbeleuchtung<\/a><\/strong> Leistung.<\/p>","protected":false},"excerpt":{"rendered":"<p><strong data-start=\"1388\" data-end=\"1413\">DM20 LED Erdungsleuchte<\/strong> \u2013 \u00d822mm eingelassene Au\u00dfenleuchte mit <strong data-start=\"1452\" data-end=\"1546\">1W SMD-LED, warmes Licht 3000K, wasserdichtes Design IP67 und verstellbare Lichtstrahlwinkel (15\u00b0\u201360\u00b0)<\/strong>. Aus Edelstahl f\u00fcr Langlebigkeit, ideal f\u00fcr <strong data-start=\"1599\" data-end=\"1653\">Wege, G\u00e4rten und Landschaftsbeleuchtungsprojekte<\/strong>.<\/p>","protected":false},"featured_media":37383,"comment_status":"open","ping_status":"closed","template":"","meta":[],"product_brand":[],"product_cat":[100,426,427,428,439,429,440,430,441,126,431,442,443,432,433,444,112,464,445,446,106,434,435,436,437],"product_tag":[103,76,77,127,113,78,108,83],"class_list":{"0":"post-38091","1":"product","2":"type-product","3":"status-publish","4":"has-post-thumbnail","6":"product_cat-aluminum-ground-light","7":"product_cat-ceiling-recessed","8":"product_cat-ceiling-surface","9":"product_cat-ceiling-suspended","10":"product_cat-commercial","11":"product_cat-drivers","12":"product_cat-education","13":"product_cat-freestanding-light","14":"product_cat-hospitality","15":"product_cat-in-ground-light","16":"product_cat-industrial","17":"product_cat-infrastructure","18":"product_cat-landscape","19":"product_cat-landscaping","20":"product_cat-linear","21":"product_cat-office","22":"product_cat-outdoor-ground-light","23":"product_cat-c-outdoor-lighting","24":"product_cat-residential","25":"product_cat-retail","26":"product_cat-round-ground-light","27":"product_cat-table-lamp","28":"product_cat-track","29":"product_cat-wall-recessed","30":"product_cat-wall-surface","31":"product_tag-aluminum-ground-light","32":"product_tag-aluminum-housing","33":"product_tag-ground-light","34":"product_tag-in-ground-light","35":"product_tag-outdoor-ground-light","36":"product_tag-outdoor-lighting","37":"product_tag-round-ground-light","38":"product_tag-waterproof-fixture","40":"first","41":"instock","42":"shipping-taxable","43":"product-type-simple"},"_links":{"self":[{"href":"https:\/\/ledsteplight.com\/de\/wp-json\/wp\/v2\/product\/38091","targetHints":{"allow":["GET"]}}],"collection":[{"href":"https:\/\/ledsteplight.com\/de\/wp-json\/wp\/v2\/product"}],"about":[{"href":"https:\/\/ledsteplight.com\/de\/wp-json\/wp\/v2\/types\/product"}],"replies":[{"embeddable":true,"href":"https:\/\/ledsteplight.com\/de\/wp-json\/wp\/v2\/comments?post=38091"}],"version-history":[{"count":3,"href":"https:\/\/ledsteplight.com\/de\/wp-json\/wp\/v2\/product\/38091\/revisions"}],"predecessor-version":[{"id":38592,"href":"https:\/\/ledsteplight.com\/de\/wp-json\/wp\/v2\/product\/38091\/revisions\/38592"}],"wp:featuredmedia":[{"embeddable":true,"href":"https:\/\/ledsteplight.com\/de\/wp-json\/wp\/v2\/media\/37383"}],"wp:attachment":[{"href":"https:\/\/ledsteplight.com\/de\/wp-json\/wp\/v2\/media?parent=38091"}],"wp:term":[{"taxonomy":"product_brand","embeddable":true,"href":"https:\/\/ledsteplight.com\/de\/wp-json\/wp\/v2\/product_brand?post=38091"},{"taxonomy":"product_cat","embeddable":true,"href":"https:\/\/ledsteplight.com\/de\/wp-json\/wp\/v2\/product_cat?post=38091"},{"taxonomy":"product_tag","embeddable":true,"href":"https:\/\/ledsteplight.com\/de\/wp-json\/wp\/v2\/product_tag?post=38091"}],"curies":[{"name":"wp","href":"https:\/\/api.w.org\/{rel}","templated":true}]}}