{"id":38093,"date":"2025-09-08T13:04:28","date_gmt":"2025-09-08T13:04:28","guid":{"rendered":"https:\/\/ledsteplight.com\/import-placeholder-for-37294\/"},"modified":"2026-01-19T02:13:13","modified_gmt":"2026-01-19T02:13:13","slug":"ts50-01b-led-erdbodenleuchte-ip67-wasserdicht-ausenbeleuchtung-fabrik-groshandel","status":"publish","type":"product","link":"https:\/\/ledsteplight.com\/de\/ts50-01b-led-erdbodenleuchte-ip67-wasserdicht-ausenbeleuchtung-fabrik-groshandel\/","title":{"rendered":"TS50-01B LED-Erdbodenleuchte \u2013 IP67 wasserdichte Au\u00dfenbeleuchtung | Fabrik Gro\u00dfhandel"},"content":{"rendered":"<p>&nbsp;<\/p>\n<table class=\"OxEWNITQ\">\n<thead>\n<tr>\n<th><strong>Produktmodell<\/strong><\/th>\n<th>MG-TS50-01B<\/th>\n<\/tr>\n<\/thead>\n<tbody>\n<tr>\n<td><strong>Produktgr\u00f6\u00dfe<\/strong><\/td>\n<td>\u00d850mm*H87<\/td>\n<\/tr>\n<tr>\n<td><strong>Schnittgr\u00f6\u00dfe<\/strong><\/td>\n<td>N\/A (Nicht spezifiziert)<\/td>\n<\/tr>\n<tr>\n<td><strong>Funktionssteuerung<\/strong><\/td>\n<td>Dali, 0-10V, Ein\/Aus<\/td>\n<\/tr>\n<tr>\n<td><strong>Lichtquelle<\/strong><\/td>\n<td>DSP LED<\/td>\n<\/tr>\n<tr>\n<td><strong>Watt<\/strong><\/td>\n<td>3-10W<\/td>\n<\/tr>\n<tr>\n<td><strong>Gewicht<\/strong><\/td>\n<td>0,6KG<\/td>\n<\/tr>\n<tr>\n<td><strong>Wechselstrom-Eingang<\/strong><\/td>\n<td>DC24V<\/td>\n<\/tr>\n<tr>\n<td><strong>Treiber<\/strong><\/td>\n<td>Integriert<\/td>\n<\/tr>\n<tr>\n<td><strong>Reflektorenwinkel<\/strong><\/td>\n<td>15\/30\/45\/60 Grad<\/td>\n<\/tr>\n<tr>\n<td><strong><strong><a href=\"https:\/\/ledsteplight.com\/de\/dm36b-pro-honeycomb-anti-glare-led-in-ground-light-ip67-24v-dc\/\" class=\"waam-auto-link\" title=\"Farbtemperatur\">Farbtemperatur<\/a><\/strong><\/strong><\/td>\n<td>2700K, 3000K, 4000K<\/td>\n<\/tr>\n<tr>\n<td><strong>Anschluss (Dr\u00e4hte\/L\u00e4nge\/Stecker)<\/strong><\/td>\n<td>N\/A (Nicht spezifiziert)<\/td>\n<\/tr>\n<tr>\n<td><strong>Material<\/strong><\/td>\n<td>Aluminium<\/td>\n<\/tr>\n<tr>\n<td><strong>Farbe\/Oberfl\u00e4chenbehandlung<\/strong><\/td>\n<td>Lackiert (verf\u00fcgbar in Schwarz, Silber, Grau)<\/td>\n<\/tr>\n<tr>\n<td><strong>IP-Bewertung<\/strong><\/td>\n<td>IP67<\/td>\n<\/tr>\n<tr>\n<td><strong>Montagemethode<\/strong><\/td>\n<td>Steckbar, Oberfl\u00e4chenmontage, Strap-Montage<\/td>\n<\/tr>\n<\/tbody>\n<\/table>\n<p><strong data-start=\"132\" data-end=\"161\" data-is-only-node=\"\">TS50-01B LED <strong><a href=\"https:\/\/ledsteplight.com\/de\/cree-bridgelux-chip-ip65-led-fixture-for-garden-facade-lighting\/\" class=\"waam-auto-link\" title=\"Bodenleuchte\">Bodenleuchte<\/a><\/strong><\/strong> ist f\u00fcr Zuverl\u00e4ssigkeit im Au\u00dfenbereich und architektonische Pr\u00e4zision entwickelt. Mit einem kompakten \u00d850mm Design und mehreren Reflektorwinkeln (15\u00b0, 30\u00b0, 45\u00b0, 60\u00b0) liefert es fokussiertes <strong><a href=\"https:\/\/ledsteplight.com\/de\/vorteile-des-pir-sensor-treppenlichts-fur-die-sicherheit\/\" class=\"waam-auto-link\" title=\"Beleuchtung\">Beleuchtung<\/a><\/strong> f\u00fcr Wege, W\u00e4nde und Landschaftsgestaltung. Hergestellt aus <strong data-start=\"397\" data-end=\"417\">robustem Aluminium<\/strong> mit einer <strong data-start=\"425\" data-end=\"451\">lackierten Oberfl\u00e4chenbeschichtung<\/strong> (schwarz, Silber oder Grau), gew\u00e4hrleistet diese Leuchte eine langlebige Leistung unter anspruchsvollen Bedingungen.<br data-start=\"549\" data-end=\"552\" \/>Ausgestattet mit <strong data-start=\"566\" data-end=\"588\">DSP LED-Technologie<\/strong> und <strong data-start=\"593\" data-end=\"612\">integrierter Treiber<\/strong>, sie arbeitet effizient mit <strong data-start=\"641\" data-end=\"650\">DC24V<\/strong> Leistung und Unterst\u00fctzung <strong data-start=\"670\" data-end=\"704\">DALI, 0\u201310V oder Ein\/Aus Steuerung<\/strong> Optionen f\u00fcr vielseitige Beleuchtungssysteme. Bewertet <strong data-start=\"751\" data-end=\"759\">IP67<\/strong>, es garantiert vollst\u00e4ndigen Schutz gegen Wasser und Staub, was es ideal f\u00fcr <strong data-start=\"839\" data-end=\"912\">Au\u00dfenarchitektur, gewerbliche Projekte und private Landschaften macht<\/strong>.<br data-start=\"913\" data-end=\"916\" \/>Verf\u00fcgbar in <strong data-start=\"929\" data-end=\"939\">3W\u201310W<\/strong> Konfigurationen mit <strong data-start=\"960\" data-end=\"1009\">Farbtemperaturen von 2700K, 3000K und 4000K<\/strong>, der TS50-01B kombiniert Stil, Haltbarkeit und Flexibilit\u00e4t f\u00fcr professionelle Beleuchtungsanwendungen.<\/p>","protected":false},"excerpt":{"rendered":"<p>Gro\u00dfhandel <strong data-start=\"1144\" data-end=\"1173\" data-is-only-node=\"\">TS50-01B LED-Erdbodenleuchte<\/strong> \u2013 IP67 wasserdichte Au\u00dfenleuchte mit DALI\/0\u201310V Steuerung, DSP-LED-Quelle und Aluminiumgeh\u00e4use. Ideal f\u00fcr Architektur- und Landschaftsbeleuchtung. Direkt vom Werk f\u00fcr globale H\u00e4ndler und Lichtplaner.<\/p>","protected":false},"featured_media":37387,"comment_status":"open","ping_status":"closed","template":"","meta":[],"product_brand":[],"product_cat":[100,426,427,428,439,429,440,430,73,441,431,442,443,432,433,444,112,464,445,446,106,434,435,436,437],"product_tag":[103,76,140,77,113,78,108,141],"class_list":{"0":"post-38093","1":"product","2":"type-product","3":"status-publish","4":"has-post-thumbnail","6":"product_cat-aluminum-ground-light","7":"product_cat-ceiling-recessed","8":"product_cat-ceiling-surface","9":"product_cat-ceiling-suspended","10":"product_cat-commercial","11":"product_cat-drivers","12":"product_cat-education","13":"product_cat-freestanding-light","14":"product_cat-ground-light","15":"product_cat-hospitality","16":"product_cat-industrial","17":"product_cat-infrastructure","18":"product_cat-landscape","19":"product_cat-landscaping","20":"product_cat-linear","21":"product_cat-office","22":"product_cat-outdoor-ground-light","23":"product_cat-c-outdoor-lighting","24":"product_cat-residential","25":"product_cat-retail","26":"product_cat-round-ground-light","27":"product_cat-table-lamp","28":"product_cat-track","29":"product_cat-wall-recessed","30":"product_cat-wall-surface","31":"product_tag-aluminum-ground-light","32":"product_tag-aluminum-housing","33":"product_tag-flood-light","34":"product_tag-ground-light","35":"product_tag-outdoor-ground-light","36":"product_tag-outdoor-lighting","37":"product_tag-round-ground-light","38":"product_tag-tree-spot-light","40":"first","41":"instock","42":"shipping-taxable","43":"product-type-simple"},"_links":{"self":[{"href":"https:\/\/ledsteplight.com\/de\/wp-json\/wp\/v2\/product\/38093","targetHints":{"allow":["GET"]}}],"collection":[{"href":"https:\/\/ledsteplight.com\/de\/wp-json\/wp\/v2\/product"}],"about":[{"href":"https:\/\/ledsteplight.com\/de\/wp-json\/wp\/v2\/types\/product"}],"replies":[{"embeddable":true,"href":"https:\/\/ledsteplight.com\/de\/wp-json\/wp\/v2\/comments?post=38093"}],"version-history":[{"count":3,"href":"https:\/\/ledsteplight.com\/de\/wp-json\/wp\/v2\/product\/38093\/revisions"}],"predecessor-version":[{"id":38594,"href":"https:\/\/ledsteplight.com\/de\/wp-json\/wp\/v2\/product\/38093\/revisions\/38594"}],"wp:featuredmedia":[{"embeddable":true,"href":"https:\/\/ledsteplight.com\/de\/wp-json\/wp\/v2\/media\/37387"}],"wp:attachment":[{"href":"https:\/\/ledsteplight.com\/de\/wp-json\/wp\/v2\/media?parent=38093"}],"wp:term":[{"taxonomy":"product_brand","embeddable":true,"href":"https:\/\/ledsteplight.com\/de\/wp-json\/wp\/v2\/product_brand?post=38093"},{"taxonomy":"product_cat","embeddable":true,"href":"https:\/\/ledsteplight.com\/de\/wp-json\/wp\/v2\/product_cat?post=38093"},{"taxonomy":"product_tag","embeddable":true,"href":"https:\/\/ledsteplight.com\/de\/wp-json\/wp\/v2\/product_tag?post=38093"}],"curies":[{"name":"wp","href":"https:\/\/api.w.org\/{rel}","templated":true}]}}