{"id":38094,"date":"2025-09-08T13:04:28","date_gmt":"2025-09-08T13:04:28","guid":{"rendered":"https:\/\/ledsteplight.com\/import-placeholder-for-37295\/"},"modified":"2026-01-19T02:13:13","modified_gmt":"2026-01-19T02:13:13","slug":"groshandel-ts50-01-a-5w-led-erdspiesleuchten-grosmenge-ip65-ausen-gartenbeleuchtung","status":"publish","type":"product","link":"https:\/\/ledsteplight.com\/de\/groshandel-ts50-01-a-5w-led-erdspiesleuchten-grosmenge-ip65-ausen-gartenbeleuchtung\/","title":{"rendered":"Gro\u00dfhandel TS50-01-A 5W LED-Ground-Leuchten | Gro\u00dfhandel f\u00fcr Au\u00dfenbeleuchtung im Garten"},"content":{"rendered":"<table data-start=\"144\" data-end=\"1550\">\n<thead data-start=\"144\" data-end=\"226\">\n<tr data-start=\"144\" data-end=\"226\">\n<th data-start=\"144\" data-end=\"174\"><strong data-start=\"146\" data-end=\"159\">Parameter<\/strong><\/th>\n<th data-start=\"174\" data-end=\"226\"><strong data-start=\"176\" data-end=\"187\">Details<\/strong><\/th>\n<\/tr>\n<\/thead>\n<tbody data-start=\"310\" data-end=\"1550\">\n<tr data-start=\"310\" data-end=\"392\">\n<td><strong data-start=\"312\" data-end=\"321\">Modell<\/strong><\/td>\n<td>TS50-01-A<\/td>\n<\/tr>\n<tr data-start=\"393\" data-end=\"475\">\n<td><strong data-start=\"395\" data-end=\"404\">Leistung<\/strong><\/td>\n<td>5W<\/td>\n<\/tr>\n<tr data-start=\"476\" data-end=\"558\">\n<td><strong data-start=\"478\" data-end=\"490\">LED-Typ<\/strong><\/td>\n<td>COB-LED<\/td>\n<\/tr>\n<tr data-start=\"559\" data-end=\"641\">\n<td><strong data-start=\"561\" data-end=\"578\">Eingangsspannung<\/strong><\/td>\n<td>AC85-265V<\/td>\n<\/tr>\n<tr data-start=\"642\" data-end=\"723\">\n<td><strong data-start=\"644\" data-end=\"665\"><strong><a href=\"https:\/\/ledsteplight.com\/de\/dm36b-pro-honeycomb-anti-glare-led-in-ground-light-ip67-24v-dc\/\" class=\"waam-auto-link\" title=\"Farbtemperatur\">Farbtemperatur<\/a><\/strong><\/strong><\/td>\n<td>3000K \/ 6000K (Warmwei\u00df \/ Kaltwei\u00df)<\/td>\n<\/tr>\n<tr data-start=\"724\" data-end=\"806\">\n<td><strong data-start=\"726\" data-end=\"738\">Lebensdauer<\/strong><\/td>\n<td>40.000 Stunden<\/td>\n<\/tr>\n<tr data-start=\"807\" data-end=\"888\">\n<td><strong data-start=\"809\" data-end=\"822\">IP-Bewertung<\/strong><\/td>\n<td>IP65 (Wasserdicht, Staubdicht)<\/td>\n<\/tr>\n<tr data-start=\"889\" data-end=\"971\">\n<td><strong data-start=\"891\" data-end=\"905\">Abstrahlwinkel<\/strong><\/td>\n<td>120\u00b0<\/td>\n<\/tr>\n<tr data-start=\"972\" data-end=\"1054\">\n<td><strong data-start=\"974\" data-end=\"999\">Betriebstemperatur<\/strong><\/td>\n<td>-20\u00b0C bis +40\u00b0C<\/td>\n<\/tr>\n<tr data-start=\"1055\" data-end=\"1137\">\n<td><strong data-start=\"1057\" data-end=\"1078\">Montageart<\/strong><\/td>\n<td>Erd- \/ Oberfl\u00e4chenmontage<\/td>\n<\/tr>\n<tr data-start=\"1138\" data-end=\"1220\">\n<td><strong data-start=\"1140\" data-end=\"1152\">Garantie<\/strong><\/td>\n<td>3 Jahre<\/td>\n<\/tr>\n<tr data-start=\"1221\" data-end=\"1303\">\n<td><strong data-start=\"1223\" data-end=\"1240\">Zertifizierung<\/strong><\/td>\n<td>CE, RoHS<\/td>\n<\/tr>\n<tr data-start=\"1304\" data-end=\"1385\">\n<td><strong data-start=\"1306\" data-end=\"1321\">Anwendung<\/strong><\/td>\n<td>Au\u00dfenbereich (Garten, Weg, Gehweg, Terrasse)<\/td>\n<\/tr>\n<tr data-start=\"1386\" data-end=\"1467\">\n<td><strong data-start=\"1388\" data-end=\"1397\">Farbe<\/strong><\/td>\n<td>Silber \/ Geb\u00fcrstetes Silber<\/td>\n<\/tr>\n<tr data-start=\"1468\" data-end=\"1550\">\n<td><strong data-start=\"1470\" data-end=\"1480\">Gewicht<\/strong><\/td>\n<td>0,45 kg<\/td>\n<\/tr>\n<\/tbody>\n<\/table>\n<p>&nbsp;<\/p>\n<p>TS50-01-A, die <strong><a href=\"https:\/\/ledsteplight.com\/de\/5w-led-in-ground-lights-ip65-waterproof-outdoor-driveway-garden-floor-lighting\/\" class=\"waam-auto-link\" title=\"5W COB LED\">5W COB LED<\/a><\/strong> <strong><a href=\"https:\/\/ledsteplight.com\/de\/cree-bridgelux-chip-ip65-led-fixture-for-garden-facade-lighting\/\" class=\"waam-auto-link\" title=\"Bodenleuchte\">Bodenleuchte<\/a><\/strong> entwickelt f\u00fcr ernsthafte Leistung. Dies ist kein gew\u00f6hnliches Gartenlicht; es ist ein Arbeitstier. Mit einer robusten, IP65-klassifizierten wasserdichten und staubdichten Abdichtung gebaut, ist es daf\u00fcr ausgelegt, harte Au\u00dfenbedingungen zu bew\u00e4ltigen, von -20\u00b0C Frost bis +40\u00b0C Hitze. Der breite Eingangsspannungsbereich von AC85-265V und der hocheffiziente COB-Chip liefern konsistente, zuverl\u00e4ssige <strong><a href=\"https:\/\/ledsteplight.com\/de\/vorteile-des-pir-sensor-treppenlichts-fur-die-sicherheit\/\" class=\"waam-auto-link\" title=\"Beleuchtung\">Beleuchtung<\/a><\/strong> (Warm- oder Kaltwei\u00df), auf die Ihre professionellen Kunden sich verlassen k\u00f6nnen.<\/p>\n<p>Wir stehen hinter diesem Produkt mit einer 3-j\u00e4hrigen Garantie und einer Lebensdauer von 40.000 Stunden, was weniger R\u00fcckrufe f\u00fcr Ihre Kunden bedeutet. Sein vielseitiges Design erm\u00f6glicht sowohl die Erd- als auch die Oberfl\u00e4chenmontage <strong><a href=\"https:\/\/ledsteplight.com\/de\/ultimer-leitfaden-fur-landschafts-inground-beleuchtungslosungen\/\" class=\"waam-auto-link\" title=\"gebaut\">gebaut<\/a><\/strong>, was es zu einer flexiblen L\u00f6sung f\u00fcr jeden Weg, Garten oder Terrassenprojekt macht. Erh\u00e4ltlich in einer sauberen geb\u00fcrsteten Silber-Optik und vollst\u00e4ndig CE\/RoHS-zertifiziert, ist der TS50-01-A die zuverl\u00e4ssige, unkomplizierte <strong><a href=\"https:\/\/ledsteplight.com\/de\/design-trends\/\" class=\"waam-auto-link\" title=\"Beleuchtungsarmatur\">Beleuchtungsarmatur<\/a><\/strong> die Ihr Gro\u00dfhandelsunternehmen ben\u00f6tigt.<\/p>","protected":false},"excerpt":{"rendered":"<p>Zuverl\u00e4ssige 5W COB LED Bodenleuchten (TS50-01-A) f\u00fcr den Gro\u00dfhandel. IP65 wasserdicht, 3 Jahre Garantie und robust gebaut f\u00fcr jedes Landschaftsprojekt. Vorrat f\u00fcr Ihre Kunden anlegen<\/p>","protected":false},"featured_media":37389,"comment_status":"open","ping_status":"closed","template":"","meta":[],"product_brand":[],"product_cat":[100,426,427,428,439,429,440,430,441,431,442,443,432,433,444,112,464,445,446,106,434,435,436,437],"product_tag":[103,76,140,77,113,78,108,141],"class_list":{"0":"post-38094","1":"product","2":"type-product","3":"status-publish","4":"has-post-thumbnail","6":"product_cat-aluminum-ground-light","7":"product_cat-ceiling-recessed","8":"product_cat-ceiling-surface","9":"product_cat-ceiling-suspended","10":"product_cat-commercial","11":"product_cat-drivers","12":"product_cat-education","13":"product_cat-freestanding-light","14":"product_cat-hospitality","15":"product_cat-industrial","16":"product_cat-infrastructure","17":"product_cat-landscape","18":"product_cat-landscaping","19":"product_cat-linear","20":"product_cat-office","21":"product_cat-outdoor-ground-light","22":"product_cat-c-outdoor-lighting","23":"product_cat-residential","24":"product_cat-retail","25":"product_cat-round-ground-light","26":"product_cat-table-lamp","27":"product_cat-track","28":"product_cat-wall-recessed","29":"product_cat-wall-surface","30":"product_tag-aluminum-ground-light","31":"product_tag-aluminum-housing","32":"product_tag-flood-light","33":"product_tag-ground-light","34":"product_tag-outdoor-ground-light","35":"product_tag-outdoor-lighting","36":"product_tag-round-ground-light","37":"product_tag-tree-spot-light","39":"first","40":"instock","41":"shipping-taxable","42":"product-type-simple"},"_links":{"self":[{"href":"https:\/\/ledsteplight.com\/de\/wp-json\/wp\/v2\/product\/38094","targetHints":{"allow":["GET"]}}],"collection":[{"href":"https:\/\/ledsteplight.com\/de\/wp-json\/wp\/v2\/product"}],"about":[{"href":"https:\/\/ledsteplight.com\/de\/wp-json\/wp\/v2\/types\/product"}],"replies":[{"embeddable":true,"href":"https:\/\/ledsteplight.com\/de\/wp-json\/wp\/v2\/comments?post=38094"}],"version-history":[{"count":3,"href":"https:\/\/ledsteplight.com\/de\/wp-json\/wp\/v2\/product\/38094\/revisions"}],"predecessor-version":[{"id":38595,"href":"https:\/\/ledsteplight.com\/de\/wp-json\/wp\/v2\/product\/38094\/revisions\/38595"}],"wp:featuredmedia":[{"embeddable":true,"href":"https:\/\/ledsteplight.com\/de\/wp-json\/wp\/v2\/media\/37389"}],"wp:attachment":[{"href":"https:\/\/ledsteplight.com\/de\/wp-json\/wp\/v2\/media?parent=38094"}],"wp:term":[{"taxonomy":"product_brand","embeddable":true,"href":"https:\/\/ledsteplight.com\/de\/wp-json\/wp\/v2\/product_brand?post=38094"},{"taxonomy":"product_cat","embeddable":true,"href":"https:\/\/ledsteplight.com\/de\/wp-json\/wp\/v2\/product_cat?post=38094"},{"taxonomy":"product_tag","embeddable":true,"href":"https:\/\/ledsteplight.com\/de\/wp-json\/wp\/v2\/product_tag?post=38094"}],"curies":[{"name":"wp","href":"https:\/\/api.w.org\/{rel}","templated":true}]}}