{"id":38095,"date":"2025-09-08T13:04:28","date_gmt":"2025-09-08T13:04:28","guid":{"rendered":"https:\/\/ledsteplight.com\/import-placeholder-for-37296\/"},"modified":"2026-01-19T02:13:14","modified_gmt":"2026-01-19T02:13:14","slug":"direkt-vom-hersteller-3w-ip20-einbau-mini-spotlight-bd035-50-wbc-grospackung","status":"publish","type":"product","link":"https:\/\/ledsteplight.com\/de\/direkt-vom-hersteller-3w-ip20-einbau-mini-spotlight-bd035-50-wbc-grospackung\/","title":{"rendered":"Direkt vom Werk: 3W IP20 Einbauspot Mini | BD035-50-WBc Gro\u00dfpackung"},"content":{"rendered":"<table class=\"OxEWNITQ\">\n<thead>\n<tr>\n<th><strong>Produktmodell<\/strong><\/th>\n<th>BD035-50-WBc<\/th>\n<\/tr>\n<\/thead>\n<tbody>\n<tr>\n<td><strong>Produktgr\u00f6\u00dfe<\/strong><\/td>\n<td>Einbauma\u00df D47mm*H75mm<\/td>\n<\/tr>\n<tr>\n<td><strong>Schnittgr\u00f6\u00dfe<\/strong><\/td>\n<td>Siehe Installationsdiagramm in den technischen Daten<\/td>\n<\/tr>\n<tr>\n<td><strong>Funktionssteuerung<\/strong><\/td>\n<td>N\/A (Keine spezifische Funktionssteuerung angegeben)<\/td>\n<\/tr>\n<tr>\n<td><strong>Lichtquelle<\/strong><\/td>\n<td>OSRAM \/ CREE<\/td>\n<\/tr>\n<tr>\n<td><strong>Watt<\/strong><\/td>\n<td>3W (700mA)<\/td>\n<\/tr>\n<tr>\n<td><strong>Gewicht<\/strong><\/td>\n<td>0,45kg<\/td>\n<\/tr>\n<tr>\n<td><strong>Wechselstrom-Eingang<\/strong><\/td>\n<td>100-240V, 50~60HZ<\/td>\n<\/tr>\n<tr>\n<td><strong>Treiber<\/strong><\/td>\n<td>N\/A (Nicht spezifiziert)<\/td>\n<\/tr>\n<tr>\n<td><strong>Reflektorenwinkel<\/strong><\/td>\n<td>N\/A (Nicht spezifiziert)<\/td>\n<\/tr>\n<tr>\n<td><strong><strong><a href=\"https:\/\/ledsteplight.com\/de\/dm36b-pro-honeycomb-anti-glare-led-in-ground-light-ip67-24v-dc\/\" class=\"waam-auto-link\" title=\"Farbtemperatur\">Farbtemperatur<\/a><\/strong><\/strong><\/td>\n<td>2700K, 3000K, 4000K, 6000K<\/td>\n<\/tr>\n<tr>\n<td><strong>Anschluss (Dr\u00e4hte\/L\u00e4nge\/Stecker)<\/strong><\/td>\n<td>N\/A (Nicht spezifiziert)<\/td>\n<\/tr>\n<tr>\n<td><strong>Material<\/strong><\/td>\n<td>Aluminium-Version \/ Edelstahl-Version<\/td>\n<\/tr>\n<tr>\n<td><strong>Farbe\/Oberfl\u00e4chenbehandlung<\/strong><\/td>\n<td>Wei\u00df, Schwarz, Silber<\/td>\n<\/tr>\n<tr>\n<td><strong>IP-Bewertung<\/strong><\/td>\n<td>IP20<\/td>\n<\/tr>\n<tr>\n<td><strong>Montagemethode<\/strong><\/td>\n<td>Versenkt (mit optional vorinstallierten Teilen)<\/td>\n<\/tr>\n<\/tbody>\n<\/table>\n<p id=\"\">\n<p>D035-50-WBc ist das Werkzeug f\u00fcr den Job. Dies ist kein Standard-Deckenstrahler; es ist ein 3W-Architektur-Mini-Spot, der f\u00fcr hochwertige Akzent- und Detailarbeit entwickelt wurde. Wir bauen ihn mit hochwertigen OSRAM- oder CREE-LEDs, die eine erstklassige Farbwiedergabe und totale Zuverl\u00e4ssigkeit gew\u00e4hrleisten. Sein winziges Profil von 47 mm (Schnittgr\u00f6\u00dfe) macht ihn zur perfekten L\u00f6sung f\u00fcr diskrete Installationen in Vitrinen, Tischlerarbeiten, Regalen oder als dezenter Boden- \/ Treppenmarkierung in jedem trockenen (IP20) Innenraum.<\/p>\n<p>F\u00fcr Ihre professionellen Kunden entwickelt, ist dieses Leuchtmittel sowohl in robustem Aluminium als auch in hochwertigem 316er Edelstahl erh\u00e4ltlich, mit wei\u00dfen, schwarzen oder silbernen Oberfl\u00e4chen, um jede Spezifikation zu erf\u00fcllen. Mit einer vollst\u00e4ndigen Palette an Farbtemperaturen (2700K bis 6000K) und betrieben von einem zuverl\u00e4ssigen 700mA-Treiber bietet es die Flexibilit\u00e4t, die Sie f\u00fcr jedes gewerbliche oder private Design ben\u00f6tigen. Dies ist das hochwertige, flache Leuchtmittel, das in Ihrem Sortiment fehlt. Kontaktieren Sie uns f\u00fcr B2B-Preise und Gro\u00dflieferungen.<\/p>","protected":false},"excerpt":{"rendered":"<p>Erhalten Sie Fabrikpreise f\u00fcr die BD035-50-WBc 3W LED Einbauleuchte. Gebaut mit hochwertigen OSRAM\/CREE LEDs f\u00fcr professionelle Architekturprojekte. Erhalten Sie Ihr Gro\u00dfhandelsangebot.<\/p>","protected":false},"featured_media":37391,"comment_status":"open","ping_status":"closed","template":"","meta":[],"product_brand":[],"product_cat":[105,100,426,427,428,439,429,440,118,430,441,431,442,443,432,433,444,464,445,446,106,434,435,436,437],"product_tag":[107,103,76,119,77,108,83],"class_list":{"0":"post-38095","1":"product","2":"type-product","3":"status-publish","4":"has-post-thumbnail","6":"product_cat-015-series","7":"product_cat-aluminum-ground-light","8":"product_cat-ceiling-recessed","9":"product_cat-ceiling-surface","10":"product_cat-ceiling-suspended","11":"product_cat-commercial","12":"product_cat-drivers","13":"product_cat-education","14":"product_cat-frameless-ground-light","15":"product_cat-freestanding-light","16":"product_cat-hospitality","17":"product_cat-industrial","18":"product_cat-infrastructure","19":"product_cat-landscape","20":"product_cat-landscaping","21":"product_cat-linear","22":"product_cat-office","23":"product_cat-c-outdoor-lighting","24":"product_cat-residential","25":"product_cat-retail","26":"product_cat-round-ground-light","27":"product_cat-table-lamp","28":"product_cat-track","29":"product_cat-wall-recessed","30":"product_cat-wall-surface","31":"product_tag-015-series","32":"product_tag-aluminum-ground-light","33":"product_tag-aluminum-housing","34":"product_tag-frameless-ground-light","35":"product_tag-ground-light","36":"product_tag-round-ground-light","37":"product_tag-waterproof-fixture","39":"first","40":"instock","41":"shipping-taxable","42":"product-type-simple"},"_links":{"self":[{"href":"https:\/\/ledsteplight.com\/de\/wp-json\/wp\/v2\/product\/38095","targetHints":{"allow":["GET"]}}],"collection":[{"href":"https:\/\/ledsteplight.com\/de\/wp-json\/wp\/v2\/product"}],"about":[{"href":"https:\/\/ledsteplight.com\/de\/wp-json\/wp\/v2\/types\/product"}],"replies":[{"embeddable":true,"href":"https:\/\/ledsteplight.com\/de\/wp-json\/wp\/v2\/comments?post=38095"}],"version-history":[{"count":3,"href":"https:\/\/ledsteplight.com\/de\/wp-json\/wp\/v2\/product\/38095\/revisions"}],"predecessor-version":[{"id":38596,"href":"https:\/\/ledsteplight.com\/de\/wp-json\/wp\/v2\/product\/38095\/revisions\/38596"}],"wp:featuredmedia":[{"embeddable":true,"href":"https:\/\/ledsteplight.com\/de\/wp-json\/wp\/v2\/media\/37391"}],"wp:attachment":[{"href":"https:\/\/ledsteplight.com\/de\/wp-json\/wp\/v2\/media?parent=38095"}],"wp:term":[{"taxonomy":"product_brand","embeddable":true,"href":"https:\/\/ledsteplight.com\/de\/wp-json\/wp\/v2\/product_brand?post=38095"},{"taxonomy":"product_cat","embeddable":true,"href":"https:\/\/ledsteplight.com\/de\/wp-json\/wp\/v2\/product_cat?post=38095"},{"taxonomy":"product_tag","embeddable":true,"href":"https:\/\/ledsteplight.com\/de\/wp-json\/wp\/v2\/product_tag?post=38095"}],"curies":[{"name":"wp","href":"https:\/\/api.w.org\/{rel}","templated":true}]}}