{"id":38098,"date":"2025-09-08T13:04:28","date_gmt":"2025-09-08T13:04:28","guid":{"rendered":"https:\/\/ledsteplight.com\/import-placeholder-for-37316\/"},"modified":"2026-01-19T02:13:15","modified_gmt":"2026-01-19T02:13:15","slug":"ts50-zt-sq-led-step-light-custom-ground-lighting-manufacturer-wholesale-supplier","status":"publish","type":"product","link":"https:\/\/ledsteplight.com\/de\/ts50-zt-sq-led-step-light-custom-ground-lighting-manufacturer-wholesale-supplier\/","title":{"rendered":"TS50-ZT-SQ LED-Stufenlicht | Hersteller und Gro\u00dfh\u00e4ndler f\u00fcr individuelle Bodenbeleuchtung"},"content":{"rendered":"<table class=\"OxEWNITQ\">\n<thead>\n<tr>\n<th><strong>Produktmodell<\/strong><\/th>\n<th><strong>TS50-ZT-SQ<\/strong><\/th>\n<\/tr>\n<\/thead>\n<tbody>\n<tr>\n<td><strong>Gr\u00f6\u00dfe<\/strong><\/td>\n<td>L50*W50MM<\/td>\n<\/tr>\n<tr>\n<td><strong>Schnittgr\u00f6\u00dfe<\/strong><\/td>\n<td>\/<\/td>\n<\/tr>\n<tr>\n<td><strong>Funktionssteuerung<\/strong><\/td>\n<td>dali\/0-10V\/Ein\/Aus<\/td>\n<\/tr>\n<tr>\n<td><strong>Lichtquelle<\/strong><\/td>\n<td>DSP LED<\/td>\n<\/tr>\n<tr>\n<td><strong>Watt<\/strong><\/td>\n<td>3-7W<\/td>\n<\/tr>\n<tr>\n<td><strong>Gewicht<\/strong><\/td>\n<td>0,6KG<\/td>\n<\/tr>\n<tr>\n<td><strong>Eingangsspannung<\/strong><\/td>\n<td>DC24V<\/td>\n<\/tr>\n<tr>\n<td><strong>Treiber<\/strong><\/td>\n<td>Integriert<\/td>\n<\/tr>\n<tr>\n<td><strong>Reflektorenwinkel<\/strong><\/td>\n<td>15\/30\/45\/60<\/td>\n<\/tr>\n<tr>\n<td><strong><strong><a href=\"https:\/\/ledsteplight.com\/de\/dm36b-pro-honeycomb-anti-glare-led-in-ground-light-ip67-24v-dc\/\" class=\"waam-auto-link\" title=\"Farbtemperatur\">Farbtemperatur<\/a><\/strong><\/strong><\/td>\n<td>Nicht spezifiziert<\/td>\n<\/tr>\n<tr>\n<td><strong>Material<\/strong><\/td>\n<td>Nicht spezifiziert<\/td>\n<\/tr>\n<tr>\n<td><strong>Farbe\/Finish<\/strong><\/td>\n<td>Nicht spezifiziert<\/td>\n<\/tr>\n<tr>\n<td><strong>IP-Bewertung<\/strong><\/td>\n<td>Nicht spezifiziert<\/td>\n<\/tr>\n<tr>\n<td><strong>Installation<\/strong><\/td>\n<td>Nicht spezifiziert<\/td>\n<\/tr>\n<\/tbody>\n<\/table>\n<p data-start=\"113\" data-end=\"537\">Beleuchten Sie Ihren Weg mit Vertrauen \u2014 die <strong data-start=\"184\" data-end=\"213\">TS50-ZT-SQ LED-Stufenleuchte<\/strong> liefert helles, effizientes <strong><a href=\"https:\/\/ledsteplight.com\/de\/ultimer-leitfaden-fur-landschafts-inground-beleuchtungslosungen\/\" class=\"waam-auto-link\" title=\"Bodenbeleuchtung\">Bodenbeleuchtung<\/a><\/strong> in einem kompakten 50\u00d750mm Geh\u00e4use. Entwickelt f\u00fcr Wege, G\u00e4rten und architektonische Stufen, verbindet es elegantes Aussehen mit praktischer Leistung. Mit <strong data-start=\"399\" data-end=\"421\">DSP LED-Technologie<\/strong>, bietet sauberes, stabiles <strong><a href=\"https:\/\/ledsteplight.com\/de\/vorteile-des-pir-sensor-treppenlichts-fur-die-sicherheit\/\" class=\"waam-auto-link\" title=\"Beleuchtung\">Beleuchtung<\/a><\/strong> mit mehreren <strong data-start=\"474\" data-end=\"507\">Strahlwinkeln (15\u00b0\/30\u00b0\/45\u00b0\/60\u00b0)<\/strong> um Ihr Raumdesign zu erg\u00e4nzen.<\/p>\n<p data-start=\"539\" data-end=\"755\">Powered by a <strong data-start=\"552\" data-end=\"571\">integrierter Treiber<\/strong> und <strong data-start=\"576\" data-end=\"591\">DC24V Eingang<\/strong>, diese Stufenleuchte arbeitet nahtlos mit <strong data-start=\"631\" data-end=\"673\">DALI, 0-10V oder Ein\/Aus-Steuerungssystemen<\/strong>, was flexible Lichtsteuerung f\u00fcr sowohl private als auch gewerbliche Projekte erm\u00f6glicht.<\/p>\n<p data-start=\"757\" data-end=\"1068\">Als ein <strong data-start=\"762\" data-end=\"785\">direkter Hersteller<\/strong>, unterst\u00fctzen wir <strong data-start=\"798\" data-end=\"854\">kundenspezifisches Design, Gro\u00dfbestellungen und OEM\/ODM-Dienstleistungen<\/strong>. Ob Sie eine spezielle Oberfl\u00e4che, Wasserdichtigkeitsklasse oder Installationsmethode ben\u00f6tigen, wir helfen Ihnen, das Licht an die Anforderungen Ihres Projekts anzupassen \u2014 <strong data-start=\"990\" data-end=\"1066\">Direkt vom Hersteller Qualit\u00e4t, Gro\u00dfhandelspreise und weltweiter Versand inklusive.<\/strong><\/p>","protected":false},"excerpt":{"rendered":"<p>Auf der Suche nach zuverl\u00e4ssigen LED-Stufenlichtern? Die <strong data-start=\"1148\" data-end=\"1162\">TS50-ZT-SQ<\/strong> ist ein kompaktes, anpassbares Erdlicht, ideal f\u00fcr Wege und Architektur. Hersteller von LED-Beleuchtung direkt vom Werk, bietet OEM\/ODM, Gro\u00dflieferung und weltweiten Versand.<\/p>","protected":false},"featured_media":37397,"comment_status":"open","ping_status":"closed","template":"","meta":[],"product_brand":[],"product_cat":[100,426,427,428,439,429,440,430,441,431,442,443,432,433,444,112,464,445,446,106,434,435,436,437],"product_tag":[103,76,140,77,113,78,108,141],"class_list":{"0":"post-38098","1":"product","2":"type-product","3":"status-publish","4":"has-post-thumbnail","6":"product_cat-aluminum-ground-light","7":"product_cat-ceiling-recessed","8":"product_cat-ceiling-surface","9":"product_cat-ceiling-suspended","10":"product_cat-commercial","11":"product_cat-drivers","12":"product_cat-education","13":"product_cat-freestanding-light","14":"product_cat-hospitality","15":"product_cat-industrial","16":"product_cat-infrastructure","17":"product_cat-landscape","18":"product_cat-landscaping","19":"product_cat-linear","20":"product_cat-office","21":"product_cat-outdoor-ground-light","22":"product_cat-c-outdoor-lighting","23":"product_cat-residential","24":"product_cat-retail","25":"product_cat-round-ground-light","26":"product_cat-table-lamp","27":"product_cat-track","28":"product_cat-wall-recessed","29":"product_cat-wall-surface","30":"product_tag-aluminum-ground-light","31":"product_tag-aluminum-housing","32":"product_tag-flood-light","33":"product_tag-ground-light","34":"product_tag-outdoor-ground-light","35":"product_tag-outdoor-lighting","36":"product_tag-round-ground-light","37":"product_tag-tree-spot-light","39":"first","40":"instock","41":"shipping-taxable","42":"product-type-simple"},"_links":{"self":[{"href":"https:\/\/ledsteplight.com\/de\/wp-json\/wp\/v2\/product\/38098","targetHints":{"allow":["GET"]}}],"collection":[{"href":"https:\/\/ledsteplight.com\/de\/wp-json\/wp\/v2\/product"}],"about":[{"href":"https:\/\/ledsteplight.com\/de\/wp-json\/wp\/v2\/types\/product"}],"replies":[{"embeddable":true,"href":"https:\/\/ledsteplight.com\/de\/wp-json\/wp\/v2\/comments?post=38098"}],"version-history":[{"count":3,"href":"https:\/\/ledsteplight.com\/de\/wp-json\/wp\/v2\/product\/38098\/revisions"}],"predecessor-version":[{"id":38599,"href":"https:\/\/ledsteplight.com\/de\/wp-json\/wp\/v2\/product\/38098\/revisions\/38599"}],"wp:featuredmedia":[{"embeddable":true,"href":"https:\/\/ledsteplight.com\/de\/wp-json\/wp\/v2\/media\/37397"}],"wp:attachment":[{"href":"https:\/\/ledsteplight.com\/de\/wp-json\/wp\/v2\/media?parent=38098"}],"wp:term":[{"taxonomy":"product_brand","embeddable":true,"href":"https:\/\/ledsteplight.com\/de\/wp-json\/wp\/v2\/product_brand?post=38098"},{"taxonomy":"product_cat","embeddable":true,"href":"https:\/\/ledsteplight.com\/de\/wp-json\/wp\/v2\/product_cat?post=38098"},{"taxonomy":"product_tag","embeddable":true,"href":"https:\/\/ledsteplight.com\/de\/wp-json\/wp\/v2\/product_tag?post=38098"}],"curies":[{"name":"wp","href":"https:\/\/api.w.org\/{rel}","templated":true}]}}