{"id":38130,"date":"2025-09-08T13:04:35","date_gmt":"2025-09-08T13:04:35","guid":{"rendered":"https:\/\/ledsteplight.com\/import-placeholder-for-37318\/"},"modified":"2026-01-19T02:13:11","modified_gmt":"2026-01-19T02:13:11","slug":"bd035-42-led-erdspiesleuchte-5w-ip65-groshandelslieferant","status":"publish","type":"product","link":"https:\/\/ledsteplight.com\/de\/bd035-42-led-erdspiesleuchte-5w-ip65-groshandelslieferant\/","title":{"rendered":"BD035-42 LED Bodenleuchte  5W, IP65 | Gro\u00dfhandelslieferant"},"content":{"rendered":"<table class=\"OxEWNITQ\">\n<thead>\n<tr>\n<th>Parameter<\/th>\n<th>Wert\/Beschreibung<\/th>\n<\/tr>\n<\/thead>\n<tbody>\n<tr>\n<td><strong>Modell<\/strong><\/td>\n<td>MG-BD035-42<\/td>\n<\/tr>\n<tr>\n<td><strong>Gr\u00f6\u00dfe<\/strong><\/td>\n<td>\u03c642*H405mm<\/td>\n<\/tr>\n<tr>\n<td><strong>Schnittgr\u00f6\u00dfe<\/strong><\/td>\n<td>(\u03c640*H75mm)<\/td>\n<\/tr>\n<tr>\n<td><strong>Funktionssteuerung<\/strong><\/td>\n<td>Nicht spezifiziert<\/td>\n<\/tr>\n<tr>\n<td><strong>Lichtquelle<\/strong><\/td>\n<td>OSRAM \/ CREE \/ 3014 SMD<\/td>\n<\/tr>\n<tr>\n<td><strong>Watt<\/strong><\/td>\n<td>1W (350mA)<\/td>\n<\/tr>\n<tr>\n<td><strong>Gewicht<\/strong><\/td>\n<td>0,45kg<\/td>\n<\/tr>\n<tr>\n<td><strong>Wechselstrom-Eingang<\/strong><\/td>\n<td>100-240V, 50~60HZ \/ DC12\/24V<\/td>\n<\/tr>\n<tr>\n<td><strong>Treiber<\/strong><\/td>\n<td>Nicht spezifiziert<\/td>\n<\/tr>\n<tr>\n<td><strong>Reflektorenwinkel<\/strong><\/td>\n<td>Nicht spezifiziert<\/td>\n<\/tr>\n<tr>\n<td><strong><strong><a href=\"https:\/\/ledsteplight.com\/de\/dm36b-pro-honeycomb-anti-glare-led-in-ground-light-ip67-24v-dc\/\" class=\"waam-auto-link\" title=\"Farbtemperatur\">Farbtemperatur<\/a><\/strong><\/strong><\/td>\n<td>3000K, 4000K, 5700K<\/td>\n<\/tr>\n<tr>\n<td><strong>Anschluss (Kabel\/L\u00e4nge\/Stecker)<\/strong><\/td>\n<td>Nicht spezifiziert<\/td>\n<\/tr>\n<tr>\n<td><strong>Material<\/strong><\/td>\n<td>Aluminium<\/td>\n<\/tr>\n<tr>\n<td><strong>Farbe\/Oberfl\u00e4chenbehandlung<\/strong><\/td>\n<td>Wei\u00df, Schwarz<\/td>\n<\/tr>\n<tr>\n<td><strong>IP-Bewertung<\/strong><\/td>\n<td><strong><a href=\"https:\/\/ledsteplight.com\/de\/cree-bridgelux-chip-ip65-led-fixture-for-garden-facade-lighting\/\" class=\"waam-auto-link\" title=\"IP65\">IP65<\/a><\/strong><\/td>\n<\/tr>\n<tr>\n<td><strong>Installation<\/strong><\/td>\n<td>Einbauversenkt (Optional vorgebohrte Box)<\/td>\n<\/tr>\n<\/tbody>\n<\/table>\n<p data-start=\"1089\" data-end=\"1452\"><strong data-start=\"1093\" data-end=\"1105\">BD035-42<\/strong> ist ein robustes kleines Arbeitstier \u2014 ein 5W eingelassener LED, der dank seiner <strong data-start=\"1222\" data-end=\"1241\">IP65 wasserdicht<\/strong> Bewertung. Es liefert sauberes, konsistentes <strong><a href=\"https:\/\/ledsteplight.com\/de\/vorteile-des-pir-sensor-treppenlichts-fur-die-sicherheit\/\" class=\"waam-auto-link\" title=\"Beleuchtung\">Beleuchtung<\/a><\/strong> f\u00fcr Wege, Landschaftsakzente und niedrigprofilige Akzentbeleuchtung, w\u00e4hrend es eine kleine Stellfl\u00e4che beibeh\u00e4lt, die sich ruhig im Boden versteckt und die Szene sprechen l\u00e4sst.<\/p>\n<p data-start=\"1454\" data-end=\"1758\">F\u00fcr Auftragnehmer und K\u00e4ufer, die auf eine vorhersehbare Versorgung Wert legen, wird dieses Ger\u00e4t werkseitig einsatzbereit geliefert und ist OEM-freundlich \u2014 Muster, individuelle Oberfl\u00e4chen und Mengenrabatte sind erh\u00e4ltlich. Teilen Sie uns Ihre Projektgr\u00f6\u00dfe und Spezifikationsanforderungen mit, und wir erstellen ein Angebot, Lieferzeit und alle erforderlichen Pr\u00fcfdokumente.<\/p>","protected":false},"excerpt":{"rendered":"<p>Kaufen Sie BD035-42 IP65 5W LED-Erdbodenleuchte direkt vom Werk. Muster, individuelle Markenkennzeichnung und Projektpreise verf\u00fcgbar. Kontaktieren Sie den Vertrieb f\u00fcr schnelle Mengenangebote.<\/p>","protected":false},"featured_media":37403,"comment_status":"open","ping_status":"closed","template":"","meta":[],"product_brand":[],"product_cat":[69,100,426,427,428,439,429,440,430,441,431,442,443,432,433,444,112,464,445,446,106,434,435,128,436,437],"product_tag":[74,103,76,77,113,78,108,129],"class_list":{"0":"post-38130","1":"product","2":"type-product","3":"status-publish","4":"has-post-thumbnail","6":"product_cat-5w","7":"product_cat-aluminum-ground-light","8":"product_cat-ceiling-recessed","9":"product_cat-ceiling-surface","10":"product_cat-ceiling-suspended","11":"product_cat-commercial","12":"product_cat-drivers","13":"product_cat-education","14":"product_cat-freestanding-light","15":"product_cat-hospitality","16":"product_cat-industrial","17":"product_cat-infrastructure","18":"product_cat-landscape","19":"product_cat-landscaping","20":"product_cat-linear","21":"product_cat-office","22":"product_cat-outdoor-ground-light","23":"product_cat-c-outdoor-lighting","24":"product_cat-residential","25":"product_cat-retail","26":"product_cat-round-ground-light","27":"product_cat-table-lamp","28":"product_cat-track","29":"product_cat-wall-light-series","30":"product_cat-wall-recessed","31":"product_cat-wall-surface","32":"product_tag-5w-led","33":"product_tag-aluminum-ground-light","34":"product_tag-aluminum-housing","35":"product_tag-ground-light","36":"product_tag-outdoor-ground-light","37":"product_tag-outdoor-lighting","38":"product_tag-round-ground-light","39":"product_tag-wall-light-series","41":"first","42":"instock","43":"featured","44":"downloadable","45":"shipping-taxable","46":"product-type-simple"},"_links":{"self":[{"href":"https:\/\/ledsteplight.com\/de\/wp-json\/wp\/v2\/product\/38130","targetHints":{"allow":["GET"]}}],"collection":[{"href":"https:\/\/ledsteplight.com\/de\/wp-json\/wp\/v2\/product"}],"about":[{"href":"https:\/\/ledsteplight.com\/de\/wp-json\/wp\/v2\/types\/product"}],"replies":[{"embeddable":true,"href":"https:\/\/ledsteplight.com\/de\/wp-json\/wp\/v2\/comments?post=38130"}],"version-history":[{"count":3,"href":"https:\/\/ledsteplight.com\/de\/wp-json\/wp\/v2\/product\/38130\/revisions"}],"predecessor-version":[{"id":38589,"href":"https:\/\/ledsteplight.com\/de\/wp-json\/wp\/v2\/product\/38130\/revisions\/38589"}],"wp:featuredmedia":[{"embeddable":true,"href":"https:\/\/ledsteplight.com\/de\/wp-json\/wp\/v2\/media\/37403"}],"wp:attachment":[{"href":"https:\/\/ledsteplight.com\/de\/wp-json\/wp\/v2\/media?parent=38130"}],"wp:term":[{"taxonomy":"product_brand","embeddable":true,"href":"https:\/\/ledsteplight.com\/de\/wp-json\/wp\/v2\/product_brand?post=38130"},{"taxonomy":"product_cat","embeddable":true,"href":"https:\/\/ledsteplight.com\/de\/wp-json\/wp\/v2\/product_cat?post=38130"},{"taxonomy":"product_tag","embeddable":true,"href":"https:\/\/ledsteplight.com\/de\/wp-json\/wp\/v2\/product_tag?post=38130"}],"curies":[{"name":"wp","href":"https:\/\/api.w.org\/{rel}","templated":true}]}}