{"id":38132,"date":"2025-09-08T13:04:35","date_gmt":"2025-09-08T13:04:35","guid":{"rendered":"https:\/\/ledsteplight.com\/import-placeholder-for-37335\/"},"modified":"2026-01-19T02:13:12","modified_gmt":"2026-01-19T02:13:12","slug":"mg-sn015-s-led-erdbodenleuchte-lieferant-ip65-bewertet-3w-einbauwegbeleuchtung","status":"publish","type":"product","link":"https:\/\/ledsteplight.com\/de\/mg-sn015-s-led-erdbodenleuchte-lieferant-ip65-bewertet-3w-einbauwegbeleuchtung\/","title":{"rendered":"MG-SN015-S LED Erdungsleuchte Lieferant \u2013 IP65 bewertet, 3W Einbauwegbeleuchtung"},"content":{"rendered":"<table class=\"OxEWNITQ\">\n<thead>\n<tr>\n<th>Parameter<\/th>\n<th>Wert\/Beschreibung<\/th>\n<\/tr>\n<\/thead>\n<tbody>\n<tr>\n<td><strong>Modell<\/strong><\/td>\n<td>MG-SN015-S<\/td>\n<\/tr>\n<tr>\n<td><strong>Produktgr\u00f6\u00dfe<\/strong><\/td>\n<td>\u00d870mm*H42mm (Rund)<\/td>\n<\/tr>\n<tr>\n<td><strong>Schnittgr\u00f6\u00dfe<\/strong><\/td>\n<td>\u00d865mm*H65mm (Rund)<\/td>\n<\/tr>\n<tr>\n<td><strong>Funktionssteuerung<\/strong><\/td>\n<td>Nicht spezifiziert<\/td>\n<\/tr>\n<tr>\n<td><strong>Lichtquelle<\/strong><\/td>\n<td><strong><a href=\"https:\/\/ledsteplight.com\/de\/cree-bridgelux-chip-ip65-led-fixture-for-garden-facade-lighting\/\" class=\"waam-auto-link\" title=\"Bridgelux LED\">Bridgelux LED<\/a><\/strong><\/td>\n<\/tr>\n<tr>\n<td><strong>Watt<\/strong><\/td>\n<td>3W (700mA)<\/td>\n<\/tr>\n<tr>\n<td><strong>Gewicht<\/strong><\/td>\n<td>0,45kg<\/td>\n<\/tr>\n<tr>\n<td><strong>Wechselstrom-Eingang<\/strong><\/td>\n<td>100-240V, 50~60HZ \/ DC24V<\/td>\n<\/tr>\n<tr>\n<td><strong>Treiber<\/strong><\/td>\n<td>Nicht spezifiziert<\/td>\n<\/tr>\n<tr>\n<td><strong>Reflektorenwinkel<\/strong><\/td>\n<td>Nicht spezifiziert<\/td>\n<\/tr>\n<tr>\n<td><strong><strong><a href=\"https:\/\/ledsteplight.com\/de\/dm36b-pro-honeycomb-anti-glare-led-in-ground-light-ip67-24v-dc\/\" class=\"waam-auto-link\" title=\"Farbtemperatur\">Farbtemperatur<\/a><\/strong><\/strong><\/td>\n<td>3000K, 4000K, 5700K<\/td>\n<\/tr>\n<tr>\n<td><strong>Material<\/strong><\/td>\n<td>Aluminium<\/td>\n<\/tr>\n<tr>\n<td><strong>Farbe\/Finish<\/strong><\/td>\n<td>Wei\u00df, Schwarz, Silber<\/td>\n<\/tr>\n<tr>\n<td><strong>IP-Bewertung<\/strong><\/td>\n<td>IP54\/IP65<\/td>\n<\/tr>\n<tr>\n<td><strong>Installation<\/strong><\/td>\n<td>Einbauversenkt (Optional vorgebohrte Box)<\/td>\n<\/tr>\n<\/tbody>\n<\/table>\n<p data-start=\"574\" data-end=\"890\"><strong data-start=\"578\" data-end=\"622\">SN015-S 3W LED <strong><a href=\"https:\/\/ledsteplight.com\/de\/5w-led-in-ground-lights-ip65-waterproof-outdoor-driveway-garden-floor-lighting\/\" class=\"waam-auto-link\" title=\"Bodenleuchte\">Bodenleuchte<\/a><\/strong> (MG-SN015-S)<\/strong> ist f\u00fcr Langlebigkeit und Leistung in Au\u00dfenprojekten konzipiert. Entwickelt mit einem <strong data-start=\"700\" data-end=\"726\">\u00d870mm Aluminiumgeh\u00e4use<\/strong> und in Wei\u00df, Schwarz oder Silber erh\u00e4ltlich, bietet diese Einbauleuchte ein elegantes Erscheinungsbild bei gleichzeitig robustem Schutz mit <strong data-start=\"861\" data-end=\"887\">IP65 wasserdichter Schutzart<\/strong>.<\/p>\n<p data-start=\"892\" data-end=\"1307\">Powered by a <strong data-start=\"905\" data-end=\"925\">3W Bridgelux LED<\/strong>, liefert die SN015-S zuverl\u00e4ssige Helligkeit in <strong data-start=\"971\" data-end=\"1024\">mehreren Farbtemperaturen (3000K, 4000K, 5700K)<\/strong>, was es zu einer vielseitigen Wahl f\u00fcr sowohl Wohn- als auch gewerbliche Beleuchtungsanwendungen macht. Mit werkseigener Versorgung und Gro\u00dfbestelloptionen ist es eine ausgezeichnete L\u00f6sung f\u00fcr H\u00e4ndler, Auftragnehmer und Gro\u00dfh\u00e4ndler, die hochwertige <strong><a href=\"https:\/\/ledsteplight.com\/de\/mistakes-to-avoid-when-installing-in-ground-driveway-lights\/\" class=\"waam-auto-link\" title=\"Einbau-Bodenleuchten\">Einbau-Bodenleuchten<\/a><\/strong> zu wettbewerbsf\u00e4higen Preisen anbieten.<\/p>","protected":false},"excerpt":{"rendered":"<p id=\"\"><strong data-start=\"1351\" data-end=\"1392\">SN015-S 3W LED-Erdbodenleuchte Gro\u00dfhandel<\/strong> \u2013 Direktversorgung vom Hersteller mit <strong data-start=\"1422\" data-end=\"1483\">Bridgelux LED, IP65 wasserdicht, Optionen 3000K\/4000K\/5700K<\/strong>, ideal f\u00fcr <strong data-start=\"1495\" data-end=\"1520\">Gro\u00dfprojekte im Freien<\/strong>.<\/p>","protected":false},"featured_media":37410,"comment_status":"open","ping_status":"closed","template":"","meta":[],"product_brand":[],"product_cat":[105,100,426,427,428,439,429,440,430,73,441,431,442,443,432,433,444,112,464,445,446,106,434,435,436,437],"product_tag":[107,82,103,76,77,113,78,108],"class_list":{"0":"post-38132","1":"product","2":"type-product","3":"status-publish","4":"has-post-thumbnail","6":"product_cat-015-series","7":"product_cat-aluminum-ground-light","8":"product_cat-ceiling-recessed","9":"product_cat-ceiling-surface","10":"product_cat-ceiling-suspended","11":"product_cat-commercial","12":"product_cat-drivers","13":"product_cat-education","14":"product_cat-freestanding-light","15":"product_cat-ground-light","16":"product_cat-hospitality","17":"product_cat-industrial","18":"product_cat-infrastructure","19":"product_cat-landscape","20":"product_cat-landscaping","21":"product_cat-linear","22":"product_cat-office","23":"product_cat-outdoor-ground-light","24":"product_cat-c-outdoor-lighting","25":"product_cat-residential","26":"product_cat-retail","27":"product_cat-round-ground-light","28":"product_cat-table-lamp","29":"product_cat-track","30":"product_cat-wall-recessed","31":"product_cat-wall-surface","32":"product_tag-015-series","33":"product_tag-3w-led","34":"product_tag-aluminum-ground-light","35":"product_tag-aluminum-housing","36":"product_tag-ground-light","37":"product_tag-outdoor-ground-light","38":"product_tag-outdoor-lighting","39":"product_tag-round-ground-light","41":"first","42":"instock","43":"featured","44":"downloadable","45":"shipping-taxable","46":"product-type-simple"},"_links":{"self":[{"href":"https:\/\/ledsteplight.com\/de\/wp-json\/wp\/v2\/product\/38132","targetHints":{"allow":["GET"]}}],"collection":[{"href":"https:\/\/ledsteplight.com\/de\/wp-json\/wp\/v2\/product"}],"about":[{"href":"https:\/\/ledsteplight.com\/de\/wp-json\/wp\/v2\/types\/product"}],"replies":[{"embeddable":true,"href":"https:\/\/ledsteplight.com\/de\/wp-json\/wp\/v2\/comments?post=38132"}],"version-history":[{"count":3,"href":"https:\/\/ledsteplight.com\/de\/wp-json\/wp\/v2\/product\/38132\/revisions"}],"predecessor-version":[{"id":38591,"href":"https:\/\/ledsteplight.com\/de\/wp-json\/wp\/v2\/product\/38132\/revisions\/38591"}],"wp:featuredmedia":[{"embeddable":true,"href":"https:\/\/ledsteplight.com\/de\/wp-json\/wp\/v2\/media\/37410"}],"wp:attachment":[{"href":"https:\/\/ledsteplight.com\/de\/wp-json\/wp\/v2\/media?parent=38132"}],"wp:term":[{"taxonomy":"product_brand","embeddable":true,"href":"https:\/\/ledsteplight.com\/de\/wp-json\/wp\/v2\/product_brand?post=38132"},{"taxonomy":"product_cat","embeddable":true,"href":"https:\/\/ledsteplight.com\/de\/wp-json\/wp\/v2\/product_cat?post=38132"},{"taxonomy":"product_tag","embeddable":true,"href":"https:\/\/ledsteplight.com\/de\/wp-json\/wp\/v2\/product_tag?post=38132"}],"curies":[{"name":"wp","href":"https:\/\/api.w.org\/{rel}","templated":true}]}}