{"id":275,"date":"2022-05-23T11:09:46","date_gmt":"2022-05-23T11:09:46","guid":{"rendered":"http:\/\/dummy.xtemos.com\/woodmart2\/megamarket-elementor\/?page_id=275"},"modified":"2025-09-28T10:49:45","modified_gmt":"2025-09-28T10:49:45","slug":"sobre-nosotros","status":"publish","type":"page","link":"https:\/\/ledsteplight.com\/es\/sobre-nosotros\/","title":{"rendered":"Sobre nosotros"},"content":{"rendered":"<div data-elementor-type=\"wp-page\" data-elementor-id=\"275\" class=\"elementor elementor-275\" data-elementor-post-type=\"page\">\n\t\t\t\t<div class=\"wd-negative-gap elementor-element elementor-element-3e5f2e4 wd-section-stretch-content e-flex e-con-boxed e-con e-parent\" data-id=\"3e5f2e4\" data-element_type=\"container\">\n\t\t\t\t\t<div class=\"e-con-inner\">\n\t\t\t\t<div class=\"elementor-element elementor-element-946b460 elementor-widget elementor-widget-html\" data-id=\"946b460\" data-element_type=\"widget\" data-widget_type=\"html.default\">\n\t\t\t\t\t\n    <div id=\"meiguang-about-page\">\n        <style>\n            #meiguang-about-page {\n                font-family: 'Segoe UI', Tahoma, Geneva, Verdana, sans-serif;\n                color: #333;\n                line-height: 1.7;\n                max-width: 1200px;\n                margin: 0 auto;\n                padding: 30px 20px;\n                background-color: #fcfcfc;\n            }\n            \n            \/* \u6807\u9898\u6837\u5f0f *\/\n            #meiguang-about-page h1,\n            #meiguang-about-page h2,\n            #meiguang-about-page h3 {\n                color: #23395b;\n                margin-bottom: 20px;\n                position: relative;\n                padding-bottom: 10px;\n            }\n            \n            #meiguang-about-page h1 {\n                font-size: 2.5rem;\n                border-bottom: 3px solid #49b3ff;\n                margin-top: 20px;\n                display: inline-block;\n                animation: fadeIn 1s ease-out;\n            }\n            \n            #meiguang-about-page h2 {\n                font-size: 2rem;\n                margin-top: 40px;\n                color: #2a4365;\n                border-left: 4px solid #49b3ff;\n                padding-left: 15px;\n                transition: all 0.3s ease;\n            }\n            \n            #meiguang-about-page h2:hover {\n                color: #49b3ff;\n                transform: translateX(5px);\n            }\n            \n            \/* \u5361\u7247\u5bb9\u5668\u6837\u5f0f *\/\n            #meiguang-about-page .company-profile,\n            #meiguang-about-page .custom-service,\n            #meiguang-about-page .philosophy {\n                background: linear-gradient(145deg, #ffffff, #f0f0f0);\n                padding: 30px;\n                border-radius: 12px;\n                margin-bottom: 35px;\n                box-shadow: 0 8px 20px rgba(0,0,0,0.08);\n                transition: all 0.4s ease;\n                position: relative;\n                overflow: hidden;\n            }\n            \n            #meiguang-about-page .company-profile:hover,\n            #meiguang-about-page .custom-service:hover,\n            #meiguang-about-page .philosophy:hover {\n                transform: translateY(-5px);\n                box-shadow: 0 12px 25px rgba(0,0,0,0.12);\n            }\n            \n            \/* \u5361\u7247\u88c5\u9970\u5143\u7d20 *\/\n            #meiguang-about-page .company-profile::before,\n            #meiguang-about-page .custom-service::before,\n            #meiguang-about-page .philosophy::before {\n                content: '';\n                position: absolute;\n                top: 0;\n                left: 0;\n                width: 100%;\n                height: 5px;\n                background: linear-gradient(90deg, #49b3ff, #2a86db);\n            }\n            \n            \/* \u670d\u52a1\u5217\u8868\u6837\u5f0f *\/\n            #meiguang-about-page .service-list {\n                margin-top: 25px;\n                display: grid;\n                grid-template-columns: repeat(auto-fill, minmax(300px, 1fr));\n                gap: 20px;\n            }\n            \n            #meiguang-about-page .service-item {\n                background-color: white;\n                padding: 20px;\n                border-radius: 8px;\n                box-shadow: 0 4px 12px rgba(0,0,0,0.05);\n                transition: all 0.3s ease;\n                border-top: 3px solid transparent;\n            }\n            \n            #meiguang-about-page .service-item:hover {\n                transform: translateY(-3px);\n                box-shadow: 0 6px 15px rgba(0,0,0,0.1);\n                border-top-color: #49b3ff;\n            }\n            \n            #meiguang-about-page .service-item h3 {\n                color: #2a4365;\n                margin-bottom: 12px;\n                font-size: 1.35rem;\n                padding-bottom: 5px;\n                border-bottom: 1px solid #f0f0f0;\n            }\n            \n            \/* \u6587\u672c\u6837\u5f0f *\/\n            #meiguang-about-page p {\n                margin-bottom: 18px;\n                font-size: 1.05rem;\n                color: #4a5568;\n                line-height: 1.8;\n            }\n            \n            #meiguang-about-page .highlight {\n                color: #2a86db;\n                font-weight: 600;\n                position: relative;\n            }\n            \n            #meiguang-about-page .highlight::after {\n                content: '';\n                position: absolute;\n                bottom: -2px;\n                left: 0;\n                width: 100%;\n                height: 2px;\n                background-color: rgba(73, 179, 255, 0.3);\n            }\n            \n            \/* \u5217\u8868\u6837\u5f0f *\/\n            #meiguang-about-page ul {\n                padding-left: 25px;\n                margin-bottom: 15px;\n            }\n            \n            #meiguang-about-page li {\n                margin-bottom: 10px;\n                position: relative;\n                padding-left: 5px;\n            }\n            \n            #meiguang-about-page li::marker {\n                color: #49b3ff;\n                font-size: 1.2rem;\n            }\n            \n            \/* \u52a8\u753b\u6548\u679c *\/\n            @keyframes fadeIn {\n                from { opacity: 0; transform: translateY(20px); }\n                to { opacity: 1; transform: translateY(0); }\n            }\n            \n            .fade-in-section {\n                opacity: 0;\n                transform: translateY(20px);\n                transition: opacity 0.6s ease-out, transform 0.6s ease-out;\n            }\n            \n            .fade-in-section.is-visible {\n                opacity: 1;\n                transform: translateY(0);\n            }\n            \n            \/* \u54cd\u5e94\u5f0f\u8bbe\u8ba1 *\/\n            @media (max-width: 768px) {\n                #meiguang-about-page {\n                    padding: 20px 15px;\n                }\n                \n                #meiguang-about-page h1 {\n                    font-size: 2rem;\n                }\n                \n                #meiguang-about-page h2 {\n                    font-size: 1.6rem;\n                }\n                \n                #meiguang-about-page .company-profile,\n                #meiguang-about-page .custom-service,\n                #meiguang-about-page .philosophy {\n                    padding: 20px;\n                }\n                \n                #meiguang-about-page .service-list {\n                    grid-template-columns: 1fr;\n                }\n            }\n        <\/style>\n        \n        <h1>Perfil de la Empresa<\/h1>\n        \n        <div class=\"company-profile fade-in-section\">\n            <p>Meiguang Lighting &amp; Lighting Co., Ltd. est\u00e1 ubicada en Zhaoqing, Guangdong, China, que es una de las ciudades principales en la <span class=\"highlight\">Gran \u00c1rea de la Bah\u00eda de Guangdong-Hong Kong-Macao<\/span>.<\/p>\n            \n            <p>Nos especializamos en l\u00e1mparas de pie y productos de iluminaci\u00f3n relacionados, ofreciendo una amplia gama de productos y servicios personalizados a nuestros clientes.<\/p>\n            \n            <p>Estos productos se utilizan ampliamente en hogares, locales comerciales y entornos exteriores, y pueden satisfacer las necesidades de iluminaci\u00f3n de diferentes escenas.<\/p>\n        <\/div>\n        \n        <h2>Nuestro Servicio Personalizado<\/h2>\n        \n        <div class=\"custom-service fade-in-section\">\n            <p>Micron Lighting no solo proporciona productos est\u00e1ndar, sino que tambi\u00e9n ofrece servicios integrales de personalizaci\u00f3n para ayudar a los clientes a realizar sus necesidades individuales. Nuestros servicios personalizados incluyen:<\/p>\n            \n            <div class=\"service-list\">\n                <div class=\"service-item\">\n                    <h3>Servicio de dise\u00f1o<\/h3>\n                    <p>De acuerdo con sus necesidades, ofrecemos un servicio de dise\u00f1o profesional para ayudarle a crear la apariencia y funci\u00f3n ideales del producto.<\/p>\n                <\/div>\n                \n                <div class=\"service-item\">\n                    <h3>Servicio de fabricaci\u00f3n de moldes<\/h3>\n                    <p>Contamos con equipos avanzados de fabricaci\u00f3n de moldes, que pueden fabricar moldes r\u00e1pidamente seg\u00fan su dise\u00f1o y garantizar la producci\u00f3n precisa de sus productos.<\/p>\n                <\/div>\n                \n                <div class=\"service-item\">\n                    <h3>Procesamiento de dibujos<\/h3>\n                    <p>Si tiene planos de dise\u00f1o listos, podemos procesar y producir directamente seg\u00fan los dibujos.<\/p>\n                <\/div>\n                \n                <div class=\"service-item\">\n                    <h3>Personalizaci\u00f3n de par\u00e1metros:<\/h3>\n                    <ul>\n                        <li>Personalizaci\u00f3n de baja tensi\u00f3n: seg\u00fan sus requisitos de alimentaci\u00f3n el\u00e9ctrica<\/li>\n                        <li>Personalizaci\u00f3n de frecuencia: soporte para diferentes adaptaciones de frecuencia<\/li>\n                        <li>Personalizaci\u00f3n de temperatura de color: varias opciones disponibles<\/li>\n                        <li>Personalizaci\u00f3n de pintura: seg\u00fan sus requisitos de color<\/li>\n                        <li>LOGO l\u00e1ser: Imprima el LOGO de su marca en el producto<\/li>\n                        <li>Enlace de funciones: soporte para enlace con otros dispositivos inteligentes<\/li>\n                    <\/ul>\n                <\/div>\n                \n                <div class=\"service-item\">\n                    <h3>Servicio OEM<\/h3>\n                    <p>Ofrecemos servicio OEM, producimos productos seg\u00fan su marca y especificaciones, ayud\u00e1ndole a ingresar r\u00e1pidamente al mercado.<\/p>\n                <\/div>\n                \n                <div class=\"service-item\">\n                    <h3>Soporte t\u00e9cnico<\/h3>\n                    <p>Nuestro equipo t\u00e9cnico est\u00e1 listo para brindarle soporte t\u00e9cnico y resolver los problemas que encuentre en el proceso de uso.<\/p>\n                <\/div>\n                \n                <div class=\"service-item\">\n                    <h3>Soluciones de instalaci\u00f3n<\/h3>\n                    <p>Proporcionamos soluciones de instalaci\u00f3n profesionales para garantizar que los productos sean f\u00e1ciles de instalar y est\u00e9ticamente agradables.<\/p>\n                <\/div>\n            <\/div>\n        <\/div>\n        \n        <h2>Nuestra filosof\u00eda<\/h2>\n        \n        <div class=\"philosophy fade-in-section\">\n            <p>Siempre ponemos a nuestros clientes primero y nos esforzamos por ofrecer productos y servicios de calidad. Nuestro objetivo es que cada cliente quede satisfecho.<\/p>\n            \n            <p>Al elegir las l\u00e1mparas Micron Lighting, no solo elige una l\u00e1mpara, sino tambi\u00e9n un socio confiable.<\/p>\n        <\/div>\n\n        <script>\n            \/\/ \u7b80\u5355\u7684\u6eda\u52a8\u663e\u793a\u52a8\u753b\n            document.addEventListener('DOMContentLoaded', function() {\n                const fadeElements = document.querySelectorAll('.fade-in-section');\n                \n                const observerOptions = {\n                    root: null,\n                    rootMargin: '0px',\n                    threshold: 0.1\n                };\n                \n                const observer = new IntersectionObserver(function(entries, observer) {\n                    entries.forEach(entry => {\n                        if (entry.isIntersecting) {\n                            entry.target.classList.add('is-visible');\n                            observer.unobserve(entry.target);\n                        }\n                    });\n                }, observerOptions);\n                \n                fadeElements.forEach(element => {\n                    observer.observe(element);\n                });\n            });\n        <\/script>\n    <\/div>\n\n    \t\t\t\t<\/div>\n\t\t\t\t\t<\/div>\n\t\t\t\t<\/div>\n\t\t\t\t<\/div>","protected":false},"excerpt":{"rendered":"<p>Perfil de la empresa Meiguang Lighting &amp; Lighting Co., Ltd. est\u00e1 ubicada en Zhaoqing, Guangdong, China, que es uno de los centros principales<\/p>","protected":false},"author":1,"featured_media":0,"parent":0,"menu_order":0,"comment_status":"closed","ping_status":"closed","template":"","meta":{"footnotes":""},"class_list":["post-275","page","type-page","status-publish","hentry"],"_links":{"self":[{"href":"https:\/\/ledsteplight.com\/es\/wp-json\/wp\/v2\/pages\/275","targetHints":{"allow":["GET"]}}],"collection":[{"href":"https:\/\/ledsteplight.com\/es\/wp-json\/wp\/v2\/pages"}],"about":[{"href":"https:\/\/ledsteplight.com\/es\/wp-json\/wp\/v2\/types\/page"}],"author":[{"embeddable":true,"href":"https:\/\/ledsteplight.com\/es\/wp-json\/wp\/v2\/users\/1"}],"replies":[{"embeddable":true,"href":"https:\/\/ledsteplight.com\/es\/wp-json\/wp\/v2\/comments?post=275"}],"version-history":[{"count":3,"href":"https:\/\/ledsteplight.com\/es\/wp-json\/wp\/v2\/pages\/275\/revisions"}],"predecessor-version":[{"id":38234,"href":"https:\/\/ledsteplight.com\/es\/wp-json\/wp\/v2\/pages\/275\/revisions\/38234"}],"wp:attachment":[{"href":"https:\/\/ledsteplight.com\/es\/wp-json\/wp\/v2\/media?parent=275"}],"curies":[{"name":"wp","href":"https:\/\/api.w.org\/{rel}","templated":true}]}}