{"id":37890,"date":"2025-09-08T13:04:01","date_gmt":"2025-09-08T13:04:01","guid":{"rendered":"https:\/\/ledsteplight.com\/import-placeholder-for-36900\/"},"modified":"2025-12-11T23:35:34","modified_gmt":"2025-12-11T23:35:34","slug":"sn195-luz-de-suelo-led-cob-5w-impermeable-ip65-40000h","status":"publish","type":"product","link":"https:\/\/ledsteplight.com\/es\/sn195-luz-de-suelo-led-cob-5w-impermeable-ip65-40000h\/","title":{"rendered":"SN195 \u2014 Luz de suelo LED COB IP65 de 5W | Fijaci\u00f3n impermeable de 40,000 horas"},"content":{"rendered":"<p>&nbsp;<\/p>\n<table>\n<thead>\n<tr>\n<th><strong>Caracter\u00edstica<\/strong><\/th>\n<th><strong>Descripci\u00f3n<\/strong><\/th>\n<\/tr>\n<\/thead>\n<tbody>\n<tr>\n<td><strong>Modelo del producto<\/strong><\/td>\n<td>MG-SN195<\/td>\n<\/tr>\n<tr>\n<td><strong>Potencia<\/strong><\/td>\n<td>LED COB de 5W<\/td>\n<\/tr>\n<tr>\n<td><strong>Clasificaci\u00f3n de impermeabilidad<\/strong><\/td>\n<td>IP65 (Altamente resistente al polvo y al agua, adecuado para uso exterior)<\/td>\n<\/tr>\n<tr>\n<td><strong>Material<\/strong><\/td>\n<td>Aluminio fundido a presi\u00f3n<\/td>\n<\/tr>\n<tr>\n<td><strong><strong><a href=\"https:\/\/ledsteplight.com\/es\/dm36b-pro-honeycomb-anti-glare-led-in-ground-light-ip67-24v-dc\/\" class=\"waam-auto-link\" title=\"Temperatura de Color\">Temperatura de Color<\/a><\/strong><\/strong><\/td>\n<td>Ajustable de 3000K a 6000K (Blanco c\u00e1lido a blanco fr\u00edo)<\/td>\n<\/tr>\n<tr>\n<td><strong>Voltaje<\/strong><\/td>\n<td>110-265V<\/td>\n<\/tr>\n<tr>\n<td><strong>Dimensiones<\/strong><\/td>\n<td>Longitud: 195mm, Altura: 88mm, Grosor: 30mm<\/td>\n<\/tr>\n<tr>\n<td><strong>Vida \u00fatil<\/strong><\/td>\n<td>40.000 horas<\/td>\n<\/tr>\n<tr>\n<td><strong>Garant\u00eda<\/strong><\/td>\n<td>3 a\u00f1os<\/td>\n<\/tr>\n<tr>\n<td><strong>Aplicaci\u00f3n<\/strong><\/td>\n<td><strong><a href=\"https:\/\/ledsteplight.com\/es\/cree-bridgelux-chip-ip65-led-fixture-for-garden-facade-lighting\/\" class=\"waam-auto-link\" title=\"Iluminaci\u00f3n exterior\">Iluminaci\u00f3n exterior<\/a><\/strong>, <strong><a href=\"https:\/\/ledsteplight.com\/es\/luces-led-impermeables-ip67-para-suelo-soluciones-faciles-de-iluminacion-de-jardin\/\" class=\"waam-auto-link\" title=\"luces de jard\u00edn\">luces de jard\u00edn<\/a><\/strong>, <strong><a href=\"https:\/\/ledsteplight.com\/es\/las-principales-ventajas-de-la-luz-de-pasos-con-sensor-pir-para-la-seguridad\/\" class=\"waam-auto-link\" title=\"luces de camino\">luces de camino<\/a><\/strong>, <strong><a href=\"https:\/\/ledsteplight.com\/es\/mistakes-to-avoid-when-installing-in-ground-driveway-lights\/\" class=\"waam-auto-link\" title=\"iluminaci\u00f3n de paisaje\">iluminaci\u00f3n de paisaje<\/a><\/strong>, luces de entrada<\/td>\n<\/tr>\n<tr>\n<td><strong>Caracter\u00edsticas principales<\/strong><\/td>\n<td>Resistente al agua y a las inclemencias del tiempo para condiciones exteriores \u2013 Alta eficiencia energ\u00e9tica \u2013 Temperatura de color ajustable para diferentes ambientes de iluminaci\u00f3n \u2013 Carcasa de aluminio duradera \u2013 Vida \u00fatil prolongada de 40.000 horas \u2013 F\u00e1cil de instalar iluminaci\u00f3n empotrada en el suelo<strong><a href=\"https:\/\/ledsteplight.com\/es\/guia-definitiva-de-soluciones-de-iluminacion-de-paisaje-empotrada\/\" class=\"waam-auto-link\" title=\"iluminaci\u00f3n del suelo\">iluminaci\u00f3n del suelo<\/a><\/strong><\/td>\n<\/tr>\n<tr>\n<td><strong>Usos<\/strong><\/td>\n<td>Perfecto para iluminar caminos exteriores, entradas, jardines y paisajes. Ideal para espacios exteriores residenciales y comerciales, ofreciendo iluminaci\u00f3n elegante y confiable para seguridad y decoraci\u00f3n.<\/td>\n<\/tr>\n<\/tbody>\n<\/table>\n<p data-start=\"0\" data-end=\"451\"><strong data-start=\"4\" data-end=\"16\">MG-SN195<\/strong> es una luminaria robusta de 5W COB empotrada dise\u00f1ada para un rendimiento duradero en exteriores. Carcasa de aluminio fundido a presi\u00f3n, <strong data-start=\"120\" data-end=\"128\">IP65<\/strong> clasificaci\u00f3n de impermeabilidad, y una temperatura de color ajustable desde <strong data-start=\"189\" data-end=\"204\">3000K\u20136000K<\/strong> lo que la hace ideal para caminos, entradas, jardines y fachadas comerciales. Acepta <strong data-start=\"293\" data-end=\"305\">110\u2013265V<\/strong>, mide <strong data-start=\"316\" data-end=\"336\">195 \u00d7 88 \u00d7 30 mm<\/strong>, y entrega hasta <strong data-start=\"357\" data-end=\"373\">40.000 horas<\/strong> de vida \u00fatil\u2014perfil bajo, eficiente en energ\u00eda y dise\u00f1ado para soportar las condiciones meteorol\u00f3gicas.<\/p>\n<p data-start=\"453\" data-end=\"792\" data-is-last-node=\"\" data-is-only-node=\"\">Fabricado en f\u00e1brica y compatible con OEM: cada lote se prueba el\u00e9ctricamente y cuenta con una <strong data-start=\"535\" data-end=\"554\">garant\u00eda de 3 a\u00f1os<\/strong>. Podemos suministrar muestras, precios por volumen, acabados personalizados u opciones de controlador, y embalaje de marca para pedidos de proyecto. Comparte tu cantidad y cualquier requisito especial y te enviaremos una cotizaci\u00f3n de f\u00e1brica con plazo de entrega y documentaci\u00f3n de pruebas.<\/p>","protected":false},"excerpt":{"rendered":"<p>Luz de suelo LED COB SN195 de 5W \u2014 aluminio fundido a presi\u00f3n IP65, 3000\u20136000K. OEM de f\u00e1brica: muestras y precios al por mayor<\/p>","protected":false},"featured_media":36930,"comment_status":"open","ping_status":"closed","template":"","meta":[],"product_brand":[],"product_cat":[69,426,427,428,71,439,429,440,430,441,431,442,443,432,433,444,84,445,446,434,435,436,437],"product_tag":[74,76,75,77,78],"class_list":{"0":"post-37890","1":"product","2":"type-product","3":"status-publish","4":"has-post-thumbnail","6":"product_cat-5w","7":"product_cat-ceiling-recessed","8":"product_cat-ceiling-surface","9":"product_cat-ceiling-suspended","10":"product_cat-cob","11":"product_cat-commercial","12":"product_cat-drivers","13":"product_cat-education","14":"product_cat-freestanding-light","15":"product_cat-hospitality","16":"product_cat-industrial","17":"product_cat-infrastructure","18":"product_cat-landscape","19":"product_cat-landscaping","20":"product_cat-linear","21":"product_cat-office","22":"product_cat-outdoor-waterproof-aluminum-shop-2","23":"product_cat-residential","24":"product_cat-retail","25":"product_cat-table-lamp","26":"product_cat-track","27":"product_cat-wall-recessed","28":"product_cat-wall-surface","29":"product_tag-5w-led","30":"product_tag-aluminum-housing","31":"product_tag-cob-light","32":"product_tag-ground-light","33":"product_tag-outdoor-lighting","35":"first","36":"instock","37":"shipping-taxable","38":"product-type-simple"},"_links":{"self":[{"href":"https:\/\/ledsteplight.com\/es\/wp-json\/wp\/v2\/product\/37890","targetHints":{"allow":["GET"]}}],"collection":[{"href":"https:\/\/ledsteplight.com\/es\/wp-json\/wp\/v2\/product"}],"about":[{"href":"https:\/\/ledsteplight.com\/es\/wp-json\/wp\/v2\/types\/product"}],"replies":[{"embeddable":true,"href":"https:\/\/ledsteplight.com\/es\/wp-json\/wp\/v2\/comments?post=37890"}],"version-history":[{"count":3,"href":"https:\/\/ledsteplight.com\/es\/wp-json\/wp\/v2\/product\/37890\/revisions"}],"predecessor-version":[{"id":38648,"href":"https:\/\/ledsteplight.com\/es\/wp-json\/wp\/v2\/product\/37890\/revisions\/38648"}],"wp:featuredmedia":[{"embeddable":true,"href":"https:\/\/ledsteplight.com\/es\/wp-json\/wp\/v2\/media\/36930"}],"wp:attachment":[{"href":"https:\/\/ledsteplight.com\/es\/wp-json\/wp\/v2\/media?parent=37890"}],"wp:term":[{"taxonomy":"product_brand","embeddable":true,"href":"https:\/\/ledsteplight.com\/es\/wp-json\/wp\/v2\/product_brand?post=37890"},{"taxonomy":"product_cat","embeddable":true,"href":"https:\/\/ledsteplight.com\/es\/wp-json\/wp\/v2\/product_cat?post=37890"},{"taxonomy":"product_tag","embeddable":true,"href":"https:\/\/ledsteplight.com\/es\/wp-json\/wp\/v2\/product_tag?post=37890"}],"curies":[{"name":"wp","href":"https:\/\/api.w.org\/{rel}","templated":true}]}}