{"id":37891,"date":"2025-09-08T13:04:01","date_gmt":"2025-09-08T13:04:01","guid":{"rendered":"https:\/\/ledsteplight.com\/import-placeholder-for-36901\/"},"modified":"2025-12-12T00:29:14","modified_gmt":"2025-12-12T00:29:14","slug":"sn039xl-luz-de-suelo-led-3w-impermeable-ip65-40000h","status":"publish","type":"product","link":"https:\/\/ledsteplight.com\/es\/sn039xl-luz-de-suelo-led-3w-impermeable-ip65-40000h\/","title":{"rendered":"SN039XL \u2014 Luz LED empotrada en el suelo de 3W IP65 para hoteles, caminos y fachadas"},"content":{"rendered":"<p>&nbsp;<\/p>\n<table>\n<thead>\n<tr>\n<th><strong>Caracter\u00edstica<\/strong><\/th>\n<th><strong>Detalles<\/strong><\/th>\n<\/tr>\n<\/thead>\n<tbody>\n<tr>\n<td><strong>Potencia<\/strong><\/td>\n<td>3W<\/td>\n<\/tr>\n<tr>\n<td><strong>Fuente de Luz<\/strong><\/td>\n<td>LED CREE<\/td>\n<\/tr>\n<tr>\n<td><strong>Material<\/strong><\/td>\n<td>Aluminio<\/td>\n<\/tr>\n<tr>\n<td><strong>Clasificaci\u00f3n de impermeabilidad<\/strong><\/td>\n<td>IP40 \/ IP65<\/td>\n<\/tr>\n<tr>\n<td><strong><strong><a href=\"https:\/\/ledsteplight.com\/es\/dm36b-pro-honeycomb-anti-glare-led-in-ground-light-ip67-24v-dc\/\" class=\"waam-auto-link\" title=\"Temperatura de Color\">Temperatura de Color<\/a><\/strong><\/strong><\/td>\n<td>2700K a 6000K<\/td>\n<\/tr>\n<tr>\n<td><strong>Voltaje<\/strong><\/td>\n<td>85-265V<\/td>\n<\/tr>\n<tr>\n<td><strong>Dimensiones<\/strong><\/td>\n<td>35*185mm (H38mm)<\/td>\n<\/tr>\n<tr>\n<td><strong>Tama\u00f1o del agujero<\/strong><\/td>\n<td>32*155mm (H45mm)<\/td>\n<\/tr>\n<tr>\n<td><strong>Vida \u00fatil<\/strong><\/td>\n<td>40.000 horas<\/td>\n<\/tr>\n<tr>\n<td><strong>Garant\u00eda<\/strong><\/td>\n<td>3 a\u00f1os<\/td>\n<\/tr>\n<\/tbody>\n<\/table>\n<p data-start=\"0\" data-end=\"396\"><strong data-start=\"4\" data-end=\"15\">SN039XL<\/strong> es un LED CREE de 3W de perfil bajo <strong><a href=\"https:\/\/ledsteplight.com\/es\/cree-bridgelux-chip-ip65-led-fixture-for-garden-facade-lighting\/\" class=\"waam-auto-link\" title=\"luz de suelo\">luz de suelo<\/a><\/strong> dise\u00f1ado para una iluminaci\u00f3n confiable de paisajes y caminos. Su cuerpo delgado de aluminio (35 \u00d7 185 mm; recorte 32 \u00d7 155 mm) acepta una entrada de 85\u2013265V y ofrece protecci\u00f3n IP40 o IP65 seleccionable, con temperaturas de color desde <strong data-start=\"259\" data-end=\"274\">2700K\u20136000K<\/strong>, una vida \u00fatil calificada de <strong data-start=\"292\" data-end=\"308\">40.000 horas<\/strong>, y una <strong data-start=\"316\" data-end=\"335\">garant\u00eda de 3 a\u00f1os<\/strong> \u2014 compacta, duradera y dise\u00f1ada para durar en obras comerciales.<\/p>\n<p data-start=\"398\" data-end=\"701\" data-is-last-node=\"\" data-is-only-node=\"\">Fabricamos estos en nuestra f\u00e1brica y realizamos pruebas el\u00e9ctricas y de envejecimiento en lotes antes del env\u00edo. Se pueden realizar pedidos OEM, acabados personalizados, opciones de controlador y empaques de marca; muestras, informes de prueba y cotizaciones por volumen se pueden proporcionar r\u00e1pidamente \u2014 ind\u00edcanos el tama\u00f1o de tu proyecto y te enviaremos plazos de entrega y precios.<\/p>","protected":false},"excerpt":{"rendered":"<p>Luz de suelo LED SN039XL de 3W con LED CREE \u2014 carcasa de aluminio, opciones IP40\/IP65, 85\u2013265V, 40,000 horas. OEM de f\u00e1brica: muestras y cotizaciones al por mayor.<\/p>","protected":false},"featured_media":36935,"comment_status":"open","ping_status":"closed","template":"","meta":[],"product_brand":[],"product_cat":[426,427,428,439,429,440,430,73,441,431,442,443,432,433,444,84,445,446,434,435,436,437],"product_tag":[82,76,77,78,83],"class_list":{"0":"post-37891","1":"product","2":"type-product","3":"status-publish","4":"has-post-thumbnail","6":"product_cat-ceiling-recessed","7":"product_cat-ceiling-surface","8":"product_cat-ceiling-suspended","9":"product_cat-commercial","10":"product_cat-drivers","11":"product_cat-education","12":"product_cat-freestanding-light","13":"product_cat-ground-light","14":"product_cat-hospitality","15":"product_cat-industrial","16":"product_cat-infrastructure","17":"product_cat-landscape","18":"product_cat-landscaping","19":"product_cat-linear","20":"product_cat-office","21":"product_cat-outdoor-waterproof-aluminum-shop-2","22":"product_cat-residential","23":"product_cat-retail","24":"product_cat-table-lamp","25":"product_cat-track","26":"product_cat-wall-recessed","27":"product_cat-wall-surface","28":"product_tag-3w-led","29":"product_tag-aluminum-housing","30":"product_tag-ground-light","31":"product_tag-outdoor-lighting","32":"product_tag-waterproof-fixture","34":"first","35":"instock","36":"shipping-taxable","37":"product-type-simple"},"_links":{"self":[{"href":"https:\/\/ledsteplight.com\/es\/wp-json\/wp\/v2\/product\/37891","targetHints":{"allow":["GET"]}}],"collection":[{"href":"https:\/\/ledsteplight.com\/es\/wp-json\/wp\/v2\/product"}],"about":[{"href":"https:\/\/ledsteplight.com\/es\/wp-json\/wp\/v2\/types\/product"}],"replies":[{"embeddable":true,"href":"https:\/\/ledsteplight.com\/es\/wp-json\/wp\/v2\/comments?post=37891"}],"version-history":[{"count":4,"href":"https:\/\/ledsteplight.com\/es\/wp-json\/wp\/v2\/product\/37891\/revisions"}],"predecessor-version":[{"id":38649,"href":"https:\/\/ledsteplight.com\/es\/wp-json\/wp\/v2\/product\/37891\/revisions\/38649"}],"wp:featuredmedia":[{"embeddable":true,"href":"https:\/\/ledsteplight.com\/es\/wp-json\/wp\/v2\/media\/36935"}],"wp:attachment":[{"href":"https:\/\/ledsteplight.com\/es\/wp-json\/wp\/v2\/media?parent=37891"}],"wp:term":[{"taxonomy":"product_brand","embeddable":true,"href":"https:\/\/ledsteplight.com\/es\/wp-json\/wp\/v2\/product_brand?post=37891"},{"taxonomy":"product_cat","embeddable":true,"href":"https:\/\/ledsteplight.com\/es\/wp-json\/wp\/v2\/product_cat?post=37891"},{"taxonomy":"product_tag","embeddable":true,"href":"https:\/\/ledsteplight.com\/es\/wp-json\/wp\/v2\/product_tag?post=37891"}],"curies":[{"name":"wp","href":"https:\/\/api.w.org\/{rel}","templated":true}]}}