{"id":37957,"date":"2025-09-08T13:04:09","date_gmt":"2025-09-08T13:04:09","guid":{"rendered":"https:\/\/ledsteplight.com\/import-placeholder-for-36995\/"},"modified":"2026-01-15T04:29:53","modified_gmt":"2026-01-15T04:29:53","slug":"mg-gyd038-86-type-recessed-pir-motion-sensor-step-light-3w-osram-led-ground-light-for-stairs-corridors","status":"publish","type":"product","link":"https:\/\/ledsteplight.com\/es\/mg-gyd038-86-type-recessed-pir-motion-sensor-step-light-3w-osram-led-ground-light-for-stairs-corridors\/","title":{"rendered":"Sensor de movimiento PIR empotrado de tipo 86 MG-GYD038, luz de escalera de 3W con LED OSRAM para escaleras y pasillos"},"content":{"rendered":"<table>\n<tbody>\n<tr>\n<td>Modelo de Producto (Modelo)<\/td>\n<td>MG-GYD038<\/td>\n<\/tr>\n<tr>\n<td>Tama\u00f1o del Producto (Tama\u00f1o)<\/td>\n<td>L87*W87*H35mm<\/td>\n<\/tr>\n<tr>\n<td>Control de Funciones (Control de funciones)<\/td>\n<td>Sensor PIR con control de luz \/ Sensor PIR \u00fanico<\/td>\n<\/tr>\n<tr>\n<td>Fuente de Luz (Fuente de Luz)<\/td>\n<td class=\"et4\">OSRAM \/ CREE<\/td>\n<\/tr>\n<tr>\n<td>Vatios (Vatios)<\/td>\n<td>3W (350mA)<\/td>\n<\/tr>\n<tr>\n<td>Peso (Peso)<\/td>\n<td>0.45kg<\/td>\n<\/tr>\n<tr>\n<td>Entrada de Corriente Alterna (Entrada de CA)<\/td>\n<td class=\"et4\">100-240V, 50~60Hz<\/td>\n<\/tr>\n<tr>\n<td>Driver (Driver)<\/td>\n<td class=\"et4\">eagerise<\/td>\n<\/tr>\n<tr>\n<td>\u00c1ngulo del Reflector (\u00c1ngulo del reflector)<\/td>\n<td><\/td>\n<\/tr>\n<tr>\n<td><strong><a href=\"https:\/\/ledsteplight.com\/es\/dm36b-pro-honeycomb-anti-glare-led-in-ground-light-ip67-24v-dc\/\" class=\"waam-auto-link\" title=\"Temperatura de Color\">Temperatura de Color<\/a><\/strong>(Temperatura de color)<\/td>\n<td>3000K, 4000K, 5700K<\/td>\n<\/tr>\n<tr>\n<td>Conexi\u00f3n (Conexi\u00f3n)<\/td>\n<td><\/td>\n<\/tr>\n<tr>\n<td>Material(Material)<\/td>\n<td>Aluminio<\/td>\n<\/tr>\n<tr>\n<td>Color(Color)<\/td>\n<td>Blanco, Negro, Plata<\/td>\n<\/tr>\n<tr>\n<td>IP(IP)<\/td>\n<td>IP20<\/td>\n<\/tr>\n<tr>\n<td>Instalaci\u00f3n(Installation)<\/td>\n<td>Empotrado<\/td>\n<\/tr>\n<\/tbody>\n<\/table>","protected":false},"excerpt":{"rendered":"<p>Descubra la luz de escalera empotrada con sensor de movimiento PIR MG-GYD038. Con LEDs OSRAM\/CREE de 3W y un cuerpo de aluminio duradero, esta luz de suelo de tipo 86 es perfecta para escaleras y pasillos interiores. Incluye detecci\u00f3n autom\u00e1tica y protecci\u00f3n IP20. Conductor de alta calidad Eaglerise incluido. Compre soluciones de iluminaci\u00f3n arquitect\u00f3nica profesional para interiores hoy mismo.<\/p>","protected":false},"featured_media":37127,"comment_status":"open","ping_status":"closed","template":"","meta":[],"product_brand":[],"product_cat":[116,100,426,427,428,439,429,440,430,73,441,431,442,443,432,433,444,445,446,101,434,435,436,437],"product_tag":[117,103,76,111,77,109,114,104],"class_list":{"0":"post-37957","1":"product","2":"type-product","3":"status-publish","4":"has-post-thumbnail","6":"product_cat-038-series","7":"product_cat-aluminum-ground-light","8":"product_cat-ceiling-recessed","9":"product_cat-ceiling-surface","10":"product_cat-ceiling-suspended","11":"product_cat-commercial","12":"product_cat-drivers","13":"product_cat-education","14":"product_cat-freestanding-light","15":"product_cat-ground-light","16":"product_cat-hospitality","17":"product_cat-industrial","18":"product_cat-infrastructure","19":"product_cat-landscape","20":"product_cat-landscaping","21":"product_cat-linear","22":"product_cat-office","23":"product_cat-residential","24":"product_cat-retail","25":"product_cat-sensor-ground-light","26":"product_cat-table-lamp","27":"product_cat-track","28":"product_cat-wall-recessed","29":"product_cat-wall-surface","30":"product_tag-038-series","31":"product_tag-aluminum-ground-light","32":"product_tag-aluminum-housing","33":"product_tag-garden-lighting","34":"product_tag-ground-light","35":"product_tag-led-fixture","36":"product_tag-pathway-light","37":"product_tag-sensor-ground-light","39":"first","40":"instock","41":"shipping-taxable","42":"product-type-simple"},"_links":{"self":[{"href":"https:\/\/ledsteplight.com\/es\/wp-json\/wp\/v2\/product\/37957","targetHints":{"allow":["GET"]}}],"collection":[{"href":"https:\/\/ledsteplight.com\/es\/wp-json\/wp\/v2\/product"}],"about":[{"href":"https:\/\/ledsteplight.com\/es\/wp-json\/wp\/v2\/types\/product"}],"replies":[{"embeddable":true,"href":"https:\/\/ledsteplight.com\/es\/wp-json\/wp\/v2\/comments?post=37957"}],"version-history":[{"count":3,"href":"https:\/\/ledsteplight.com\/es\/wp-json\/wp\/v2\/product\/37957\/revisions"}],"predecessor-version":[{"id":38750,"href":"https:\/\/ledsteplight.com\/es\/wp-json\/wp\/v2\/product\/37957\/revisions\/38750"}],"wp:featuredmedia":[{"embeddable":true,"href":"https:\/\/ledsteplight.com\/es\/wp-json\/wp\/v2\/media\/37127"}],"wp:attachment":[{"href":"https:\/\/ledsteplight.com\/es\/wp-json\/wp\/v2\/media?parent=37957"}],"wp:term":[{"taxonomy":"product_brand","embeddable":true,"href":"https:\/\/ledsteplight.com\/es\/wp-json\/wp\/v2\/product_brand?post=37957"},{"taxonomy":"product_cat","embeddable":true,"href":"https:\/\/ledsteplight.com\/es\/wp-json\/wp\/v2\/product_cat?post=37957"},{"taxonomy":"product_tag","embeddable":true,"href":"https:\/\/ledsteplight.com\/es\/wp-json\/wp\/v2\/product_tag?post=37957"}],"curies":[{"name":"wp","href":"https:\/\/api.w.org\/{rel}","templated":true}]}}