{"id":37962,"date":"2025-09-08T13:04:09","date_gmt":"2025-09-08T13:04:09","guid":{"rendered":"https:\/\/ledsteplight.com\/import-placeholder-for-37025\/"},"modified":"2026-01-03T07:30:47","modified_gmt":"2026-01-03T07:30:47","slug":"mg-sn038-t1-3w-recessed-led-step-light-osram-cree-indoor-footlight","status":"publish","type":"product","link":"https:\/\/ledsteplight.com\/es\/mg-sn038-t1-3w-recessed-led-step-light-osram-cree-indoor-footlight\/","title":{"rendered":"Luz de escalera empotrada LED de 3W MG-SN038-T1 | OSRAM\/CREE para interiores"},"content":{"rendered":"<table class=\"OxEWNITQ\">\n<thead>\n<tr>\n<th>Par\u00e1metro<\/th>\n<th>Especificaci\u00f3n<\/th>\n<\/tr>\n<\/thead>\n<tbody>\n<tr>\n<td>Modelo del producto<\/td>\n<td>MG-SN038-T1<\/td>\n<\/tr>\n<tr>\n<td>Tama\u00f1o del producto (Tama\u00f1o)<\/td>\n<td>L87<em>W87<\/em>H35mm<\/td>\n<\/tr>\n<tr>\n<td>Tama\u00f1o de corte (Tama\u00f1o de corte)<\/td>\n<td>Caja preenterrada de 86<\/td>\n<\/tr>\n<tr>\n<td>Control de funciones (Control de funciones)<\/td>\n<td>(No se indica expl\u00edcitamente en los datos originales, pero generalmente incluye funciones como <strong><a href=\"https:\/\/ledsteplight.com\/es\/las-principales-ventajas-de-la-luz-de-pasos-con-sensor-pir-para-la-seguridad\/\" class=\"waam-auto-link\" title=\"sensor de movimiento\">sensor de movimiento<\/a><\/strong> y control de luz basado en modelos similares)<\/td>\n<\/tr>\n<tr>\n<td>Fuente de luz (Fuente de luz)<\/td>\n<td>OSRAM \/ CREE<\/td>\n<\/tr>\n<tr>\n<td>Potencia (Vatios)<\/td>\n<td>3W (700mA)<\/td>\n<\/tr>\n<tr>\n<td>Peso del producto (Peso)<\/td>\n<td>0.45kg<\/td>\n<\/tr>\n<tr>\n<td>Par\u00e1metros el\u00e9ctricos de entrada (Entrada de CA)<\/td>\n<td>100-240V, 50~60HZ<\/td>\n<\/tr>\n<tr>\n<td>Driver (Conductor)<\/td>\n<td>eaglerise<\/td>\n<\/tr>\n<tr>\n<td>\u00c1ngulo del Reflector (\u00c1ngulo del Reflector)<\/td>\n<td>(No especificado)<\/td>\n<\/tr>\n<tr>\n<td><strong><a href=\"https:\/\/ledsteplight.com\/es\/dm36b-pro-honeycomb-anti-glare-led-in-ground-light-ip67-24v-dc\/\" class=\"waam-auto-link\" title=\"Temperatura de Color\">Temperatura de Color<\/a><\/strong> (Temperatura de color)<\/td>\n<td>2700K, 3000K, 4000K, 6000K<\/td>\n<\/tr>\n<tr>\n<td>Cableado\/Longitud\/Conector (Conexi\u00f3n)<\/td>\n<td>(No especificado)<\/td>\n<\/tr>\n<tr>\n<td>Material del Producto (Material)<\/td>\n<td>Aluminio<\/td>\n<\/tr>\n<tr>\n<td>Color\/Acabado (Color)<\/td>\n<td>Blanco\u3001Negro\u3001Plata<\/td>\n<\/tr>\n<tr>\n<td>Clasificaci\u00f3n IP (IP)<\/td>\n<td>IP20<\/td>\n<\/tr>\n<tr>\n<td>M\u00e9todo de Instalaci\u00f3n (Instalaci\u00f3n)<\/td>\n<td>Empotrado Embebido (con caja preenterrada)<\/td>\n<\/tr>\n<\/tbody>\n<\/table>\n<p><b data-path-to-node=\"8\" data-index-in-node=\"21\">MG-SN038-T1<\/b> es una luz empotrada de alto rendimiento de 3W <strong><a href=\"https:\/\/ledsteplight.com\/es\/3w-cob-led-inground-light-outdoor-waterproof-ip65\/\" class=\"waam-auto-link\" title=\"luz de escalera LED\">luz de escalera LED<\/a><\/strong> dise\u00f1ada para interiores sofisticados <strong><a href=\"https:\/\/ledsteplight.com\/es\/cree-bridgelux-chip-ip65-led-fixture-for-garden-facade-lighting\/\" class=\"waam-auto-link\" title=\"iluminaci\u00f3n arquitect\u00f3nica\">iluminaci\u00f3n arquitect\u00f3nica<\/a><\/strong>. Dise\u00f1ada con materiales de primera calidad <b data-path-to-node=\"8\" data-index-in-node=\"167\">chips LED OSRAM o CREE<\/b> y un confiable <b data-path-to-node=\"8\" data-index-in-node=\"206\">driver Eaglerise<\/b>, proporciona una iluminaci\u00f3n suave y sin deslumbramiento para seguridad y ambiente. Su dise\u00f1o minimalista cuadrado y acabado empotrado la convierten en una opci\u00f3n ideal para proyectos residenciales y comerciales modernos.<\/p>","protected":false},"excerpt":{"rendered":"<p data-start=\"2697\" data-end=\"2811\">El MG-SN038-T1 es una luz de escalera LED empotrada de 3W que cuenta con chips OSRAM\/CREE y drivers Eaglerise. Construcci\u00f3n duradera en aluminio, clasificaci\u00f3n IP20 y compatible con cajas pre-embutidas de 86.<\/p>","protected":false},"featured_media":37147,"comment_status":"open","ping_status":"closed","template":"","meta":[],"product_brand":[],"product_cat":[116,100,426,427,428,439,429,440,430,441,431,442,443,432,433,444,445,446,434,435,436,437],"product_tag":[117,120,121,122,123,103,124,125],"class_list":{"0":"post-37962","1":"product","2":"type-product","3":"status-publish","4":"has-post-thumbnail","6":"product_cat-038-series","7":"product_cat-aluminum-ground-light","8":"product_cat-ceiling-recessed","9":"product_cat-ceiling-surface","10":"product_cat-ceiling-suspended","11":"product_cat-commercial","12":"product_cat-drivers","13":"product_cat-education","14":"product_cat-freestanding-light","15":"product_cat-hospitality","16":"product_cat-industrial","17":"product_cat-infrastructure","18":"product_cat-landscape","19":"product_cat-landscaping","20":"product_cat-linear","21":"product_cat-office","22":"product_cat-residential","23":"product_cat-retail","24":"product_cat-table-lamp","25":"product_cat-track","26":"product_cat-wall-recessed","27":"product_cat-wall-surface","28":"product_tag-038-series","29":"product_tag-2w-led-fixture","30":"product_tag-3000k-led-light","31":"product_tag-4000k-led-light","32":"product_tag-5700k-led-light","33":"product_tag-aluminum-ground-light","34":"product_tag-aluminum-led-light","35":"product_tag-brushed-black-led-fixture","37":"first","38":"instock","39":"shipping-taxable","40":"product-type-simple"},"_links":{"self":[{"href":"https:\/\/ledsteplight.com\/es\/wp-json\/wp\/v2\/product\/37962","targetHints":{"allow":["GET"]}}],"collection":[{"href":"https:\/\/ledsteplight.com\/es\/wp-json\/wp\/v2\/product"}],"about":[{"href":"https:\/\/ledsteplight.com\/es\/wp-json\/wp\/v2\/types\/product"}],"replies":[{"embeddable":true,"href":"https:\/\/ledsteplight.com\/es\/wp-json\/wp\/v2\/comments?post=37962"}],"version-history":[{"count":3,"href":"https:\/\/ledsteplight.com\/es\/wp-json\/wp\/v2\/product\/37962\/revisions"}],"predecessor-version":[{"id":38725,"href":"https:\/\/ledsteplight.com\/es\/wp-json\/wp\/v2\/product\/37962\/revisions\/38725"}],"wp:featuredmedia":[{"embeddable":true,"href":"https:\/\/ledsteplight.com\/es\/wp-json\/wp\/v2\/media\/37147"}],"wp:attachment":[{"href":"https:\/\/ledsteplight.com\/es\/wp-json\/wp\/v2\/media?parent=37962"}],"wp:term":[{"taxonomy":"product_brand","embeddable":true,"href":"https:\/\/ledsteplight.com\/es\/wp-json\/wp\/v2\/product_brand?post=37962"},{"taxonomy":"product_cat","embeddable":true,"href":"https:\/\/ledsteplight.com\/es\/wp-json\/wp\/v2\/product_cat?post=37962"},{"taxonomy":"product_tag","embeddable":true,"href":"https:\/\/ledsteplight.com\/es\/wp-json\/wp\/v2\/product_tag?post=37962"}],"curies":[{"name":"wp","href":"https:\/\/api.w.org\/{rel}","templated":true}]}}