{"id":37963,"date":"2025-09-08T13:04:09","date_gmt":"2025-09-08T13:04:09","guid":{"rendered":"https:\/\/ledsteplight.com\/import-placeholder-for-37034\/"},"modified":"2026-01-05T10:30:06","modified_gmt":"2026-01-05T10:30:06","slug":"mg-sn038-t4-3w-ip65-waterproof-led-step-light-die-cast-aluminum-outdoor-path-landscape-lighting","status":"publish","type":"product","link":"https:\/\/ledsteplight.com\/es\/mg-sn038-t4-3w-ip65-waterproof-led-step-light-die-cast-aluminum-outdoor-path-landscape-lighting\/","title":{"rendered":"Luz de escalera LED impermeable IP65 de 3W MG-SN038-T4 \u2013 Alumidio fundido para iluminaci\u00f3n exterior de caminos y paisajes"},"content":{"rendered":"<table data-start=\"55\" data-end=\"1313\">\n<thead data-start=\"55\" data-end=\"138\">\n<tr data-start=\"55\" data-end=\"138\">\n<th data-start=\"55\" data-end=\"84\"><strong data-start=\"57\" data-end=\"70\">Par\u00e1metro<\/strong><\/th>\n<th data-start=\"84\" data-end=\"138\"><strong data-start=\"86\" data-end=\"97\">Detalles<\/strong><\/th>\n<\/tr>\n<\/thead>\n<tbody data-start=\"223\" data-end=\"1313\">\n<tr data-start=\"223\" data-end=\"306\">\n<td><strong data-start=\"225\" data-end=\"234\">Modelo<\/strong><\/td>\n<td>MG-SN038-T4<\/td>\n<\/tr>\n<tr data-start=\"307\" data-end=\"390\">\n<td><strong data-start=\"309\" data-end=\"320\">Potencia<\/strong><\/td>\n<td>3W<\/td>\n<\/tr>\n<tr data-start=\"391\" data-end=\"474\">\n<td><strong data-start=\"393\" data-end=\"405\">Tipo de LED<\/strong><\/td>\n<td>LED COB<\/td>\n<\/tr>\n<tr data-start=\"475\" data-end=\"558\">\n<td><strong data-start=\"477\" data-end=\"488\">Voltaje<\/strong><\/td>\n<td>AC220V<\/td>\n<\/tr>\n<tr data-start=\"559\" data-end=\"642\">\n<td><strong data-start=\"561\" data-end=\"582\"><strong><a href=\"https:\/\/ledsteplight.com\/es\/dm36b-pro-honeycomb-anti-glare-led-in-ground-light-ip67-24v-dc\/\" class=\"waam-auto-link\" title=\"Temperatura de Color\">Temperatura de Color<\/a><\/strong><\/strong><\/td>\n<td>3000K \/ 6000K<\/td>\n<\/tr>\n<tr data-start=\"643\" data-end=\"726\">\n<td><strong data-start=\"645\" data-end=\"659\">\u00c1ngulo de Haz<\/strong><\/td>\n<td>120\u00b0<\/td>\n<\/tr>\n<tr data-start=\"727\" data-end=\"810\">\n<td><strong data-start=\"729\" data-end=\"750\">Clasificaci\u00f3n de impermeabilidad<\/strong><\/td>\n<td><strong><a href=\"https:\/\/ledsteplight.com\/es\/cree-bridgelux-chip-ip65-led-fixture-for-garden-facade-lighting\/\" class=\"waam-auto-link\" title=\"IP65\">IP65<\/a><\/strong><\/td>\n<\/tr>\n<tr data-start=\"811\" data-end=\"894\">\n<td><strong data-start=\"813\" data-end=\"825\">Material<\/strong><\/td>\n<td>Aluminio fundido a presi\u00f3n<\/td>\n<\/tr>\n<tr data-start=\"895\" data-end=\"978\">\n<td><strong data-start=\"897\" data-end=\"909\">Vida \u00fatil<\/strong><\/td>\n<td>40.000 horas<\/td>\n<\/tr>\n<tr data-start=\"979\" data-end=\"1062\">\n<td><strong data-start=\"981\" data-end=\"1002\">Tipo de Instalaci\u00f3n<\/strong><\/td>\n<td><strong><a href=\"https:\/\/ledsteplight.com\/es\/5w-led-in-ground-lights-ip65-waterproof-outdoor-driveway-garden-floor-lighting\/\" class=\"waam-auto-link\" title=\"Instalaci\u00f3n empotrada\">Instalaci\u00f3n empotrada<\/a><\/strong><\/td>\n<\/tr>\n<tr data-start=\"1063\" data-end=\"1146\">\n<td><strong data-start=\"1065\" data-end=\"1090\">Temperatura de Funcionamiento<\/strong><\/td>\n<td>-20\u00b0C a +50\u00b0C<\/td>\n<\/tr>\n<tr data-start=\"1147\" data-end=\"1230\">\n<td><strong data-start=\"1149\" data-end=\"1161\">Garant\u00eda<\/strong><\/td>\n<td>3 a\u00f1os<\/td>\n<\/tr>\n<tr data-start=\"1231\" data-end=\"1313\">\n<td><strong data-start=\"1233\" data-end=\"1249\">Aplicaciones<\/strong><\/td>\n<td>Caminos, Jardines, Escaleras, Paisajes, Comercial<\/td>\n<\/tr>\n<\/tbody>\n<\/table>\n<p>&nbsp;<\/p>","protected":false},"excerpt":{"rendered":"<p data-start=\"102\" data-end=\"520\">Luz de escalera LED impermeable IP65 de 3W MG-SN038-T4 \u2013 Iluminaci\u00f3n de sendero y paisaje exterior de aluminio fundido a presi\u00f3n, este accesorio de LED COB de 3W proporciona una iluminaci\u00f3n suave y de alta eficiencia tanto para entornos exteriores residenciales como comerciales<\/p>","protected":false},"featured_media":37151,"comment_status":"open","ping_status":"closed","template":"","meta":[],"product_brand":[],"product_cat":[116,100,426,427,428,439,429,440,430,441,431,442,443,432,433,444,445,446,434,435,436,437],"product_tag":[117,82,103,76,77],"class_list":{"0":"post-37963","1":"product","2":"type-product","3":"status-publish","4":"has-post-thumbnail","6":"product_cat-038-series","7":"product_cat-aluminum-ground-light","8":"product_cat-ceiling-recessed","9":"product_cat-ceiling-surface","10":"product_cat-ceiling-suspended","11":"product_cat-commercial","12":"product_cat-drivers","13":"product_cat-education","14":"product_cat-freestanding-light","15":"product_cat-hospitality","16":"product_cat-industrial","17":"product_cat-infrastructure","18":"product_cat-landscape","19":"product_cat-landscaping","20":"product_cat-linear","21":"product_cat-office","22":"product_cat-residential","23":"product_cat-retail","24":"product_cat-table-lamp","25":"product_cat-track","26":"product_cat-wall-recessed","27":"product_cat-wall-surface","28":"product_tag-038-series","29":"product_tag-3w-led","30":"product_tag-aluminum-ground-light","31":"product_tag-aluminum-housing","32":"product_tag-ground-light","34":"first","35":"instock","36":"shipping-taxable","37":"product-type-simple"},"_links":{"self":[{"href":"https:\/\/ledsteplight.com\/es\/wp-json\/wp\/v2\/product\/37963","targetHints":{"allow":["GET"]}}],"collection":[{"href":"https:\/\/ledsteplight.com\/es\/wp-json\/wp\/v2\/product"}],"about":[{"href":"https:\/\/ledsteplight.com\/es\/wp-json\/wp\/v2\/types\/product"}],"replies":[{"embeddable":true,"href":"https:\/\/ledsteplight.com\/es\/wp-json\/wp\/v2\/comments?post=37963"}],"version-history":[{"count":3,"href":"https:\/\/ledsteplight.com\/es\/wp-json\/wp\/v2\/product\/37963\/revisions"}],"predecessor-version":[{"id":38727,"href":"https:\/\/ledsteplight.com\/es\/wp-json\/wp\/v2\/product\/37963\/revisions\/38727"}],"wp:featuredmedia":[{"embeddable":true,"href":"https:\/\/ledsteplight.com\/es\/wp-json\/wp\/v2\/media\/37151"}],"wp:attachment":[{"href":"https:\/\/ledsteplight.com\/es\/wp-json\/wp\/v2\/media?parent=37963"}],"wp:term":[{"taxonomy":"product_brand","embeddable":true,"href":"https:\/\/ledsteplight.com\/es\/wp-json\/wp\/v2\/product_brand?post=37963"},{"taxonomy":"product_cat","embeddable":true,"href":"https:\/\/ledsteplight.com\/es\/wp-json\/wp\/v2\/product_cat?post=37963"},{"taxonomy":"product_tag","embeddable":true,"href":"https:\/\/ledsteplight.com\/es\/wp-json\/wp\/v2\/product_tag?post=37963"}],"curies":[{"name":"wp","href":"https:\/\/api.w.org\/{rel}","templated":true}]}}