{"id":37966,"date":"2025-09-08T13:04:10","date_gmt":"2025-09-08T13:04:10","guid":{"rendered":"https:\/\/ledsteplight.com\/import-placeholder-for-37045\/"},"modified":"2026-01-15T04:29:25","modified_gmt":"2026-01-15T04:29:25","slug":"mg-gyd038-t3-ip65-waterproof-led-step-light-3w-cree-outdoor-recessed-ground-light-for-gardens-paths","status":"publish","type":"product","link":"https:\/\/ledsteplight.com\/es\/mg-gyd038-t3-ip65-waterproof-led-step-light-3w-cree-outdoor-recessed-ground-light-for-gardens-paths\/","title":{"rendered":"Luz de escalera LED impermeable IP65 MG-GYD038-T3 | 3W CREE para exteriores, luz empotrada en el suelo para jardines y caminos"},"content":{"rendered":"<h3 data-start=\"117\" data-end=\"152\"><strong data-start=\"121\" data-end=\"152\">Tabla de Especificaciones del Producto<\/strong><\/h3>\n<table data-start=\"154\" data-end=\"1347\">\n<thead data-start=\"154\" data-end=\"227\">\n<tr data-start=\"154\" data-end=\"227\">\n<th data-start=\"154\" data-end=\"176\"><strong data-start=\"156\" data-end=\"173\">Especificaci\u00f3n<\/strong><\/th>\n<th data-start=\"176\" data-end=\"227\"><strong data-start=\"178\" data-end=\"189\">Detalles<\/strong><\/th>\n<\/tr>\n<\/thead>\n<tbody data-start=\"302\" data-end=\"1347\">\n<tr data-start=\"302\" data-end=\"375\">\n<td><strong data-start=\"304\" data-end=\"313\">Modelo<\/strong><\/td>\n<td>MG-GYD038-T3<\/td>\n<\/tr>\n<tr data-start=\"376\" data-end=\"449\">\n<td><strong data-start=\"378\" data-end=\"390\">Tipo de LED<\/strong><\/td>\n<td>3W <strong><a href=\"https:\/\/ledsteplight.com\/es\/cree-bridgelux-chip-ip65-led-fixture-for-garden-facade-lighting\/\" class=\"waam-auto-link\" title=\"LED CREE\">LED CREE<\/a><\/strong><\/td>\n<\/tr>\n<tr data-start=\"450\" data-end=\"524\">\n<td><strong data-start=\"452\" data-end=\"463\">Voltaje<\/strong><\/td>\n<td>85-265V<\/td>\n<\/tr>\n<tr data-start=\"525\" data-end=\"599\">\n<td><strong data-start=\"527\" data-end=\"548\"><strong><a href=\"https:\/\/ledsteplight.com\/es\/dm36b-pro-honeycomb-anti-glare-led-in-ground-light-ip67-24v-dc\/\" class=\"waam-auto-link\" title=\"Temperatura de Color\">Temperatura de Color<\/a><\/strong><\/strong><\/td>\n<td>3000K \/ 6000K<\/td>\n<\/tr>\n<tr data-start=\"600\" data-end=\"674\">\n<td><strong data-start=\"602\" data-end=\"615\">Clasificaci\u00f3n IP<\/strong><\/td>\n<td>IP65<\/td>\n<\/tr>\n<tr data-start=\"675\" data-end=\"749\">\n<td><strong data-start=\"677\" data-end=\"694\">Fluxo luminoso<\/strong><\/td>\n<td>(Opcional)<\/td>\n<\/tr>\n<tr data-start=\"750\" data-end=\"824\">\n<td><strong data-start=\"752\" data-end=\"761\">Potencia<\/strong><\/td>\n<td>3W<\/td>\n<\/tr>\n<tr data-start=\"825\" data-end=\"899\">\n<td><strong data-start=\"827\" data-end=\"839\">Vida \u00fatil<\/strong><\/td>\n<td>30.000 horas<\/td>\n<\/tr>\n<tr data-start=\"900\" data-end=\"973\">\n<td><strong data-start=\"902\" data-end=\"918\">Instalaci\u00f3n<\/strong><\/td>\n<td><strong><a href=\"https:\/\/ledsteplight.com\/es\/5w-led-in-ground-lights-ip65-waterproof-outdoor-driveway-garden-floor-lighting\/\" class=\"waam-auto-link\" title=\"Instalaci\u00f3n empotrada\">Instalaci\u00f3n empotrada<\/a><\/strong><\/td>\n<\/tr>\n<tr data-start=\"974\" data-end=\"1048\">\n<td><strong data-start=\"976\" data-end=\"988\">Material<\/strong><\/td>\n<td>aleaci\u00f3n de aluminio<\/td>\n<\/tr>\n<tr data-start=\"1049\" data-end=\"1123\">\n<td><strong data-start=\"1051\" data-end=\"1065\">Dimensiones<\/strong><\/td>\n<td>(Opcional)<\/td>\n<\/tr>\n<tr data-start=\"1124\" data-end=\"1198\">\n<td><strong data-start=\"1126\" data-end=\"1138\">Garant\u00eda<\/strong><\/td>\n<td>3 a\u00f1os<\/td>\n<\/tr>\n<tr data-start=\"1199\" data-end=\"1273\">\n<td><strong data-start=\"1201\" data-end=\"1211\">Peso<\/strong><\/td>\n<td>(Opcional)<\/td>\n<\/tr>\n<tr data-start=\"1274\" data-end=\"1347\">\n<td><strong data-start=\"1276\" data-end=\"1291\">Medio ambiente<\/strong><\/td>\n<td>Exterior \/ Ambiente h\u00famedo<\/td>\n<\/tr>\n<\/tbody>\n<\/table>\n<p>&nbsp;<\/p>","protected":false},"excerpt":{"rendered":"<p>Mejora tu seguridad exterior con la luz de suelo LED impermeable MG-GYD038-T3. Con un LED CREE de 3W y protecci\u00f3n IP65, esta luz empotrada de tipo 86 es ideal para jardines, escaleras y patios. Construcci\u00f3n duradera en aleaci\u00f3n de aluminio con voltaje amplio de AC85-265V. Compra iluminaci\u00f3n confiable para caminos exteriores con una garant\u00eda de 3 a\u00f1os.<\/p>","protected":false},"featured_media":37163,"comment_status":"open","ping_status":"closed","template":"","meta":[],"product_brand":[],"product_cat":[116,100,426,427,428,439,87,429,440,430,441,431,442,443,432,433,444,445,446,101,434,435,436,437],"product_tag":[117,82,103,76,90,77,78,104],"class_list":{"0":"post-37966","1":"product","2":"type-product","3":"status-publish","4":"has-post-thumbnail","6":"product_cat-038-series","7":"product_cat-aluminum-ground-light","8":"product_cat-ceiling-recessed","9":"product_cat-ceiling-surface","10":"product_cat-ceiling-suspended","11":"product_cat-commercial","12":"product_cat-cree","13":"product_cat-drivers","14":"product_cat-education","15":"product_cat-freestanding-light","16":"product_cat-hospitality","17":"product_cat-industrial","18":"product_cat-infrastructure","19":"product_cat-landscape","20":"product_cat-landscaping","21":"product_cat-linear","22":"product_cat-office","23":"product_cat-residential","24":"product_cat-retail","25":"product_cat-sensor-ground-light","26":"product_cat-table-lamp","27":"product_cat-track","28":"product_cat-wall-recessed","29":"product_cat-wall-surface","30":"product_tag-038-series","31":"product_tag-3w-led","32":"product_tag-aluminum-ground-light","33":"product_tag-aluminum-housing","34":"product_tag-cree-chip","35":"product_tag-ground-light","36":"product_tag-outdoor-lighting","37":"product_tag-sensor-ground-light","39":"first","40":"instock","41":"shipping-taxable","42":"product-type-simple"},"_links":{"self":[{"href":"https:\/\/ledsteplight.com\/es\/wp-json\/wp\/v2\/product\/37966","targetHints":{"allow":["GET"]}}],"collection":[{"href":"https:\/\/ledsteplight.com\/es\/wp-json\/wp\/v2\/product"}],"about":[{"href":"https:\/\/ledsteplight.com\/es\/wp-json\/wp\/v2\/types\/product"}],"replies":[{"embeddable":true,"href":"https:\/\/ledsteplight.com\/es\/wp-json\/wp\/v2\/comments?post=37966"}],"version-history":[{"count":3,"href":"https:\/\/ledsteplight.com\/es\/wp-json\/wp\/v2\/product\/37966\/revisions"}],"predecessor-version":[{"id":38749,"href":"https:\/\/ledsteplight.com\/es\/wp-json\/wp\/v2\/product\/37966\/revisions\/38749"}],"wp:featuredmedia":[{"embeddable":true,"href":"https:\/\/ledsteplight.com\/es\/wp-json\/wp\/v2\/media\/37163"}],"wp:attachment":[{"href":"https:\/\/ledsteplight.com\/es\/wp-json\/wp\/v2\/media?parent=37966"}],"wp:term":[{"taxonomy":"product_brand","embeddable":true,"href":"https:\/\/ledsteplight.com\/es\/wp-json\/wp\/v2\/product_brand?post=37966"},{"taxonomy":"product_cat","embeddable":true,"href":"https:\/\/ledsteplight.com\/es\/wp-json\/wp\/v2\/product_cat?post=37966"},{"taxonomy":"product_tag","embeddable":true,"href":"https:\/\/ledsteplight.com\/es\/wp-json\/wp\/v2\/product_tag?post=37966"}],"curies":[{"name":"wp","href":"https:\/\/api.w.org\/{rel}","templated":true}]}}