{"id":37968,"date":"2025-09-08T13:04:10","date_gmt":"2025-09-08T13:04:10","guid":{"rendered":"https:\/\/ledsteplight.com\/import-placeholder-for-37047\/"},"modified":"2025-12-19T03:29:32","modified_gmt":"2025-12-19T03:29:32","slug":"mg-sn038c-3w-cob-led-ground-light-ip65-waterproof-landscape","status":"publish","type":"product","link":"https:\/\/ledsteplight.com\/es\/mg-sn038c-3w-cob-led-ground-light-ip65-waterproof-landscape\/","title":{"rendered":"Luz de suelo LED COB de 3W MG-SN038C | Resistente al agua IP65 para paisajismo"},"content":{"rendered":"<h3 data-start=\"121\" data-end=\"156\"><strong data-start=\"125\" data-end=\"156\">Tabla de Especificaciones del Producto<\/strong><\/h3>\n<table data-start=\"158\" data-end=\"1353\">\n<thead data-start=\"158\" data-end=\"231\">\n<tr data-start=\"158\" data-end=\"231\">\n<th data-start=\"158\" data-end=\"180\"><strong data-start=\"160\" data-end=\"177\">Especificaci\u00f3n<\/strong><\/th>\n<th data-start=\"180\" data-end=\"231\"><strong data-start=\"182\" data-end=\"193\">Detalles<\/strong><\/th>\n<\/tr>\n<\/thead>\n<tbody data-start=\"306\" data-end=\"1353\">\n<tr data-start=\"306\" data-end=\"380\">\n<td><strong data-start=\"308\" data-end=\"317\">Modelo<\/strong><\/td>\n<td>MG-SN038C<\/td>\n<\/tr>\n<tr data-start=\"381\" data-end=\"455\">\n<td><strong data-start=\"383\" data-end=\"395\">Tipo de LED<\/strong><\/td>\n<td>LED COB de 3W<\/td>\n<\/tr>\n<tr data-start=\"456\" data-end=\"530\">\n<td><strong data-start=\"458\" data-end=\"469\">Voltaje<\/strong><\/td>\n<td>85-265V<\/td>\n<\/tr>\n<tr data-start=\"531\" data-end=\"605\">\n<td><strong data-start=\"533\" data-end=\"554\"><strong><a href=\"https:\/\/ledsteplight.com\/es\/dm36b-pro-honeycomb-anti-glare-led-in-ground-light-ip67-24v-dc\/\" class=\"waam-auto-link\" title=\"Temperatura de Color\">Temperatura de Color<\/a><\/strong><\/strong><\/td>\n<td>3000K \/ 6000K<\/td>\n<\/tr>\n<tr data-start=\"606\" data-end=\"680\">\n<td><strong data-start=\"608\" data-end=\"621\">Clasificaci\u00f3n IP<\/strong><\/td>\n<td><strong><a href=\"https:\/\/ledsteplight.com\/es\/cree-bridgelux-chip-ip65-led-fixture-for-garden-facade-lighting\/\" class=\"waam-auto-link\" title=\"IP65\">IP65<\/a><\/strong><\/td>\n<\/tr>\n<tr data-start=\"681\" data-end=\"755\">\n<td><strong data-start=\"683\" data-end=\"700\">Fluxo luminoso<\/strong><\/td>\n<td>(Opcional)<\/td>\n<\/tr>\n<tr data-start=\"756\" data-end=\"830\">\n<td><strong data-start=\"758\" data-end=\"767\">Potencia<\/strong><\/td>\n<td>3W<\/td>\n<\/tr>\n<tr data-start=\"831\" data-end=\"905\">\n<td><strong data-start=\"833\" data-end=\"845\">Vida \u00fatil<\/strong><\/td>\n<td>40.000 horas<\/td>\n<\/tr>\n<tr data-start=\"906\" data-end=\"979\">\n<td><strong data-start=\"908\" data-end=\"924\">Instalaci\u00f3n<\/strong><\/td>\n<td><strong><a href=\"https:\/\/ledsteplight.com\/es\/5w-led-in-ground-lights-ip65-waterproof-outdoor-driveway-garden-floor-lighting\/\" class=\"waam-auto-link\" title=\"Instalaci\u00f3n empotrada\">Instalaci\u00f3n empotrada<\/a><\/strong><\/td>\n<\/tr>\n<tr data-start=\"980\" data-end=\"1054\">\n<td><strong data-start=\"982\" data-end=\"994\">Material<\/strong><\/td>\n<td>aleaci\u00f3n de aluminio<\/td>\n<\/tr>\n<tr data-start=\"1055\" data-end=\"1129\">\n<td><strong data-start=\"1057\" data-end=\"1071\">Dimensiones<\/strong><\/td>\n<td>(Opcional)<\/td>\n<\/tr>\n<tr data-start=\"1130\" data-end=\"1204\">\n<td><strong data-start=\"1132\" data-end=\"1144\">Garant\u00eda<\/strong><\/td>\n<td>3 a\u00f1os<\/td>\n<\/tr>\n<tr data-start=\"1205\" data-end=\"1279\">\n<td><strong data-start=\"1207\" data-end=\"1217\">Peso<\/strong><\/td>\n<td>(Opcional)<\/td>\n<\/tr>\n<tr data-start=\"1280\" data-end=\"1353\">\n<td><strong data-start=\"1282\" data-end=\"1297\">Medio ambiente<\/strong><\/td>\n<td>Exterior \/ Ambiente h\u00famedo<\/td>\n<\/tr>\n<\/tbody>\n<\/table>\n<h3 data-start=\"127\" data-end=\"162\"><\/h3>\n<p><b data-path-to-node=\"14\" data-index-in-node=\"4\">MG-SN038C<\/b> es de alto rendimiento <b data-path-to-node=\"14\" data-index-in-node=\"36\">3W COB <strong><a href=\"https:\/\/ledsteplight.com\/es\/wholesale-1w-3w-surface-mount-led-ground-light-ip65-304-stainless-steel\/\" class=\"waam-auto-link\" title=\"Luz de suelo LED\">Luz de suelo LED<\/a><\/strong><\/b> dise\u00f1ado para proyectos de paisajismo exterior de primera calidad. Utilizando tecnolog\u00eda avanzada <b data-path-to-node=\"14\" data-index-in-node=\"130\">Chip-on-Board (COB)<\/b>, ofrece un haz concentrado y uniforme que realza la profundidad visual de jardines, caminos y elementos arquitect\u00f3nicos. Construido con un <b data-path-to-node=\"14\" data-index-in-node=\"311\">aleaci\u00f3n de aluminio<\/b> con un <b data-path-to-node=\"14\" data-index-in-node=\"334\">clasificaci\u00f3n de impermeabilidad IP65<\/b>, este accesorio est\u00e1 dise\u00f1ado para soportar condiciones clim\u00e1ticas adversas y ambientes h\u00famedos. Con un rango amplio de voltaje de <b data-path-to-node=\"14\" data-index-in-node=\"459\">85-265V<\/b> y un <b data-path-to-node=\"14\" data-index-in-node=\"473\">vida \u00fatil de 40.000 horas<\/b>, ofrece una soluci\u00f3n de iluminaci\u00f3n de bajo mantenimiento y eficiente en energ\u00eda respaldada por una <b data-path-to-node=\"14\" data-index-in-node=\"571\">garant\u00eda de 3 a\u00f1os<\/b> para total tranquilidad.<\/p>","protected":false},"excerpt":{"rendered":"<p>Luz de suelo LED COB MG-SN038C de 3W de alta calidad. Resistente al agua IP65, cuerpo de aleaci\u00f3n de aluminio, 85-265V. Perfecta para caminos y paisajes en exteriores. Garant\u00eda de 3 a\u00f1os<\/p>","protected":false},"featured_media":37166,"comment_status":"open","ping_status":"closed","template":"","meta":[],"product_brand":[],"product_cat":[116,100,426,427,428,71,439,429,440,430,441,431,442,443,432,433,444,445,446,434,435,436,437],"product_tag":[117,82,103,76,75,77,83],"class_list":{"0":"post-37968","1":"product","2":"type-product","3":"status-publish","4":"has-post-thumbnail","6":"product_cat-038-series","7":"product_cat-aluminum-ground-light","8":"product_cat-ceiling-recessed","9":"product_cat-ceiling-surface","10":"product_cat-ceiling-suspended","11":"product_cat-cob","12":"product_cat-commercial","13":"product_cat-drivers","14":"product_cat-education","15":"product_cat-freestanding-light","16":"product_cat-hospitality","17":"product_cat-industrial","18":"product_cat-infrastructure","19":"product_cat-landscape","20":"product_cat-landscaping","21":"product_cat-linear","22":"product_cat-office","23":"product_cat-residential","24":"product_cat-retail","25":"product_cat-table-lamp","26":"product_cat-track","27":"product_cat-wall-recessed","28":"product_cat-wall-surface","29":"product_tag-038-series","30":"product_tag-3w-led","31":"product_tag-aluminum-ground-light","32":"product_tag-aluminum-housing","33":"product_tag-cob-light","34":"product_tag-ground-light","35":"product_tag-waterproof-fixture","37":"first","38":"instock","39":"shipping-taxable","40":"product-type-simple"},"_links":{"self":[{"href":"https:\/\/ledsteplight.com\/es\/wp-json\/wp\/v2\/product\/37968","targetHints":{"allow":["GET"]}}],"collection":[{"href":"https:\/\/ledsteplight.com\/es\/wp-json\/wp\/v2\/product"}],"about":[{"href":"https:\/\/ledsteplight.com\/es\/wp-json\/wp\/v2\/types\/product"}],"replies":[{"embeddable":true,"href":"https:\/\/ledsteplight.com\/es\/wp-json\/wp\/v2\/comments?post=37968"}],"version-history":[{"count":3,"href":"https:\/\/ledsteplight.com\/es\/wp-json\/wp\/v2\/product\/37968\/revisions"}],"predecessor-version":[{"id":38701,"href":"https:\/\/ledsteplight.com\/es\/wp-json\/wp\/v2\/product\/37968\/revisions\/38701"}],"wp:featuredmedia":[{"embeddable":true,"href":"https:\/\/ledsteplight.com\/es\/wp-json\/wp\/v2\/media\/37166"}],"wp:attachment":[{"href":"https:\/\/ledsteplight.com\/es\/wp-json\/wp\/v2\/media?parent=37968"}],"wp:term":[{"taxonomy":"product_brand","embeddable":true,"href":"https:\/\/ledsteplight.com\/es\/wp-json\/wp\/v2\/product_brand?post=37968"},{"taxonomy":"product_cat","embeddable":true,"href":"https:\/\/ledsteplight.com\/es\/wp-json\/wp\/v2\/product_cat?post=37968"},{"taxonomy":"product_tag","embeddable":true,"href":"https:\/\/ledsteplight.com\/es\/wp-json\/wp\/v2\/product_tag?post=37968"}],"curies":[{"name":"wp","href":"https:\/\/api.w.org\/{rel}","templated":true}]}}