{"id":37970,"date":"2025-09-08T13:04:10","date_gmt":"2025-09-08T13:04:10","guid":{"rendered":"https:\/\/ledsteplight.com\/import-placeholder-for-37061\/"},"modified":"2025-12-23T03:38:19","modified_gmt":"2025-12-23T03:38:19","slug":"mg-gyd025-3w-led-ground-light-ip65-motion-sensor-garden-lamp","status":"publish","type":"product","link":"https:\/\/ledsteplight.com\/es\/mg-gyd025-3w-led-ground-light-ip65-motion-sensor-garden-lamp\/","title":{"rendered":"Luz de suelo LED MG-GYD025 3W | L\u00e1mpara de jard\u00edn con sensor de movimiento IP65"},"content":{"rendered":"<table data-start=\"236\" data-end=\"1301\">\n<thead data-start=\"236\" data-end=\"306\">\n<tr data-start=\"236\" data-end=\"306\">\n<th data-start=\"236\" data-end=\"263\"><strong data-start=\"238\" data-end=\"251\">Par\u00e1metro<\/strong><\/th>\n<th data-start=\"263\" data-end=\"306\"><strong data-start=\"265\" data-end=\"276\">Detalles<\/strong><\/th>\n<\/tr>\n<\/thead>\n<tbody data-start=\"378\" data-end=\"1301\">\n<tr data-start=\"378\" data-end=\"449\">\n<td><strong data-start=\"380\" data-end=\"389\">Modelo<\/strong><\/td>\n<td>MG-GYD025<\/td>\n<\/tr>\n<tr data-start=\"450\" data-end=\"520\">\n<td><strong data-start=\"452\" data-end=\"463\">Potencia<\/strong><\/td>\n<td>3W<\/td>\n<\/tr>\n<tr data-start=\"521\" data-end=\"591\">\n<td><strong data-start=\"523\" data-end=\"535\">Tipo de LED<\/strong><\/td>\n<td><strong><a href=\"https:\/\/ledsteplight.com\/es\/cree-bridgelux-chip-ip65-led-fixture-for-garden-facade-lighting\/\" class=\"waam-auto-link\" title=\"LED CREE\">LED CREE<\/a><\/strong><\/td>\n<\/tr>\n<tr data-start=\"592\" data-end=\"662\">\n<td><strong data-start=\"594\" data-end=\"615\"><strong><a href=\"https:\/\/ledsteplight.com\/es\/dm36b-pro-honeycomb-anti-glare-led-in-ground-light-ip67-24v-dc\/\" class=\"waam-auto-link\" title=\"Temperatura de Color\">Temperatura de Color<\/a><\/strong><\/strong><\/td>\n<td>3000K\/6000K<\/td>\n<\/tr>\n<tr data-start=\"663\" data-end=\"733\">\n<td><strong data-start=\"665\" data-end=\"686\">Clasificaci\u00f3n de protecci\u00f3n<\/strong><\/td>\n<td>IP65<\/td>\n<\/tr>\n<tr data-start=\"734\" data-end=\"804\">\n<td><strong data-start=\"736\" data-end=\"748\">Vida \u00fatil<\/strong><\/td>\n<td>30.000 horas<\/td>\n<\/tr>\n<tr data-start=\"805\" data-end=\"875\">\n<td><strong data-start=\"807\" data-end=\"819\">Material<\/strong><\/td>\n<td>Aluminio fundido a presi\u00f3n<\/td>\n<\/tr>\n<tr data-start=\"876\" data-end=\"946\">\n<td><strong data-start=\"878\" data-end=\"890\">Garant\u00eda<\/strong><\/td>\n<td>3 a\u00f1os<\/td>\n<\/tr>\n<tr data-start=\"947\" data-end=\"1017\">\n<td><strong data-start=\"949\" data-end=\"963\">\u00c1ngulo de Haz<\/strong><\/td>\n<td>120\u00b0<\/td>\n<\/tr>\n<tr data-start=\"1018\" data-end=\"1088\">\n<td><strong data-start=\"1020\" data-end=\"1031\">Voltaje<\/strong><\/td>\n<td>AC85-265V<\/td>\n<\/tr>\n<tr data-start=\"1089\" data-end=\"1159\">\n<td><strong data-start=\"1091\" data-end=\"1107\">Instalaci\u00f3n<\/strong><\/td>\n<td>Montaje empotrado o en superficie<\/td>\n<\/tr>\n<tr data-start=\"1160\" data-end=\"1230\">\n<td><strong data-start=\"1162\" data-end=\"1182\">Distancia de detecci\u00f3n<\/strong><\/td>\n<td>3-5 metros<\/td>\n<\/tr>\n<tr data-start=\"1231\" data-end=\"1301\">\n<td><strong data-start=\"1233\" data-end=\"1251\">Certificaciones<\/strong><\/td>\n<td>CE, RoHS<\/td>\n<\/tr>\n<\/tbody>\n<\/table>\n<p data-path-to-node=\"14\"><b data-path-to-node=\"14\" data-index-in-node=\"4\">MG-GYD025<\/b> es de alto rendimiento <b data-path-to-node=\"14\" data-index-in-node=\"36\">3W <strong><a href=\"https:\/\/ledsteplight.com\/es\/wholesale-1w-3w-surface-mount-led-ground-light-ip65-304-stainless-steel\/\" class=\"waam-auto-link\" title=\"Luz de suelo LED\">Luz de suelo LED<\/a><\/strong><\/b> dise\u00f1ado espec\u00edficamente para la automatizaci\u00f3n moderna de seguridad exterior y paisajismo. Con chips de alta calidad <b data-path-to-node=\"14\" data-index-in-node=\"150\">LED CREE<\/b> ofrece un brillo excepcional con un alto CRI, proporcionando una iluminaci\u00f3n enfocada a trav\u00e9s de un \u00e1ngulo de haz de 120\u00b0. El <b data-path-to-node=\"14\" data-index-in-node=\"290\">PIR <strong><a href=\"https:\/\/ledsteplight.com\/es\/las-principales-ventajas-de-la-luz-de-pasos-con-sensor-pir-para-la-seguridad\/\" class=\"waam-auto-link\" title=\"sensor de movimiento\">sensor de movimiento<\/a><\/strong><\/b> ofrece un rango de detecci\u00f3n de <b data-path-to-node=\"14\" data-index-in-node=\"338\">3-5 metros<\/b>, asegurando que la luz solo se active cuando sea necesario para maximizar la eficiencia energ\u00e9tica y la seguridad.<\/p>\n<p data-path-to-node=\"15\">","protected":false},"excerpt":{"rendered":"<p>Luz de suelo LED de 3W MG-GYD025 con sensor de movimiento (alcance de 3-5 m) y CCT ajustable. Aluminio fundido a presi\u00f3n resistente al agua IP65, certificado CE\/RoHS. Perfecta para seguridad en el jard\u00edn.<\/p>","protected":false},"featured_media":37168,"comment_status":"open","ping_status":"closed","template":"","meta":[],"product_brand":[],"product_cat":[100,426,427,428,439,429,440,430,441,431,442,443,432,433,444,112,445,446,101,434,435,436,437],"product_tag":[82,103,76,77,113,78,104,83],"class_list":{"0":"post-37970","1":"product","2":"type-product","3":"status-publish","4":"has-post-thumbnail","6":"product_cat-aluminum-ground-light","7":"product_cat-ceiling-recessed","8":"product_cat-ceiling-surface","9":"product_cat-ceiling-suspended","10":"product_cat-commercial","11":"product_cat-drivers","12":"product_cat-education","13":"product_cat-freestanding-light","14":"product_cat-hospitality","15":"product_cat-industrial","16":"product_cat-infrastructure","17":"product_cat-landscape","18":"product_cat-landscaping","19":"product_cat-linear","20":"product_cat-office","21":"product_cat-outdoor-ground-light","22":"product_cat-residential","23":"product_cat-retail","24":"product_cat-sensor-ground-light","25":"product_cat-table-lamp","26":"product_cat-track","27":"product_cat-wall-recessed","28":"product_cat-wall-surface","29":"product_tag-3w-led","30":"product_tag-aluminum-ground-light","31":"product_tag-aluminum-housing","32":"product_tag-ground-light","33":"product_tag-outdoor-ground-light","34":"product_tag-outdoor-lighting","35":"product_tag-sensor-ground-light","36":"product_tag-waterproof-fixture","38":"first","39":"instock","40":"shipping-taxable","41":"product-type-simple"},"_links":{"self":[{"href":"https:\/\/ledsteplight.com\/es\/wp-json\/wp\/v2\/product\/37970","targetHints":{"allow":["GET"]}}],"collection":[{"href":"https:\/\/ledsteplight.com\/es\/wp-json\/wp\/v2\/product"}],"about":[{"href":"https:\/\/ledsteplight.com\/es\/wp-json\/wp\/v2\/types\/product"}],"replies":[{"embeddable":true,"href":"https:\/\/ledsteplight.com\/es\/wp-json\/wp\/v2\/comments?post=37970"}],"version-history":[{"count":3,"href":"https:\/\/ledsteplight.com\/es\/wp-json\/wp\/v2\/product\/37970\/revisions"}],"predecessor-version":[{"id":38706,"href":"https:\/\/ledsteplight.com\/es\/wp-json\/wp\/v2\/product\/37970\/revisions\/38706"}],"wp:featuredmedia":[{"embeddable":true,"href":"https:\/\/ledsteplight.com\/es\/wp-json\/wp\/v2\/media\/37168"}],"wp:attachment":[{"href":"https:\/\/ledsteplight.com\/es\/wp-json\/wp\/v2\/media?parent=37970"}],"wp:term":[{"taxonomy":"product_brand","embeddable":true,"href":"https:\/\/ledsteplight.com\/es\/wp-json\/wp\/v2\/product_brand?post=37970"},{"taxonomy":"product_cat","embeddable":true,"href":"https:\/\/ledsteplight.com\/es\/wp-json\/wp\/v2\/product_cat?post=37970"},{"taxonomy":"product_tag","embeddable":true,"href":"https:\/\/ledsteplight.com\/es\/wp-json\/wp\/v2\/product_tag?post=37970"}],"curies":[{"name":"wp","href":"https:\/\/api.w.org\/{rel}","templated":true}]}}