{"id":37976,"date":"2025-09-08T13:04:10","date_gmt":"2025-09-08T13:04:10","guid":{"rendered":"https:\/\/ledsteplight.com\/import-placeholder-for-37090\/"},"modified":"2025-12-16T05:29:22","modified_gmt":"2025-12-16T05:29:22","slug":"mg-sn015-48-3w-cct-adjustable-led-ground-light-3-in-1-color-temp-warm-cool-daylight-ip65","status":"publish","type":"product","link":"https:\/\/ledsteplight.com\/es\/mg-sn015-48-3w-cct-adjustable-led-ground-light-3-in-1-color-temp-warm-cool-daylight-ip65\/","title":{"rendered":"Luz de suelo LED ajustable en CCT MG-SN015-48 3W | Temperatura de color 3 en 1 (C\u00e1lido\/Fr\u00edo\/D\u00eda) IP65"},"content":{"rendered":"<table data-start=\"230\" data-end=\"1294\">\n<thead data-start=\"230\" data-end=\"300\">\n<tr data-start=\"230\" data-end=\"300\">\n<th data-start=\"230\" data-end=\"257\"><strong data-start=\"232\" data-end=\"245\">Par\u00e1metro<\/strong><\/th>\n<th data-start=\"257\" data-end=\"300\"><strong data-start=\"259\" data-end=\"270\">Detalles<\/strong><\/th>\n<\/tr>\n<\/thead>\n<tbody data-start=\"372\" data-end=\"1294\">\n<tr data-start=\"372\" data-end=\"442\">\n<td><strong data-start=\"374\" data-end=\"383\">Modelo<\/strong><\/td>\n<td>MG-SN015-48<\/td>\n<\/tr>\n<tr data-start=\"443\" data-end=\"513\">\n<td><strong data-start=\"445\" data-end=\"456\">Potencia<\/strong><\/td>\n<td>3W<\/td>\n<\/tr>\n<tr data-start=\"514\" data-end=\"584\">\n<td><strong data-start=\"516\" data-end=\"537\"><strong><a href=\"https:\/\/ledsteplight.com\/es\/dm36b-pro-honeycomb-anti-glare-led-in-ground-light-ip67-24v-dc\/\" class=\"waam-auto-link\" title=\"Temperatura de Color\">Temperatura de Color<\/a><\/strong><\/strong><\/td>\n<td>Ajustable<\/td>\n<\/tr>\n<tr data-start=\"585\" data-end=\"655\">\n<td><strong data-start=\"587\" data-end=\"608\">Clasificaci\u00f3n de protecci\u00f3n<\/strong><\/td>\n<td><strong><a href=\"https:\/\/ledsteplight.com\/es\/cree-bridgelux-chip-ip65-led-fixture-for-garden-facade-lighting\/\" class=\"waam-auto-link\" title=\"IP65\">IP65<\/a><\/strong><\/td>\n<\/tr>\n<tr data-start=\"656\" data-end=\"726\">\n<td><strong data-start=\"658\" data-end=\"670\">Vida \u00fatil<\/strong><\/td>\n<td>40.000 horas<\/td>\n<\/tr>\n<tr data-start=\"727\" data-end=\"797\">\n<td><strong data-start=\"729\" data-end=\"741\">Material<\/strong><\/td>\n<td>Aluminio<\/td>\n<\/tr>\n<tr data-start=\"798\" data-end=\"868\">\n<td><strong data-start=\"800\" data-end=\"812\">Garant\u00eda<\/strong><\/td>\n<td>3 a\u00f1os<\/td>\n<\/tr>\n<tr data-start=\"869\" data-end=\"939\">\n<td><strong data-start=\"871\" data-end=\"885\">\u00c1ngulo de Haz<\/strong><\/td>\n<td>120\u00b0<\/td>\n<\/tr>\n<tr data-start=\"940\" data-end=\"1010\">\n<td><strong data-start=\"942\" data-end=\"953\">Voltaje<\/strong><\/td>\n<td>AC85-265V<\/td>\n<\/tr>\n<tr data-start=\"1011\" data-end=\"1081\">\n<td><strong data-start=\"1013\" data-end=\"1025\">Tipo de LED<\/strong><\/td>\n<td>LED COB<\/td>\n<\/tr>\n<tr data-start=\"1082\" data-end=\"1152\">\n<td><strong data-start=\"1084\" data-end=\"1104\">Funci\u00f3n de regulaci\u00f3n<\/strong><\/td>\n<td>No<\/td>\n<\/tr>\n<tr data-start=\"1153\" data-end=\"1223\">\n<td><strong data-start=\"1155\" data-end=\"1173\">Certificaciones<\/strong><\/td>\n<td>CE, RoHS<\/td>\n<\/tr>\n<tr data-start=\"1224\" data-end=\"1294\">\n<td><strong data-start=\"1226\" data-end=\"1242\">Instalaci\u00f3n<\/strong><\/td>\n<td>Montaje empotrado o en superficie<\/td>\n<\/tr>\n<\/tbody>\n<\/table>\n<p>Simplifica tus proyectos de iluminaci\u00f3n con el vers\u00e1til <b>MG-SN015-48 3W CCT Ajustable <strong><a href=\"https:\/\/ledsteplight.com\/es\/heavy-duty-5w-led-driveway-light-waterproof-ip65-garden\/\" class=\"waam-auto-link\" title=\"Luz de suelo LED\">Luz de suelo LED<\/a><\/strong><\/b>. A diferencia de las luminarias tradicionales con colores fijos, esta luz de paisaje inteligente te permite seleccionar la temperatura de color perfecta para coincidir con tu estilo arquitect\u00f3nico. Combinada con un <b>\u00e1ngulo de haz amplio de 120\u00b0<\/b>, es la soluci\u00f3n definitiva para lavar paredes, iluminar caminos amplios y realzar texturas de jardines.<\/p>","protected":false},"excerpt":{"rendered":"<p data-start=\"4885\" data-end=\"5181\">Una luz, m\u00faltiples colores. El MG-SN015-48 es una luz de suelo LED ajustable en CCT de 3W (3000K\/4000K\/6000K). Con un amplio \u00e1ngulo de haz de 120\u00b0 para iluminaci\u00f3n de inundaci\u00f3n, clasificaci\u00f3n de impermeabilidad IP65 y entrada de AC85-265V. Ideal para reducir el inventario de SKUs. Garant\u00eda de 3 a\u00f1os<\/p>","protected":false},"featured_media":37187,"comment_status":"open","ping_status":"closed","template":"","meta":[],"product_brand":[],"product_cat":[105,100,426,427,428,439,429,440,430,441,431,442,443,432,433,444,445,446,434,435,436,437],"product_tag":[107,82,103,76,77,83],"class_list":{"0":"post-37976","1":"product","2":"type-product","3":"status-publish","4":"has-post-thumbnail","6":"product_cat-015-series","7":"product_cat-aluminum-ground-light","8":"product_cat-ceiling-recessed","9":"product_cat-ceiling-surface","10":"product_cat-ceiling-suspended","11":"product_cat-commercial","12":"product_cat-drivers","13":"product_cat-education","14":"product_cat-freestanding-light","15":"product_cat-hospitality","16":"product_cat-industrial","17":"product_cat-infrastructure","18":"product_cat-landscape","19":"product_cat-landscaping","20":"product_cat-linear","21":"product_cat-office","22":"product_cat-residential","23":"product_cat-retail","24":"product_cat-table-lamp","25":"product_cat-track","26":"product_cat-wall-recessed","27":"product_cat-wall-surface","28":"product_tag-015-series","29":"product_tag-3w-led","30":"product_tag-aluminum-ground-light","31":"product_tag-aluminum-housing","32":"product_tag-ground-light","33":"product_tag-waterproof-fixture","35":"first","36":"instock","37":"shipping-taxable","38":"product-type-simple"},"_links":{"self":[{"href":"https:\/\/ledsteplight.com\/es\/wp-json\/wp\/v2\/product\/37976","targetHints":{"allow":["GET"]}}],"collection":[{"href":"https:\/\/ledsteplight.com\/es\/wp-json\/wp\/v2\/product"}],"about":[{"href":"https:\/\/ledsteplight.com\/es\/wp-json\/wp\/v2\/types\/product"}],"replies":[{"embeddable":true,"href":"https:\/\/ledsteplight.com\/es\/wp-json\/wp\/v2\/comments?post=37976"}],"version-history":[{"count":4,"href":"https:\/\/ledsteplight.com\/es\/wp-json\/wp\/v2\/product\/37976\/revisions"}],"predecessor-version":[{"id":38683,"href":"https:\/\/ledsteplight.com\/es\/wp-json\/wp\/v2\/product\/37976\/revisions\/38683"}],"wp:featuredmedia":[{"embeddable":true,"href":"https:\/\/ledsteplight.com\/es\/wp-json\/wp\/v2\/media\/37187"}],"wp:attachment":[{"href":"https:\/\/ledsteplight.com\/es\/wp-json\/wp\/v2\/media?parent=37976"}],"wp:term":[{"taxonomy":"product_brand","embeddable":true,"href":"https:\/\/ledsteplight.com\/es\/wp-json\/wp\/v2\/product_brand?post=37976"},{"taxonomy":"product_cat","embeddable":true,"href":"https:\/\/ledsteplight.com\/es\/wp-json\/wp\/v2\/product_cat?post=37976"},{"taxonomy":"product_tag","embeddable":true,"href":"https:\/\/ledsteplight.com\/es\/wp-json\/wp\/v2\/product_tag?post=37976"}],"curies":[{"name":"wp","href":"https:\/\/api.w.org\/{rel}","templated":true}]}}