{"id":37977,"date":"2025-09-08T13:04:10","date_gmt":"2025-09-08T13:04:10","guid":{"rendered":"https:\/\/ledsteplight.com\/import-placeholder-for-37091\/"},"modified":"2025-12-18T04:32:28","modified_gmt":"2025-12-18T04:32:28","slug":"wholesale-3w-cob-led-in-ground-light-ac85-265v-aluminum-pathway-light","status":"publish","type":"product","link":"https:\/\/ledsteplight.com\/es\/wholesale-3w-cob-led-in-ground-light-ac85-265v-aluminum-pathway-light\/","title":{"rendered":"Luz empotrada LED COB de 3W al por mayor | Luz de camino de aluminio con AC85-265V"},"content":{"rendered":"<table style=\"font-family: var(--global-body-font-family);font-size: 17px;font-weight: 400\" data-start=\"224\" data-end=\"1288\">\n<thead data-start=\"224\" data-end=\"294\">\n<tr data-start=\"224\" data-end=\"294\">\n<th data-start=\"224\" data-end=\"251\"><strong data-start=\"226\" data-end=\"239\">Par\u00e1metro<\/strong><\/th>\n<th data-start=\"251\" data-end=\"294\"><strong data-start=\"253\" data-end=\"264\">Detalles<\/strong><\/th>\n<\/tr>\n<\/thead>\n<tbody data-start=\"366\" data-end=\"1288\">\n<tr data-start=\"366\" data-end=\"436\">\n<td><strong data-start=\"368\" data-end=\"377\">Modelo<\/strong><\/td>\n<td>MG-BD012<\/td>\n<\/tr>\n<tr data-start=\"437\" data-end=\"507\">\n<td><strong data-start=\"439\" data-end=\"450\">Potencia<\/strong><\/td>\n<td>3W<\/td>\n<\/tr>\n<tr data-start=\"508\" data-end=\"578\">\n<td><strong data-start=\"510\" data-end=\"531\"><strong><a href=\"https:\/\/ledsteplight.com\/es\/dm36b-pro-honeycomb-anti-glare-led-in-ground-light-ip67-24v-dc\/\" class=\"waam-auto-link\" title=\"Temperatura de Color\">Temperatura de Color<\/a><\/strong><\/strong><\/td>\n<td>Ajustable<\/td>\n<\/tr>\n<tr data-start=\"579\" data-end=\"649\">\n<td><strong data-start=\"581\" data-end=\"602\">Clasificaci\u00f3n de protecci\u00f3n<\/strong><\/td>\n<td>IP65<\/td>\n<\/tr>\n<tr data-start=\"650\" data-end=\"720\">\n<td><strong data-start=\"652\" data-end=\"664\">Vida \u00fatil<\/strong><\/td>\n<td>40.000 horas<\/td>\n<\/tr>\n<tr data-start=\"721\" data-end=\"791\">\n<td><strong data-start=\"723\" data-end=\"735\">Material<\/strong><\/td>\n<td>Aluminio<\/td>\n<\/tr>\n<tr data-start=\"792\" data-end=\"862\">\n<td><strong data-start=\"794\" data-end=\"806\">Garant\u00eda<\/strong><\/td>\n<td>3 a\u00f1os<\/td>\n<\/tr>\n<tr data-start=\"863\" data-end=\"933\">\n<td><strong data-start=\"865\" data-end=\"879\">\u00c1ngulo de Haz<\/strong><\/td>\n<td>120\u00b0<\/td>\n<\/tr>\n<tr data-start=\"934\" data-end=\"1004\">\n<td><strong data-start=\"936\" data-end=\"947\">Voltaje<\/strong><\/td>\n<td>AC85-265V<\/td>\n<\/tr>\n<tr data-start=\"1005\" data-end=\"1075\">\n<td><strong data-start=\"1007\" data-end=\"1019\">Tipo de LED<\/strong><\/td>\n<td>LED COB<\/td>\n<\/tr>\n<tr data-start=\"1076\" data-end=\"1146\">\n<td><strong data-start=\"1078\" data-end=\"1098\">Funci\u00f3n de regulaci\u00f3n<\/strong><\/td>\n<td>No<\/td>\n<\/tr>\n<tr data-start=\"1147\" data-end=\"1217\">\n<td><strong data-start=\"1149\" data-end=\"1167\">Certificaciones<\/strong><\/td>\n<td>CE, RoHS<\/td>\n<\/tr>\n<tr data-start=\"1218\" data-end=\"1288\">\n<td><strong data-start=\"1220\" data-end=\"1236\">Instalaci\u00f3n<\/strong><\/td>\n<td>Montaje empotrado o en superficie<\/td>\n<\/tr>\n<\/tbody>\n<\/table>\n<p data-start=\"4772\" data-end=\"5192\"><strong data-start=\"4776\" data-end=\"4808\">MG-BD012 3W <strong><a href=\"https:\/\/ledsteplight.com\/es\/wholesale-1w-3w-surface-mount-led-ground-light-ip65-304-stainless-steel\/\" class=\"waam-auto-link\" title=\"Luz de suelo LED\">Luz de suelo LED<\/a><\/strong><\/strong> es una soluci\u00f3n ideal tanto para iluminaci\u00f3n residencial como <strong><a href=\"https:\/\/ledsteplight.com\/es\/future-proof-your-garden-the-best-outdoor-floor-lights-and-trends-for-2026\/\" class=\"waam-auto-link\" title=\"comercial exterior\">comercial exterior<\/a><\/strong> necesidades. Con su <strong data-start=\"4899\" data-end=\"4931\">temperatura de color ajustable<\/strong>, puedes adaptar la iluminaci\u00f3n a tus preferencias, ya sea que desees un brillo c\u00e1lido y acogedor o un haz fr\u00edo y brillante. Su <strong data-start=\"5054\" data-end=\"5080\">clasificaci\u00f3n de impermeabilidad IP65<\/strong> garantiza que la luz pueda soportar diversas condiciones exteriores, haciendo que sea adecuada para usar en lluvia, nieve y polvo.<\/p>\n<p data-start=\"5194\" data-end=\"5587\">Este eficiente en energ\u00eda <strong data-start=\"5216\" data-end=\"5226\">LED de 3W<\/strong> proporciona una iluminaci\u00f3n brillante mientras consume poca energ\u00eda, ayud\u00e1ndote a ahorrar en costos energ\u00e9ticos. Con un <strong data-start=\"5324\" data-end=\"5348\">vida \u00fatil de 40.000 horas<\/strong>, la luz dura a\u00f1os, reduciendo la necesidad de reemplazos frecuentes. Su <strong data-start=\"5426\" data-end=\"5459\">construcci\u00f3n de aluminio duradera<\/strong> ofrece una excelente resistencia a la corrosi\u00f3n, asegurando que la luz resistir\u00e1 los elementos y permanecer\u00e1 funcional con el tiempo.<\/p>\n<p data-start=\"5589\" data-end=\"5936\">El <strong data-start=\"5593\" data-end=\"5605\">MG-BD012<\/strong> puede ser <strong data-start=\"5613\" data-end=\"5625\">embebido<\/strong> en el suelo o <strong data-start=\"5643\" data-end=\"5662\">montado en superficie<\/strong>, ofreciendo una instalaci\u00f3n flexible para una variedad de entornos exteriores. Ya sea que est\u00e9s iluminando un <strong data-start=\"5760\" data-end=\"5770\">jard\u00edn<\/strong>, <strong data-start=\"5772\" data-end=\"5784\">entrada de coche<\/strong>, <strong data-start=\"5786\" data-end=\"5797\">camino<\/strong>, o <strong data-start=\"5802\" data-end=\"5822\">espacio comercial<\/strong>, el <strong data-start=\"5828\" data-end=\"5847\">\u00e1ngulo de haz de 120\u00b0<\/strong> proporciona una iluminaci\u00f3n amplia y uniforme, asegurando que sus \u00e1reas exteriores est\u00e9n bien iluminadas y seguras.<\/p>","protected":false},"excerpt":{"rendered":"<p data-start=\"5589\" data-end=\"5936\">Descubra la luz de suelo LED MG-BD012 de 3W. Con cuerpo de aluminio duradero, protecci\u00f3n IP65 contra agua y tecnolog\u00eda LED COB de alta eficiencia. Amplio rango de voltaje (AC85-265V) y garant\u00eda de 3 a\u00f1os, lo que la hace perfecta para proyectos de paisajismo globales. <b>Solicite una cotizaci\u00f3n al por mayor hoy<\/b><\/p>","protected":false},"featured_media":37188,"comment_status":"open","ping_status":"closed","template":"","meta":[],"product_brand":[],"product_cat":[100,426,427,428,439,429,440,430,73,441,431,442,443,432,433,444,445,446,434,435,128,436,437],"product_tag":[82,103,76,77,129,83],"class_list":{"0":"post-37977","1":"product","2":"type-product","3":"status-publish","4":"has-post-thumbnail","6":"product_cat-aluminum-ground-light","7":"product_cat-ceiling-recessed","8":"product_cat-ceiling-surface","9":"product_cat-ceiling-suspended","10":"product_cat-commercial","11":"product_cat-drivers","12":"product_cat-education","13":"product_cat-freestanding-light","14":"product_cat-ground-light","15":"product_cat-hospitality","16":"product_cat-industrial","17":"product_cat-infrastructure","18":"product_cat-landscape","19":"product_cat-landscaping","20":"product_cat-linear","21":"product_cat-office","22":"product_cat-residential","23":"product_cat-retail","24":"product_cat-table-lamp","25":"product_cat-track","26":"product_cat-wall-light-series","27":"product_cat-wall-recessed","28":"product_cat-wall-surface","29":"product_tag-3w-led","30":"product_tag-aluminum-ground-light","31":"product_tag-aluminum-housing","32":"product_tag-ground-light","33":"product_tag-wall-light-series","34":"product_tag-waterproof-fixture","36":"first","37":"instock","38":"featured","39":"downloadable","40":"shipping-taxable","41":"product-type-simple"},"_links":{"self":[{"href":"https:\/\/ledsteplight.com\/es\/wp-json\/wp\/v2\/product\/37977","targetHints":{"allow":["GET"]}}],"collection":[{"href":"https:\/\/ledsteplight.com\/es\/wp-json\/wp\/v2\/product"}],"about":[{"href":"https:\/\/ledsteplight.com\/es\/wp-json\/wp\/v2\/types\/product"}],"replies":[{"embeddable":true,"href":"https:\/\/ledsteplight.com\/es\/wp-json\/wp\/v2\/comments?post=37977"}],"version-history":[{"count":3,"href":"https:\/\/ledsteplight.com\/es\/wp-json\/wp\/v2\/product\/37977\/revisions"}],"predecessor-version":[{"id":38698,"href":"https:\/\/ledsteplight.com\/es\/wp-json\/wp\/v2\/product\/37977\/revisions\/38698"}],"wp:featuredmedia":[{"embeddable":true,"href":"https:\/\/ledsteplight.com\/es\/wp-json\/wp\/v2\/media\/37188"}],"wp:attachment":[{"href":"https:\/\/ledsteplight.com\/es\/wp-json\/wp\/v2\/media?parent=37977"}],"wp:term":[{"taxonomy":"product_brand","embeddable":true,"href":"https:\/\/ledsteplight.com\/es\/wp-json\/wp\/v2\/product_brand?post=37977"},{"taxonomy":"product_cat","embeddable":true,"href":"https:\/\/ledsteplight.com\/es\/wp-json\/wp\/v2\/product_cat?post=37977"},{"taxonomy":"product_tag","embeddable":true,"href":"https:\/\/ledsteplight.com\/es\/wp-json\/wp\/v2\/product_tag?post=37977"}],"curies":[{"name":"wp","href":"https:\/\/api.w.org\/{rel}","templated":true}]}}