{"id":37979,"date":"2025-09-08T13:04:10","date_gmt":"2025-09-08T13:04:10","guid":{"rendered":"https:\/\/ledsteplight.com\/import-placeholder-for-37093\/"},"modified":"2025-12-16T05:30:21","modified_gmt":"2025-12-16T05:30:21","slug":"mg-bd035-40-5w-led-landscape-spotlight-ip65-outdoor-inground-uplight-for-trees-columns","status":"publish","type":"product","link":"https:\/\/ledsteplight.com\/es\/mg-bd035-40-5w-led-landscape-spotlight-ip65-outdoor-inground-uplight-for-trees-columns\/","title":{"rendered":"Foco de paisaje LED MG-BD035-40 5W | Luz empotrada exterior IP65 para \u00e1rboles y columnas"},"content":{"rendered":"<h3 data-start=\"123\" data-end=\"158\"><strong data-start=\"127\" data-end=\"158\">Tabla de Especificaciones del Producto<\/strong><\/h3>\n<table data-start=\"160\" data-end=\"1353\">\n<thead data-start=\"160\" data-end=\"233\">\n<tr data-start=\"160\" data-end=\"233\">\n<th data-start=\"160\" data-end=\"182\"><strong data-start=\"162\" data-end=\"179\">Especificaci\u00f3n<\/strong><\/th>\n<th data-start=\"182\" data-end=\"233\"><strong data-start=\"184\" data-end=\"195\">Detalles<\/strong><\/th>\n<\/tr>\n<\/thead>\n<tbody data-start=\"308\" data-end=\"1353\">\n<tr data-start=\"308\" data-end=\"382\">\n<td><strong data-start=\"310\" data-end=\"319\">Modelo<\/strong><\/td>\n<td>MG-BD035-40<\/td>\n<\/tr>\n<tr data-start=\"383\" data-end=\"457\">\n<td><strong data-start=\"385\" data-end=\"397\">Tipo de LED<\/strong><\/td>\n<td>LED COB de 5W<\/td>\n<\/tr>\n<tr data-start=\"458\" data-end=\"532\">\n<td><strong data-start=\"460\" data-end=\"471\">Voltaje<\/strong><\/td>\n<td>85-265V<\/td>\n<\/tr>\n<tr data-start=\"533\" data-end=\"607\">\n<td><strong data-start=\"535\" data-end=\"556\"><strong><a href=\"https:\/\/ledsteplight.com\/es\/dm36b-pro-honeycomb-anti-glare-led-in-ground-light-ip67-24v-dc\/\" class=\"waam-auto-link\" title=\"Temperatura de Color\">Temperatura de Color<\/a><\/strong><\/strong><\/td>\n<td>3000K \/ 6000K<\/td>\n<\/tr>\n<tr data-start=\"608\" data-end=\"682\">\n<td><strong data-start=\"610\" data-end=\"623\">Clasificaci\u00f3n IP<\/strong><\/td>\n<td><strong><a href=\"https:\/\/ledsteplight.com\/es\/cree-bridgelux-chip-ip65-led-fixture-for-garden-facade-lighting\/\" class=\"waam-auto-link\" title=\"IP65\">IP65<\/a><\/strong><\/td>\n<\/tr>\n<tr data-start=\"683\" data-end=\"757\">\n<td><strong data-start=\"685\" data-end=\"702\">Fluxo luminoso<\/strong><\/td>\n<td>(Opcional)<\/td>\n<\/tr>\n<tr data-start=\"758\" data-end=\"832\">\n<td><strong data-start=\"760\" data-end=\"769\">Potencia<\/strong><\/td>\n<td>5W<\/td>\n<\/tr>\n<tr data-start=\"833\" data-end=\"907\">\n<td><strong data-start=\"835\" data-end=\"847\">Vida \u00fatil<\/strong><\/td>\n<td>40.000 horas<\/td>\n<\/tr>\n<tr data-start=\"908\" data-end=\"980\">\n<td><strong data-start=\"910\" data-end=\"926\">Instalaci\u00f3n<\/strong><\/td>\n<td>Montaje superficial o <strong><a href=\"https:\/\/ledsteplight.com\/es\/5w-led-in-ground-lights-ip65-waterproof-outdoor-driveway-garden-floor-lighting\/\" class=\"waam-auto-link\" title=\"instalaci\u00f3n embebida\">instalaci\u00f3n embebida<\/a><\/strong><\/td>\n<\/tr>\n<tr data-start=\"981\" data-end=\"1054\">\n<td><strong data-start=\"983\" data-end=\"995\">Material<\/strong><\/td>\n<td>Aluminio fundido a presi\u00f3n<\/td>\n<\/tr>\n<tr data-start=\"1055\" data-end=\"1129\">\n<td><strong data-start=\"1057\" data-end=\"1071\">Dimensiones<\/strong><\/td>\n<td>(Opcional)<\/td>\n<\/tr>\n<tr data-start=\"1130\" data-end=\"1204\">\n<td><strong data-start=\"1132\" data-end=\"1144\">Garant\u00eda<\/strong><\/td>\n<td>3 a\u00f1os<\/td>\n<\/tr>\n<tr data-start=\"1205\" data-end=\"1279\">\n<td><strong data-start=\"1207\" data-end=\"1217\">Peso<\/strong><\/td>\n<td>(Opcional)<\/td>\n<\/tr>\n<tr data-start=\"1280\" data-end=\"1353\">\n<td><strong data-start=\"1282\" data-end=\"1297\">Medio ambiente<\/strong><\/td>\n<td>Exterior \/ Ambiente h\u00famedo<\/td>\n<\/tr>\n<\/tbody>\n<\/table>\n<p>&nbsp;<\/p>\n<p>Crea puntos focales impresionantes con el MG-BD035-40 5W <strong><a href=\"https:\/\/ledsteplight.com\/es\/heavy-duty-5w-led-driveway-light-waterproof-ip65-garden\/\" class=\"waam-auto-link\" title=\"Luz de suelo LED\">Luz de suelo LED<\/a><\/strong>. Dise\u00f1ado con aluminio fundido a presi\u00f3n y clasificaci\u00f3n de impermeabilidad IP65 para condiciones exteriores adversas. Ideal para iluminaci\u00f3n arquitect\u00f3nica y resaltado de jardines. Voltaje global de 85-265V. Garant\u00eda de 3 a\u00f1os.<\/p>","protected":false},"excerpt":{"rendered":"<p>Crea puntos focales impresionantes con la luz de suelo LED MG-BD035-40 5W. Dise\u00f1ada con aluminio fundido a presi\u00f3n y clasificaci\u00f3n de impermeabilidad IP65 para condiciones exteriores adversas. Ideal para iluminaci\u00f3n arquitect\u00f3nica y resaltado de jardines. Voltaje global de 85-265V. Garant\u00eda de 3 a\u00f1os.<\/p>","protected":false},"featured_media":37197,"comment_status":"open","ping_status":"closed","template":"","meta":[],"product_brand":[],"product_cat":[69,100,426,427,428,439,429,440,430,441,431,442,443,432,433,444,445,446,106,434,435,128,436,437],"product_tag":[74,103,76,77,108,129,83],"class_list":{"0":"post-37979","1":"product","2":"type-product","3":"status-publish","4":"has-post-thumbnail","6":"product_cat-5w","7":"product_cat-aluminum-ground-light","8":"product_cat-ceiling-recessed","9":"product_cat-ceiling-surface","10":"product_cat-ceiling-suspended","11":"product_cat-commercial","12":"product_cat-drivers","13":"product_cat-education","14":"product_cat-freestanding-light","15":"product_cat-hospitality","16":"product_cat-industrial","17":"product_cat-infrastructure","18":"product_cat-landscape","19":"product_cat-landscaping","20":"product_cat-linear","21":"product_cat-office","22":"product_cat-residential","23":"product_cat-retail","24":"product_cat-round-ground-light","25":"product_cat-table-lamp","26":"product_cat-track","27":"product_cat-wall-light-series","28":"product_cat-wall-recessed","29":"product_cat-wall-surface","30":"product_tag-5w-led","31":"product_tag-aluminum-ground-light","32":"product_tag-aluminum-housing","33":"product_tag-ground-light","34":"product_tag-round-ground-light","35":"product_tag-wall-light-series","36":"product_tag-waterproof-fixture","38":"first","39":"instock","40":"featured","41":"downloadable","42":"shipping-taxable","43":"product-type-simple"},"_links":{"self":[{"href":"https:\/\/ledsteplight.com\/es\/wp-json\/wp\/v2\/product\/37979","targetHints":{"allow":["GET"]}}],"collection":[{"href":"https:\/\/ledsteplight.com\/es\/wp-json\/wp\/v2\/product"}],"about":[{"href":"https:\/\/ledsteplight.com\/es\/wp-json\/wp\/v2\/types\/product"}],"replies":[{"embeddable":true,"href":"https:\/\/ledsteplight.com\/es\/wp-json\/wp\/v2\/comments?post=37979"}],"version-history":[{"count":3,"href":"https:\/\/ledsteplight.com\/es\/wp-json\/wp\/v2\/product\/37979\/revisions"}],"predecessor-version":[{"id":38684,"href":"https:\/\/ledsteplight.com\/es\/wp-json\/wp\/v2\/product\/37979\/revisions\/38684"}],"wp:featuredmedia":[{"embeddable":true,"href":"https:\/\/ledsteplight.com\/es\/wp-json\/wp\/v2\/media\/37197"}],"wp:attachment":[{"href":"https:\/\/ledsteplight.com\/es\/wp-json\/wp\/v2\/media?parent=37979"}],"wp:term":[{"taxonomy":"product_brand","embeddable":true,"href":"https:\/\/ledsteplight.com\/es\/wp-json\/wp\/v2\/product_brand?post=37979"},{"taxonomy":"product_cat","embeddable":true,"href":"https:\/\/ledsteplight.com\/es\/wp-json\/wp\/v2\/product_cat?post=37979"},{"taxonomy":"product_tag","embeddable":true,"href":"https:\/\/ledsteplight.com\/es\/wp-json\/wp\/v2\/product_tag?post=37979"}],"curies":[{"name":"wp","href":"https:\/\/api.w.org\/{rel}","templated":true}]}}